{"id":13,"date":"2024-10-24T13:47:37","date_gmt":"2024-10-24T11:47:37","guid":{"rendered":"https:\/\/www.top1social.com\/es\/?page_id=13"},"modified":"2024-10-24T13:47:39","modified_gmt":"2024-10-24T11:47:39","slug":"contacto","status":"publish","type":"page","link":"https:\/\/www.top1social.com\/es\/contacto\/","title":{"rendered":"Contacta con Nosotros"},"content":{"rendered":"\n<p class=\"has-text-align-center\"><strong>\u00a1Estamos aqu\u00ed para ayudarte!<\/strong> \ud83c\udf1f<\/p>\n\n\n\n<p class=\"has-text-align-center\">\u00bfTienes dudas sobre nuestros servicios o packs? Con nuestro <strong>formulario de contacto<\/strong>, resolveremos todas tus inquietudes de manera <strong>\u00e1gil y r\u00e1pida<\/strong>. \u23f1\ufe0f<\/p>\n\n\n\n<p class=\"has-text-align-center\">Si tu consulta est\u00e1 relacionada con un pedido, <strong>\u00a1no olvides incluir tu n\u00famero de pedido!<\/strong> Esto nos permitir\u00e1 brindarte una atenci\u00f3n a\u00fan m\u00e1s eficiente. \ud83d\udce6<\/p>\n\n\n\n<p class=\"has-text-align-center\">\u00bfEres una <strong>empresa<\/strong>, <strong>marca<\/strong>, <strong>cantante<\/strong>, <strong>influencer<\/strong> o simplemente deseas <strong>crecer en tus redes sociales<\/strong>? \u00a1Aqu\u00ed estamos para ayudarte con cualquier pregunta o solicitud que tengas! \ud83d\udcac\u2728<\/p>\n\n\n\n<div class=\"wp-block-contact-form-7-contact-form-selector\">\n<div class=\"wpcf7 no-js\" id=\"wpcf7-f12-o1\" lang=\"es-ES\" dir=\"ltr\" data-wpcf7-id=\"12\">\n<div class=\"screen-reader-response\"><p role=\"status\" aria-live=\"polite\" aria-atomic=\"true\"><\/p> <ul><\/ul><\/div>\n<form action=\"\/es\/wp-json\/wp\/v2\/pages\/13#wpcf7-f12-o1\" method=\"post\" class=\"wpcf7-form init\" aria-label=\"Formulario de contacto\" novalidate=\"novalidate\" data-status=\"init\">\n<fieldset class=\"hidden-fields-container\"><input type=\"hidden\" name=\"_wpcf7\" value=\"12\" \/><input type=\"hidden\" name=\"_wpcf7_version\" value=\"6.1.5\" \/><input type=\"hidden\" name=\"_wpcf7_locale\" value=\"es_ES\" \/><input type=\"hidden\" name=\"_wpcf7_unit_tag\" value=\"wpcf7-f12-o1\" \/><input type=\"hidden\" name=\"_wpcf7_container_post\" value=\"0\" \/><input type=\"hidden\" name=\"_wpcf7_posted_data_hash\" value=\"\" \/><input type=\"hidden\" name=\"_wpcf7_recaptcha_response\" value=\"\" \/>\n<\/fieldset>\n<p><label> Tu nombre<br \/>\n<span class=\"wpcf7-form-control-wrap\" data-name=\"your-name\"><input size=\"40\" maxlength=\"400\" class=\"wpcf7-form-control wpcf7-text wpcf7-validates-as-required\" aria-required=\"true\" aria-invalid=\"false\" value=\"\" type=\"text\" name=\"your-name\" \/><\/span> <\/label>\n<\/p>\n<p><label> Tu correo electr\u00f3nico<br \/>\n<span class=\"wpcf7-form-control-wrap\" data-name=\"your-email\"><input size=\"40\" maxlength=\"400\" class=\"wpcf7-form-control wpcf7-email wpcf7-validates-as-required wpcf7-text wpcf7-validates-as-email\" aria-required=\"true\" aria-invalid=\"false\" value=\"\" type=\"email\" name=\"your-email\" \/><\/span> <\/label>\n<\/p>\n<p><label> Asunto<br \/>\n<span class=\"wpcf7-form-control-wrap\" data-name=\"your-subject\"><input size=\"40\" maxlength=\"400\" class=\"wpcf7-form-control wpcf7-text wpcf7-validates-as-required\" aria-required=\"true\" aria-invalid=\"false\" value=\"\" type=\"text\" name=\"your-subject\" \/><\/span> <\/label>\n<\/p>\n<p><label> Tu mensaje (opcional)<br \/>\n<span class=\"wpcf7-form-control-wrap\" data-name=\"your-message\"><textarea cols=\"40\" rows=\"10\" maxlength=\"2000\" class=\"wpcf7-form-control wpcf7-textarea\" aria-invalid=\"false\" name=\"your-message\"><\/textarea><\/span> <\/label>\n<\/p>\n<p><input class=\"wpcf7-form-control wpcf7-submit has-spinner\" type=\"submit\" value=\"Enviar\" \/>\n<\/p><p style=\"display: none !important;\" class=\"akismet-fields-container\" data-prefix=\"_wpcf7_ak_\"><label>&#916;<textarea name=\"_wpcf7_ak_hp_textarea\" cols=\"45\" rows=\"8\" maxlength=\"100\"><\/textarea><\/label><input type=\"hidden\" id=\"ak_js_1\" name=\"_wpcf7_ak_js\" value=\"25\"\/><script>document.getElementById( \"ak_js_1\" ).setAttribute( \"value\", ( new Date() ).getTime() );<\/script><\/p><div class=\"wpcf7-response-output\" aria-hidden=\"true\"><\/div>\n<\/form>\n<\/div>\n<\/div>\n","protected":false},"excerpt":{"rendered":"<p>\u00a1Estamos aqu\u00ed para ayudarte! \ud83c\udf1f \u00bfTienes dudas sobre nuestros servicios o packs? Con nuestro formulario de contacto, resolveremos todas tus inquietudes de manera \u00e1gil y r\u00e1pida. \u23f1\ufe0f Si tu consulta est\u00e1 relacionada con un pedido, \u00a1no olvides incluir tu n\u00famero de pedido! Esto nos permitir\u00e1 brindarte una atenci\u00f3n a\u00fan m\u00e1s eficiente. \ud83d\udce6 \u00bfEres una empresa, [&hellip;]<\/p>\n","protected":false},"author":1,"featured_media":0,"parent":0,"menu_order":0,"comment_status":"closed","ping_status":"closed","template":"","meta":{"bwfblock_default_font":"","_gspb_post_css":"","footnotes":""},"class_list":["post-13","page","type-page","status-publish","hentry"],"_links":{"self":[{"href":"https:\/\/www.top1social.com\/es\/wp-json\/wp\/v2\/pages\/13","targetHints":{"allow":["GET"]}}],"collection":[{"href":"https:\/\/www.top1social.com\/es\/wp-json\/wp\/v2\/pages"}],"about":[{"href":"https:\/\/www.top1social.com\/es\/wp-json\/wp\/v2\/types\/page"}],"author":[{"embeddable":true,"href":"https:\/\/www.top1social.com\/es\/wp-json\/wp\/v2\/users\/1"}],"replies":[{"embeddable":true,"href":"https:\/\/www.top1social.com\/es\/wp-json\/wp\/v2\/comments?post=13"}],"version-history":[{"count":1,"href":"https:\/\/www.top1social.com\/es\/wp-json\/wp\/v2\/pages\/13\/revisions"}],"predecessor-version":[{"id":17568,"href":"https:\/\/www.top1social.com\/es\/wp-json\/wp\/v2\/pages\/13\/revisions\/17568"}],"wp:attachment":[{"href":"https:\/\/www.top1social.com\/es\/wp-json\/wp\/v2\/media?parent=13"}],"curies":[{"name":"wp","href":"https:\/\/api.w.org\/{rel}","templated":true}]}}