{"id":1882,"date":"2022-05-04T19:08:44","date_gmt":"2022-05-04T17:08:44","guid":{"rendered":"https:\/\/www.top1social.com\/es\/?page_id=1882"},"modified":"2024-10-24T13:53:54","modified_gmt":"2024-10-24T11:53:54","slug":"politica-de-cookies","status":"publish","type":"page","link":"https:\/\/www.top1social.com\/es\/politica-de-cookies\/","title":{"rendered":"Pol\u00edtica de Cookies"},"content":{"rendered":"\n<h2 class=\"wp-block-heading\" id=\"informacion-sobre-cookies\">INFORMACI\u00d3N SOBRE COOKIES<\/h2>\n\n\n\n<p>Conforme a lo dispuesto en el art\u00edculo 22.2 de la Ley 34\/2002, de 11 de julio, de Servicios de la Sociedad de la Informaci\u00f3n y de Comercio Electr\u00f3nico (LSSI-CE), este sitio web le informa sobre las cookies que utiliza y su finalidad.<\/p>\n\n\n\n<h2 class=\"wp-block-heading\" id=\"que-es-una-cookie\">\u00bfQU\u00c9 ES UNA COOKIE?<\/h2>\n\n\n\n<p>Una cookie es un peque\u00f1o archivo de datos que los sitios web almacenan en su navegador. Su finalidad es recordar informaci\u00f3n sobre su visita, como su idioma preferido y otras opciones, con el fin de facilitar su pr\u00f3xima visita y hacer que el sitio le resulte m\u00e1s \u00fatil.<\/p>\n\n\n\n<h2 class=\"wp-block-heading\" id=\"tipos-de-cookies-que-utilizamos\">TIPOS DE COOKIES QUE UTILIZAMOS<\/h2>\n\n\n\n<h3 class=\"wp-block-heading\" id=\"1-cookies-tecnicas-necesarias\">1. Cookies T\u00e9cnicas (Necesarias)<\/h3>\n\n\n\n<p>Son aquellas que permiten al usuario la navegaci\u00f3n a trav\u00e9s de la p\u00e1gina web y la utilizaci\u00f3n de las diferentes opciones o servicios que en ella existen, incluyendo:<\/p>\n\n\n\n<ul class=\"wp-block-list\">\n<li>Control del tr\u00e1fico y comunicaci\u00f3n de datos<\/li>\n\n\n\n<li>Identificaci\u00f3n de sesi\u00f3n<\/li>\n\n\n\n<li>Acceso a partes de acceso restringido<\/li>\n\n\n\n<li>Recordar los elementos que integran un pedido<\/li>\n\n\n\n<li>Realizar el proceso de compra de un pedido<\/li>\n\n\n\n<li>Gestionar el pago<\/li>\n\n\n\n<li>Prevenci\u00f3n del fraude<\/li>\n<\/ul>\n\n\n\n<h3 class=\"wp-block-heading\" id=\"2-cookies-de-personalizacion\">2. Cookies de Personalizaci\u00f3n<\/h3>\n\n\n\n<p>Permiten al usuario acceder al servicio con algunas caracter\u00edsticas predefinidas en funci\u00f3n de una serie de criterios, como:<\/p>\n\n\n\n<ul class=\"wp-block-list\">\n<li>El idioma<\/li>\n\n\n\n<li>El tipo de navegador<\/li>\n\n\n\n<li>La configuraci\u00f3n regional<\/li>\n<\/ul>\n\n\n\n<h3 class=\"wp-block-heading\" id=\"3-cookies-de-analisis\">3. Cookies de An\u00e1lisis<\/h3>\n\n\n\n<p>Nos permiten realizar el seguimiento y an\u00e1lisis del comportamiento de los usuarios de nuestro sitio web. La informaci\u00f3n recogida mediante este tipo de cookies se utiliza para:<\/p>\n\n\n\n<ul class=\"wp-block-list\">\n<li>Medir la actividad del sitio web<\/li>\n\n\n\n<li>Elaborar perfiles de navegaci\u00f3n de los usuarios<\/li>\n\n\n\n<li>Introducir mejoras en funci\u00f3n del an\u00e1lisis de los datos de uso<\/li>\n<\/ul>\n\n\n\n<h3 class=\"wp-block-heading\" id=\"4-cookies-de-comercio-electronico\">4. Cookies de Comercio Electr\u00f3nico<\/h3>\n\n\n\n<ul class=\"wp-block-list\">\n<li>Seguimiento de productos vistos<\/li>\n\n\n\n<li>Contenido del carrito de compra<\/li>\n\n\n\n<li>Proceso de compra<\/li>\n\n\n\n<li>Historial de pedidos<\/li>\n<\/ul>\n\n\n\n<h3 class=\"wp-block-heading\" id=\"5-cookies-de-terceros\">5. Cookies de Terceros<\/h3>\n\n\n\n<p>Este sitio web puede utilizar servicios de terceros que, por cuenta de [Nombre de tu empresa], recopilar\u00e1n informaci\u00f3n con fines estad\u00edsticos y de uso del sitio web, incluyendo:<\/p>\n\n\n\n<ul class=\"wp-block-list\">\n<li>Sistema anti-spam Akismet<\/li>\n\n\n\n<li>Sistemas de pago y procesamiento de transacciones<\/li>\n\n\n\n<li>Servicios de an\u00e1lisis web<\/li>\n\n\n\n<li>Redes sociales<\/li>\n<\/ul>\n\n\n\n<h2 class=\"wp-block-heading\" id=\"duracion-de-las-cookies\">DURACI\u00d3N DE LAS COOKIES<\/h2>\n\n\n\n<ul class=\"wp-block-list\">\n<li>Cookies de sesi\u00f3n: Son cookies temporales que permanecen en el archivo de cookies de su navegador hasta que abandone la p\u00e1gina web.<\/li>\n\n\n\n<li>Cookies persistentes: Pueden permanecer almacenadas en su ordenador durante:\n<ul class=\"wp-block-list\">\n<li>Cookies de inicio de sesi\u00f3n: 2 d\u00edas<\/li>\n\n\n\n<li>Cookies de opciones de pantalla: 1 a\u00f1o<\/li>\n\n\n\n<li>Cookies de recordatorio (\u00abRecordarme\u00bb): 2 semanas<\/li>\n\n\n\n<li>Cookies de comercio electr\u00f3nico: 5 a\u00f1os para fines fiscales y contables<\/li>\n<\/ul>\n<\/li>\n<\/ul>\n\n\n\n<h2 class=\"wp-block-heading\" id=\"como-gestionar-las-cookies\">C\u00d3MO GESTIONAR LAS COOKIES<\/h2>\n\n\n\n<p>Puede permitir, bloquear o eliminar las cookies instaladas en su equipo mediante la configuraci\u00f3n de las opciones de su navegador de internet. En caso de que no permita la instalaci\u00f3n de cookies en su navegador es posible que no pueda acceder a algunos de los servicios y que su experiencia en nuestra web pueda resultar menos satisfactoria.<\/p>\n\n\n\n<h2 class=\"wp-block-heading\" id=\"consentimiento\">CONSENTIMIENTO<\/h2>\n\n\n\n<p>Al navegar y continuar en nuestro sitio web estar\u00e1 consintiendo el uso de las cookies antes enunciadas, por los plazos se\u00f1alados y en las condiciones contenidas en la presente Pol\u00edtica de Cookies.<\/p>\n\n\n\n<h2 class=\"wp-block-heading\" id=\"revocacion-y-eliminacion-de-cookies\">REVOCACI\u00d3N Y ELIMINACI\u00d3N DE COOKIES<\/h2>\n\n\n\n<p>Puede revocar su consentimiento para el uso de cookies en su navegador a trav\u00e9s de las opciones del fabricante del navegador que est\u00e9 utilizando, o bien instalar un sistema de rechazo (\u00abopt-out\u00bb) a trav\u00e9s de los enlaces de algunos terceros que instalan cookies en nuestro sitio web.<\/p>\n\n\n\n<h2 class=\"wp-block-heading\" id=\"actualizacion-de-la-politica-de-cookies\">ACTUALIZACI\u00d3N DE LA POL\u00cdTICA DE COOKIES<\/h2>\n\n\n\n<p>Top1Social puede modificar esta Pol\u00edtica de Cookies en funci\u00f3n de exigencias legislativas, reglamentarias, o con la finalidad de adaptar dicha pol\u00edtica a las instrucciones dictadas por la Agencia Espa\u00f1ola de Protecci\u00f3n de Datos, por ello se aconseja a los usuarios que la visiten peri\u00f3dicamente.<\/p>\n","protected":false},"excerpt":{"rendered":"<p>INFORMACI\u00d3N SOBRE COOKIES Conforme a lo dispuesto en el art\u00edculo 22.2 de la Ley 34\/2002, de 11 de julio, de Servicios de la Sociedad de la Informaci\u00f3n y de Comercio Electr\u00f3nico (LSSI-CE), este sitio web le informa sobre las cookies que utiliza y su finalidad. \u00bfQU\u00c9 ES UNA COOKIE? Una cookie es un peque\u00f1o archivo [&hellip;]<\/p>\n","protected":false},"author":1,"featured_media":0,"parent":0,"menu_order":0,"comment_status":"closed","ping_status":"closed","template":"","meta":{"bwfblock_default_font":"","_gspb_post_css":"","footnotes":""},"class_list":["post-1882","page","type-page","status-publish","hentry"],"_links":{"self":[{"href":"https:\/\/www.top1social.com\/es\/wp-json\/wp\/v2\/pages\/1882","targetHints":{"allow":["GET"]}}],"collection":[{"href":"https:\/\/www.top1social.com\/es\/wp-json\/wp\/v2\/pages"}],"about":[{"href":"https:\/\/www.top1social.com\/es\/wp-json\/wp\/v2\/types\/page"}],"author":[{"embeddable":true,"href":"https:\/\/www.top1social.com\/es\/wp-json\/wp\/v2\/users\/1"}],"replies":[{"embeddable":true,"href":"https:\/\/www.top1social.com\/es\/wp-json\/wp\/v2\/comments?post=1882"}],"version-history":[{"count":1,"href":"https:\/\/www.top1social.com\/es\/wp-json\/wp\/v2\/pages\/1882\/revisions"}],"predecessor-version":[{"id":17571,"href":"https:\/\/www.top1social.com\/es\/wp-json\/wp\/v2\/pages\/1882\/revisions\/17571"}],"wp:attachment":[{"href":"https:\/\/www.top1social.com\/es\/wp-json\/wp\/v2\/media?parent=1882"}],"curies":[{"name":"wp","href":"https:\/\/api.w.org\/{rel}","templated":true}]}}