{"id":1885,"date":"2022-05-04T19:17:17","date_gmt":"2022-05-04T17:17:17","guid":{"rendered":"https:\/\/www.top1social.com\/es\/?page_id=1885"},"modified":"2025-06-27T15:11:45","modified_gmt":"2025-06-27T13:11:45","slug":"terminos-y-condiciones","status":"publish","type":"page","link":"https:\/\/www.top1social.com\/es\/terminos-y-condiciones\/","title":{"rendered":"T\u00e9rminos y Condiciones"},"content":{"rendered":"\n<h2 class=\"wp-block-heading\" id=\"h-condiciones-de-uso\">Condiciones de uso<\/h2>\n\n\n\n<p>Top1Social cumple con los requisitos establecidos en la Ley 34\/2002, de 11 de julio, de Servicios de la Sociedad de la Informaci\u00f3n y Comercio Electr\u00f3nico, en la Ley Org\u00e1nica 15\/1999, de 13 de diciembre, sobre Protecci\u00f3n de Datos de Car\u00e1cter Personal y dem\u00e1s directivas europeas y a continuaci\u00f3n se declara a Top1Social como titular de la web&nbsp;top1social.com&nbsp;(con marca comercial: \u201cTop1Social\u201d), con domicilio a estos efectos en Plaza Pilar 1A 2B Getafe, Madrid (Espa\u00f1a) y correo electr\u00f3nico info@top1social.com.<\/p>\n\n\n\n<p><strong>Aceptaci\u00f3n de las Condiciones<\/strong><br>La utilizaci\u00f3n del portal atribuye la condici\u00f3n de Usuario y supone la aceptaci\u00f3n plena y sin reservas de todas las disposiciones incluidas en este Aviso Legal. Si no est\u00e1 de acuerdo con alguna de estas condiciones, le solicitamos que no acceda ni utilice este portal.<\/p>\n\n\n\n<h4 class=\"wp-block-heading\" id=\"h-propiedad-intelectual-industrial\">Propiedad intelectual industrial<\/h4>\n\n\n\n<p>Todos los contenidos de la presente p\u00e1gina web, incluyendo sin car\u00e1cter limitativo, textos, gr\u00e1ficos, im\u00e1genes, su dise\u00f1o y los derechos de propiedad intelectual que pudieran corresponder a dichos contenidos, as\u00ed como todas las marcas, nombres comerciales o cualquier otro signo distintivo son propiedad de Top1Social o de sus leg\u00edtimos propietarios, quedando reservados todos los derechos sobre los mismos.<\/p>\n\n\n\n<p>Queda prohibido cualquier acto de reproducci\u00f3n de los contenidos, en todo o en parte, en cualquier forma o medio, sea mec\u00e1nico, electr\u00f3nico, reprogr\u00e1fico u otro, as\u00ed como cualquier acto de difusi\u00f3n, comunicaci\u00f3n p\u00fablica o distribuci\u00f3n, sin la previa autorizaci\u00f3n por escrito de Top1Social o de sus leg\u00edtimos propietarios.<\/p>\n\n\n\n<p>Top1Social no ser\u00e1 responsable de los da\u00f1os o perjuicios que pudieran derivarse de la utilizaci\u00f3n de los contenidos por parte de los usuarios o de la infracci\u00f3n por parte de \u00e9stos de cualquier disposici\u00f3n legal vigente.<\/p>\n\n\n\n<h5 class=\"wp-block-heading\" id=\"h-enlaces\">Enlaces Externos<\/h5>\n\n\n\n<p>Top1Social no asume responsabilidad alguna por los enlaces externos que pudieran incluirse en el portal, ya que no tiene control sobre los mismos. El acceso a estos enlaces se realiza bajo la exclusiva responsabilidad del usuario.<\/p>\n\n\n\n<h5 class=\"wp-block-heading\" id=\"h-contenidos\">Contenidos<\/h5>\n\n\n\n<p>Top1Social se reserva el derecho de efectuar sin previo aviso las modificaciones que considere oportunas en el sitio web, pudiendo cambiar, suprimir o a\u00f1adir tanto los contenidos y servicios que presta como la forma en la que \u00e9stos aparezcan presentados o localizados.<\/p>\n\n\n\n<p>El Usuario del portal se compromete a hacer un uso adecuado de los servicios que Top1Social ofrece y a no emplearlos para incurrir en actividades il\u00edcitas o contrarias a la buena fe y al ordenamiento legal, y a no provocar da\u00f1os en los sistemas f\u00edsicos y l\u00f3gicos de Top1Social, de sus proveedores o de terceras personas.<\/p>\n\n\n\n<p>Top1Social tiene la obligaci\u00f3n de facilitar a los \u00f3rganos competentes en raz\u00f3n de la materia, toda la informaci\u00f3n y colaboraci\u00f3n precisas para el ejercicio de sus funciones.<\/p>\n\n\n\n<h5 class=\"wp-block-heading\" id=\"h-area-de-registro\">\u00c1rea de Registro<\/h5>\n\n\n\n<p>El \u00e1rea de registro implica el empleo de un \u2018password\u2019 o contrase\u00f1a, la cual deber\u00e1 mantener el usuario que se registre bajo su exclusiva guarda y custodia, debiendo mantenerlas en la m\u00e1s estricta y absoluta confidencialidad, asumiendo por tanto cuantos da\u00f1os, gastos y\/o perjuicios de todo tipo se deriven del quebrantamiento de esta obligaci\u00f3n o de la revelaci\u00f3n de la contrase\u00f1a, as\u00ed como del mal uso que, como consecuencia de la infracci\u00f3n de su deber de custodia, pudiera hacer un tercero.<\/p>\n\n\n\n<p>No obstante,&nbsp;Top1Social podr\u00e1 unilateralmente, y sin necesidad de previo aviso, modificar, suspender o revocar el password habilitado, siempre que se haya constatado por parte de Top1Social un uso negligente del \u00e1rea por parte del usuario registrado.<\/p>\n\n\n\n<h5 class=\"wp-block-heading\" id=\"h-comunicaciones-y-notificaciones\">Comunicaciones y Notificaciones<\/h5>\n\n\n\n<p>Todas las comunicaciones y notificaciones realizadas, se considerar\u00e1n eficaces a todos los efectos, cuando se realicen a trav\u00e9s de correo electr\u00f3nico al e-mail suministrado por el usuario en el formulario de alta registro. El usuario se obliga a mantener informado a Top1Social de los cambios que se produzcan en los datos personales y en la direcci\u00f3n de correo electr\u00f3nico de \u00e9ste que Top1Social posee para informar al usuario de los hechos que estime oportunos. El usuario reconoce expresamente que dichos datos han sido suministrados por \u00e9l mismo y son veraces.<\/p>\n\n\n\n<p>Top1Social se reserva el derecho de efectuar sin previo aviso las modificaciones que considere oportunas en el portal, pudiendo cambiar, suprimir o a\u00f1adir tanto los contenidos y servicios que presta como la forma en la que \u00e9stos aparezcan presentados o localizados.<\/p>\n\n\n\n<h5 class=\"wp-block-heading\" id=\"h-legislacion-aplicable\">Legislaci\u00f3n Aplicable<\/h5>\n\n\n\n<p>El presente Aviso Legal se rige en todos y cada uno de sus extremos por la ley espa\u00f1ola, renunciando expresamente las partes al fuero que les corresponda, y someti\u00e9ndose a los Juzgados de la Villa de Madrid.<\/p>\n\n\n\n<h4 class=\"wp-block-heading\" id=\"h-pagos\">Pagos:<\/h4>\n\n\n\n<p>Todos los pagos se realizar\u00e1n eligiendo una de las opciones:<\/p>\n\n\n\n<ul class=\"wp-block-list\">\n<li>Mediante tarjeta de cr\u00e9dito<\/li>\n\n\n\n<li>Mediante Criptomonedas<\/li>\n\n\n\n<li>Mediante transferencia bancaria indicando el n\u00famero de pedido en el concepto para su posterior identificaci\u00f3n (Puede tardar de 24-72 horas en efectuarse) &#8211; Sin Servicio<\/li>\n<\/ul>\n\n\n\n<h4 class=\"wp-block-heading\" id=\"h-plazos-y-entrega\">Plazos y entrega:<\/h4>\n\n\n\n<p>Los plazos de entrega de los pedidos var\u00edan en funci\u00f3n del trabajo necesario para realizarlo. En todo caso un c\u00famulo de d\u00edas laborables viene especificado en cada producto (0-7 d\u00edas normalmente). No obstante Top1Social se reserva el derecho de prorrogar el plazo establecido en 30 d\u00edas laborables m\u00e1s por raz\u00f3n de c\u00famulo de trabajo o porque el servicio o circunstancia concreta as\u00ed lo requiera.<\/p>\n\n\n\n<p>Los servicios ser\u00e1n disfrutados por la cuenta\/enlace proporcionado por el cliente, en caso de que el cliente decida eliminar o activar la privacidad del enlace\/cuenta proporcionada, el pedido se considerara completado sin derecho de reembolso ni total, ni parcial.<br>La entrega de los reportes se realizar\u00e1 por correo electr\u00f3nico, a la direcci\u00f3n de correo introducida en el formulario de pedido de Top1Social. En todo caso se le recomienda comprobar la carpeta SPAM y de ENTRADA de las dos cuentas de correo, para verificar si ha recibido el reporte del trabajo realizado.<\/p>\n\n\n\n<p><strong>Responsabilidad<\/strong><\/p>\n\n\n\n<p>El servicio de aumento de seguidores, Likes, comentarios, suscriptores y m\u00e1s que ofrece&nbsp;Top1Social lo realiza un proveedor de servicios. Los pedidos se env\u00edan a proveedor y \u00e9ste ejecuta la tarea. No nos responsabilizamos m\u00e1s all\u00e1 de gestionar las \u00f3rdenes efectuadas, seguimiento de la cuenta hasta que \u00e9sta tiene el pedido completo, reposiciones, atenci\u00f3n al cliente y reembolso en caso de problemas derivados al suministro asumiendo las p\u00e9rdidas.<\/p>\n\n\n\n<p>Top1Social en ning\u00fan caso se hace responsables del da\u00f1o que&nbsp;se derive del uso de la informaci\u00f3n y del contenido de la web.<\/p>\n\n\n\n<h4 class=\"wp-block-heading\" id=\"h-realizacion-cancelacion-de-pedidos\">Realizaci\u00f3n \/ Cancelaci\u00f3n de pedidos:<\/h4>\n\n\n\n<p>Todo pedido se considerar\u00e1 realizado al finalizar el pago con \u00e9xito. Solo podr\u00e1 cancelar el pedido durante las 12h siguientes de haberlo hecho y tendr\u00e1 derecho al reembolso completo de su dinero, siempre en caso que <strong>su pedido no haya sido ya procesado<\/strong>, teniendo en cuenta que ciertos servicios se procesan instant\u00e1neamente al realizar el pago. Se reserva al cliente el derecho de desistimiento del contrato por un plazo de 14 d\u00edas enviando el&nbsp;<a href=\"https:\/\/www.top1social.com\/es\/contacto\/\">formulario de desistimiento.<\/a><\/p>\n\n\n\n<p>Recomendamos siempre, no realizar pedidos con otras empresas durante el procesado total de nuestros servicios, puesto que de esta forma puede haber errores o malentendidos. En cuyo caso nos excepcionamos de culpa, ya que queda indicado con transparencia de forma preventiva, as\u00ed como los requisitos para la efectiva entrega de los servicios tales como el car\u00e1cter p\u00fablico de la cuenta, no cambiar el nombre de usuario en el transcurso de la entrega de los pedidos etc.<\/p>\n\n\n\n<p><strong>MODIFICACIONES AL SERVICIO Y PRECIOS<\/strong><\/p>\n\n\n\n<p>Los precios de nuestros productos est\u00e1n sujetos a cambio sin aviso.<\/p>\n\n\n\n<p>Nos reservamos el derecho de modificar o discontinuar el Servicio (o cualquier parte del contenido) en cualquier momento sin aviso previo.<\/p>\n\n\n\n<p>No seremos responsables ante ti o alguna tercera parte por cualquier modificaci\u00f3n, cambio de precio, suspensi\u00f3n o discontinuidad del Servicio.<\/p>\n\n\n\n<h4 class=\"wp-block-heading\" id=\"h-garantias-de-los-productos\">Garant\u00edas de los productos:<\/h4>\n\n\n\n<p>Ofrecemos reponer su cantidad de followers, fans, visitas de YouTube y\/o cualquier tipo de producto comprado en nuestra web, en caso de perder alguno de ellos en un plazo de 30 d\u00edas tras la recepci\u00f3n del pago y de 15 d\u00edas en el servicio de Seguidores de Twitter. Exceptuando los siguientes productos: cuentas de Instagram, Twitter o YouTube, en cuyo caso el cliente dispone de 12 horas desde la recepci\u00f3n del archivo con los accesos a dichas cuentas v\u00eda email para reclamar cualquier incidencia.<\/p>\n\n\n\n<p>Adicionalmente, el pedido se procesar\u00e1 como finalizado si el cliente establece su cuenta en modo privado. Al realizar esta acci\u00f3n se pierde la conexi\u00f3n con la cuenta y no se puede realizar un seguimiento, resultando en el cierre del servicio y finalizaci\u00f3n de la garant\u00eda en el servicio.<\/p>\n\n\n\n<h3 class=\"wp-block-heading\" id=\"variaciones-y-permanencia-de-los-servicios-contratados\">Variaciones y permanencia de los servicios contratados<\/h3>\n\n\n\n<p>Los servicios ofrecidos (como seguidores, visualizaciones en directo, likes u otras interacciones en redes sociales) se realizan mediante usuarios reales y\/o actividad leg\u00edtima en las plataformas correspondientes. Por este motivo, no es posible garantizar la permanencia indefinida de dichas interacciones, ya que dependen de decisiones y comportamientos ajenos a nuestro control.<\/p>\n\n\n\n<p>El cliente acepta que, al tratarse de un servicio y no de un producto f\u00edsico, pueden producirse p\u00e9rdidas o variaciones con el paso del tiempo. Esto es parte inherente a la naturaleza de este tipo de servicios. La empresa ofrece una garant\u00eda limitada de 30 d\u00edas desde la entrega del pedido para atender posibles incidencias relacionadas con la entrega inicial, pero no se hace responsable de posibles disminuciones posteriores en la cantidad o permanencia de los resultados obtenidos.<\/p>\n\n\n\n<h4 class=\"wp-block-heading\" id=\"h-contrato-del-cliente\">Contrato del cliente<\/h4>\n\n\n\n<p>El uso de nuestro sitio web es voluntario, no estas obligado a utilizar nuestros servicios. Usted acepta cualquier cambio en estos t\u00e9rminos y los servicios que puedan mejorar la plataforma. Al usar nuestra web, usted est\u00e1 de acuerdo con nuestra pol\u00edtica de privacidad online.<\/p>\n\n\n\n<p>Este sitio web no se hace responsable de cualquier problema ocasionado y sus consecuencias, esto forma parte de su responsabilidad. La vigencia de este acuerdo se iniciar\u00e1 con la aceptaci\u00f3n de su paquete y finalizara cuando sea terminado por cualquiera de las dos partes.<\/p>\n\n\n\n<p>Aceptando estos t\u00e9rminos y condiciones est\u00e1 aceptando tambi\u00e9n nuestra&nbsp;<a href=\"https:\/\/www.top1social.com\/es\/politica-de-reembolso\/\">pol\u00edtica de reembolso<\/a>&nbsp;y&nbsp;<a href=\"https:\/\/www.top1social.com\/es\/politica-de-privacidad\/\">pol\u00edtica de privacidad<\/a>.<\/p>\n\n\n\n<h4 class=\"wp-block-heading\" id=\"h-contactenos\">Cont\u00e1ctenos<strong><\/strong><\/h4>\n\n\n\n<p>Si tiene alguna pregunta acerca de nuestra pol\u00edtica de privacidad, no dude en contactar con nosotros usando nuestro <a href=\"https:\/\/www.top1social.com\/es\/contacto\/\"><strong>contacto <\/strong><\/a>en nuestra p\u00e1gina de contacto.<\/p>\n","protected":false},"excerpt":{"rendered":"<p>Condiciones de uso Top1Social cumple con los requisitos establecidos en la Ley 34\/2002, de 11 de julio, de Servicios de la Sociedad de la Informaci\u00f3n y Comercio Electr\u00f3nico, en la Ley Org\u00e1nica 15\/1999, de 13 de diciembre, sobre Protecci\u00f3n de Datos de Car\u00e1cter Personal y dem\u00e1s directivas europeas y a continuaci\u00f3n se declara a Top1Social [&hellip;]<\/p>\n","protected":false},"author":1,"featured_media":0,"parent":0,"menu_order":0,"comment_status":"closed","ping_status":"closed","template":"","meta":{"bwfblock_default_font":"","_gspb_post_css":"","footnotes":""},"class_list":["post-1885","page","type-page","status-publish","hentry"],"_links":{"self":[{"href":"https:\/\/www.top1social.com\/es\/wp-json\/wp\/v2\/pages\/1885","targetHints":{"allow":["GET"]}}],"collection":[{"href":"https:\/\/www.top1social.com\/es\/wp-json\/wp\/v2\/pages"}],"about":[{"href":"https:\/\/www.top1social.com\/es\/wp-json\/wp\/v2\/types\/page"}],"author":[{"embeddable":true,"href":"https:\/\/www.top1social.com\/es\/wp-json\/wp\/v2\/users\/1"}],"replies":[{"embeddable":true,"href":"https:\/\/www.top1social.com\/es\/wp-json\/wp\/v2\/comments?post=1885"}],"version-history":[{"count":4,"href":"https:\/\/www.top1social.com\/es\/wp-json\/wp\/v2\/pages\/1885\/revisions"}],"predecessor-version":[{"id":21800,"href":"https:\/\/www.top1social.com\/es\/wp-json\/wp\/v2\/pages\/1885\/revisions\/21800"}],"wp:attachment":[{"href":"https:\/\/www.top1social.com\/es\/wp-json\/wp\/v2\/media?parent=1885"}],"curies":[{"name":"wp","href":"https:\/\/api.w.org\/{rel}","templated":true}]}}