{"id":1892,"date":"2022-05-04T19:27:03","date_gmt":"2022-05-04T17:27:03","guid":{"rendered":"https:\/\/www.top1social.com\/es\/?page_id=1892"},"modified":"2024-10-24T14:02:54","modified_gmt":"2024-10-24T12:02:54","slug":"politica-de-reembolso","status":"publish","type":"page","link":"https:\/\/www.top1social.com\/es\/politica-de-reembolso\/","title":{"rendered":"Pol\u00edtica de Reembolso"},"content":{"rendered":"\n<p><strong>Plazo de inicio del servicio:<\/strong><br>El plazo estimado para el comienzo del servicio es de 0 a 7 d\u00edas. Los plazos de entrega son orientativos y pueden variar seg\u00fan la cantidad contratada. Por lo tanto, no se podr\u00e1 solicitar un reembolso completo si las acciones a\u00fan no han finalizado dentro del plazo que usted considera apropiado.<\/p>\n\n\n\n<p><strong>Incidencias y retrasos:<\/strong><br>Al realizar el pago de un pedido, contrataci\u00f3n de un servicio o suscripci\u00f3n, usted acepta esperar hasta un m\u00e1ximo de 30 d\u00edas h\u00e1biles a partir de la comunicaci\u00f3n de cualquier incidencia o retraso. Durante este plazo, nuestro equipo trabajar\u00e1 para solucionar su solicitud.<\/p>\n\n\n\n<p><strong>Responsabilidad por bloqueo de cuentas:<\/strong><br>No nos hacemos responsables de ning\u00fan reembolso parcial si su cuenta ha sido bloqueada o suspendida por los equipos de las redes sociales debido a un mal uso de nuestros servicios.<\/p>\n\n\n\n<p><strong>Errores del sistema:<\/strong><br>No garantizamos reembolsos en caso de ca\u00edda o error del sistema.<\/p>\n\n\n\n<p><strong>Reembolsos garantizados:<\/strong><br>Se garantiza el 100% del reembolso solo si los servicios no han podido iniciarse debido a un error imputable a nuestra empresa.<\/p>\n\n\n\n<p><strong>Condiciones para el reembolso:<\/strong><br>Para ser elegible para un reembolso, el servicio debe estar sin utilizar (no iniciado).<\/p>\n\n\n\n<p><strong>Revisar T\u00e9rminos y Condiciones:<\/strong><br>Lea con cuidado todos nuestros <a href=\"https:\/\/www.top1social.com\/es\/terminos-y-condiciones\/\"><strong>T\u00e9rminos y Condiciones<\/strong><\/a> y a la <a href=\"https:\/\/www.top1social.com\/es\/politica-de-privacidad\/\"><strong>Pol\u00edtica de Privacidad<\/strong><\/a>. Nunca haga una petici\u00f3n en esta p\u00e1gina sin haberlo revisado todo con precisi\u00f3n.<\/p>\n\n\n\n<p><strong>Contacto:<\/strong><br>Puede contactarnos a trav\u00e9s de nuestro grupo de <a href=\"https:\/\/www.top1social.com\/es\/contacto\/\"><strong>Atenci\u00f3n al Cliente<\/strong><\/a> en nuestra p\u00e1gina web para informaci\u00f3n adicional sobre nuestra Pol\u00edtica de reembolso o para solicitar cualquier reembolso.<\/p>\n","protected":false},"excerpt":{"rendered":"<p>Plazo de inicio del servicio:El plazo estimado para el comienzo del servicio es de 0 a 7 d\u00edas. Los plazos de entrega son orientativos y pueden variar seg\u00fan la cantidad contratada. Por lo tanto, no se podr\u00e1 solicitar un reembolso completo si las acciones a\u00fan no han finalizado dentro del plazo que usted considera apropiado. [&hellip;]<\/p>\n","protected":false},"author":1,"featured_media":0,"parent":0,"menu_order":0,"comment_status":"closed","ping_status":"closed","template":"","meta":{"bwfblock_default_font":"","_gspb_post_css":"","footnotes":""},"class_list":["post-1892","page","type-page","status-publish","hentry"],"_links":{"self":[{"href":"https:\/\/www.top1social.com\/es\/wp-json\/wp\/v2\/pages\/1892","targetHints":{"allow":["GET"]}}],"collection":[{"href":"https:\/\/www.top1social.com\/es\/wp-json\/wp\/v2\/pages"}],"about":[{"href":"https:\/\/www.top1social.com\/es\/wp-json\/wp\/v2\/types\/page"}],"author":[{"embeddable":true,"href":"https:\/\/www.top1social.com\/es\/wp-json\/wp\/v2\/users\/1"}],"replies":[{"embeddable":true,"href":"https:\/\/www.top1social.com\/es\/wp-json\/wp\/v2\/comments?post=1892"}],"version-history":[{"count":1,"href":"https:\/\/www.top1social.com\/es\/wp-json\/wp\/v2\/pages\/1892\/revisions"}],"predecessor-version":[{"id":17580,"href":"https:\/\/www.top1social.com\/es\/wp-json\/wp\/v2\/pages\/1892\/revisions\/17580"}],"wp:attachment":[{"href":"https:\/\/www.top1social.com\/es\/wp-json\/wp\/v2\/media?parent=1892"}],"curies":[{"name":"wp","href":"https:\/\/api.w.org\/{rel}","templated":true}]}}