{"id":1736,"date":"2025-01-23T13:33:59","date_gmt":"2025-01-23T12:33:59","guid":{"rendered":"https:\/\/www.top1social.com\/es\/?post_type=product&#038;p=1736"},"modified":"2025-01-23T16:30:12","modified_gmt":"2025-01-23T15:30:12","slug":"comprar-suscriptores-youtube","status":"publish","type":"product","link":"https:\/\/www.top1social.com\/es\/producto\/comprar-suscriptores-youtube\/","title":{"rendered":"Comprar Suscriptores Youtube"},"content":{"rendered":"<h2 style=\"text-align: center;\">\ud83d\udcc8 \u00bfPor qu\u00e9 Comprar Suscriptores de YouTube? \ud83c\udfa5<\/h2>\n<h3>Ventajas de Comprar Suscriptores YouTube \ud83c\udf1f<\/h3>\n<p><strong>\u00bfDeber\u00edas comprar suscriptores YouTube?<\/strong> La respuesta es un rotundo <strong>\u00a1s\u00ed!<\/strong> Hoy en d\u00eda, incluso los ni\u00f1os de 10 a\u00f1os pueden ganar cientos de miles de d\u00f3lares teniendo un canal y subiendo v\u00eddeos en YouTube. YouTube es la mayor plataforma de contenido audiovisual, y estamos aqu\u00ed para ayudarte a crecer.<\/p>\n<p><\/p>\n<h2 style=\"text-align: center;\">Conoce los Beneficios de Comprar Suscriptores YouTube en <strong>Top1Social<\/strong> \ud83d\udcc8<\/h2>\n<p style=\"text-align: center;\">\ud83d\udc65 <strong>Usuarios 100% Reales<\/strong><\/p>\n<p style=\"text-align: center;\">\ud83c\udf81 <strong>Suscriptores GRATIS<\/strong> a\u00f1adidos a tu pedido<\/p>\n<p style=\"text-align: center;\">\ud83d\udd25 <strong>Garant\u00eda de 30 d\u00edas<\/strong><\/p>\n<p style=\"text-align: center;\">\u2b50 <strong>Mejor calidad de servicio<\/strong><\/p>\n<p style=\"text-align: center;\">\u2b50 <strong>100% seguro y an\u00f3nimo<\/strong><\/p>\n<p style=\"text-align: center;\">\u2b50 <strong>Pago seguro<\/strong> (\u00a1ahora con BIZUM!)<\/p>\n<p style=\"text-align: center;\">\u2b50 Miles de influencers nos utilizan cada d\u00eda<\/p>\n<p style=\"text-align: center;\">\u2705 M\u00e1s de 10 a\u00f1os de experiencia en marketing online<\/p>\n<p style=\"text-align: center;\">\u2705 Soporte 24\/7 en espa\u00f1ol<\/p>\n<p style=\"text-align: center;\">\u2705 <strong>No pedimos contrase\u00f1a<\/strong><\/p>\n<p style=\"text-align: center;\"><strong>Consigue Ahora de Promoci\u00f3n Nuestro Servicio para <a href=\"https:\/\/www.top1social.com\/es\/producto\/comprar-visitas-youtube\/\">Comprar Visitas Youtube<\/a>.<\/strong><\/p>\n<h4>\ud83d\ude80 Aumenta Tus Suscriptores de YouTube Org\u00e1nicos \ud83c\udf31<\/h4>\n<p>Cuantos m\u00e1s suscriptores tengas, m\u00e1s atractivo se vuelve tu canal para nuevos usuarios. La <strong>prueba social<\/strong> juega un papel crucial en la percepci\u00f3n de tu canal. Al comprar suscriptores, creas una base s\u00f3lida que atraer\u00e1 a m\u00e1s seguidores de manera org\u00e1nica.<\/p>\n<h4>\ud83c\udf1f Mejora tus Posibilidades de Volverte Viral \ud83d\udcc8<\/h4>\n<p>Para volverse viral, necesitas maximizar la <strong>participaci\u00f3n org\u00e1nica<\/strong>. Cuantos m\u00e1s suscriptores tengas, m\u00e1s probable es que tu contenido sea compartido y visto por una audiencia m\u00e1s amplia. Imagina tus videos siendo compartidos una y otra vez, llegando a miles de nuevos espectadores.<\/p>\n<h4>\ud83d\udd1d Mejora tu Posici\u00f3n en los Resultados de B\u00fasqueda \ud83d\udd75\ufe0f\u200d\u2642\ufe0f<\/h4>\n<p>El algoritmo de YouTube favorece los canales con una alta cantidad de suscriptores. M\u00e1s suscriptores significan m\u00e1s <strong>recomendaciones y visibilidad<\/strong> en los resultados de b\u00fasqueda. Esto es crucial en una plataforma donde <strong>51 millones de canales<\/strong> compiten por la atenci\u00f3n.<\/p>\n<h4>\ud83c\udfc6 Aumenta tu Credibilidad y Confianza \ud83d\ude4c<\/h4>\n<p>Un canal con muchos suscriptores es visto como m\u00e1s <strong>cre\u00edble y confiable<\/strong>. Esto no solo te ayudar\u00e1 a atraer m\u00e1s seguidores, sino que tambi\u00e9n mejorar\u00e1 tu reputaci\u00f3n como creador de contenido de calidad.<\/p>\n<h4>\ud83d\udcb0 Monetiza tu Canal R\u00e1pidamente \ud83e\udd11<\/h4>\n<p>Para monetizar tu canal, necesitas cumplir con ciertos requisitos, incluyendo tener <strong>m\u00e1s de 1,000 suscriptores<\/strong> y <strong>4,000 horas de visualizaci\u00f3n<\/strong> en los \u00faltimos 12 meses. <strong><a href=\"https:\/\/www.top1social.com\/es\/producto\/comprar-suscriptores-youtube\/\">Comprar suscriptores Youtube<\/a><\/strong> te ayuda a cumplir con estos criterios m\u00e1s r\u00e1pido, permiti\u00e9ndote empezar a ganar dinero m\u00e1s pronto. Sigue las directrices de <a href=\"https:\/\/www.youtube.com\/intl\/es_es\/creators\/how-things-work\/getting-started\/\" target=\"_blank\" rel=\"noopener\">YouTube<\/a> para alcanzar el \u00e9xito.<\/p>\n<h4>\ud83c\udf0d Gana Visibilidad en Otras Redes Sociales \ud83d\udd17<\/h4>\n<p>Un canal de YouTube exitoso puede ayudarte a ganar tracci\u00f3n en otras plataformas sociales. Cuantos m\u00e1s suscriptores tengas, m\u00e1s probable es que tu contenido sea compartido en <strong>Facebook, Twitter, Instagram<\/strong> y otras redes, ampliando tu presencia en l\u00ednea.<\/p>\n<h4>\ud83d\udcb8 Genera M\u00e1s Ingresos \ud83c\udfc6<\/h4>\n<div id=\"attachment_15300\" style=\"width: 850px\" class=\"wp-caption aligncenter\"><img fetchpriority=\"high\" decoding=\"async\" aria-describedby=\"caption-attachment-15300\" class=\"wp-image-15300 size-large\" title=\"comprar suscriptores youtube\" src=\"https:\/\/www.top1social.com\/es\/wp-content\/uploads\/sites\/2\/2024\/06\/comprar-suscriptores-youtube-1024x585.jpeg\" alt=\"comprar suscriptores youtube\" width=\"840\" height=\"480\" srcset=\"https:\/\/www.top1social.com\/es\/wp-content\/uploads\/sites\/2\/2024\/06\/comprar-suscriptores-youtube-1024x585.jpeg 1024w, https:\/\/www.top1social.com\/es\/wp-content\/uploads\/sites\/2\/2024\/06\/comprar-suscriptores-youtube-300x171.jpeg 300w, https:\/\/www.top1social.com\/es\/wp-content\/uploads\/sites\/2\/2024\/06\/comprar-suscriptores-youtube-767x438.jpeg 767w, https:\/\/www.top1social.com\/es\/wp-content\/uploads\/sites\/2\/2024\/06\/comprar-suscriptores-youtube-1536x878.jpeg 1536w, https:\/\/www.top1social.com\/es\/wp-content\/uploads\/sites\/2\/2024\/06\/comprar-suscriptores-youtube-2048x1170.jpeg 2048w, https:\/\/www.top1social.com\/es\/wp-content\/uploads\/sites\/2\/2024\/06\/comprar-suscriptores-youtube-263x150.jpeg 263w, https:\/\/www.top1social.com\/es\/wp-content\/uploads\/sites\/2\/2024\/06\/comprar-suscriptores-youtube-100x57.jpeg 100w, https:\/\/www.top1social.com\/es\/wp-content\/uploads\/sites\/2\/2024\/06\/comprar-suscriptores-youtube-613x350.jpeg 613w, https:\/\/www.top1social.com\/es\/wp-content\/uploads\/sites\/2\/2024\/06\/comprar-suscriptores-youtube-788x450.jpeg 788w, https:\/\/www.top1social.com\/es\/wp-content\/uploads\/sites\/2\/2024\/06\/comprar-suscriptores-youtube-599x342.jpeg 599w, https:\/\/www.top1social.com\/es\/wp-content\/uploads\/sites\/2\/2024\/06\/comprar-suscriptores-youtube.jpeg 1792w\" sizes=\"(max-width: 840px) 100vw, 840px\" \/><p id=\"caption-attachment-15300\" class=\"wp-caption-text\"><strong>comprar suscriptores youtube<\/strong><\/p><\/div>\n<p>M\u00e1s suscriptores significan m\u00e1s visualizaciones, y m\u00e1s visualizaciones significan <strong>mayores ingresos por publicidad<\/strong>. Tambi\u00e9n es m\u00e1s f\u00e1cil conseguir patrocinadores cuando tienes una gran base de seguidores. Sea cual sea tu modelo de negocio en YouTube, el n\u00famero de suscriptores influir\u00e1 directamente en tus ganancias.<\/p>\n<h2 style=\"text-align: center;\">\ud83c\udf1f Comprar Suscriptores de YouTube y Ascender Hacia la Popularidad \ud83d\ude80<\/h2>\n<p><a href=\"https:\/\/www.top1social.com\/es\/categoria-producto\/youtube\/\"><strong>YouTube<\/strong> <\/a>es una de las mayores plataformas para subir v\u00eddeos y ganar dinero. <strong>Compra ahora suscriptores reales de YouTube al mejor precio del mercado<\/strong> y compru\u00e9balo.<\/p>\n<h3>Beneficios Inmediatos al Comprar Suscriptores<\/h3>\n<ul>\n<li><strong>Perfil m\u00e1s popular al instante<\/strong><\/li>\n<li><strong>Crecimiento org\u00e1nico y natural<\/strong><\/li>\n<li><strong>Mayor probabilidad de que tus videos se vuelvan virales<\/strong><\/li>\n<li><strong>Oportunidades de monetizaci\u00f3n<\/strong><\/li>\n<li><strong>Crecimiento f\u00e1cil y eficiente<\/strong><\/li>\n<\/ul>\n<p>Ofrecemos suscriptores de YouTube de alta calidad al mejor precio. Todos nuestros productos vienen con una <strong>garant\u00eda gratuita de 30 d\u00edas<\/strong>. Ahora con un <strong>DESCUENTO DE M\u00c1S DEL 50%<\/strong>.<\/p>\n<h2 style=\"text-align: center;\">\ud83d\udce2 Comentarios sobre Nuestro Servicio de Comprar Suscriptores YouTube<\/h2>\n<h3><div class=\"wpsm-testimonial\"><div class=\"wpsm-testimonial-content\"><\/div><div class=\"wpsm-testimonial-author\">Jorge - Influencer<\/div><\/div><\/h3>\n<p><em>Compr\u00e9 suscriptores para poder monetizar y ya me aprob\u00f3 YouTube. Ahora estoy usando este servicio para posicionar mis videos y estoy creciendo mucho. \u00a1Muchas gracias!<\/em><\/p>\n<h3><div class=\"wpsm-testimonial\"><div class=\"wpsm-testimonial-content\"><\/div><div class=\"wpsm-testimonial-author\">Jenn - MakeUp<\/div><\/div><\/h3>\n<p><em>Contact\u00e9 con Top1Social para ver c\u00f3mo pod\u00eda monetizar mi canal de YouTube y me dijeron que a partir de 1000 suscriptores y 4000 horas. Compr\u00e9 un paquete m\u00e1s grande y estoy muy contenta, ya tengo mi canal monetizado.<\/em><\/p>\n<h3><div class=\"wpsm-testimonial\"><div class=\"wpsm-testimonial-content\"><\/div><div class=\"wpsm-testimonial-author\">Lacker - Gamer \/ Twitch<\/div><\/div><\/h3>\n<p><em>He probado todos vuestros servicios para hacer crecer mi cuenta de Twitch y mes a mes, \u00a1genial! Aqu\u00ed compro suscriptores que intento llevar a Twitch y genial.<\/em><\/p>\n<h2 style=\"text-align: center;\">\ud83d\udcc8 Estrategias para Convertirte en un YouTuber Popular<\/h2>\n<p>Para tener un canal de YouTube exitoso necesitas dos elementos clave: la <strong>creaci\u00f3n continua de contenido<\/strong> y la <strong>obtenci\u00f3n de suscriptores<\/strong>.<\/p>\n<p><strong>Suscriptores de YouTube<\/strong> son cruciales porque reciben una notificaci\u00f3n cada vez que subes un nuevo v\u00eddeo, obteniendo as\u00ed vistas instant\u00e1neas. Las visualizaciones en las primeras horas pueden hacer que tu v\u00eddeo se convierta en viral.<\/p>\n<h2 style=\"text-align: center;\">\ud83d\uded2 \u00bfPor qu\u00e9 Elegir <strong>Top1Social<\/strong> para Comprar Suscriptores de YouTube?<\/h2>\n<p>Al elegir <strong>Top1Social<\/strong>, garantizas un servicio 100% seguro y confiable. Implementamos estrategias de marketing efectivas que aseguran la llegada de <strong>suscriptores de forma natural y org\u00e1nica<\/strong>. Adem\u00e1s, <strong>nunca solicitamos tu informaci\u00f3n sensible<\/strong>, como la contrase\u00f1a de tu cuenta.<\/p>\n<h3><strong>Ventajas de Nuestros Servicios:<\/strong><\/h3>\n<ul>\n<li>\ud83d\udd12 <strong>Pago completamente seguro<\/strong><\/li>\n<li>\ud83c\udf0d <strong>Suscriptores reales y de calidad global<\/strong><\/li>\n<li>\ud83c\udf31 <strong>Entrega natural y org\u00e1nica<\/strong><\/li>\n<li>\u2b50 <strong>Satisfacci\u00f3n garantizada al 100%<\/strong><\/li>\n<li>\ud83d\udd52 <strong>Soporte 24\/7<\/strong><\/li>\n<li>\ud83d\udd11 <strong>No se requiere contrase\u00f1a<\/strong><\/li>\n<li>\ud83d\udd12 <strong>Privacidad resguardada<\/strong><\/li>\n<li>\ud83d\udee1\ufe0f <strong>Servicio seguro y profesional<\/strong><\/li>\n<li>\ud83d\udd04 <strong>Garant\u00eda de reposici\u00f3n por p\u00e9rdida durante 30 d\u00edas<\/strong><\/li>\n<\/ul>\n<p>Comprar <strong>suscriptores<\/strong> te permitir\u00e1 mejorar tu <strong>clasificaci\u00f3n<\/strong> y fomentar la interacci\u00f3n necesaria para que tu canal sea m\u00e1s popular y visible ante una amplia audiencia.<\/p>\n<h2 style=\"text-align: center;\">\ud83c\udf0d Aumenta tu Visibilidad y Popularidad en YouTube \ud83c\udf1f<\/h2>\n<p>Comprar <strong>suscriptores<\/strong> te permitir\u00e1 mejorar tu <strong>clasificaci\u00f3n<\/strong> y fomentar la interacci\u00f3n necesaria para que tu canal sea m\u00e1s popular y visible ante una amplia audiencia.<\/p>\n<h3><strong>Beneficios de Comprar Suscriptores de YouTube:<\/strong><\/h3>\n<ul>\n<li>\ud83d\ude80 <strong>Expansi\u00f3n r\u00e1pida de tu audiencia<\/strong><\/li>\n<li>\ud83d\udcc8 <strong>Mayor visibilidad para tu negocio y videos<\/strong><\/li>\n<li>\u23e9 <strong>Crecimiento r\u00e1pido y cualitativo de tu red<\/strong><\/li>\n<li>\ud83d\udd0d <strong>Mejora en SEO<\/strong><\/li>\n<li>\ud83c\udfc6 <strong>Incremento en la credibilidad<\/strong><\/li>\n<li>\ud83d\udcca <strong>Mayor n\u00famero de visitas<\/strong><\/li>\n<li>\ud83d\udd04 <strong>Mejora en la tasa de participaci\u00f3n y conversi\u00f3n<\/strong><\/li>\n<\/ul>\n<h2 style=\"text-align: center;\">\u2753 Preguntas Frecuentes sobre Comprar Suscriptores YouTube<\/h2>\n<div class=\"wpsm-accordion mb30\" data-accordion=\"yes\" itemscope=\"\" itemtype=\"https:\/\/schema.org\/FAQPage\"><\/p>\n<p><div class=\"wpsm-accordion-item close\" itemscope=\"\" itemprop=\"mainEntity\" itemtype=\"https:\/\/schema.org\/Question\"><h3 class=\"wpsm-accordion-trigger\" itemprop=\"name\">\ud83d\udd12 \u00bf<strong>Tengo garant\u00eda al comprar suscriptores YouTube?<\/strong><\/h3><div class=\"accordion-content\"  itemscope=\"\" itemprop=\"acceptedAnswer\" itemtype=\"https:\/\/schema.org\/Answer\"><div itemprop=\"text\"> \u00a1Por supuesto! \ud83d\udcaf Nuestro proceso es completamente seguro. Al elegir Top1Social, garantizamos que <strong>la compra de suscriptores<\/strong> no afectar\u00e1 tu cuenta. Nos comprometemos a impulsar tu perfil y ofrecerte una experiencia 100% satisfactoria y segura. <\/div><\/div><\/div><\/p>\n<p><div class=\"wpsm-accordion-item close\" itemscope=\"\" itemprop=\"mainEntity\" itemtype=\"https:\/\/schema.org\/Question\"><h3 class=\"wpsm-accordion-trigger\" itemprop=\"name\">\ud83d\udd11 \u00bf<strong>Tengo que dar mi contrase\u00f1a para comprar suscriptores de YouTube?<\/strong><\/h3><div class=\"accordion-content\"  itemscope=\"\" itemprop=\"acceptedAnswer\" itemtype=\"https:\/\/schema.org\/Answer\"><div itemprop=\"text\"> \u00a1Para nada! \ud83d\ude45\u200d\u2642\ufe0f En Top1Social <strong>nunca<\/strong> pedimos tu contrase\u00f1a ni ning\u00fan dato personal sensible. Operamos dentro de las pol\u00edticas de privacidad de YouTube, asegurando que tu transacci\u00f3n sea segura y sin complicaciones. <\/div><\/div><\/div><\/p>\n<p><div class=\"wpsm-accordion-item close\" itemscope=\"\" itemprop=\"mainEntity\" itemtype=\"https:\/\/schema.org\/Question\"><h3 class=\"wpsm-accordion-trigger\" itemprop=\"name\">\ud83c\udf89 \u00bf<strong>Qu\u00e9 pasa si llego a 1.000 suscriptores en YouTube?<\/strong><\/h3><div class=\"accordion-content\"  itemscope=\"\" itemprop=\"acceptedAnswer\" itemtype=\"https:\/\/schema.org\/Answer\"><div itemprop=\"text\"> Al alcanzar <strong>1.000 suscriptores<\/strong>, tu canal podr\u00e1 <strong>monetizarse<\/strong>. \ud83d\udcb0 Tambi\u00e9n necesitar\u00e1s 4.000 horas de reproducci\u00f3n en los \u00faltimos 12 meses. \u00a1Esto incrementar\u00e1 tus suscriptores de manera org\u00e1nica y te permitir\u00e1 empezar a generar ingresos a trav\u00e9s de tus videos! <\/div><\/div><\/div><\/p>\n<p><div class=\"wpsm-accordion-item close\" itemscope=\"\" itemprop=\"mainEntity\" itemtype=\"https:\/\/schema.org\/Question\"><h3 class=\"wpsm-accordion-trigger\" itemprop=\"name\">\ud83d\udd10 \u00bf<strong>Es seguro comprar suscriptores YouTube?<\/strong><\/h3><div class=\"accordion-content\"  itemscope=\"\" itemprop=\"acceptedAnswer\" itemtype=\"https:\/\/schema.org\/Answer\"><div itemprop=\"text\"> \u00a1S\u00ed, es completamente seguro! \ud83d\ude80 Nuestro sistema est\u00e1 protegido con un <strong>certificado SSL<\/strong> que resguarda tu informaci\u00f3n. No tienes que preocuparte por la seguridad de tus datos al comprar con nosotros. <\/div><\/div><\/div><\/p>\n<p><div class=\"wpsm-accordion-item close\" itemscope=\"\" itemprop=\"mainEntity\" itemtype=\"https:\/\/schema.org\/Question\"><h3 class=\"wpsm-accordion-trigger\" itemprop=\"name\">\ud83d\udeab \u00bf<strong>Me pueden banear por comprar suscriptores YouTube?<\/strong><\/h3><div class=\"accordion-content\"  itemscope=\"\" itemprop=\"acceptedAnswer\" itemtype=\"https:\/\/schema.org\/Answer\"><div itemprop=\"text\"> No, no hay riesgo de <strong>baneo<\/strong> al comprar suscriptores. \ud83d\udee1\ufe0f En Top1Social, nuestras estrategias de marketing est\u00e1n dise\u00f1adas para ser <strong>naturales y org\u00e1nicas<\/strong>, as\u00ed que puedes aumentar tu base de seguidores sin preocupaciones. <\/div><\/div><\/div><\/p>\n<p><\/div>\n<h3 style=\"text-align: center;\">\ud83c\udfa5 \u00a1Impulsa tu Canal de YouTube con Top1Social y Experimenta el Poder de las Redes Sociales! \ud83d\ude80<\/h3>\n","protected":false},"excerpt":{"rendered":"<p style=\"text-align: center;\"><b>\ud83d\udd25<\/b><strong>Suscriptores REALES para YOUTUBE <\/strong><img decoding=\"async\" class=\"emoji alignnone\" role=\"img\" draggable=\"false\" src=\"https:\/\/s.w.org\/images\/core\/emoji\/13.1.0\/svg\/1f465.svg\" alt=\"\ud83d\udc65 Comprar Seguidores Instagram\" width=\"150\" height=\"150\" \/><\/p>\n<p style=\"text-align: center;\"><strong><img decoding=\"async\" class=\"emoji\" role=\"img\" draggable=\"false\" src=\"https:\/\/s.w.org\/images\/core\/emoji\/15.0.3\/svg\/1f1ea-1f1f8.svg\" alt=\"\ud83c\uddea\ud83c\uddf8\" \/>\u00a0Servicio 100% Espa\u00f1ol<\/strong>\u00a0<img decoding=\"async\" class=\"emoji\" role=\"img\" draggable=\"false\" src=\"https:\/\/s.w.org\/images\/core\/emoji\/15.0.3\/svg\/1f1ea-1f1f8.svg\" alt=\"\ud83c\uddea\ud83c\uddf8\" \/><\/p>\n<p style=\"text-align: center;\"><strong>\ud83c\udf81-50% de Descuento Hoy<\/strong><\/p>\n<p style=\"text-align: center;\"><strong>Ahora El Mejor Precio del Mercado<\/strong>\u00a0<b>\ud83d\udd25<\/b><\/p>\n<div class=\"pr_excerpt f_300 f_size_15\">\n<h5 style=\"text-align: center;\"><b><img decoding=\"async\" class=\"emoji\" role=\"img\" draggable=\"false\" src=\"https:\/\/s.w.org\/images\/core\/emoji\/13.1.0\/svg\/2705.svg\" alt=\"\u2705\" \/><\/b>\u00a0Seguidores SIN Ca\u00eddas (30 d\u00edas de Garant\u00eda)<\/h5>\n<h5 style=\"text-align: center;\"><b><img decoding=\"async\" class=\"emoji\" role=\"img\" draggable=\"false\" src=\"https:\/\/s.w.org\/images\/core\/emoji\/13.1.0\/svg\/2705.svg\" alt=\"\u2705\" \/><\/b>\u00a0Soporte en Espa\u00f1ol 24\/7\u00a0<img decoding=\"async\" class=\"emoji\" role=\"img\" draggable=\"false\" src=\"https:\/\/s.w.org\/images\/core\/emoji\/15.0.3\/svg\/1f1ea-1f1f8.svg\" alt=\"\ud83c\uddea\ud83c\uddf8\" \/><\/h5>\n<h5 style=\"text-align: center;\"><b><img decoding=\"async\" class=\"emoji\" role=\"img\" draggable=\"false\" src=\"https:\/\/s.w.org\/images\/core\/emoji\/13.1.0\/svg\/2705.svg\" alt=\"\u2705\" \/><\/b>\u00a0Entrega R\u00c1PIDA Y NATURAL<\/h5>\n<h5 style=\"text-align: center;\"><b><img decoding=\"async\" class=\"emoji\" role=\"img\" draggable=\"false\" src=\"https:\/\/s.w.org\/images\/core\/emoji\/13.1.0\/svg\/2705.svg\" alt=\"\u2705\" \/><\/b>\u00a0Paga ahora tambi\u00e9n con BIZUM<\/h5>\n<h6 class=\"LC20lb DKV0Md\" style=\"text-align: center;\"><img decoding=\"async\" class=\"emoji\" role=\"img\" draggable=\"false\" src=\"https:\/\/s.w.org\/images\/core\/emoji\/13.1.0\/svg\/1f44c.svg\" alt=\"\ud83d\udc4c\" \/>\u00a0PAGO \u00daNICO Y SEGURO, CON GARANT\u00cdA INCLUIDA<\/h6>\n<p><img decoding=\"async\" class=\"aligncenter\" src=\"https:\/\/www.top1social.com\/es\/wp-content\/uploads\/sites\/2\/2022\/08\/pago-tarjeta-seguro-e1661767131379.png\" \/><img decoding=\"async\" class=\"alignnone size-medium aligncenter\" src=\"https:\/\/www.top1social.com\/wp-content\/plugins\/woocommerce-gateway-redsys\/assets\/images\/bizum.png\" alt=\"Bizum\" width=\"100\" height=\"43\" \/><\/p>\n<\/div>\n","protected":false},"featured_media":1746,"comment_status":"open","ping_status":"closed","template":"","meta":{"bwfblock_default_font":"","_gspb_post_css":""},"store":[259],"product_brand":[],"product_cat":[15],"product_tag":[591,590],"class_list":{"0":"post-1736","1":"product","2":"type-product","3":"status-publish","4":"has-post-thumbnail","6":"store-youtube","7":"product_cat-youtube","8":"product_tag-comprar-seguidores-youtube","9":"product_tag-comprar-suscriptores-youtube","11":"first","12":"instock","13":"sale","14":"taxable","15":"shipping-taxable","16":"purchasable","17":"product-type-variable"},"_links":{"self":[{"href":"https:\/\/www.top1social.com\/es\/wp-json\/wp\/v2\/product\/1736","targetHints":{"allow":["GET"]}}],"collection":[{"href":"https:\/\/www.top1social.com\/es\/wp-json\/wp\/v2\/product"}],"about":[{"href":"https:\/\/www.top1social.com\/es\/wp-json\/wp\/v2\/types\/product"}],"replies":[{"embeddable":true,"href":"https:\/\/www.top1social.com\/es\/wp-json\/wp\/v2\/comments?post=1736"}],"wp:featuredmedia":[{"embeddable":true,"href":"https:\/\/www.top1social.com\/es\/wp-json\/wp\/v2\/media\/1746"}],"wp:attachment":[{"href":"https:\/\/www.top1social.com\/es\/wp-json\/wp\/v2\/media?parent=1736"}],"wp:term":[{"taxonomy":"store","embeddable":true,"href":"https:\/\/www.top1social.com\/es\/wp-json\/wp\/v2\/store?post=1736"},{"taxonomy":"product_brand","embeddable":true,"href":"https:\/\/www.top1social.com\/es\/wp-json\/wp\/v2\/product_brand?post=1736"},{"taxonomy":"product_cat","embeddable":true,"href":"https:\/\/www.top1social.com\/es\/wp-json\/wp\/v2\/product_cat?post=1736"},{"taxonomy":"product_tag","embeddable":true,"href":"https:\/\/www.top1social.com\/es\/wp-json\/wp\/v2\/product_tag?post=1736"}],"curies":[{"name":"wp","href":"https:\/\/api.w.org\/{rel}","templated":true}]}}