{"id":1743,"date":"2024-01-21T09:16:36","date_gmt":"2024-01-21T08:16:36","guid":{"rendered":"https:\/\/www.top1social.com\/es\/?post_type=product&#038;p=1743"},"modified":"2024-04-11T12:48:16","modified_gmt":"2024-04-11T10:48:16","slug":"comprar-seguidores-twitter","status":"publish","type":"product","link":"https:\/\/www.top1social.com\/es\/producto\/comprar-seguidores-twitter\/","title":{"rendered":"Comprar Seguidores Twitter X"},"content":{"rendered":"<h2 style=\"text-align: center;\">Comprar Seguidores Twitter R\u00e1pido y Barato<\/h2>\n<p><strong><span class=\"goog-text-highlight\">Comprar seguidores de Twitter <\/span><\/strong><span class=\"goog-text-highlight\">sirve<\/span><span class=\"goog-text-highlight\">\u00a0para que su cuenta tenga m\u00e1s visibilidad, ya que Twitter es una plataforma competitiva y en constante evoluci\u00f3n en comparaci\u00f3n con otras plataformas de redes sociales.\u00a0<\/span>Twitter es la plataforma de microblogging m\u00e1s popular del mundo.<\/p>\n<p>Por lo general, no es f\u00e1cil <strong>tener muchos seguidores en Twitter<\/strong> porque la audiencia es m\u00e1s independiente; no siguen a nadie f\u00e1cilmente. Los <strong>seguidores de Twitter<\/strong> son importantes porque obtienen el compromiso de su cuenta. Cuanto mayor sea el compromiso que tenga, mejor ser\u00e1 su cuenta.<\/p>\n<p>Para <strong>obtener m\u00e1s seguidores de Twitter<\/strong> de forma org\u00e1nica, debe ofrecer algo \u00fanico o entretenido (o ambos) que la audiencia de Twitter pueda disfrutar.\u00a0Adem\u00e1s, no olvides agregar varios hashtags para que tu tweet sea visible para las personas que no te siguen.\u00a0Tambi\u00e9n puede ejecutar campa\u00f1as publicitarias a trav\u00e9s de anuncios de Twitter.<\/p>\n<div class=\"wpsm_update mobfont90\"><span class=\"label-info\">Oferta<\/span><strong>Consigue aumentar tus Tweets. <a href=\"https:\/\/www.top1social.com\/es\/producto\/comprar-likes-twitter\/\">Comprar Likes de Twitter<\/a><\/strong><\/div>\n<p>La forma m\u00e1s r\u00e1pida de volverse popular en la plataforma es <strong>comprar seguidores de Twitter<\/strong>.\u00a0Como <strong>Top1Social<\/strong>, podemos enviarte una gran cantidad de seguidores reales y activos de todo el mundo.<\/p>\n<p>Si te preguntas c\u00f3mo <strong>comprar seguidores en Twitter<\/strong>, contin\u00faa leyendo.<\/p>\n<h2 id=\"why-should-i-buy-followers-on-twitter\" style=\"text-align: center;\">\u00bfPor qu\u00e9 debo comprar seguidores en Twitter?<\/h2>\n<p><strong>Twitter tiene millones de usuarios<\/strong>, y cada d\u00eda m\u00e1s personas crean nuevas cuentas, lo que lo convierte en uno de los mejores lugares para buscar a sus clientes potenciales.\u00a0Puede construir una relaci\u00f3n transparente con sus clientes a trav\u00e9s de <a href=\"https:\/\/www.top1social.com\/es\/categoria-producto\/twitter\/\"><strong>Twitter<\/strong><\/a>.\u00a0Otras personas pueden ver lo que est\u00e1s twitteando a tus clientes, por lo que si logras una relaci\u00f3n positiva, puede incluso impulsar la reputaci\u00f3n de tu marca.<\/p>\n<p><strong>Twitter es una de las plataformas de redes sociales de m\u00e1s r\u00e1pido crecimiento.<\/strong>\u00a0En la plataforma, las personas comparten informaci\u00f3n, noticias y mensajes a trav\u00e9s de m\u00e9todos de comunicaci\u00f3n llamados tweets.\u00a0Un tweet es como un mensaje de texto con una limitaci\u00f3n de 140 caracteres.\u00a0Si lo desea, puede agregar im\u00e1genes, videos, encuestas, etc. a su tweet para enriquecerlo.\u00a0Tambi\u00e9n puede agregar hashtags y etiquetar personas.<\/p>\n<h2 id=\"is-it-worth-buying-twitter-followers\" style=\"text-align: center;\">\u00bfVale la pena comprar seguidores en Twitter?<\/h2>\n<p><strong>La respuesta es un enorme s\u00ed.\u00a0<\/strong>Podemos afirmar el hecho f\u00e1cilmente y sin dudarlo.\u00a0<strong>Tu n\u00famero de seguidores s\u00ed importa<\/strong>; al menos, es importante para la mayor\u00eda de las personas. Si no quieres que te vean como alguien con pocos o ning\u00fan seguidor, deber\u00edas considerar <strong>comprar seguidores para Twitter<\/strong>. Esta situaci\u00f3n es un proceso m\u00e1s natural y m\u00e1s lento para que las cuentas aumenten su presencia de forma org\u00e1nica, pero si desea acelerar el proceso un poco m\u00e1s, no hay nada de malo en ello. <strong>\u00a1Compra seguidores de Twitter ahora!<\/strong><\/p>\n<div class=\"wpsm_update mobfont90\"><span class=\"label-info\">Garant\u00eda<\/span>\u00a1Ahora con 5 d\u00edas de Garant\u00eda de Reposici\u00f3n en caso de Ca\u00edda!<\/div>\n<p>Twitter est\u00e1 creciendo y desarroll\u00e1ndose extremadamente r\u00e1pido.\u00a0Una gran mayor\u00eda de las personas que usan las redes sociales est\u00e1n <strong>en Twitter, incluidas empresas, negocios, celebridades, pol\u00edticos y mucho m\u00e1s<\/strong>.\u00a0Obviamente, Twitter tiene una influencia significativa en nuestro mundo.<\/p>\n<ul>\n<li><strong>Pago Totalmente Seguro\u00a0<\/strong><\/li>\n<li><strong>Perfiles Mundiales de Calidad.<\/strong><\/li>\n<li><strong>Soporte las 24 horas.<\/strong><\/li>\n<li><strong>No hay necesidad de seguir a otros.<\/strong><\/li>\n<li><b>Entrega r\u00e9cord en 24-48 hrs.<\/b><\/li>\n<li><strong>Protecci\u00f3n de la Privacidad<\/strong><\/li>\n<li><strong>Nunca Pedimos tu Contrase\u00f1a<\/strong><\/li>\n<li><strong>Servicio Seguro y Profesional<\/strong><\/li>\n<\/ul>\n<p><img decoding=\"async\" class=\"emoji\" role=\"img\" draggable=\"false\" src=\"https:\/\/s.w.org\/images\/core\/emoji\/13.1.0\/svg\/1f3c6.svg\" alt=\"\ud83c\udfc6\" title=\"\"> \u00a1 Nuestros seguidores de Twitter tienen una\u00a0<b>garant\u00eda de recarga de 5 d\u00edas<\/b>\u00a0!<\/p>\n<h2 id=\"how-to-get-followers-on-twitter-organically\" style=\"text-align: center;\">C\u00f3mo Conseguir Seguidores en Twitter de forma org\u00e1nica<\/h2>\n<p>No es f\u00e1cil <strong>ser popular en Twitter<\/strong> y aumentar el n\u00famero de seguidores por m\u00e9todos naturales.\u00a0Pero a\u00fan as\u00ed te daremos algunos consejos para esto:<\/p>\n<ul>\n<li>Sea atractivo.<\/li>\n<li><strong>No descuides a tus seguidores.<\/strong><\/li>\n<li>Sigue a personas populares en Twitter.<\/li>\n<li>Dar mensajes sociales sobre temas de actualidad.<\/li>\n<li><strong>Retwittear tweets de calidad.<\/strong><\/li>\n<li>Responde a tus menciones.<\/li>\n<li><strong>Usa hashtags.<\/strong><\/li>\n<li>Responde a los mensajes que te env\u00edan.<\/li>\n<li>Agregue fotos y videos v\u00e1lidos a sus recursos compartidos.<\/li>\n<li>Comparte contenido de calidad.<\/li>\n<li>El dise\u00f1o de su cuenta de perfil debe ser impresionante.<\/li>\n<li>Comparte enlaces en tu contenido.<\/li>\n<\/ul>\n<h2 style=\"text-align: center;\"><span class=\"\">\u00bfPor qu\u00e9 deber\u00edas comprar seguidores de Twitter?<\/span><\/h2>\n<p>Las tres razones principales por las que las personas <strong>compran seguidores en Twitter son<\/strong>:<\/p>\n<ul>\n<li aria-level=\"1\"><strong>Mejor reputaci\u00f3n<\/strong>: con m\u00e1s seguidores obtienes inmediatamente m\u00e1s <strong>credibilidad<\/strong>.\u00a0Twitter tiene que ver con la reputaci\u00f3n y la autoridad, por lo que las <strong>cuentas con m\u00e1s seguidores son mucho m\u00e1s cre\u00edbles.<\/strong><\/li>\n<li aria-level=\"1\"><strong>Ahorre tiempo y crezca m\u00e1s r\u00e1pido<\/strong>: puede llevar mucho tiempo crecer org\u00e1nicamente y esperar que las personas comiencen a notarlo.\u00a0<strong>Cuando compras seguidores de Twitter, te ayuda a aumentar tu presencia y prueba social.\u00a0<\/strong><\/li>\n<li aria-level=\"1\"><strong>M\u00e1s interacci\u00f3n<\/strong>: cuando <strong>compras seguidores reales de twitter<\/strong>, tu contenido ser\u00e1 visto por m\u00e1s personas y aumentas tu alcance.\u00a0<span class=\"\">Cuantas m\u00e1s personas vean sus tweets, es m\u00e1s probable que les guste, retuitee o compartan su contenido.\u00a0<\/span>Esto asegurar\u00e1 que obtengas m\u00e1s y m\u00e1s <strong>seguidores org\u00e1nicos en Twitter.<\/strong><\/li>\n<\/ul>\n<h2 style=\"text-align: center;\">\u00bfC\u00f3mo conseguir m\u00e1s seguidores en Twitter?<\/h2>\n<p>Adem\u00e1s de <strong>comprar seguidores para Twitter<\/strong>, puedes hacer estas 2 cosas para obtener seguidores m\u00e1s r\u00e1pido:<\/p>\n<ol>\n<li><strong>Usa Hashtags<\/strong>: la mayor\u00eda de los <strong>trending topics siempre se combinan con un hashtag<\/strong>.\u00a0Al <strong>usar hashtags relevantes en tus tweets, aumentas enormemente tu alcance y la posibilidad de ser visto<\/strong>.\u00a0La gente suele buscar por hashtags y el algoritmo de Twitter muestra tweets con regularidad seg\u00fan los intereses de los usuarios.<\/li>\n<li><strong>Publicaciones promocionadas<\/strong>: al igual que en otras plataformas de redes sociales, puede usar anuncios para hacer crecer su cuenta.\u00a0<strong>La mayor\u00eda de las empresas e influencers usan esto.<\/strong>\u00a0Esta es una forma m\u00e1s costosa pero efectiva de llamar la atenci\u00f3n de su grupo objetivo.<\/li>\n<\/ol>\n<p>&nbsp;<\/p>\n<h2 id=\"how-to-buy-twitter-followers\" style=\"text-align: center;\">C\u00f3mo comprar seguidores de Twitter<\/h2>\n<p>Ahora que sabes de qu\u00e9 se trata este servicio, si tu opci\u00f3n es <strong>comprar seguidores de Twitter<\/strong> a bajo precio, sigue esta gu\u00eda paso a paso:<\/p>\n<ol>\n<li>Primero, debe <strong>elegir entre nuestros paquetes<\/strong>.<\/li>\n<li>Ingrese su nombre de usuario de Twitter en el cuadro.<\/li>\n<li>En el siguiente cuadro, ingrese cu\u00e1ntos seguidores desea recibir para su cuenta.<\/li>\n<li>A medida que ingresa la cantidad de seguidores que desea obtener, el costo total de su compra cambiar\u00e1 en consecuencia, aseg\u00farese de que el precio y la cantidad de seguidores sean correctos.<\/li>\n<li>Una vez que decida cu\u00e1nto quiere pagar, puede pulsar en &#8216;Agregar al carrito&#8217; o &#8216;Comprar ahora&#8217; para continuar con su compra.<\/li>\n<li><strong>Finaliza el proceso de pago.<\/strong><\/li>\n<\/ol>\n<h2 style=\"text-align: center;\" data-sourcepos=\"1:1-1:103\"><strong>Beneficios de Comprar Seguidores de Twitter<\/strong><\/h2>\n<p data-sourcepos=\"7:1-7:150\"><strong>Comprar Seguidores de Twitter<\/strong> puede tener una serie de beneficios para las empresas y creadores de contenido, entre los que se incluyen:<\/p>\n<p data-sourcepos=\"9:1-9:32\"><strong>Mayor visibilidad y alcance:<\/strong><\/p>\n<p data-sourcepos=\"11:1-11:218\">A medida que una cuenta tiene m\u00e1s seguidores, su contenido se vuelve m\u00e1s visible para un p\u00fablico m\u00e1s amplio. Esto puede ayudar a las empresas y creadores de contenido a alcanzar a m\u00e1s clientes potenciales o seguidores.<\/p>\n<p data-sourcepos=\"13:1-13:22\"><strong>M\u00e1s interacciones:<\/strong><\/p>\n<p data-sourcepos=\"15:1-15:211\">Los seguidores suelen participar en los tweets de las cuentas que siguen interactuando con ellos a trav\u00e9s de comentarios, reacciones y me gusta. Esto puede ayudar a crear una comunidad m\u00e1s s\u00f3lida y comprometida.<\/p>\n<p data-sourcepos=\"17:1-17:33\"><strong>M\u00e1s oportunidades de negocio:<\/strong><\/p>\n<p data-sourcepos=\"19:1-19:242\">Las empresas y creadores de contenido con una gran audiencia en Twitter pueden aprovecharla para generar oportunidades de negocio, como la venta de productos o servicios, la promoci\u00f3n de marcas o la colaboraci\u00f3n con otros usuarios o empresas.<\/p>\n<h2 style=\"text-align: center;\">\u00a1Comencemos y Crezcamos Juntos!<\/h2>\n<div class=\"Intro\">\n<p><span class=\"\">Una de las cosas que nos hace \u00fanicos de nuestros competidores es la forma y la estrategia que seguimos para proceder con el pedido o proyecto. <\/span>No importa el negocio o la cuenta que tenga, ya sea una cuenta personal, organizaci\u00f3n peque\u00f1a o una gran empresa, <strong>Top1Social le ofrece diferentes paquetes variados<\/strong>, lo que facilita que todos seleccionen cualquiera de ellos seg\u00fan sus necesidades y requisitos.<\/p>\n<\/div>\n","protected":false},"excerpt":{"rendered":"<p>Consigue\u00a0<strong>Seguidores REALES para Twitter<\/strong><img decoding=\"async\" class=\"emoji alignnone\" role=\"img\" draggable=\"false\" src=\"https:\/\/s.w.org\/images\/core\/emoji\/13.1.0\/svg\/1f465.svg\" alt=\"\ud83d\udc65 Comprar Seguidores Twitter\" width=\"150\" height=\"150\" \/><\/p>\n<p><strong><b>\u00a1No te pierdas nuestras ofertas!\u00a0<\/b><img decoding=\"async\" class=\"emoji alignnone\" role=\"img\" draggable=\"false\" src=\"https:\/\/s.w.org\/images\/core\/emoji\/13.1.0\/svg\/1f4c8.svg\" alt=\"\ud83d\udcc8 Comprar Seguidores Twitter\" width=\"150\" height=\"150\" \/><\/strong><\/p>\n<p><strong>Mejor Precio del Mercado \ud83d\udd25<\/strong><\/p>\n<div class=\"pr_excerpt f_300 f_size_15\">\n<h5><b><img decoding=\"async\" class=\"emoji\" role=\"img\" draggable=\"false\" src=\"https:\/\/s.w.org\/images\/core\/emoji\/13.1.0\/svg\/2705.svg\" alt=\"\u2705\" \/><\/b> Cuentas REALES de Twitter<\/h5>\n<h5><b><img decoding=\"async\" class=\"emoji\" role=\"img\" draggable=\"false\" src=\"https:\/\/s.w.org\/images\/core\/emoji\/13.1.0\/svg\/2705.svg\" alt=\"\u2705\" \/><\/b> Seguidores con 5 d\u00edas de Garant\u00eda<\/h5>\n<h5><b><img decoding=\"async\" class=\"emoji\" role=\"img\" draggable=\"false\" src=\"https:\/\/s.w.org\/images\/core\/emoji\/13.1.0\/svg\/2705.svg\" alt=\"\u2705\" \/><\/b>\u00a0Soporte en Espa\u00f1ol 24\/7<\/h5>\n<h5><b><img decoding=\"async\" class=\"emoji\" role=\"img\" draggable=\"false\" src=\"https:\/\/s.w.org\/images\/core\/emoji\/13.1.0\/svg\/2705.svg\" alt=\"\u2705\" \/><\/b>\u00a0Entrega R\u00c1PIDA Y NATURAL<\/h5>\n<h6 class=\"LC20lb DKV0Md\"><img decoding=\"async\" class=\"emoji\" role=\"img\" draggable=\"false\" src=\"https:\/\/s.w.org\/images\/core\/emoji\/13.1.0\/svg\/1f44c.svg\" alt=\"\ud83d\udc4c\" \/>\u00a0PAGO \u00daNICO, CON GARANT\u00cdA INCLUIDA<\/h6>\n<\/div>\n","protected":false},"featured_media":1745,"comment_status":"open","ping_status":"closed","template":"","meta":{"bwfblock_default_font":"","_gspb_post_css":""},"store":[261],"product_brand":[],"product_cat":[150],"product_tag":[467,493],"class_list":{"0":"post-1743","1":"product","2":"type-product","3":"status-publish","4":"has-post-thumbnail","6":"store-twitter","7":"product_cat-twitter","8":"product_tag-comprar-seguidores-de-twitter","9":"product_tag-comprar-seguidores-twitter","10":"wcpa_has_options","12":"first","13":"instock","14":"sale","15":"taxable","16":"shipping-taxable","17":"purchasable","18":"product-type-variable"},"_links":{"self":[{"href":"https:\/\/www.top1social.com\/es\/wp-json\/wp\/v2\/product\/1743","targetHints":{"allow":["GET"]}}],"collection":[{"href":"https:\/\/www.top1social.com\/es\/wp-json\/wp\/v2\/product"}],"about":[{"href":"https:\/\/www.top1social.com\/es\/wp-json\/wp\/v2\/types\/product"}],"replies":[{"embeddable":true,"href":"https:\/\/www.top1social.com\/es\/wp-json\/wp\/v2\/comments?post=1743"}],"wp:featuredmedia":[{"embeddable":true,"href":"https:\/\/www.top1social.com\/es\/wp-json\/wp\/v2\/media\/1745"}],"wp:attachment":[{"href":"https:\/\/www.top1social.com\/es\/wp-json\/wp\/v2\/media?parent=1743"}],"wp:term":[{"taxonomy":"store","embeddable":true,"href":"https:\/\/www.top1social.com\/es\/wp-json\/wp\/v2\/store?post=1743"},{"taxonomy":"product_brand","embeddable":true,"href":"https:\/\/www.top1social.com\/es\/wp-json\/wp\/v2\/product_brand?post=1743"},{"taxonomy":"product_cat","embeddable":true,"href":"https:\/\/www.top1social.com\/es\/wp-json\/wp\/v2\/product_cat?post=1743"},{"taxonomy":"product_tag","embeddable":true,"href":"https:\/\/www.top1social.com\/es\/wp-json\/wp\/v2\/product_tag?post=1743"}],"curies":[{"name":"wp","href":"https:\/\/api.w.org\/{rel}","templated":true}]}}