{"id":1931,"date":"2024-01-16T05:16:30","date_gmt":"2024-01-16T04:16:30","guid":{"rendered":"https:\/\/www.top1social.com\/es\/?post_type=product&#038;p=1931"},"modified":"2025-10-26T07:50:39","modified_gmt":"2025-10-26T06:50:39","slug":"comprar-reproducciones-spotify","status":"publish","type":"product","link":"https:\/\/www.top1social.com\/es\/producto\/comprar-reproducciones-spotify\/","title":{"rendered":"Comprar Reproducciones Spotify"},"content":{"rendered":"<h2 style=\"text-align: center;\">\u00bfQu\u00e9 son las Reproducciones de Spotify?<\/h2>\n<p>\u00a1<strong>Comprar reproducciones de Spotify<\/strong> le ayudara a conseguir el Top1! <strong>Spotify es la plataforma de Streaming de m\u00fasica<\/strong> de alta calidad m\u00e1s importante del Mundo. A partir de 2021, <strong>Spotify es el mayor servicio de streaming de m\u00fasica<\/strong> por suscripci\u00f3n del mundo, con 96 millones de suscriptores y 170 millones de usuarios.<\/p>\n<p>Si eres m\u00fasico,<strong> Spotify te permite compartir tus canciones con tus fans y aumentar tu popularidad<\/strong> en la industria musical.<\/p>\n<p>Spotify es un lugar en el que tanto los m\u00fasicos extremadamente populares como los nuevos suben su m\u00fasica y llegan a <strong>millones de personas en l\u00ednea<\/strong>. Si tu m\u00fasica es de alta calidad, con un poco de suerte, factor estrella y un poco de impulso de nuestros servicios,<strong> tus canciones podr\u00edan convertirse en \u00e9xitos con millones de reproducciones<\/strong>. Todav\u00eda puedes tener \u00e9xito en Spotify sin nuestros productos, pero tienes que trabajar duro y necesitas tener suerte; sin embargo, esto podr\u00eda no ser suficiente porque la competencia se est\u00e1 volviendo demasiado dura.<\/p>\n<p>Nuestro servicio de \u00ab<strong>Visitas o Reproducciones de Spotify<\/strong>\u00bb es un servicio para alcanzar el nivel de popularidad que deseas. <strong>Impulsa tus canciones individualmente y tu perfil como artista.<\/strong> Tambi\u00e9n te ayuda a hacer crecer tu base de fans. Si quieres saber m\u00e1s sobre este fant\u00e1stico producto, sigue leyendo.<\/p>\n<h2 style=\"text-align: center;\">\u00bfPor qu\u00e9 deber\u00edas Comprar Reproducciones de Spotify?<\/h2>\n<p>Muchos artistas como t\u00fa se esfuerzan por<strong> conseguir el mismo objetivo: crecer como artista.<\/strong> Por eso ahora es bastante dif\u00edcil aumentar tu popularidad en Internet. Tambi\u00e9n debes tener en cuenta que mucha gente es reacia a mostrar su amor por los artistas reci\u00e9n llegados y sus canciones. La parte buena es que <strong>el algoritmo de Spotify hace coincidir tus canciones con su posible p\u00fablico.<\/strong><\/p>\n<p>Hay <strong>listas de reproducci\u00f3n generadas autom\u00e1ticamente en torno a un g\u00e9nero musical que <a href=\"https:\/\/www.top1social.com\/es\/categoria-producto\/spotify\/\">Spotify<\/a> sugiere a las personas con los mismos gustos musicales.<\/strong> Adem\u00e1s, hay listas de reproducci\u00f3n exclusivas de \u00ab<strong>descubrimiento semanal<\/strong>\u00bb creadas por el algoritmo de Spotify cada semana mediante c\u00e1lculos y estimaciones sobre los gustos musicales de los oyentes.<\/p>\n<p>Digamos que haces m\u00fasica del g\u00e9nero indie. Spotify puede sugerir tus canciones a las personas que escuchan indie todo el tiempo. Adem\u00e1s, si tu g\u00e9nero y estilo musical en general son similares a los de otros artistas, t\u00fa o tu grupo pod\u00e9is <strong>aparecer en las p\u00e1ginas de perfil de otros m\u00fasicos en la pesta\u00f1a Artistas similares.<\/strong><\/p>\n<p>A la gente le gusta una canci\u00f3n s\u00f3lo porque ya es escuchada y le gusta mucho a otras personas. <strong>Comprar Reproducciones de Spotify hace que tus canciones parezcan tendencia<\/strong>, y cuando la gente se d\u00e9 cuenta de que a mucha gente le gusta lo que haces, pensar\u00e1 que tu m\u00fasica es algo espectacular y se har\u00e1 fan de ti, incluso antes de escucharla. Es bueno para la promoci\u00f3n de tu cuenta. De esta manera, puedes <strong>ganar muchos oyentes org\u00e1nicos<\/strong>.<\/p>\n<h3 style=\"text-align: center;\"><a class=\"product-feature\"><strong class=\"h3\">\u00bfCOMPRAR REPRODUCCIONES DE SPOTIFY?<\/strong><\/a><\/h3>\n<p>Si desea impulsar su perfil de Spotify, <strong>comprar de reproducciones en\u00a0<\/strong><b>Spotify<\/b>\u00a0lo har\u00e1 posible. <span class=\"\">De esta manera, puede hacer que su contenido sea escuchado por muchas audiencias y obtener nuevas reproducciones org\u00e1nicas.<\/span><\/p>\n<p><strong>La compra de reproducciones<\/strong> es un servicio muy importante para la poder conseguir <strong>m\u00e1s seguidores en Spotify y empezar a crecer como artista. <\/strong>Este servicio, te permitir\u00e1 escalar a los primeros puestos de popularidad y conseguir liderar los puestos destacados de la plataforma.<\/p>\n<p>Tambi\u00e9n es importante contar con la <a href=\"https:\/\/www.top1social.com\/es\/producto\/comprar-seguidores-spotify\/\"><strong>compra de seguidores en Spotify<\/strong><\/a> que te ofrecer\u00e1 un mayor alcance y visibilidad en la plataforma de Streaming de m\u00fasica. Muchos otros usuarios van a llegar a conocer tu cuenta, y no solamente del pa\u00eds en el que te encuentras, tambi\u00e9n recibir\u00e1s tr\u00e1fico web de otras partes del mundo. Esto, a su vez, trae m\u00e1s seguidores e interacciones.<\/p>\n<h2 id=\"how-to-buy-spotify-plays\" style=\"text-align: center;\">C\u00f3mo comprar reproducciones de Spotify<\/h2>\n<ol>\n<li><strong>Abre Spotify y ve a tu perfil de artista.<\/strong>\u00a0Desde all\u00ed, elija la canci\u00f3n que desea y copie su URL.<\/li>\n<li>Regrese a <strong>Top1Social<\/strong> y pegue el enlace que copi\u00f3 en el cuadro dado.<\/li>\n<li>S<strong>eleccione el n\u00famero de Reproducciones<\/strong> que le gustar\u00eda comprar.<\/li>\n<li>El precio ser\u00e1 visible despu\u00e9s de ingresar el <strong>n\u00famero de Reproducciones.<\/strong><\/li>\n<li>Vaya a la p\u00e1gina de pago presionando los botones \u00abAgregar al carrito\u00bb o \u00abComprar ahora\u00bb.<\/li>\n<li>Termina el <strong>proceso de pago de forma segura<\/strong> con su Tarjeta de Cr\u00e9dito o D\u00e9bito y ahora\u00a0tambi\u00e9n\u00a0con Bizum.<\/li>\n<li>\u00a1Disfrutar!<\/li>\n<\/ol>\n<h2 id=\"l-8217-achat-de-streaming-va-t-il-booster-ma-popularit-sur-spotify-\" style=\"text-align: center;\">\u00bfComprar Reproducciones aumentar\u00e1 mi popularidad en Spotify?<\/h2>\n<p><strong>Comprar Reproducciones de Spotify<\/strong> es una soluci\u00f3n accesible, r\u00e1pida y especialmente eficaz para <strong>aumentar considerablemente la popularidad de tu p\u00e1gina o tu perfil<\/strong>. De hecho, esta estrategia le permitir\u00e1 <strong>utilizar el algoritmo de Spotify a su favor<\/strong> mientras despierta la curiosidad de una gran audiencia.\u00a0En resumen, \u00a1esta soluci\u00f3n es simple, r\u00e1pida y extremadamente efectiva!<\/p>\n<p>Como artista, si tu p\u00e1gina y tu m\u00fasica no cuentan suficientes reproducciones, muchas veces te ser\u00e1 muy dif\u00edcil adquirir tus primeras reproducciones y as\u00ed promover un efecto \u00abbola de nieve\u00bb, sea cual sea tu perfil (al menos, si no eres ya un artista popular y de alto perfil).<\/p>\n<h2 style=\"text-align: center;\"><strong>Los Beneficios de Comprar Reproducciones en Spotify<\/strong><\/h2>\n<p><strong>Mayor Reconocimiento Art\u00edstico:<\/strong><\/p>\n<ul>\n<li>Cada reproducci\u00f3n es una invitaci\u00f3n a un oyente para descubrir tu m\u00fasica, ampliando as\u00ed tu alcance y contribuyendo a un mayor reconocimiento art\u00edstico dentro de la comunidad musical.<\/li>\n<\/ul>\n<p><strong>Amplificaci\u00f3n de la Visibilidad:<\/strong><\/p>\n<ul>\n<li>A medida que las reproducciones aumentan, tus canciones se vuelven m\u00e1s propensas a ser recomendadas en algoritmos de Spotify, lo que mejora su visibilidad y las coloca frente a nuevos p\u00fablicos.<\/li>\n<\/ul>\n<p><strong>Oportunidades de Descubrimiento Autom\u00e1tico:<\/strong><\/p>\n<ul>\n<li>M\u00e1s reproducciones aumentan las posibilidades de que tus canciones aparezcan en listas de reproducci\u00f3n curadas y algoritmos de descubrimiento autom\u00e1tico, abriendo oportunidades para que nuevos oyentes te encuentren.<\/li>\n<\/ul>\n<p><strong>Fortalecimiento de la Presencia en Listas de \u00c9xitos:<\/strong><\/p>\n<ul>\n<li>Reproducciones constantes pueden posicionar tus canciones en listas de \u00e9xitos, proporcionando una exposici\u00f3n adicional y generando un ciclo positivo de reproducciones.<\/li>\n<\/ul>\n<p><strong>Aumento de la Popularidad en Redes Sociales:<\/strong><\/p>\n<ul>\n<li>Un aumento en las reproducciones en Spotify puede tener un impacto positivo en tus perfiles de redes sociales, atrayendo la atenci\u00f3n de seguidores y fortaleciendo tu presencia en l\u00ednea.<\/li>\n<\/ul>\n<p><strong>Mayor Atractivo para Colaboraciones:<\/strong><\/p>\n<ul>\n<li>Con m\u00e1s reproducciones, aumenta tu atractivo como colaborador, abriendo puertas para colaboraciones emocionantes y oportunidades de trabajar con otros artistas.<\/li>\n<\/ul>\n<p><strong>Retroalimentaci\u00f3n Positiva de los Fans:<\/strong><\/p>\n<ul>\n<li>Un mayor n\u00famero de reproducciones a menudo va acompa\u00f1ado de una respuesta positiva de los fans, generando una comunidad m\u00e1s activa y comprometida en torno a tu m\u00fasica.<\/li>\n<\/ul>\n<p><strong>Impacto Positivo en la Carrera Musical:<\/strong><\/p>\n<ul>\n<li>Las reproducciones crecientes son un indicador del impacto positivo que tu m\u00fasica est\u00e1 teniendo en la audiencia, impulsando as\u00ed tu carrera musical hacia nuevas alturas.<\/li>\n<\/ul>\n","protected":false},"excerpt":{"rendered":"<p>Consigue\u00a0<strong>Reproducciones para Spotify<\/strong><img decoding=\"async\" class=\"emoji entered lazyloaded alignnone\" role=\"img\" draggable=\"false\" src=\"https:\/\/s.w.org\/images\/core\/emoji\/13.1.0\/svg\/1f465.svg\" alt=\"\ud83d\udc65 Comprar Reproducciones Spotify\" width=\"150\" height=\"150\" data-lazy-src=\"https:\/\/s.w.org\/images\/core\/emoji\/13.1.0\/svg\/1f465.svg\" data-ll-status=\"loaded\" \/><\/p>\n<p><strong><b>\u00a1No te pierdas nuestras ofertas!\u00a0<\/b><img decoding=\"async\" class=\"emoji entered lazyloaded alignnone\" role=\"img\" draggable=\"false\" src=\"https:\/\/s.w.org\/images\/core\/emoji\/13.1.0\/svg\/1f4c8.svg\" alt=\"\ud83d\udcc8 Comprar Reproducciones Spotify\" width=\"150\" height=\"150\" data-lazy-src=\"https:\/\/s.w.org\/images\/core\/emoji\/13.1.0\/svg\/1f4c8.svg\" data-ll-status=\"loaded\" \/><\/strong><\/p>\n<p><strong>Ahora El Mejor Precio del Mercado<\/strong>\u00a0<b><img decoding=\"async\" class=\"emoji entered lazyloaded\" role=\"img\" draggable=\"false\" src=\"https:\/\/s.w.org\/images\/core\/emoji\/14.0.0\/svg\/1f525.svg\" alt=\"\ud83d\udd25\" data-lazy-src=\"https:\/\/s.w.org\/images\/core\/emoji\/14.0.0\/svg\/1f525.svg\" data-ll-status=\"loaded\" \/><\/b><\/p>\n<div class=\"pr_excerpt f_300 f_size_15\">\n<h5><b><img decoding=\"async\" class=\"emoji entered lazyloaded\" role=\"img\" draggable=\"false\" src=\"https:\/\/s.w.org\/images\/core\/emoji\/13.1.0\/svg\/2705.svg\" alt=\"\u2705\" data-lazy-src=\"https:\/\/s.w.org\/images\/core\/emoji\/13.1.0\/svg\/2705.svg\" data-ll-status=\"loaded\" \/><\/b> Sube tu cuenta de Spotify y hazte viral<\/h5>\n<h5><b><img decoding=\"async\" class=\"emoji entered lazyloaded\" role=\"img\" draggable=\"false\" src=\"https:\/\/s.w.org\/images\/core\/emoji\/13.1.0\/svg\/2705.svg\" alt=\"\u2705\" data-lazy-src=\"https:\/\/s.w.org\/images\/core\/emoji\/13.1.0\/svg\/2705.svg\" data-ll-status=\"loaded\" \/><\/b> Reproducciones de Spotify (30 d\u00edas de Garant\u00eda)<\/h5>\n<h5><b><img decoding=\"async\" class=\"emoji entered lazyloaded\" role=\"img\" draggable=\"false\" src=\"https:\/\/s.w.org\/images\/core\/emoji\/13.1.0\/svg\/2705.svg\" alt=\"\u2705\" data-lazy-src=\"https:\/\/s.w.org\/images\/core\/emoji\/13.1.0\/svg\/2705.svg\" data-ll-status=\"loaded\" \/><\/b>\u00a0Soporte en Espa\u00f1ol 24\/7<\/h5>\n<h5><b><img decoding=\"async\" class=\"emoji entered lazyloaded\" role=\"img\" draggable=\"false\" src=\"https:\/\/s.w.org\/images\/core\/emoji\/13.1.0\/svg\/2705.svg\" alt=\"\u2705\" data-lazy-src=\"https:\/\/s.w.org\/images\/core\/emoji\/13.1.0\/svg\/2705.svg\" data-ll-status=\"loaded\" \/><\/b>\u00a0Entrega R\u00c1PIDA Y NATURAL<\/h5>\n<h6 class=\"LC20lb DKV0Md\"><img decoding=\"async\" class=\"emoji entered lazyloaded\" role=\"img\" draggable=\"false\" src=\"https:\/\/s.w.org\/images\/core\/emoji\/13.1.0\/svg\/1f44c.svg\" alt=\"\ud83d\udc4c\" data-lazy-src=\"https:\/\/s.w.org\/images\/core\/emoji\/13.1.0\/svg\/1f44c.svg\" data-ll-status=\"loaded\" \/>\u00a0PAGO \u00daNICO, CON GARANT\u00cdA INCLUIDA<\/h6>\n<\/div>\n","protected":false},"featured_media":1933,"comment_status":"open","ping_status":"closed","template":"","meta":{"bwfblock_default_font":"","_gspb_post_css":""},"store":[281],"product_brand":[],"product_cat":[152],"product_tag":[290],"class_list":{"0":"post-1931","1":"product","2":"type-product","3":"status-publish","4":"has-post-thumbnail","6":"store-spotify","7":"product_cat-spotify","8":"product_tag-comprar-reproducciones-spotify","9":"wcpa_has_options","11":"first","12":"instock","13":"sale","14":"taxable","15":"shipping-taxable","16":"purchasable","17":"product-type-variable"},"_links":{"self":[{"href":"https:\/\/www.top1social.com\/es\/wp-json\/wp\/v2\/product\/1931","targetHints":{"allow":["GET"]}}],"collection":[{"href":"https:\/\/www.top1social.com\/es\/wp-json\/wp\/v2\/product"}],"about":[{"href":"https:\/\/www.top1social.com\/es\/wp-json\/wp\/v2\/types\/product"}],"replies":[{"embeddable":true,"href":"https:\/\/www.top1social.com\/es\/wp-json\/wp\/v2\/comments?post=1931"}],"wp:featuredmedia":[{"embeddable":true,"href":"https:\/\/www.top1social.com\/es\/wp-json\/wp\/v2\/media\/1933"}],"wp:attachment":[{"href":"https:\/\/www.top1social.com\/es\/wp-json\/wp\/v2\/media?parent=1931"}],"wp:term":[{"taxonomy":"store","embeddable":true,"href":"https:\/\/www.top1social.com\/es\/wp-json\/wp\/v2\/store?post=1931"},{"taxonomy":"product_brand","embeddable":true,"href":"https:\/\/www.top1social.com\/es\/wp-json\/wp\/v2\/product_brand?post=1931"},{"taxonomy":"product_cat","embeddable":true,"href":"https:\/\/www.top1social.com\/es\/wp-json\/wp\/v2\/product_cat?post=1931"},{"taxonomy":"product_tag","embeddable":true,"href":"https:\/\/www.top1social.com\/es\/wp-json\/wp\/v2\/product_tag?post=1931"}],"curies":[{"name":"wp","href":"https:\/\/api.w.org\/{rel}","templated":true}]}}