{"id":2055,"date":"2025-01-23T11:11:55","date_gmt":"2025-01-23T10:11:55","guid":{"rendered":"https:\/\/www.top1social.com\/es\/?post_type=product&#038;p=2055"},"modified":"2025-05-23T03:22:54","modified_gmt":"2025-05-23T01:22:54","slug":"comprar-visitas-youtube","status":"publish","type":"product","link":"https:\/\/www.top1social.com\/es\/producto\/comprar-visitas-youtube\/","title":{"rendered":"Comprar Visitas YouTube"},"content":{"rendered":"<h2 style=\"text-align: center;\">\ud83c\udfa5 Comprar Visitas YouTube con Top1Social<\/h2>\n<p>\u00a1Lleva tu canal al siguiente nivel con <strong>Top1Social<\/strong>! Ahora puedes <strong>Comprar Visitas YouTube<\/strong> y destacar en la red social de v\u00eddeos m\u00e1s grande del mundo. Cuando navegas por YouTube, \u00bfen qu\u00e9 contenido sueles hacer clic? Seguramente eliges los <strong>v\u00eddeos con m\u00e1s visitas<\/strong>, \u00bfverdad? \ud83e\udd14<\/p>\n<p>El n\u00famero de visitas no solo atrae a m\u00e1s espectadores, sino que tambi\u00e9n influye en c\u00f3mo YouTube promueve tu contenido.<\/p>\n<p>Si est\u00e1s luchando para conseguir las visualizaciones que necesitas, no te preocupes. Con <strong>Top1Social<\/strong>, puedes cambiar eso hoy mismo. \u00a1Descubre c\u00f3mo <a href=\"https:\/\/www.top1social.com\/es\/producto\/comprar-visitas-youtube\/\"><strong>comprar visitas YouTube<\/strong><\/a> puede transformar tu canal! \ud83c\udf1f<\/p>\n<h2 style=\"text-align: center;\">\ud83c\udf1f Oferta Especial: Consigue Suscriptores de YouTube<\/h2>\n<p style=\"text-align: center;\"><div class=\"wpsm_update mobfont90\"><span class=\"label-info\">Oferta<\/span><strong>Consigue Ahora de Promoci\u00f3n Nuestro Servicio para <a href=\"https:\/\/www.top1social.com\/es\/producto\/comprar-suscriptores-youtube\/\">Comprar Suscriptores de Youtube<\/a>.<\/strong><\/div><\/p>\n<h2 style=\"text-align: center;\">\ud83d\udcc8 Beneficios de Comprar Visitas YouTube<\/h2>\n<h3>\ud83c\udf0d <strong>Aumento de Tr\u00e1fico Org\u00e1nico<\/strong><\/h3>\n<p>Comprar visitas en YouTube no solo aumenta los n\u00fameros en tus v\u00eddeos, sino que tambi\u00e9n impulsa el <strong>tr\u00e1fico org\u00e1nico<\/strong>. Al ver un v\u00eddeo con muchas visitas, otros usuarios sentir\u00e1n curiosidad y har\u00e1n clic para verlo. Si tu contenido es de calidad, \u00a1puedes ganar suscriptores y fans leales!<\/p>\n<h3>\u26a1 <strong>Visibilidad Instant\u00e1nea<\/strong><\/h3>\n<p>\u00a1Obt\u00e9n resultados r\u00e1pidos! Al incrementar las visitas, tus v\u00eddeos ser\u00e1n m\u00e1s atractivos para el <strong>algoritmo de YouTube<\/strong>, aumentando tus posibilidades de ser recomendado en <a href=\"https:\/\/www.youtube.com\/feed\/trending\" target=\"_blank\" rel=\"noopener\">Trending<\/a>. Esto significa m\u00e1s visualizaciones y una mayor presencia en la plataforma.<\/p>\n<h2 style=\"text-align: center;\">\ud83c\udfaf \u00bfPor Qu\u00e9 Elegir Top1Social?<\/h2>\n<h3>\u2705 Calidad y Seguridad Garantizadas<\/h3>\n<p>Ahora que sabes que es seguro y legal <strong>comprar productos de <a href=\"https:\/\/www.top1social.com\/es\/categoria-producto\/youtube\/\">YouTube<\/a><\/strong>, hablemos de cu\u00e1les son los <strong>beneficios de comprar visitas YouTube<\/strong>. Estos beneficios incluyen:<\/p>\n<ul>\n<li><strong>Pago Totalmente Seguro<\/strong> \ud83d\udcb3<\/li>\n<li><strong>Visitas Mundiales Reales y de Calidad<\/strong> \ud83c\udf0d<\/li>\n<li><strong>Entrega Natural y Org\u00e1nica<\/strong> \u23f3<\/li>\n<li><strong>100% Satisfacci\u00f3n de Nuestros Clientes<\/strong> \ud83d\ude0a<\/li>\n<li><strong>Soporte 24 horas del d\u00eda<\/strong> \ud83d\udd52<\/li>\n<li><strong>No se requiere contrase\u00f1a<\/strong> \ud83d\udd11<\/li>\n<li><strong>No hay necesidad de seguir a otros usuarios<\/strong> \ud83d\udeab<\/li>\n<li><strong>Protecci\u00f3n de la Privacidad<\/strong> \ud83d\udd12<\/li>\n<li><strong>Servicio Seguro y Profesional<\/strong> \u2705<\/li>\n<li><strong>Garant\u00eda de Reposici\u00f3n en caso de p\u00e9rdida de 30 d\u00edas<\/strong> \ud83d\udcc5<\/li>\n<\/ul>\n<p>Con <strong>Top1Social<\/strong>, tienes la seguridad de que est\u00e1s eligiendo un servicio profesional y de alta calidad. Nuestro equipo est\u00e1 siempre listo para ayudarte a alcanzar tus metas en YouTube de manera efectiva y segura.<\/p>\n<h2 style=\"text-align: center;\">\u00bfEs seguro Comprar Visitas YouTube?<\/h2>\n<p>Por supuesto. No existe ning\u00fan problema de seguridad que te haga evitar la <strong>compra de visitas de YouTube.<\/strong> YouTube no impide estas actividades a menos que se considere spam. Es un hecho que m\u00e1s de la mitad de estos grandes nombres en YouTube <strong>compran constantemente Visitas, tambi\u00e9n <a href=\"https:\/\/www.top1social.com\/es\/producto\/comprar-suscriptores-youtube\/\">Comprar Suscriptores Youtube<\/a> y <a href=\"https:\/\/www.top1social.com\/es\/producto\/comprar-likes-youtube\/\">Comprar Likes YouTube<\/a><\/strong>.<\/p>\n<p style=\"text-align: center;\"><img decoding=\"async\" class=\"emoji entered lazyloaded\" role=\"img\" draggable=\"false\" src=\"https:\/\/s.w.org\/images\/core\/emoji\/14.0.0\/svg\/2b50.svg\" alt=\"\u2b50\" data-lazy-src=\"https:\/\/s.w.org\/images\/core\/emoji\/14.0.0\/svg\/2b50.svg\" data-ll-status=\"loaded\" data-lazy- title=\"\"><img decoding=\"async\" class=\"emoji entered lazyloaded\" role=\"img\" draggable=\"false\" src=\"https:\/\/s.w.org\/images\/core\/emoji\/14.0.0\/svg\/2b50.svg\" alt=\"\u2b50\" data-lazy-src=\"https:\/\/s.w.org\/images\/core\/emoji\/14.0.0\/svg\/2b50.svg\" data-ll-status=\"loaded\" data-lazy- title=\"\"><img decoding=\"async\" class=\"emoji entered lazyloaded\" role=\"img\" draggable=\"false\" src=\"https:\/\/s.w.org\/images\/core\/emoji\/14.0.0\/svg\/2b50.svg\" alt=\"\u2b50\" data-lazy-src=\"https:\/\/s.w.org\/images\/core\/emoji\/14.0.0\/svg\/2b50.svg\" data-ll-status=\"loaded\" data-lazy- title=\"\"><img decoding=\"async\" class=\"emoji entered lazyloaded\" role=\"img\" draggable=\"false\" src=\"https:\/\/s.w.org\/images\/core\/emoji\/14.0.0\/svg\/2b50.svg\" alt=\"\u2b50\" data-lazy-src=\"https:\/\/s.w.org\/images\/core\/emoji\/14.0.0\/svg\/2b50.svg\" data-ll-status=\"loaded\" data-lazy- title=\"\"><img decoding=\"async\" class=\"emoji entered lazyloaded\" role=\"img\" draggable=\"false\" src=\"https:\/\/s.w.org\/images\/core\/emoji\/14.0.0\/svg\/2b50.svg\" alt=\"\u2b50\" data-lazy-src=\"https:\/\/s.w.org\/images\/core\/emoji\/14.0.0\/svg\/2b50.svg\" data-ll-status=\"loaded\" data-lazy- title=\"\">\u00a0Ofrecemos nuestros Servicios con la\u00a0<b>mejor calidad.\u00a0<\/b><span class=\"\">\u00a1Ofrecemos\u00a0<strong>Visitas de YouTube<\/strong>\u00a0de alta calidad al mejor\u00a0<\/span><b><span class=\"\">precio!<\/span><\/b><\/p>\n<p style=\"text-align: center;\"><img decoding=\"async\" class=\"emoji entered lazyloaded aligncenter\" role=\"img\" draggable=\"false\" src=\"https:\/\/s.w.org\/images\/core\/emoji\/14.0.0\/svg\/1f3c6.svg\" alt=\"\ud83c\udfc6\" data-lazy-src=\"https:\/\/s.w.org\/images\/core\/emoji\/14.0.0\/svg\/1f3c6.svg\" data-ll-status=\"loaded\" data-lazy- title=\"\">\u00a0Todos nuestros productos vienen con una\u00a0<b>garant\u00eda gratuita de 30 d\u00edas<\/b>.<\/p>\n<p style=\"text-align: center;\"><strong>Ahora con un DESCUENTO DE M\u00c1S DEL 50%<\/strong><\/p>\n<p style=\"text-align: left;\"><div class=\"wpsm-testimonial\"><div class=\"wpsm-testimonial-content\"><img decoding=\"async\" class=\"emoji\" role=\"img\" draggable=\"false\" src=\"https:\/\/s.w.org\/images\/core\/emoji\/14.0.0\/svg\/2b50.svg\" alt=\"\u2b50\" title=\"\"><img decoding=\"async\" class=\"emoji\" role=\"img\" draggable=\"false\" src=\"https:\/\/s.w.org\/images\/core\/emoji\/14.0.0\/svg\/2b50.svg\" alt=\"\u2b50\" title=\"\"><img decoding=\"async\" class=\"emoji\" role=\"img\" draggable=\"false\" src=\"https:\/\/s.w.org\/images\/core\/emoji\/14.0.0\/svg\/2b50.svg\" alt=\"\u2b50\" title=\"\"><img decoding=\"async\" class=\"emoji\" role=\"img\" draggable=\"false\" src=\"https:\/\/s.w.org\/images\/core\/emoji\/14.0.0\/svg\/2b50.svg\" alt=\"\u2b50\" title=\"\"><img decoding=\"async\" class=\"emoji\" role=\"img\" draggable=\"false\" src=\"https:\/\/s.w.org\/images\/core\/emoji\/14.0.0\/svg\/2b50.svg\" alt=\"\u2b50\" title=\"\"><\/p>\n<p style=\"text-align: left;\"><strong>Compre Suscriptores para poder monetizar y ya me aprob\u00f3 YouTube. Ahora estoy usando este servicio para posicionar mis videos y estoy creciendo mucho. Muchas gracias!<\/strong><br \/>\n<\/div><div class=\"wpsm-testimonial-author\">Jorge - Influencer<\/div><\/div><\/p>\n<p style=\"text-align: left;\"><div class=\"wpsm-testimonial\"><div class=\"wpsm-testimonial-content\"><img decoding=\"async\" class=\"emoji\" role=\"img\" draggable=\"false\" src=\"https:\/\/s.w.org\/images\/core\/emoji\/14.0.0\/svg\/2b50.svg\" alt=\"\u2b50\" title=\"\"><img decoding=\"async\" class=\"emoji\" role=\"img\" draggable=\"false\" src=\"https:\/\/s.w.org\/images\/core\/emoji\/14.0.0\/svg\/2b50.svg\" alt=\"\u2b50\" title=\"\"><img decoding=\"async\" class=\"emoji\" role=\"img\" draggable=\"false\" src=\"https:\/\/s.w.org\/images\/core\/emoji\/14.0.0\/svg\/2b50.svg\" alt=\"\u2b50\" title=\"\"><img decoding=\"async\" class=\"emoji\" role=\"img\" draggable=\"false\" src=\"https:\/\/s.w.org\/images\/core\/emoji\/14.0.0\/svg\/2b50.svg\" alt=\"\u2b50\" title=\"\"><img decoding=\"async\" class=\"emoji\" role=\"img\" draggable=\"false\" src=\"https:\/\/s.w.org\/images\/core\/emoji\/14.0.0\/svg\/2b50.svg\" alt=\"\u2b50\" title=\"\"><\/p>\n<p style=\"text-align: left;\"><strong>Contacte con Top1Social para ver como pod\u00eda monetizar mi canal de YouTube y me dijeron que a partir de 1000 suscriptores y 4000 horas. Compre un paquete algo m\u00e1s grande y muy contenta, ya tengo mi canal monetizado.<\/strong><br \/>\n<\/div><div class=\"wpsm-testimonial-author\">Jenn- MakeUp<\/div><\/div><\/p>\n<p style=\"text-align: left;\"><div class=\"wpsm-testimonial\"><div class=\"wpsm-testimonial-content\"><img decoding=\"async\" class=\"emoji\" role=\"img\" draggable=\"false\" src=\"https:\/\/s.w.org\/images\/core\/emoji\/14.0.0\/svg\/2b50.svg\" alt=\"\u2b50\" title=\"\"><img decoding=\"async\" class=\"emoji\" role=\"img\" draggable=\"false\" src=\"https:\/\/s.w.org\/images\/core\/emoji\/14.0.0\/svg\/2b50.svg\" alt=\"\u2b50\" title=\"\"><img decoding=\"async\" class=\"emoji\" role=\"img\" draggable=\"false\" src=\"https:\/\/s.w.org\/images\/core\/emoji\/14.0.0\/svg\/2b50.svg\" alt=\"\u2b50\" title=\"\"><img decoding=\"async\" class=\"emoji\" role=\"img\" draggable=\"false\" src=\"https:\/\/s.w.org\/images\/core\/emoji\/14.0.0\/svg\/2b50.svg\" alt=\"\u2b50\" title=\"\"><img decoding=\"async\" class=\"emoji\" role=\"img\" draggable=\"false\" src=\"https:\/\/s.w.org\/images\/core\/emoji\/14.0.0\/svg\/2b50.svg\" alt=\"\u2b50\" title=\"\"><\/p>\n<p style=\"text-align: left;\"><strong>He probado todos vuestros servicios para hacer crecer mi cuenta de Twitch y genial mes a mes. Aqu\u00ed compro visitias que intento llevar a Twitch y genial.<\/strong><br \/>\n<\/div><div class=\"wpsm-testimonial-author\">Lacker - Gamer \/ Twitch<\/div><\/div><\/p>\n<h2 style=\"text-align: center;\">\ud83c\udfa5 Comprar Visitas YouYube: Impulsa tu Canal<\/h2>\n<p>El primer y m\u00e1s directo efecto de comprar visitas es que tus v\u00eddeos parecer\u00e1n m\u00e1s populares. Los usuarios tienden a ver v\u00eddeos que ya son populares. Cuantas m\u00e1s vistas tenga tu v\u00eddeo, m\u00e1s atractivo ser\u00e1 para otros espectadores. Este fen\u00f3meno crea una <strong>reacci\u00f3n en cadena<\/strong>: mientras tu v\u00eddeo es visto, su popularidad aumenta, y mientras su popularidad aumenta, ser\u00e1 visto por m\u00e1s personas.<\/p>\n<p>Aunque no compres visitas, tus v\u00eddeos ser\u00e1n vistos por los usuarios, pero esto puede llevar tiempo. Al comprar visitas para YouTube, ahorrar\u00e1s tiempo y tus v\u00eddeos se har\u00e1n populares m\u00e1s r\u00e1pido. Estos beneficios tambi\u00e9n se aplican a los <strong>v\u00eddeos cortos de YouTube<\/strong>.<\/p>\n<h2 style=\"text-align: center;\">\ud83c\udf31 \u00bfC\u00f3mo Crecer de Forma Org\u00e1nica en YouTube?<\/h2>\n<p>No existe una estrategia infalible que garantice el crecimiento de tu canal, pero algunos <strong>consejos pr\u00e1cticos<\/strong> pueden ayudarte a aumentar tus visitas de manera org\u00e1nica:<\/p>\n<ul>\n<li>Deja <strong>comentarios entretenidos<\/strong> en v\u00eddeos populares de otros.<\/li>\n<li>Cambia el <strong>nombre del archivo<\/strong> antes de cargar el v\u00eddeo; debe coincidir con el t\u00edtulo en YouTube.<\/li>\n<li><strong>Edita las etiquetas<\/strong> de los v\u00eddeos.<\/li>\n<li>Optimiza las <strong>miniaturas<\/strong>. Este detalle es especialmente importante.<\/li>\n<li>Prepara <strong>listas de reproducci\u00f3n<\/strong>.<\/li>\n<li>Mantente <strong>continuamente activo<\/strong>.<\/li>\n<li>Utiliza <strong>otras plataformas de redes sociales<\/strong> para redirigir tr\u00e1fico a tus v\u00eddeos.<\/li>\n<li>Ofrece <strong>promociones y regalos<\/strong> a tus seguidores.<\/li>\n<li>A\u00f1ade <strong>subt\u00edtulos<\/strong> a tus v\u00eddeos.<\/li>\n<li><strong>Sube contenido regularmente<\/strong>.<\/li>\n<\/ul>\n<h2 style=\"text-align: center;\">\ud83d\udcca La Importancia del N\u00famero de Visitas en YouTube<\/h2>\n<p>S\u00ed, <strong>el n\u00famero de visitas importa y por eso lo mejor es comprar visitas YouTube<\/strong>. La cantidad de visitas en tus v\u00eddeos es un indicador de popularidad y una prueba de calidad. Tambi\u00e9n es la mejor manera de ser destacado por el algoritmo de YouTube. Un canal con muchas visitas ser\u00e1 resaltado de forma natural y autom\u00e1tica. Tener m\u00e1s visualizaciones y comentarios garantiza la <strong>calidad y credibilidad<\/strong> de tus contenidos. Estudios demuestran que los usuarios prefieren interactuar con contenido que ya ha sido validado por muchos otros.<\/p>\n<h2 style=\"text-align: center;\">\ud83d\uded2 \u00bfPor Qu\u00e9 Deber\u00edas Comprar Visitas de YouTube?<\/h2>\n<ol>\n<li><strong>Visibilidad por Algoritmo<\/strong>: Aumentar las visitas hace que tus v\u00eddeos sean destacados por el algoritmo de YouTube, incrementando tu visibilidad.<\/li>\n<li><strong>Mayor Credibilidad<\/strong>: M\u00e1s tr\u00e1fico bajo tus v\u00eddeos incrementa tu credibilidad ante la audiencia.<\/li>\n<li><strong>Atractivo para Marcas<\/strong>: Un mayor n\u00famero de visitas es atractivo para marcas que buscan promocionar productos a trav\u00e9s de marketing en redes sociales.<\/li>\n<li><strong>Monetizaci\u00f3n R\u00e1pida<\/strong>: Con m\u00e1s visitas, puedes monetizar tus v\u00eddeos m\u00e1s r\u00e1pido.<\/li>\n<li><strong>Popularidad Inicial<\/strong>: Si eres nuevo en YouTube, comprar visitas te ayuda a ganar popularidad r\u00e1pidamente.<\/li>\n<\/ol>\n<h2 style=\"text-align: center;\">\ud83c\udf1f Beneficios de Comprar Visitas en tus V\u00eddeos de YouTube<\/h2>\n<ol>\n<li><strong>Alcance Global<\/strong> \ud83c\udf0d: Cada vista representa una conexi\u00f3n con un espectador en cualquier parte del mundo.<\/li>\n<li><strong>Creaci\u00f3n de una Comunidad Activa<\/strong> \ud83d\udc65: Las visitas fomentan una comunidad activa y participativa.<\/li>\n<li><strong>Est\u00edmulo para la Creatividad Continua<\/strong> \ud83c\udfa8: Las visitas positivas motivan a crear m\u00e1s contenido.<\/li>\n<li><strong>Aumento de la Visibilidad<\/strong> \ud83d\udcc8: M\u00e1s visitas incrementan las posibilidades de que YouTube recomiende tus v\u00eddeos.<\/li>\n<li><strong>Participaci\u00f3n Activa y Comentarios Constructivos<\/strong> \ud83d\udcac: M\u00e1s visitas suelen llevar a m\u00e1s comentarios y retroalimentaci\u00f3n valiosa.<\/li>\n<li><strong>Inspiraci\u00f3n para Colaboraciones<\/strong> \ud83e\udd1d: V\u00eddeos populares atraen la atenci\u00f3n de otros creadores para colaboraciones.<\/li>\n<li><strong>Oportunidades de Monetizaci\u00f3n<\/strong> \ud83d\udcb0: M\u00e1s visitas pueden ayudarte a cumplir los requisitos para programas de afiliados y anuncios.<\/li>\n<li><strong>Reconocimiento y Crecimiento Continuo<\/strong> \ud83d\ude80: Un canal con muchas visitas gana reconocimiento y puede experimentar un crecimiento sostenido.<\/li>\n<\/ol>\n<h2 style=\"text-align: center;\">\ud83c\udf10 Escoge Top1Social para Comprar Visitas YouTube<\/h2>\n<p>Ahora que conoces los beneficios de comprar visitas, es importante elegir un proveedor confiable. <strong>Top1Social<\/strong> es l\u00edder en servicios de marketing digital, con un equipo de profesionales listos para ayudarte. Nuestros servicios son de alta calidad, seguros y entregados de manera natural y realista, simulando un crecimiento org\u00e1nico.<\/p>\n<h3>\ud83d\udcbc \u00bfPor Qu\u00e9 Elegir Top1Social?<\/h3>\n<ul>\n<li><strong>Calidad y Seguridad<\/strong>: Servicios de alta calidad, totalmente seguros y fiables.<\/li>\n<li><strong>Entrega Natural y Realista<\/strong>: Los pedidos llegan de forma natural y realista, simulando un aumento org\u00e1nico.<\/li>\n<li><strong>Soporte 24\/7<\/strong>: Un equipo de soporte disponible para ayudarte en cualquier momento.<\/li>\n<\/ul>\n<h2 style=\"text-align: center;\">\ud83d\ude80 Comienza a Crecer en YouTube con Top1Social<\/h2>\n<p>Si est\u00e1s listo para llevar tu canal al siguiente nivel, echa un vistazo a nuestros productos y comienza a <strong>crecer en YouTube<\/strong> con Top1Social. \u00a1Incrementa tu popularidad y convi\u00e9rtete en un creador de contenido de referencia hoy mismo! \ud83c\udf1f<\/p>\n<div class=\"wpsm-accordion mb30\" data-accordion=\"yes\" itemscope=\"\" itemtype=\"https:\/\/schema.org\/FAQPage\"><\/p>\n<p><div class=\"wpsm-accordion-item close\" itemscope=\"\" itemprop=\"mainEntity\" itemtype=\"https:\/\/schema.org\/Question\"><h3 class=\"wpsm-accordion-trigger\" itemprop=\"name\">\u00bfTengo garant\u00eda al <strong>comprar Visitas de YouTube<\/strong>?<\/h3><div class=\"accordion-content\"  itemscope=\"\" itemprop=\"acceptedAnswer\" itemtype=\"https:\/\/schema.org\/Answer\"><div itemprop=\"text\"><\/p>\n<p>Nuestro proceso es totalmente seguro. Ofrecemos excelentes precios y ofertas para ayudarte a crecer en YouTube. <strong>Comprar Visitas en YouTube no afectar\u00e1 a tu cuenta en la plataforma<\/strong>, siempre y cuando lo hagas con un servicio de confianza como el nuestro. Nos comprometemos a impulsar tu perfil y garantizamos que puedas tener una experiencia segura y c\u00f3moda al trabajar con nosotros.<\/p>\n<p><\/div><\/div><\/div><\/p>\n<p><div class=\"wpsm-accordion-item close\" itemscope=\"\" itemprop=\"mainEntity\" itemtype=\"https:\/\/schema.org\/Question\"><h3 class=\"wpsm-accordion-trigger\" itemprop=\"name\">\u00bfTengo que dar mi contrase\u00f1a para <strong>comprar Visitas de YouTube<\/strong>?<\/h3><div class=\"accordion-content\"  itemscope=\"\" itemprop=\"acceptedAnswer\" itemtype=\"https:\/\/schema.org\/Answer\"><div itemprop=\"text\"><\/p>\n<p>En Top1Social nunca pedimos ning\u00fan tipo de datos personales o contrase\u00f1as para completar tu transacci\u00f3n. Nuestra plataforma siempre trabajar\u00e1 dentro de las pol\u00edticas de privacidad establecidas por las plataformas, en este caso YouTube.<\/p>\n<p><\/div><\/div><\/div><\/p>\n<p><div class=\"wpsm-accordion-item close\" itemscope=\"\" itemprop=\"mainEntity\" itemtype=\"https:\/\/schema.org\/Question\"><h3 class=\"wpsm-accordion-trigger\" itemprop=\"name\">\u00bfQu\u00e9 pasa si llegas a 1.000 suscriptores en YouTube?<\/h3><div class=\"accordion-content\"  itemscope=\"\" itemprop=\"acceptedAnswer\" itemtype=\"https:\/\/schema.org\/Answer\"><div itemprop=\"text\"><\/p>\n<p>Al llegar a <strong>1000 suscriptores<\/strong> significa que tus v\u00eddeos podr\u00edan ser monetizados. Para ello tambi\u00e9n necesitar\u00edas <a href=\"https:\/\/www.top1social.com\/es\/producto\/comprar-horas-monetizar-canal-youtube\/\"><strong>comprar 4.000 horas de reproducci\u00f3n en tu canal de YouTube<\/strong><\/a>. En palabras simples obtendr\u00e1s m\u00e1s suscriptores de manera org\u00e1nica y podr\u00e1s llegar a ganar m\u00e1s dinero con tu canal.<\/p>\n<p><\/div><\/div><\/div><\/p>\n<p><div class=\"wpsm-accordion-item close\" itemscope=\"\" itemprop=\"mainEntity\" itemtype=\"https:\/\/schema.org\/Question\"><h3 class=\"wpsm-accordion-trigger\" itemprop=\"name\">\u00bfEs seguro <strong>comprar Visitas de YouTube<\/strong>?<\/h3><div class=\"accordion-content\"  itemscope=\"\" itemprop=\"acceptedAnswer\" itemtype=\"https:\/\/schema.org\/Answer\"><div itemprop=\"text\"><\/p>\n<p>S\u00ed.\u00a0Nuestro sistema est\u00e1 asegurado con un certificado SSL.\u00a0No hay necesidad de preocuparse por la seguridad de su informaci\u00f3n.<\/p>\n<p><\/div><\/div><\/div><\/p>\n<p><div class=\"wpsm-accordion-item close\" itemscope=\"\" itemprop=\"mainEntity\" itemtype=\"https:\/\/schema.org\/Question\"><h3 class=\"wpsm-accordion-trigger\" itemprop=\"name\">\u00bfMe pueden banear por <strong>comprar Visitas de YouTube<\/strong>?<\/h3><div class=\"accordion-content\"  itemscope=\"\" itemprop=\"acceptedAnswer\" itemtype=\"https:\/\/schema.org\/Answer\"><div itemprop=\"text\"><\/p>\n<p>No, no puedes ser baneado por comprar seguidores. Nuestro sistema realiza campa\u00f1as de marketing de forma natural y org\u00e1nica.<\/p>\n<p><\/div><\/div><\/div><\/p>\n<p><\/div>\n<h2 style=\"text-align: center;\">\ud83c\udf1f \u00a1No Dejes Pasar Esta Oportunidad de Comprar Visitas YouTube!<\/h2>\n<p>Si realmente deseas destacar en <strong>YouTube<\/strong>, no hay mejor momento que ahora para <strong>comprar visitas<\/strong>. Imagina tus v\u00eddeos acumulando visualizaciones r\u00e1pidamente, llevando tu contenido a nuevas alturas y aumentando tu popularidad. En Top1Social, te ofrecemos <strong>visitas reales<\/strong> que no solo incrementar\u00e1n tus n\u00fameros, sino que tambi\u00e9n atraer\u00e1n a m\u00e1s seguidores y suscriptores. \u00a1Es hora de que tu talento sea reconocido! \ud83d\ude80<\/p>\n<h3 style=\"text-align: center;\">\ud83d\ude80 \u00a1Impulsa Tu Canal con Top1Social!<\/h3>\n<p>No permitas que tus v\u00eddeos se pierdan en la multitud. Con nuestro servicio, te garantizamos un <strong>crecimiento org\u00e1nico<\/strong> y <strong>autentico<\/strong> en tu canal de YouTube. Nuestros clientes disfrutan de un aumento significativo en la interacci\u00f3n y visibilidad, lo que puede abrir la puerta a oportunidades de colaboraci\u00f3n y monetizaci\u00f3n. \u00a1Dale a tu contenido la atenci\u00f3n que merece! \ud83d\udca5<\/p>\n<p>Con Top1Social, cada clic cuenta. \u00a1\u00danete a nosotros y comienza tu viaje hacia el \u00e9xito en YouTube hoy mismo! \ud83c\udf89<\/p>\n","protected":false},"excerpt":{"rendered":"<p style=\"text-align: center;\"><b>\ud83d\udd25<\/b><strong>Visitas REALES para YOUTUBE <\/strong><img decoding=\"async\" class=\"emoji alignnone\" role=\"img\" draggable=\"false\" src=\"https:\/\/s.w.org\/images\/core\/emoji\/13.1.0\/svg\/1f465.svg\" alt=\"\ud83d\udc65 Comprar Seguidores Instagram\" width=\"150\" height=\"150\" \/><\/p>\n<p style=\"text-align: center;\"><strong><img decoding=\"async\" class=\"emoji\" role=\"img\" draggable=\"false\" src=\"https:\/\/s.w.org\/images\/core\/emoji\/15.0.3\/svg\/1f1ea-1f1f8.svg\" alt=\"\ud83c\uddea\ud83c\uddf8\" \/>\u00a0Servicio 100% Espa\u00f1ol<\/strong>\u00a0<img decoding=\"async\" class=\"emoji\" role=\"img\" draggable=\"false\" src=\"https:\/\/s.w.org\/images\/core\/emoji\/15.0.3\/svg\/1f1ea-1f1f8.svg\" alt=\"\ud83c\uddea\ud83c\uddf8\" \/><\/p>\n<p style=\"text-align: center;\"><strong>\ud83c\udf81-50% de descuento hoy<\/strong><\/p>\n<p style=\"text-align: center;\"><strong>Ahora El Mejor Precio del Mercado<\/strong>\u00a0<b>\ud83d\udd25<\/b><\/p>\n<div class=\"pr_excerpt f_300 f_size_15\">\n<h5 style=\"text-align: center;\"><b><img decoding=\"async\" class=\"emoji\" role=\"img\" draggable=\"false\" src=\"https:\/\/s.w.org\/images\/core\/emoji\/13.1.0\/svg\/2705.svg\" alt=\"\u2705\" \/><\/b> Visitas SIN Ca\u00eddas (30 d\u00edas de Garant\u00eda)<\/h5>\n<h5 style=\"text-align: center;\"><b><img decoding=\"async\" class=\"emoji\" role=\"img\" draggable=\"false\" src=\"https:\/\/s.w.org\/images\/core\/emoji\/13.1.0\/svg\/2705.svg\" alt=\"\u2705\" \/><\/b>\u00a0Soporte en Espa\u00f1ol 24\/7\u00a0<img decoding=\"async\" class=\"emoji\" role=\"img\" draggable=\"false\" src=\"https:\/\/s.w.org\/images\/core\/emoji\/15.0.3\/svg\/1f1ea-1f1f8.svg\" alt=\"\ud83c\uddea\ud83c\uddf8\" \/><\/h5>\n<h5 style=\"text-align: center;\"><b><img decoding=\"async\" class=\"emoji\" role=\"img\" draggable=\"false\" src=\"https:\/\/s.w.org\/images\/core\/emoji\/13.1.0\/svg\/2705.svg\" alt=\"\u2705\" \/><\/b>\u00a0Entrega R\u00c1PIDA Y NATURAL<\/h5>\n<h5 style=\"text-align: center;\"><b><img decoding=\"async\" class=\"emoji\" role=\"img\" draggable=\"false\" src=\"https:\/\/s.w.org\/images\/core\/emoji\/13.1.0\/svg\/2705.svg\" alt=\"\u2705\" \/><\/b>\u00a0Paga ahora tambi\u00e9n con BIZUM<\/h5>\n<h6 class=\"LC20lb DKV0Md\" style=\"text-align: center;\"><img decoding=\"async\" class=\"emoji\" role=\"img\" draggable=\"false\" src=\"https:\/\/s.w.org\/images\/core\/emoji\/13.1.0\/svg\/1f44c.svg\" alt=\"\ud83d\udc4c\" \/>\u00a0PAGO \u00daNICO Y SEGURO, CON GARANT\u00cdA INCLUIDA<\/h6>\n<p><img decoding=\"async\" class=\"aligncenter\" src=\"https:\/\/www.top1social.com\/es\/wp-content\/uploads\/sites\/2\/2022\/08\/pago-tarjeta-seguro-e1661767131379.png\" \/><img decoding=\"async\" class=\"alignnone size-medium aligncenter\" src=\"https:\/\/www.top1social.com\/wp-content\/plugins\/woocommerce-gateway-redsys\/assets\/images\/bizum.png\" alt=\"Bizum\" width=\"100\" height=\"43\" \/><\/p>\n<\/div>\n","protected":false},"featured_media":2057,"comment_status":"open","ping_status":"closed","template":"","meta":{"bwfblock_default_font":"","_gspb_post_css":""},"store":[259],"product_brand":[],"product_cat":[15],"product_tag":[607,319,606],"class_list":{"0":"post-2055","1":"product","2":"type-product","3":"status-publish","4":"has-post-thumbnail","6":"store-youtube","7":"product_cat-youtube","8":"product_tag-comprar-visitas-para-youtuber","9":"product_tag-comprar-visitas-youtube","10":"product_tag-comprar-vistas-youtube","11":"wcpa_has_options","13":"first","14":"instock","15":"sale","16":"taxable","17":"shipping-taxable","18":"purchasable","19":"product-type-variable"},"_links":{"self":[{"href":"https:\/\/www.top1social.com\/es\/wp-json\/wp\/v2\/product\/2055","targetHints":{"allow":["GET"]}}],"collection":[{"href":"https:\/\/www.top1social.com\/es\/wp-json\/wp\/v2\/product"}],"about":[{"href":"https:\/\/www.top1social.com\/es\/wp-json\/wp\/v2\/types\/product"}],"replies":[{"embeddable":true,"href":"https:\/\/www.top1social.com\/es\/wp-json\/wp\/v2\/comments?post=2055"}],"wp:featuredmedia":[{"embeddable":true,"href":"https:\/\/www.top1social.com\/es\/wp-json\/wp\/v2\/media\/2057"}],"wp:attachment":[{"href":"https:\/\/www.top1social.com\/es\/wp-json\/wp\/v2\/media?parent=2055"}],"wp:term":[{"taxonomy":"store","embeddable":true,"href":"https:\/\/www.top1social.com\/es\/wp-json\/wp\/v2\/store?post=2055"},{"taxonomy":"product_brand","embeddable":true,"href":"https:\/\/www.top1social.com\/es\/wp-json\/wp\/v2\/product_brand?post=2055"},{"taxonomy":"product_cat","embeddable":true,"href":"https:\/\/www.top1social.com\/es\/wp-json\/wp\/v2\/product_cat?post=2055"},{"taxonomy":"product_tag","embeddable":true,"href":"https:\/\/www.top1social.com\/es\/wp-json\/wp\/v2\/product_tag?post=2055"}],"curies":[{"name":"wp","href":"https:\/\/api.w.org\/{rel}","templated":true}]}}