{"id":2119,"date":"2024-01-16T19:29:07","date_gmt":"2024-01-16T18:29:07","guid":{"rendered":"https:\/\/www.top1social.com\/es\/?post_type=product&#038;p=2119"},"modified":"2024-04-18T13:31:02","modified_gmt":"2024-04-18T11:31:02","slug":"comprar-likes-publicacion-facebook","status":"publish","type":"product","link":"https:\/\/www.top1social.com\/es\/producto\/comprar-likes-publicacion-facebook\/","title":{"rendered":"Comprar Likes a Publicacion de Facebook"},"content":{"rendered":"<h2 style=\"text-align: center;\"><b>Comprar Likes a una Publicaci\u00f3n de Facebook<\/b><\/h2>\n<p><strong>\u00a1Comprar Likes en tu Publicaci\u00f3n de Facebook te ayudar\u00e1 a tener impulso incre\u00edble!<\/strong><\/p>\n<p>\u00bfTe gustar\u00eda saber c\u00f3mo puedes <strong>obtener m\u00e1s Likes en tu publicaci\u00f3n de Facebook<\/strong>? <span class=\"\">Puede obtener m\u00e1s Likes a trav\u00e9s del marketing en redes sociales (lento y costoso), anuncios (r\u00e1pidos y costosos) o<strong> puedes <a href=\"https:\/\/www.top1social.com\/es\/producto\/comprar-seguidores-facebook-fans\/\">comprar seguidores en Facebook<\/a> y Likes<\/strong>.<\/span><\/p>\n<p><strong>\u00a1Con nosotros puedes elegir Likes a tus publicaciones de Facebook R\u00e1pido y F\u00e1cil!<\/strong><\/p>\n<p><img decoding=\"async\" class=\"emoji\" role=\"img\" draggable=\"false\" src=\"https:\/\/s.w.org\/images\/core\/emoji\/14.0.0\/svg\/1f3c6.svg\" alt=\"\ud83c\udfc6\" title=\"\"> <strong>Todos nuestros productos tienen una garant\u00eda de 30 d\u00edas.<\/strong><\/p>\n<h2 style=\"text-align: center;\">\u00bfPor qu\u00e9 son Importantes los \u00abLikes\u00bb de Facebook?<\/h2>\n<p><strong>El bot\u00f3n \u00abLike\u00bb se introdujo en 2009 en Facebook.<\/strong> Desde entonces, se considera la moneda de cambio de la red social &#8211; la gente se volvi\u00f3 adicta a los likes como una forma de prueba social, que es una <strong>se\u00f1al de tu popularidad e importancia<\/strong>.<\/p>\n<p>L<strong>os \u00ablikes\u00bb tambi\u00e9n se convirtieron en un factor clave para las empresas<\/strong> cuando \u00e9stas empezaron a inundar la red en respuesta a su creciente base de usuarios. Si quieres saber m\u00e1s sobre <strong>Facebook y comprar Likes en tu publicaci\u00f3n de Facebook<\/strong>, sigue leyendo.<\/p>\n<p><img decoding=\"async\" class=\"emoji\" role=\"img\" draggable=\"false\" src=\"https:\/\/s.w.org\/images\/core\/emoji\/14.0.0\/svg\/2705.svg\" alt=\"\u2705\" title=\"\"><strong>Quiere que su perfil Comercial o Personal se vea m\u00e1s popula<\/strong>r y m\u00e1s respetado<\/p>\n<p><img decoding=\"async\" class=\"emoji\" role=\"img\" draggable=\"false\" src=\"https:\/\/s.w.org\/images\/core\/emoji\/14.0.0\/svg\/2705.svg\" alt=\"\u2705\" title=\"\">No tienes ganas o no tienes tiempo para publicar durante a\u00f1os para conseguir m\u00e1s likes.<\/p>\n<p><img decoding=\"async\" class=\"emoji\" role=\"img\" draggable=\"false\" src=\"https:\/\/s.w.org\/images\/core\/emoji\/14.0.0\/svg\/2705.svg\" alt=\"\u2705\" title=\"\">Hay mucha competencia en tu nicho y es dif\u00edcil salir adelante<\/p>\n<p><img decoding=\"async\" class=\"emoji\" role=\"img\" draggable=\"false\" src=\"https:\/\/s.w.org\/images\/core\/emoji\/14.0.0\/svg\/2705.svg\" alt=\"\u2705\" title=\"\"><strong>Quieres que la gente conf\u00ede en tu marca<\/strong><\/p>\n<p><img decoding=\"async\" class=\"emoji\" role=\"img\" draggable=\"false\" src=\"https:\/\/s.w.org\/images\/core\/emoji\/14.0.0\/svg\/2705.svg\" alt=\"\u2705\" title=\"\">Est\u00e1 buscando una manera r\u00e1pida y f\u00e1cil de obtener m\u00e1s likes de FB<\/p>\n<p style=\"text-align: left;\"><div class=\"wpsm-testimonial\"><div class=\"wpsm-testimonial-content\"><img decoding=\"async\" class=\"emoji\" role=\"img\" draggable=\"false\" src=\"https:\/\/s.w.org\/images\/core\/emoji\/14.0.0\/svg\/2b50.svg\" alt=\"\u2b50\" title=\"\"><img decoding=\"async\" class=\"emoji\" role=\"img\" draggable=\"false\" src=\"https:\/\/s.w.org\/images\/core\/emoji\/14.0.0\/svg\/2b50.svg\" alt=\"\u2b50\" title=\"\"><img decoding=\"async\" class=\"emoji\" role=\"img\" draggable=\"false\" src=\"https:\/\/s.w.org\/images\/core\/emoji\/14.0.0\/svg\/2b50.svg\" alt=\"\u2b50\" title=\"\"><img decoding=\"async\" class=\"emoji\" role=\"img\" draggable=\"false\" src=\"https:\/\/s.w.org\/images\/core\/emoji\/14.0.0\/svg\/2b50.svg\" alt=\"\u2b50\" title=\"\"><img decoding=\"async\" class=\"emoji\" role=\"img\" draggable=\"false\" src=\"https:\/\/s.w.org\/images\/core\/emoji\/14.0.0\/svg\/2b50.svg\" alt=\"\u2b50\" title=\"\"><\/p>\n<p style=\"text-align: left;\"><strong>Compre Likes y Seguidores para poder monetizar y ya me aprob\u00f3 Facebook. Muchas gracias!<\/strong><br \/>\n<\/div><div class=\"wpsm-testimonial-author\">Jorge - Influencer<\/div><\/div><\/p>\n<p style=\"text-align: left;\"><div class=\"wpsm-testimonial\"><div class=\"wpsm-testimonial-content\"><img decoding=\"async\" class=\"emoji\" role=\"img\" draggable=\"false\" src=\"https:\/\/s.w.org\/images\/core\/emoji\/14.0.0\/svg\/2b50.svg\" alt=\"\u2b50\" title=\"\"><img decoding=\"async\" class=\"emoji\" role=\"img\" draggable=\"false\" src=\"https:\/\/s.w.org\/images\/core\/emoji\/14.0.0\/svg\/2b50.svg\" alt=\"\u2b50\" title=\"\"><img decoding=\"async\" class=\"emoji\" role=\"img\" draggable=\"false\" src=\"https:\/\/s.w.org\/images\/core\/emoji\/14.0.0\/svg\/2b50.svg\" alt=\"\u2b50\" title=\"\"><img decoding=\"async\" class=\"emoji\" role=\"img\" draggable=\"false\" src=\"https:\/\/s.w.org\/images\/core\/emoji\/14.0.0\/svg\/2b50.svg\" alt=\"\u2b50\" title=\"\"><img decoding=\"async\" class=\"emoji\" role=\"img\" draggable=\"false\" src=\"https:\/\/s.w.org\/images\/core\/emoji\/14.0.0\/svg\/2b50.svg\" alt=\"\u2b50\" title=\"\"><\/p>\n<p style=\"text-align: left;\"><strong>Contacte con Top1Social para ver como pod\u00eda hacer crecer mi cuenta de Empresa de Facebook. Compr\u00e9 un paquete algo m\u00e1s grande de Seguidores y Likes de Facebook y muy contenta.<\/strong><br \/>\n<\/div><div class=\"wpsm-testimonial-author\">Mar\u00eda - Fot\u00f3grafa<\/div><\/div><\/p>\n<p style=\"text-align: left;\"><div class=\"wpsm-testimonial\"><div class=\"wpsm-testimonial-content\"><img decoding=\"async\" class=\"emoji\" role=\"img\" draggable=\"false\" src=\"https:\/\/s.w.org\/images\/core\/emoji\/14.0.0\/svg\/2b50.svg\" alt=\"\u2b50\" title=\"\"><img decoding=\"async\" class=\"emoji\" role=\"img\" draggable=\"false\" src=\"https:\/\/s.w.org\/images\/core\/emoji\/14.0.0\/svg\/2b50.svg\" alt=\"\u2b50\" title=\"\"><img decoding=\"async\" class=\"emoji\" role=\"img\" draggable=\"false\" src=\"https:\/\/s.w.org\/images\/core\/emoji\/14.0.0\/svg\/2b50.svg\" alt=\"\u2b50\" title=\"\"><img decoding=\"async\" class=\"emoji\" role=\"img\" draggable=\"false\" src=\"https:\/\/s.w.org\/images\/core\/emoji\/14.0.0\/svg\/2b50.svg\" alt=\"\u2b50\" title=\"\"><img decoding=\"async\" class=\"emoji\" role=\"img\" draggable=\"false\" src=\"https:\/\/s.w.org\/images\/core\/emoji\/14.0.0\/svg\/2b50.svg\" alt=\"\u2b50\" title=\"\"><\/p>\n<p style=\"text-align: left;\"><strong>He probado todos vuestros servicios para hacer crecer mi cuenta de Twitch y genial mes a mes. Ahora estoy trabajando con marcas en Facebook y con publi y suscriptores en Twitch.<\/strong><br \/>\n<\/div><div class=\"wpsm-testimonial-author\">Lacker - Gamer \/ Twitch<\/div><\/div><\/p>\n<p>Facebook lleva en nuestras vidas desde 2004. <strong>Desde entonces, su crecimiento ha sido enorme.<\/strong> Aunque tiene otros competidores en los medios sociales como <a href=\"https:\/\/www.top1social.com\/es\/categoria-producto\/twitter\/\"><strong>Twitter<\/strong><\/a>, <a href=\"https:\/\/www.top1social.com\/es\/categoria-producto\/instagram\/\"><strong>Instagram<\/strong><\/a>, <strong>Snapchat<\/strong>, etc., sigue manteniendo el t\u00edtulo de ser<strong> la plataforma de medios sociales m\u00e1s grande y con m\u00e1s interacciones<\/strong>. Se puede decir que Facebook es el pionero de muchas innovaciones en Internet. As\u00ed que, como marca, sigue benefici\u00e1ndose de \u00abser la primera\u00bb en el sector. Por lo tanto, <strong>comprar likes en sus Publicaciones Facebook es una de las cosas m\u00e1s sabias que puedes hacer.<\/strong><\/p>\n<h2 style=\"text-align: center;\">\u00bfCu\u00e1les son las Ventajas de Comprar Likes en Facebook?<\/h2>\n<p>A diferencia de los seguidores, tus likes no disminuir\u00e1n con el tiempo. Una vez que te decidas a <strong>comprar likes para tu publicaci\u00f3n en Facebook,<\/strong> estar\u00e1n ah\u00ed permanentemente. Hay millones de personas que utilizan Facebook en todo el mundo.<\/p>\n<p><strong>Es bueno ser popular en Facebook ya que puedes ganar dinero<\/strong>. Si haces negocios, puedes anunciar tu producto\/servicio a millones de personas y mejorar tu negocio. <strong>Cuantos m\u00e1s \u00ablikes\u00bb tengas en Facebook, m\u00e1s gente alcanzar\u00e1s.<\/strong><\/p>\n<h2 style=\"text-align: center;\">\u00bfPor qu\u00e9 Deber\u00edas Comprar Likes en Facebook?<\/h2>\n<p>Cualquiera que venda sus productos a trav\u00e9s de Facebook, quiera hacerse famoso o simplemente quiera socializar m\u00e1s puede beneficiarse de este servicio.<\/p>\n<ul>\n<li>Entrega de Likes para Facebook las 24 horas del d\u00eda<\/li>\n<li>Likes de usuarios Reales<\/li>\n<li>Soporte y Garant\u00eda de 30 d\u00edas<\/li>\n<li>Likes Internacionales<\/li>\n<li>Likes sin ca\u00eddas<\/li>\n<li>El mejor servicio garantizado<\/li>\n<\/ul>\n<p><strong>Lo mejor ser\u00eda que consideraras comprarlo, porque:<\/strong><\/p>\n<ul>\n<li>Si a mucha gente le gusta el contenido que publicas,<strong> el n\u00famero de seguidores de tu p\u00e1gina puede aumentar.<\/strong><\/li>\n<li>S<strong>i vendes productos online, comprar likes impulsar\u00e1 tus ventas.<\/strong><\/li>\n<li>Si tienes un sitio web, tambi\u00e9n <strong>puedes publicitar tu sitio web a\u00f1adiendo un enlace al sitio web bajo tu publicaci\u00f3n<\/strong>.<\/li>\n<li><strong>Comprar likes promocionar\u00e1 el post<\/strong>, por lo que la URL de tu sitio web ser\u00e1 vista por muchas personas nuevas.<\/li>\n<li><strong>Comprando likes, llamar\u00e1s la atenci\u00f3n de usuarios reales.<\/strong> Ellos visitar\u00e1n tu perfil, y podr\u00e9is seguiros mutuamente si quer\u00e9is (o a\u00f1adiros como amigos).<\/li>\n<li><strong>Con el tiempo te har\u00e1s m\u00e1s popular en Facebook.<\/strong><\/li>\n<\/ul>\n","protected":false},"excerpt":{"rendered":"<p>Consigue\u00a0<strong>Likes en Publicaciones para Facebook<\/strong><img decoding=\"async\" class=\"emoji entered lazyloaded alignnone\" role=\"img\" draggable=\"false\" src=\"https:\/\/s.w.org\/images\/core\/emoji\/13.1.0\/svg\/1f465.svg\" alt=\"\ud83d\udc65 Comprar Likes Publicaci\u00f3n Facebook\" width=\"150\" height=\"150\" data-lazy-src=\"https:\/\/s.w.org\/images\/core\/emoji\/13.1.0\/svg\/1f465.svg\" data-ll-status=\"loaded\" \/><\/p>\n<p><strong><b>\u00a1No te pierdas nuestras ofertas!\u00a0<\/b><img decoding=\"async\" class=\"emoji entered lazyloaded alignnone\" role=\"img\" draggable=\"false\" src=\"https:\/\/s.w.org\/images\/core\/emoji\/13.1.0\/svg\/1f4c8.svg\" alt=\"\ud83d\udcc8 Comprar Likes Publicaci\u00f3n Facebook\" width=\"150\" height=\"150\" data-lazy-src=\"https:\/\/s.w.org\/images\/core\/emoji\/13.1.0\/svg\/1f4c8.svg\" data-ll-status=\"loaded\" \/><\/strong><\/p>\n<div class=\"pr_excerpt f_300 f_size_15\">\n<h5><b><img decoding=\"async\" class=\"emoji entered lazyloaded\" role=\"img\" draggable=\"false\" src=\"https:\/\/s.w.org\/images\/core\/emoji\/13.1.0\/svg\/2705.svg\" alt=\"\u2705\" data-lazy-src=\"https:\/\/s.w.org\/images\/core\/emoji\/13.1.0\/svg\/2705.svg\" data-ll-status=\"loaded\" \/><\/b> Likes de Facebook<\/h5>\n<h5><b><img decoding=\"async\" class=\"emoji entered lazyloaded\" role=\"img\" draggable=\"false\" src=\"https:\/\/s.w.org\/images\/core\/emoji\/13.1.0\/svg\/2705.svg\" alt=\"\u2705\" data-lazy-src=\"https:\/\/s.w.org\/images\/core\/emoji\/13.1.0\/svg\/2705.svg\" data-ll-status=\"loaded\" \/><\/b> 30 d\u00edas de Garant\u00eda<\/h5>\n<h5><b><img decoding=\"async\" class=\"emoji entered lazyloaded\" role=\"img\" draggable=\"false\" src=\"https:\/\/s.w.org\/images\/core\/emoji\/13.1.0\/svg\/2705.svg\" alt=\"\u2705\" data-lazy-src=\"https:\/\/s.w.org\/images\/core\/emoji\/13.1.0\/svg\/2705.svg\" data-ll-status=\"loaded\" \/><\/b>\u00a0Soporte en Espa\u00f1ol 24\/7<\/h5>\n<h5><b><img decoding=\"async\" class=\"emoji entered lazyloaded\" role=\"img\" draggable=\"false\" src=\"https:\/\/s.w.org\/images\/core\/emoji\/13.1.0\/svg\/2705.svg\" alt=\"\u2705\" data-lazy-src=\"https:\/\/s.w.org\/images\/core\/emoji\/13.1.0\/svg\/2705.svg\" data-ll-status=\"loaded\" \/><\/b>\u00a0Entrega R\u00c1PIDA Y NATURAL<\/h5>\n<h6 class=\"LC20lb DKV0Md\"><img decoding=\"async\" class=\"emoji entered lazyloaded\" role=\"img\" draggable=\"false\" src=\"https:\/\/s.w.org\/images\/core\/emoji\/13.1.0\/svg\/1f44c.svg\" alt=\"\ud83d\udc4c\" data-lazy-src=\"https:\/\/s.w.org\/images\/core\/emoji\/13.1.0\/svg\/1f44c.svg\" data-ll-status=\"loaded\" \/>\u00a0PAGO \u00daNICO, CON GARANT\u00cdA INCLUIDA<\/h6>\n<p><img decoding=\"async\" class=\"entered lazyloaded\" src=\"https:\/\/www.top1social.com\/es\/wp-content\/uploads\/sites\/2\/2022\/08\/pago-tarjeta-seguro-e1661767131379.png\" width=\"200\" height=\"52\" data-lazy-src=\"https:\/\/www.top1social.com\/es\/wp-content\/uploads\/sites\/2\/2022\/08\/pago-tarjeta-seguro-e1661767131379.png\" data-ll-status=\"loaded\" \/><img loading=\"lazy\" decoding=\"async\" class=\"alignnone size-medium entered lazyloaded\" src=\"https:\/\/www.top1social.com\/wp-content\/plugins\/woocommerce-gateway-redsys\/assets\/images\/bizum.png\" alt=\"Bizum\" width=\"100\" height=\"43\" data-lazy-src=\"https:\/\/www.top1social.com\/wp-content\/plugins\/woocommerce-gateway-redsys\/assets\/images\/bizum.png\" data-ll-status=\"loaded\" \/><\/p>\n<\/div>\n","protected":false},"featured_media":2122,"comment_status":"open","ping_status":"closed","template":"","meta":{"bwfblock_default_font":"","_gspb_post_css":""},"store":[260],"product_brand":[],"product_cat":[149],"product_tag":[337],"class_list":{"0":"post-2119","1":"product","2":"type-product","3":"status-publish","4":"has-post-thumbnail","6":"store-facebook","7":"product_cat-facebook","8":"product_tag-comprar-likes-publicacion-facebook","9":"wcpa_has_options","11":"first","12":"instock","13":"sale","14":"taxable","15":"shipping-taxable","16":"purchasable","17":"product-type-variable"},"_links":{"self":[{"href":"https:\/\/www.top1social.com\/es\/wp-json\/wp\/v2\/product\/2119","targetHints":{"allow":["GET"]}}],"collection":[{"href":"https:\/\/www.top1social.com\/es\/wp-json\/wp\/v2\/product"}],"about":[{"href":"https:\/\/www.top1social.com\/es\/wp-json\/wp\/v2\/types\/product"}],"replies":[{"embeddable":true,"href":"https:\/\/www.top1social.com\/es\/wp-json\/wp\/v2\/comments?post=2119"}],"wp:featuredmedia":[{"embeddable":true,"href":"https:\/\/www.top1social.com\/es\/wp-json\/wp\/v2\/media\/2122"}],"wp:attachment":[{"href":"https:\/\/www.top1social.com\/es\/wp-json\/wp\/v2\/media?parent=2119"}],"wp:term":[{"taxonomy":"store","embeddable":true,"href":"https:\/\/www.top1social.com\/es\/wp-json\/wp\/v2\/store?post=2119"},{"taxonomy":"product_brand","embeddable":true,"href":"https:\/\/www.top1social.com\/es\/wp-json\/wp\/v2\/product_brand?post=2119"},{"taxonomy":"product_cat","embeddable":true,"href":"https:\/\/www.top1social.com\/es\/wp-json\/wp\/v2\/product_cat?post=2119"},{"taxonomy":"product_tag","embeddable":true,"href":"https:\/\/www.top1social.com\/es\/wp-json\/wp\/v2\/product_tag?post=2119"}],"curies":[{"name":"wp","href":"https:\/\/api.w.org\/{rel}","templated":true}]}}