{"id":2149,"date":"2024-01-21T05:01:46","date_gmt":"2024-01-21T04:01:46","guid":{"rendered":"https:\/\/www.top1social.com\/es\/?post_type=product&#038;p=2149"},"modified":"2024-01-21T11:02:04","modified_gmt":"2024-01-21T10:02:04","slug":"comprar-retweets-twitter","status":"publish","type":"product","link":"https:\/\/www.top1social.com\/es\/producto\/comprar-retweets-twitter\/","title":{"rendered":"Comprar Retweets Twitter X"},"content":{"rendered":"<h2 style=\"text-align: center;\">Servicio para Comprar Retweets en Twitter<\/h2>\n<p><strong>Comprar Retweets de Twitter<\/strong> le sirve para obtener <strong>mayores tasas de participaci\u00f3n<\/strong>. Twitter es, sin duda, el servicio de microblogging m\u00e1s destacado que existe en el mundo. Dado que<strong> la plataforma funciona como un centro de noticias en tiempo real<\/strong>, las noticias se propagan como un reguero de p\u00f3lvora a trav\u00e9s de Twitter y pueden ser llevadas a todo el mundo muy r\u00e1pidamente.<\/p>\n<p><strong>Twitter permite a sus usuarios escribir textos<\/strong> de 140 caracteres y es una herramienta de comunicaci\u00f3n de nueva generaci\u00f3n que puede utilizarse de forma m\u00e1s eficaz con diversos dispositivos. <strong>Si quieres hacerte famoso en esta plataforma<\/strong> que evoluciona tan r\u00e1pido, tienes que <strong>comprar nuestros productos para <a href=\"https:\/\/www.top1social.com\/es\/categoria-producto\/twitter\/\">Twitter<\/a><\/strong>. Uno de los productos m\u00e1s eficientes es nuestro <strong>servicio de Twitter Retweets<\/strong>. <strong>Comprar Retweets de Twitter para sus tweets<\/strong> le har\u00e1 tener mucha m\u00e1s actividad en su cuenta.<\/p>\n<div class=\"wpsm_update mobfont90\"><span class=\"label-info\">PROMO<\/span><strong>Consigue ahora de Oferta al Mejor Precio nuestro servicio para <a href=\"https:\/\/www.top1social.com\/es\/producto\/comprar-seguidores-twitter\/\">Comprar Seguidores Twitter.<\/a><\/strong><\/div>\n<h2 style=\"text-align: center;\">\u00bfPor qu\u00e9 son importantes los Retweets en Twitter?<\/h2>\n<p><strong>Los retweets te permiten compartir un tweet que te gusta<\/strong> y que pertenece a otra persona en tu perfil. Es similar a la funci\u00f3n de retuitear en <strong><a href=\"https:\/\/www.top1social.com\/es\/categoria-producto\/instagram\/\">Instagram<\/a><\/strong>. Puedes desactivar esta funci\u00f3n si quieres, y otras personas no podr\u00e1n compartir tu contenido. Pero <strong>si quieres ser popular en Twitter, debes estar abierto<\/strong>. Hay m\u00e9todos naturales para <strong>conseguir retweets<\/strong>, pero la forma m\u00e1s pr\u00e1ctica y r\u00e1pida es <strong>comprar nuestro servicio de retweets en Twitter<\/strong>. El objetivo de este servicio es hacer que tus tweets y tu perfil lleguen a m\u00e1s gente y mostrar tu contenido a miles de personas. De esta manera, usted tendr\u00e1 m\u00e1s seguidores y una interacci\u00f3n constante en su cuenta.<\/p>\n<h2 style=\"text-align: center;\">\u00bfPor qu\u00e9 deber\u00eda Comprar Retweets en Twitter?<\/h2>\n<p>Cuando un usuario de Twitter se desplaza a trav\u00e9s de la l\u00ednea de tiempo y ve un tweet que parece interesante, por lo general lo lee y <strong>lo salta si el tweet no tiene retweets<\/strong>. Sin embargo, si ven que el tweet tiene muchos retweets, entonces <strong>el usuario decide que vale la pena retwittear<\/strong>. As\u00ed que puedes acabar <strong>ganando muchos retweets, likes y seguidores <\/strong>simplemente <strong>comprando retweets para un solo tweet y hacerlo trending.<\/strong><\/p>\n<p><strong>Comprar retweets para tu Twitter atraer\u00e1 m\u00e1s retweets org\u00e1nicos de tus seguidores o de gente nueva.<\/strong><\/p>\n<p><strong>Comprar retweets tambi\u00e9n te proporcionar\u00e1 una mayor interacci\u00f3n general<\/strong>. Los retweets hacen que tus tweets parezcan interesantes y se vuelvan m\u00e1s activos. Un tweet con mayor interacci\u00f3n es visto como m\u00e1s importante por la audiencia. Twitter har\u00e1 que tus tweets tengan m\u00e1s probabilidades de aparecer en la parte superior de las p\u00e1ginas de inicio de la gente como un tweet sugerido. Adem\u00e1s, si tienes un negocio, <strong>puedes promocionar tus productos o servicios al comprar grandes cantidades de retweets<\/strong>. Como resultado, llegar\u00e1s a m\u00e1s gente y <strong>aumentar\u00e1s tus ingresos con el poder de las redes sociales.<\/strong><\/p>\n<p>Tanto si eres un usuario individual como el propietario de una empresa,<strong> tus tweets necesitan conseguir retweets y likes para ser tendencia en Twitter<\/strong>. En lugar de esperar a que esos retweets y likes lleguen de forma natural, deber\u00eda considerar la compra de nuestros productos de alta calidad para tener \u00e9xito.<\/p>\n<h2 style=\"text-align: center;\" data-sourcepos=\"1:1-1:50\"><strong>Beneficios de Comprar Retweets de Twitter<\/strong><\/h2>\n<p data-sourcepos=\"5:1-5:145\">C<strong>omprar retweets de Twitter<\/strong> puede tener una serie de beneficios, tanto para personas como para empresas. Estos beneficios incluyen:<\/p>\n<ul data-sourcepos=\"7:1-10:0\">\n<li data-sourcepos=\"7:1-7:277\"><strong>Mayor visibilidad y alcance:<\/strong>\u00a0A medida que un usuario o empresa gana m\u00e1s retweets, su contenido se vuelve m\u00e1s visible para un p\u00fablico m\u00e1s amplio. Esto puede ayudar a que el usuario o empresa se destaque entre la competencia y atraiga a m\u00e1s clientes o usuarios potenciales.<\/li>\n<li data-sourcepos=\"8:1-8:248\"><strong>M\u00e1s interacciones:<\/strong>\u00a0Los usuarios que retweetean un tweet suelen participar en \u00e9l interactuando con el usuario o empresa original a trav\u00e9s de comentarios, reacciones y me gusta. Esto puede ayudar a crear una comunidad m\u00e1s s\u00f3lida y comprometida.<\/li>\n<li data-sourcepos=\"9:1-10:0\"><strong>M\u00e1s oportunidades de negocio:<\/strong>\u00a0Los usuarios y empresas con una gran audiencia en Twitter pueden aprovecharla para generar oportunidades de negocio, como la venta de productos o servicios, la promoci\u00f3n de marcas o la colaboraci\u00f3n con otros usuarios o empresas.<\/li>\n<\/ul>\n<p data-sourcepos=\"11:1-11:158\">En concreto, los siguientes son algunos de los beneficios m\u00e1s espec\u00edficos que puede obtener un usuario o empresa al Comprar retweets de Twitter:<\/p>\n<ul data-sourcepos=\"13:1-16:0\">\n<li data-sourcepos=\"13:1-13:345\"><strong>Mayor probabilidad de aparecer en la p\u00e1gina principal de Twitter.<\/strong>\u00a0La p\u00e1gina principal de Twitter es la p\u00e1gina principal de la plataforma, y es donde los usuarios van a buscar nuevo contenido para ver. Los tweets con m\u00e1s retweets tienen m\u00e1s probabilidades de aparecer en la p\u00e1gina principal, lo que puede exponerlos a un p\u00fablico m\u00e1s amplio.<\/li>\n<li data-sourcepos=\"14:1-14:285\"><strong>Mayor probabilidad de ser descubierto por nuevos usuarios.<\/strong>\u00a0Los nuevos usuarios de Twitter suelen buscar contenido popular para ver. Los tweets con m\u00e1s retweets son m\u00e1s visibles para los nuevos usuarios, lo que puede ayudar al usuario o empresa a ser descubierto por m\u00e1s personas.<\/li>\n<li data-sourcepos=\"15:1-16:0\"><strong>Mayor probabilidad de obtener patrocinios y colaboraciones.<\/strong>\u00a0Las marcas y empresas suelen buscar usuarios o empresas con una gran audiencia en Twitter para patrocinar sus productos o servicios. Los usuarios o empresas con m\u00e1s retweets son m\u00e1s atractivos para las marcas y empresas, lo que puede conducir a oportunidades de patrocinio y colaboraci\u00f3n.<\/li>\n<\/ul>\n","protected":false},"excerpt":{"rendered":"<p>Consigue\u00a0<strong>Retweets para Twitter<\/strong><img decoding=\"async\" class=\"emoji entered lazyloaded alignnone\" role=\"img\" draggable=\"false\" src=\"https:\/\/s.w.org\/images\/core\/emoji\/13.1.0\/svg\/1f465.svg\" alt=\"\ud83d\udc65 Comprar Retweets Twitter\" width=\"150\" height=\"150\" data-lazy-src=\"https:\/\/s.w.org\/images\/core\/emoji\/13.1.0\/svg\/1f465.svg\" data-ll-status=\"loaded\" \/><\/p>\n<p><strong><b>\u00a1No te pierdas nuestras ofertas!\u00a0<\/b><img decoding=\"async\" class=\"emoji entered lazyloaded alignnone\" role=\"img\" draggable=\"false\" src=\"https:\/\/s.w.org\/images\/core\/emoji\/13.1.0\/svg\/1f4c8.svg\" alt=\"\ud83d\udcc8 Comprar Retweets Twitter\" width=\"150\" height=\"150\" data-lazy-src=\"https:\/\/s.w.org\/images\/core\/emoji\/13.1.0\/svg\/1f4c8.svg\" data-ll-status=\"loaded\" \/><\/strong><\/p>\n<div class=\"pr_excerpt f_300 f_size_15\">\n<h5><b><img decoding=\"async\" class=\"emoji entered lazyloaded\" role=\"img\" draggable=\"false\" src=\"https:\/\/s.w.org\/images\/core\/emoji\/13.1.0\/svg\/2705.svg\" alt=\"\u2705\" data-lazy-src=\"https:\/\/s.w.org\/images\/core\/emoji\/13.1.0\/svg\/2705.svg\" data-ll-status=\"loaded\" \/><\/b> Retweets de Twitter<\/h5>\n<h5><b><img decoding=\"async\" class=\"emoji entered lazyloaded\" role=\"img\" draggable=\"false\" src=\"https:\/\/s.w.org\/images\/core\/emoji\/13.1.0\/svg\/2705.svg\" alt=\"\u2705\" data-lazy-src=\"https:\/\/s.w.org\/images\/core\/emoji\/13.1.0\/svg\/2705.svg\" data-ll-status=\"loaded\" \/><\/b> 30 d\u00edas de Garant\u00eda<\/h5>\n<h5><b><img decoding=\"async\" class=\"emoji entered lazyloaded\" role=\"img\" draggable=\"false\" src=\"https:\/\/s.w.org\/images\/core\/emoji\/13.1.0\/svg\/2705.svg\" alt=\"\u2705\" data-lazy-src=\"https:\/\/s.w.org\/images\/core\/emoji\/13.1.0\/svg\/2705.svg\" data-ll-status=\"loaded\" \/><\/b>\u00a0Soporte en Espa\u00f1ol 24\/7<\/h5>\n<h5><b><img decoding=\"async\" class=\"emoji entered lazyloaded\" role=\"img\" draggable=\"false\" src=\"https:\/\/s.w.org\/images\/core\/emoji\/13.1.0\/svg\/2705.svg\" alt=\"\u2705\" data-lazy-src=\"https:\/\/s.w.org\/images\/core\/emoji\/13.1.0\/svg\/2705.svg\" data-ll-status=\"loaded\" \/><\/b>\u00a0Entrega R\u00c1PIDA Y NATURAL<\/h5>\n<h6 class=\"LC20lb DKV0Md\"><img decoding=\"async\" class=\"emoji entered lazyloaded\" role=\"img\" draggable=\"false\" src=\"https:\/\/s.w.org\/images\/core\/emoji\/13.1.0\/svg\/1f44c.svg\" alt=\"\ud83d\udc4c\" data-lazy-src=\"https:\/\/s.w.org\/images\/core\/emoji\/13.1.0\/svg\/1f44c.svg\" data-ll-status=\"loaded\" \/>\u00a0PAGO \u00daNICO, CON GARANT\u00cdA INCLUIDA<\/h6>\n<\/div>\n","protected":false},"featured_media":2151,"comment_status":"open","ping_status":"closed","template":"","meta":{"bwfblock_default_font":"","_gspb_post_css":""},"store":[261],"product_brand":[],"product_cat":[150],"product_tag":[347],"class_list":{"0":"post-2149","1":"product","2":"type-product","3":"status-publish","4":"has-post-thumbnail","6":"store-twitter","7":"product_cat-twitter","8":"product_tag-comprar-retweets-twitter","9":"wcpa_has_options","11":"first","12":"instock","13":"sale","14":"taxable","15":"shipping-taxable","16":"purchasable","17":"product-type-variable"},"_links":{"self":[{"href":"https:\/\/www.top1social.com\/es\/wp-json\/wp\/v2\/product\/2149","targetHints":{"allow":["GET"]}}],"collection":[{"href":"https:\/\/www.top1social.com\/es\/wp-json\/wp\/v2\/product"}],"about":[{"href":"https:\/\/www.top1social.com\/es\/wp-json\/wp\/v2\/types\/product"}],"replies":[{"embeddable":true,"href":"https:\/\/www.top1social.com\/es\/wp-json\/wp\/v2\/comments?post=2149"}],"wp:featuredmedia":[{"embeddable":true,"href":"https:\/\/www.top1social.com\/es\/wp-json\/wp\/v2\/media\/2151"}],"wp:attachment":[{"href":"https:\/\/www.top1social.com\/es\/wp-json\/wp\/v2\/media?parent=2149"}],"wp:term":[{"taxonomy":"store","embeddable":true,"href":"https:\/\/www.top1social.com\/es\/wp-json\/wp\/v2\/store?post=2149"},{"taxonomy":"product_brand","embeddable":true,"href":"https:\/\/www.top1social.com\/es\/wp-json\/wp\/v2\/product_brand?post=2149"},{"taxonomy":"product_cat","embeddable":true,"href":"https:\/\/www.top1social.com\/es\/wp-json\/wp\/v2\/product_cat?post=2149"},{"taxonomy":"product_tag","embeddable":true,"href":"https:\/\/www.top1social.com\/es\/wp-json\/wp\/v2\/product_tag?post=2149"}],"curies":[{"name":"wp","href":"https:\/\/api.w.org\/{rel}","templated":true}]}}