{"id":2371,"date":"2024-01-21T07:42:58","date_gmt":"2024-01-21T06:42:58","guid":{"rendered":"https:\/\/www.top1social.com\/es\/?post_type=product&#038;p=2371"},"modified":"2024-01-21T11:05:38","modified_gmt":"2024-01-21T10:05:38","slug":"comprar-reproducciones-video-twitter","status":"publish","type":"product","link":"https:\/\/www.top1social.com\/es\/producto\/comprar-reproducciones-video-twitter\/","title":{"rendered":"Comprar Reproducciones de V\u00eddeo Twitter X"},"content":{"rendered":"<h2 style=\"text-align: center;\"><a class=\"product-feature\"><strong class=\"h3\"><span class=\"goog-text-highlight\">\u00bfPOR QU\u00c9 DEBER\u00cdAS COMPRAR REPRODUCCIONES DE VIDEO DE TWITTER?<\/span><\/strong><\/a><\/h2>\n<p>Ahora puede <strong>comprar Reproducciones de V\u00eddeo Twitter. Gracias a ello ser\u00e1 m\u00e1s f\u00e1cil que su v\u00eddeo sea sugerido a muchos usuarios<\/strong>. Si tiene un v\u00eddeo y quiere hacerlo <strong>viral<\/strong> tan pronto como pueda, <strong>compre Reproducciones de v\u00eddeo<\/strong>.<\/p>\n<div class=\"wpsm_update mobfont90\"><span class=\"label-info\">OFERTA<\/span><strong>Consigue Ahora al Mejor Precio nuestro servicio para <a href=\"https:\/\/www.top1social.com\/es\/producto\/comprar-seguidores-twitter\/\">Comprar Seguidores Twitter<\/a>.<\/strong> \ud83c\udfc6<\/div>\n<h2 style=\"text-align: center;\"><a class=\"product-feature\"><strong class=\"h3\"><span class=\"goog-text-highlight\">\u00bfQU\u00c9 SON LAS REPRODUCCIONES DE VIDEO DE TWITTER?<\/span><\/strong><\/a><\/h2>\n<p>Tener muchos v\u00eddeos no tiene sentido si nadie los ve. Sin embargo, si tiene la <strong>cantidad correcta de Reproducciones de v\u00eddeo<\/strong>, el algoritmo comenzar\u00e1 a publicar su v\u00eddeo para crear m\u00e1s participaci\u00f3n y llegar a una audiencia mucho mayor.<\/p>\n<h2 style=\"text-align: center;\">\u00bfPor qu\u00e9 Comprar Reproducciones de V\u00eddeo de Twitter?<\/h2>\n<p><strong>Comprar Reproducciones de Twitter<\/strong> para aumentar su alcance social es quiz\u00e1s uno de los movimientos m\u00e1s inteligentes que se puede hacer hoy en d\u00eda. <strong>Cuentas de Empresas, particulares y hasta partidos pol\u00edticos ya siguen esta estrategia<\/strong>. Grabar v\u00eddeos y compartirlos en nuestras plataformas de redes sociales favoritas siempre es divertido. Sin embargo, a veces, nos sentimos arrepentidos de subir el v\u00eddeo porque no recibe Reproducciones.<\/p>\n<p>En plataformas como <strong>Twitter, si su contenido obtiene una cantidad significativa de visitas, la aplicaci\u00f3n lo sugerir\u00e1 a todos.<\/strong> El v\u00eddeo estar\u00e1 en la <strong>parte superior del feed de las personas<\/strong> y, de repente, todos tendr\u00e1n que ver su v\u00eddeo. \u00bfTe sentir\u00edas mejor si te decimos que hay una soluci\u00f3n para eso? Con nuestro servicio de alta calidad, puede <strong>comprar reproducciones de V\u00eddeos de Twitter ahora mismo<\/strong>.<\/p>\n<h2 style=\"text-align: center;\">\u00bfC\u00f3mo comprar Reproducciones de v\u00eddeo de Twitter?<\/h2>\n<p>Rompe tus l\u00edmites y da el primer paso para volverte <strong>popular en Twitter<\/strong>.\u00a0\u00bfNo te sientes cansado de no tener suficientes visitas y no llamar la atenci\u00f3n de la gente?\u00a0Nuestro servicio le permite <strong>comprar reproducciones reales de v\u00eddeos de Twitter a precios asequibles<\/strong>. <span class=\"\">Si crees que ser\u00e1 beneficioso para ti llamar la atenci\u00f3n de las personas y hacer que miren tus cosas por curiosidad, deber\u00edas considerar comprar nuestro servicio y darte una oportunidad.<\/span><\/p>\n<p>Adem\u00e1s, si adquiere otros de nuestros servicios como <strong><a href=\"https:\/\/www.top1social.com\/es\/producto\/comprar-seguidores-twitter\/\">Comprar de Seguidores de Twitter<\/a><\/strong>, o <strong><a href=\"https:\/\/www.top1social.com\/es\/producto\/comprar-likes-twitter\/\">Comprar Likes de Twitter<\/a><\/strong> conseguir\u00e1 un <strong>alcance Top en esta Red Social.<\/strong><\/p>\n<h2 style=\"text-align: center;\" data-sourcepos=\"1:1-1:56\"><strong>Beneficios de Comprar reproducciones de V\u00eddeo de Twitter<\/strong><\/h2>\n<p data-sourcepos=\"5:1-5:151\"><strong>Comprar reproducciones de Twitter<\/strong> puede tener una serie de beneficios, tanto para personas como para empresas. Estos beneficios incluyen:<\/p>\n<ul data-sourcepos=\"7:1-10:0\">\n<li data-sourcepos=\"7:1-7:259\"><strong>Mayor visibilidad y alcance:<\/strong>\u00a0A medida que un v\u00eddeo tiene m\u00e1s reproducciones, se vuelve m\u00e1s visible para un p\u00fablico m\u00e1s amplio. Esto puede ayudar a que el usuario o empresa se destaque entre la competencia y atraiga a m\u00e1s clientes o usuarios potenciales.<\/li>\n<li data-sourcepos=\"8:1-8:248\"><strong>M\u00e1s interacciones:<\/strong>\u00a0Los usuarios que reproducen un v\u00eddeo suelen participar en \u00e9l interactuando con el usuario o empresa original a trav\u00e9s de comentarios, reacciones y me gusta. Esto puede ayudar a crear una comunidad m\u00e1s s\u00f3lida y comprometida.<\/li>\n<li data-sourcepos=\"9:1-10:0\"><strong>M\u00e1s oportunidades de negocio:<\/strong>\u00a0Los usuarios y empresas con una gran audiencia en Twitter pueden aprovecharla para generar oportunidades de negocio, como la venta de productos o servicios, la promoci\u00f3n de marcas o la colaboraci\u00f3n con otros usuarios o empresas.<\/li>\n<\/ul>\n<p style=\"text-align: center;\"><strong>\u00a1Impulsa ahora tu cuenta y llega a millones de personas!<\/strong><\/p>\n","protected":false},"excerpt":{"rendered":"<p>Consigue\u00a0<strong>Reproducciones de V\u00eddeo para Twitter<\/strong><img decoding=\"async\" class=\"emoji entered lazyloaded alignnone\" role=\"img\" draggable=\"false\" src=\"https:\/\/s.w.org\/images\/core\/emoji\/13.1.0\/svg\/1f465.svg\" alt=\"\ud83d\udc65 Comprar Reproducciones de V\u00eddeo Twitter\" width=\"150\" height=\"150\" data-lazy-src=\"https:\/\/s.w.org\/images\/core\/emoji\/13.1.0\/svg\/1f465.svg\" data-ll-status=\"loaded\" \/><\/p>\n<p><strong><b>\u00a1No te pierdas nuestras ofertas!\u00a0<\/b><img decoding=\"async\" class=\"emoji entered lazyloaded alignnone\" role=\"img\" draggable=\"false\" src=\"https:\/\/s.w.org\/images\/core\/emoji\/13.1.0\/svg\/1f4c8.svg\" alt=\"\ud83d\udcc8 Comprar Reproducciones de V\u00eddeo Twitter\" width=\"150\" height=\"150\" data-lazy-src=\"https:\/\/s.w.org\/images\/core\/emoji\/13.1.0\/svg\/1f4c8.svg\" data-ll-status=\"loaded\" \/><\/strong><\/p>\n<div class=\"pr_excerpt f_300 f_size_15\">\n<h5><b><img decoding=\"async\" class=\"emoji entered lazyloaded\" role=\"img\" draggable=\"false\" src=\"https:\/\/s.w.org\/images\/core\/emoji\/13.1.0\/svg\/2705.svg\" alt=\"\u2705\" data-lazy-src=\"https:\/\/s.w.org\/images\/core\/emoji\/13.1.0\/svg\/2705.svg\" data-ll-status=\"loaded\" \/><\/b>\u00a0Haz Crecer tu Cuenta de Twitter<\/h5>\n<h5><b><img decoding=\"async\" class=\"emoji entered lazyloaded\" role=\"img\" draggable=\"false\" src=\"https:\/\/s.w.org\/images\/core\/emoji\/13.1.0\/svg\/2705.svg\" alt=\"\u2705\" data-lazy-src=\"https:\/\/s.w.org\/images\/core\/emoji\/13.1.0\/svg\/2705.svg\" data-ll-status=\"loaded\" \/><\/b>\u00a0Nuestros Servicios tienen 30 d\u00edas de Garant\u00eda<\/h5>\n<h5><b><img decoding=\"async\" class=\"emoji entered lazyloaded\" role=\"img\" draggable=\"false\" src=\"https:\/\/s.w.org\/images\/core\/emoji\/13.1.0\/svg\/2705.svg\" alt=\"\u2705\" data-lazy-src=\"https:\/\/s.w.org\/images\/core\/emoji\/13.1.0\/svg\/2705.svg\" data-ll-status=\"loaded\" \/><\/b>\u00a0Soporte en Espa\u00f1ol 24\/7<\/h5>\n<h5><b><img decoding=\"async\" class=\"emoji entered lazyloaded\" role=\"img\" draggable=\"false\" src=\"https:\/\/s.w.org\/images\/core\/emoji\/13.1.0\/svg\/2705.svg\" alt=\"\u2705\" data-lazy-src=\"https:\/\/s.w.org\/images\/core\/emoji\/13.1.0\/svg\/2705.svg\" data-ll-status=\"loaded\" \/><\/b>\u00a0Entrega R\u00c1PIDA Y NATURAL<\/h5>\n<h6 class=\"LC20lb DKV0Md\"><img decoding=\"async\" class=\"emoji entered lazyloaded\" role=\"img\" draggable=\"false\" src=\"https:\/\/s.w.org\/images\/core\/emoji\/13.1.0\/svg\/1f44c.svg\" alt=\"\ud83d\udc4c\" data-lazy-src=\"https:\/\/s.w.org\/images\/core\/emoji\/13.1.0\/svg\/1f44c.svg\" data-ll-status=\"loaded\" \/>\u00a0PAGO \u00daNICO, CON GARANT\u00cdA INCLUIDA<\/h6>\n<\/div>\n","protected":false},"featured_media":2374,"comment_status":"open","ping_status":"closed","template":"","meta":{"bwfblock_default_font":"","_gspb_post_css":""},"store":[261],"product_brand":[],"product_cat":[150],"product_tag":[406],"class_list":{"0":"post-2371","1":"product","2":"type-product","3":"status-publish","4":"has-post-thumbnail","6":"store-twitter","7":"product_cat-twitter","8":"product_tag-comprar-reproducciones-de-video-twitter","9":"wcpa_has_options","11":"first","12":"instock","13":"sale","14":"taxable","15":"shipping-taxable","16":"purchasable","17":"product-type-variable"},"_links":{"self":[{"href":"https:\/\/www.top1social.com\/es\/wp-json\/wp\/v2\/product\/2371","targetHints":{"allow":["GET"]}}],"collection":[{"href":"https:\/\/www.top1social.com\/es\/wp-json\/wp\/v2\/product"}],"about":[{"href":"https:\/\/www.top1social.com\/es\/wp-json\/wp\/v2\/types\/product"}],"replies":[{"embeddable":true,"href":"https:\/\/www.top1social.com\/es\/wp-json\/wp\/v2\/comments?post=2371"}],"wp:featuredmedia":[{"embeddable":true,"href":"https:\/\/www.top1social.com\/es\/wp-json\/wp\/v2\/media\/2374"}],"wp:attachment":[{"href":"https:\/\/www.top1social.com\/es\/wp-json\/wp\/v2\/media?parent=2371"}],"wp:term":[{"taxonomy":"store","embeddable":true,"href":"https:\/\/www.top1social.com\/es\/wp-json\/wp\/v2\/store?post=2371"},{"taxonomy":"product_brand","embeddable":true,"href":"https:\/\/www.top1social.com\/es\/wp-json\/wp\/v2\/product_brand?post=2371"},{"taxonomy":"product_cat","embeddable":true,"href":"https:\/\/www.top1social.com\/es\/wp-json\/wp\/v2\/product_cat?post=2371"},{"taxonomy":"product_tag","embeddable":true,"href":"https:\/\/www.top1social.com\/es\/wp-json\/wp\/v2\/product_tag?post=2371"}],"curies":[{"name":"wp","href":"https:\/\/api.w.org\/{rel}","templated":true}]}}