{"id":2402,"date":"2024-01-18T01:11:53","date_gmt":"2024-01-18T00:11:53","guid":{"rendered":"https:\/\/www.top1social.com\/es\/?post_type=product&#038;p=2402"},"modified":"2024-01-18T11:54:52","modified_gmt":"2024-01-18T10:54:52","slug":"comprar-resenas-5-estrellas-facebook","status":"publish","type":"product","link":"https:\/\/www.top1social.com\/es\/producto\/comprar-resenas-5-estrellas-facebook\/","title":{"rendered":"Comprar Rese\u00f1as 5 Estrellas Facebook"},"content":{"rendered":"<h2 class=\"col-md-12 col-lg-6 feature-container\" style=\"text-align: center;\"><a class=\"product-feature\"><strong class=\"h3\">\u00bfQU\u00c9 SON LAS RESE\u00d1AS DE 5 ESTRELLAS DE FACEBOOK?<\/strong><\/a><\/h2>\n<div class=\"col-md-12 col-lg-6 feature-container\">\n<p>Si tiene una <strong>p\u00e1gina de negocio en Facebook, o una cuenta con su marca<\/strong>, se espera que tenga <strong>cr\u00edticas y nada mejor que nuestro servicio para Comprar Rese\u00f1as 5 Estrellas Facebook<\/strong>. Si tiene suficientes, la gente comenzar\u00e1 a considerarlo como un proveedor confiable.<\/p>\n<h2 style=\"text-align: center;\">\u00bfCu\u00e1l es la importancia de las Rese\u00f1as de 5 Estrellas de Facebook?<\/h2>\n<p><strong>Las Rese\u00f1as de 5 estrellas en Facebook son un factor importante si desea atraer personas a su cuenta.<\/strong> Sin esperar a que las personas le den esa rese\u00f1a de 5 estrellas, puede\u00a0<strong>comprarnos calificaciones\u00a0de 5 estrellas de Facebook.<\/strong><\/p>\n<ul>\n<li>Servicio muy confiable<\/li>\n<li><strong>100% garant\u00eda de satisfacci\u00f3n<\/strong><\/li>\n<li>Precios competitivos<\/li>\n<li><strong>Rese\u00f1as Personalizadas por usted mismo.<\/strong><\/li>\n<li>Escriba las rese\u00f1as que desea y nosotros las publicaremos<\/li>\n<li>Rese\u00f1as Internacionales<\/li>\n<li>30 D\u00edas de Garant\u00eda<\/li>\n<\/ul>\n<div class=\"wpsm_update mobfont90\"><span class=\"label-info\">PROMO<\/span><strong>Ahora de Oferta consigue nuestro servicio para\u00a0<a href=\"https:\/\/www.top1social.com\/es\/producto\/comprar-seguidores-facebook-fans\/\">Comprar Seguidores Facebook<\/a><\/strong><\/div>\n<p>Muchas<strong> empresas trasladaron su negocio a Facebook.<\/strong> Porque pueden llegar f\u00e1cilmente a sus clientes potenciales. Si tiene un negocio, tambi\u00e9n puede hacer crecer su negocio,<strong> promocionar sus productos o servicios y comenzar a ganar dinero con la venta o promociones de sus productos.<\/strong>\u00a0Pero crear una p\u00e1gina de Facebook no es suficiente.<\/p>\n<p><strong>Necesita obtener Rese\u00f1as de 5 estrellas de Facebook<\/strong>. En el mundo en l\u00ednea moderno, hay mucho contenido que la gente encuentra.<\/p>\n<p>La gente dedica solo <strong>unos segundos<\/strong>\u00a0\u00a0a tu contenido.\u00a0Si ven <strong>rese\u00f1as positivas en Facebook<\/strong> en lugar de rese\u00f1as negativas o ninguna rese\u00f1a, es m\u00e1s probable que se queden en tu contenido y sigan buscando.\u00a0Tu p\u00e1gina comercial tendr\u00e1 autoridad y parecer\u00e1 m\u00e1s confiable para tus clientes potenciales.\u00a0De lo contrario, generalmente se alejar\u00e1n.<\/p>\n<h2 style=\"text-align: center;\">\u00bfPor qu\u00e9 necesita Comprar Rese\u00f1as de Facebook?<\/h2>\n<p><strong>El sistema de Rese\u00f1as de 5 estrellas de Facebook<\/strong> es uno de los factores de marketing, por lo tanto, si su negocio est\u00e1 en Facebook, debe tener esto en su p\u00e1gina de fans.\u00a0Decide cu\u00e1nto les gustas a tus fans y c\u00f3mo te califican.<\/p>\n<p><strong>Las estrellas son muy importantes.<\/strong> Y las personas pueden enfocarse en la calidad de su negocio en lugar de la cantidad de seguidores. Actualmente est\u00e1 disponible para las p\u00e1ginas de negocios de Facebook, adem\u00e1s de recomendarle <strong><a href=\"https:\/\/www.top1social.com\/es\/producto\/comprar-seguidores-facebook-fans\/\">aumentar el numero de Seguidores en Facebook<\/a><\/strong>. <strong>Tener calificaciones de 5 estrellas en Facebook le brinda la oportunidad de hacer que su negocio sea tan popular como los grandes jugadores en su mercado.<\/strong><\/p>\n<p>Puede lograr esto si<strong> compra rese\u00f1as de 5 estrellas.<\/strong> Las revisiones le dar\u00e1n a la p\u00e1gina de su empresa el poder que necesita para competir con sus competidores y tener la credibilidad comercial en la p\u00e1gina de\u00a0<strong>redes sociales<\/strong>\u00a0de su negocio.\u00a0Si sus Rese\u00f1as son altas en su p\u00e1gina, es menos probable que los clientes vayan a su competidor.<\/p>\n<p>Cuando decida comprar\u00a0<strong>\u00a0Facebook 5 estrellas<\/strong>\u00a0, llegar\u00e1 a m\u00e1s personas y sus n\u00fameros de calificaci\u00f3n promedio mejorar\u00e1n.\u00a0Los clientes buscan contenido de calidad y recomendaciones de calidad para comprar cosas en l\u00ednea.<\/p>\n<h2>\u00bfCu\u00e1les son los beneficios de las Rese\u00f1as de Facebook?<\/h2>\n<p>Cuando <strong>compre Rese\u00f1as de 5 estrellas en Facebook, <\/strong>habr\u00e1 muchos beneficios positivos para su p\u00e1gina\u00a0<strong>.<\/strong><\/p>\n<ul>\n<li>Otros usuarios que visiten su p\u00e1gina ver\u00e1n qu\u00e9 tan popular y confiable es su p\u00e1gina.<\/li>\n<li><strong>Puede aumentar sus ventas y anunciarse a m\u00e1s personas.<\/strong><\/li>\n<li>Aumenta el prestigio de tu empresa corporativa<\/li>\n<li>Siempre aparece en la parte superior de las b\u00fasquedas de Facebook.<\/li>\n<li><strong>Apareces en la secci\u00f3n \u00abp\u00e1ginas recomendadas\u00bb para otros usuarios.<\/strong><\/li>\n<li>Es un servicio barato, real y efectivo.<\/li>\n<\/ul>\n<\/div>\n<div class=\"col-md-12 col-lg-6 feature-container\"><a class=\"product-feature\"><strong class=\"h3\">ENTREGA R\u00c1PIDA<\/strong><\/a><\/div>\n<div class=\"col-md-12 col-lg-6 feature-container\">\n<p>Comenzamos a procesar su pedido tan pronto como complete la compra.\u00a0Su pedido se completa dentro del tiempo de entrega estimado que mostramos en la p\u00e1gina del servicio.<\/p>\n<h2 style=\"text-align: center;\"><strong>Beneficios de Comprar Rese\u00f1as de 5 Estrellas en Facebook<\/strong><\/h2>\n<p><strong>Construcci\u00f3n de una Reputaci\u00f3n S\u00f3lida:<\/strong><\/p>\n<ul>\n<li>Cada rese\u00f1a positiva contribuye a construir una reputaci\u00f3n s\u00f3lida en Facebook. La presencia de valoraciones favorables destaca la confiabilidad y calidad de tu negocio.<\/li>\n<\/ul>\n<p><strong>Aumento de Confianza del Cliente:<\/strong><\/p>\n<ul>\n<li>Valoraciones positivas son una fuente de confianza. Los clientes potenciales se sienten m\u00e1s seguros al elegir un negocio con un historial positivo de rese\u00f1as en Facebook.<\/li>\n<\/ul>\n<p><strong>Mejora de la Percepci\u00f3n de Marca:<\/strong><\/p>\n<ul>\n<li>Rese\u00f1as favorables mejoran la percepci\u00f3n de tu marca. Un flujo constante de valoraciones positivas crea una imagen positiva y atractiva para tus clientes actuales y potenciales.<\/li>\n<\/ul>\n<p><strong>Atracci\u00f3n de Nuevos Clientes:<\/strong><\/p>\n<ul>\n<li>Las buenas valoraciones act\u00faan como un im\u00e1n para nuevos clientes. Los usuarios se sienten atra\u00eddos por negocios con una alta calificaci\u00f3n, aumentando las posibilidades de adquirir nuevos clientes.<\/li>\n<\/ul>\n<p><strong>Diferenciaci\u00f3n Competitiva:<\/strong><\/p>\n<ul>\n<li>Una colecci\u00f3n de rese\u00f1as positivas te diferencia de la competencia. Este aspecto distintivo puede ser un factor clave en la elecci\u00f3n de un cliente entre varias opciones.<\/li>\n<\/ul>\n<p><strong>Incentivo para la Mejora Continua:<\/strong><\/p>\n<ul>\n<li>Valoraciones positivas ofrecen retroalimentaci\u00f3n valiosa. Al entender lo que aprecian tus clientes, puedes utilizar esta informaci\u00f3n para mejorar continuamente tus productos o servicios.<\/li>\n<\/ul>\n<p><strong>Facilitaci\u00f3n del Marketing Boca a Boca:<\/strong><\/p>\n<ul>\n<li>Las valoraciones positivas alimentan el marketing boca a boca. Los clientes satisfechos son propensos a compartir sus experiencias con amigos y familiares, expandiendo as\u00ed el alcance de tu negocio.<\/li>\n<\/ul>\n<p><strong>Potenciaci\u00f3n del Compromiso en Redes Sociales:<\/strong><\/p>\n<ul>\n<li>Compartir rese\u00f1as positivas en tus redes sociales aumenta el compromiso. Este tipo de contenido resalta el aprecio de tus clientes, generando interacciones positivas y reforzando la conexi\u00f3n con tu audiencia en l\u00ednea.<\/li>\n<\/ul>\n<\/div>\n","protected":false},"excerpt":{"rendered":"<p>Consigue\u00a0<strong>Rese\u00f1as de 5 Estrallas en tu P\u00e1gina de Facebook<\/strong><img decoding=\"async\" class=\"emoji entered lazyloaded alignnone\" role=\"img\" draggable=\"false\" src=\"https:\/\/s.w.org\/images\/core\/emoji\/13.1.0\/svg\/1f465.svg\" alt=\"\ud83d\udc65 Comprar Rese\u00f1as 5 Estrellas Facebook\" width=\"150\" height=\"150\" data-lazy-src=\"https:\/\/s.w.org\/images\/core\/emoji\/13.1.0\/svg\/1f465.svg\" data-ll-status=\"loaded\" \/><\/p>\n<p><strong><b>\u00a1No te pierdas nuestras ofertas!\u00a0<\/b><img decoding=\"async\" class=\"emoji entered lazyloaded alignnone\" role=\"img\" draggable=\"false\" src=\"https:\/\/s.w.org\/images\/core\/emoji\/13.1.0\/svg\/1f4c8.svg\" alt=\"\ud83d\udcc8 Comprar Rese\u00f1as 5 Estrellas Facebook\" width=\"150\" height=\"150\" data-lazy-src=\"https:\/\/s.w.org\/images\/core\/emoji\/13.1.0\/svg\/1f4c8.svg\" data-ll-status=\"loaded\" \/><\/strong><\/p>\n<div class=\"pr_excerpt f_300 f_size_15\">\n<h5><b><img decoding=\"async\" class=\"emoji entered lazyloaded\" role=\"img\" draggable=\"false\" src=\"https:\/\/s.w.org\/images\/core\/emoji\/13.1.0\/svg\/2705.svg\" alt=\"\u2705\" data-lazy-src=\"https:\/\/s.w.org\/images\/core\/emoji\/13.1.0\/svg\/2705.svg\" data-ll-status=\"loaded\" \/><\/b> Rese\u00f1as PERSONALIZADAS 5 Estrellas de Facebook<\/h5>\n<h5><b><img decoding=\"async\" class=\"emoji entered lazyloaded\" role=\"img\" draggable=\"false\" src=\"https:\/\/s.w.org\/images\/core\/emoji\/13.1.0\/svg\/2705.svg\" alt=\"\u2705\" data-lazy-src=\"https:\/\/s.w.org\/images\/core\/emoji\/13.1.0\/svg\/2705.svg\" data-ll-status=\"loaded\" \/><\/b>\u00a030 d\u00edas de Garant\u00eda<\/h5>\n<h5><b><img decoding=\"async\" class=\"emoji entered lazyloaded\" role=\"img\" draggable=\"false\" src=\"https:\/\/s.w.org\/images\/core\/emoji\/13.1.0\/svg\/2705.svg\" alt=\"\u2705\" data-lazy-src=\"https:\/\/s.w.org\/images\/core\/emoji\/13.1.0\/svg\/2705.svg\" data-ll-status=\"loaded\" \/><\/b>\u00a0Soporte en Espa\u00f1ol 24\/7<\/h5>\n<h5><b><img decoding=\"async\" class=\"emoji entered lazyloaded\" role=\"img\" draggable=\"false\" src=\"https:\/\/s.w.org\/images\/core\/emoji\/13.1.0\/svg\/2705.svg\" alt=\"\u2705\" data-lazy-src=\"https:\/\/s.w.org\/images\/core\/emoji\/13.1.0\/svg\/2705.svg\" data-ll-status=\"loaded\" \/><\/b>\u00a0Entrega R\u00c1PIDA Y NATURAL<\/h5>\n<h6 class=\"LC20lb DKV0Md\"><img decoding=\"async\" class=\"emoji entered lazyloaded\" role=\"img\" draggable=\"false\" src=\"https:\/\/s.w.org\/images\/core\/emoji\/13.1.0\/svg\/1f44c.svg\" alt=\"\ud83d\udc4c\" data-lazy-src=\"https:\/\/s.w.org\/images\/core\/emoji\/13.1.0\/svg\/1f44c.svg\" data-ll-status=\"loaded\" \/>\u00a0PAGO \u00daNICO, CON GARANT\u00cdA INCLUIDA<\/h6>\n<\/div>\n","protected":false},"featured_media":2404,"comment_status":"open","ping_status":"closed","template":"","meta":{"bwfblock_default_font":"","_gspb_post_css":""},"store":[260],"product_brand":[],"product_cat":[149],"product_tag":[408],"class_list":{"0":"post-2402","1":"product","2":"type-product","3":"status-publish","4":"has-post-thumbnail","6":"store-facebook","7":"product_cat-facebook","8":"product_tag-comprar-valoraciones-5-estrellas-facebook","9":"wcpa_has_options","11":"first","12":"instock","13":"sale","14":"taxable","15":"shipping-taxable","16":"purchasable","17":"product-type-variable"},"_links":{"self":[{"href":"https:\/\/www.top1social.com\/es\/wp-json\/wp\/v2\/product\/2402","targetHints":{"allow":["GET"]}}],"collection":[{"href":"https:\/\/www.top1social.com\/es\/wp-json\/wp\/v2\/product"}],"about":[{"href":"https:\/\/www.top1social.com\/es\/wp-json\/wp\/v2\/types\/product"}],"replies":[{"embeddable":true,"href":"https:\/\/www.top1social.com\/es\/wp-json\/wp\/v2\/comments?post=2402"}],"wp:featuredmedia":[{"embeddable":true,"href":"https:\/\/www.top1social.com\/es\/wp-json\/wp\/v2\/media\/2404"}],"wp:attachment":[{"href":"https:\/\/www.top1social.com\/es\/wp-json\/wp\/v2\/media?parent=2402"}],"wp:term":[{"taxonomy":"store","embeddable":true,"href":"https:\/\/www.top1social.com\/es\/wp-json\/wp\/v2\/store?post=2402"},{"taxonomy":"product_brand","embeddable":true,"href":"https:\/\/www.top1social.com\/es\/wp-json\/wp\/v2\/product_brand?post=2402"},{"taxonomy":"product_cat","embeddable":true,"href":"https:\/\/www.top1social.com\/es\/wp-json\/wp\/v2\/product_cat?post=2402"},{"taxonomy":"product_tag","embeddable":true,"href":"https:\/\/www.top1social.com\/es\/wp-json\/wp\/v2\/product_tag?post=2402"}],"curies":[{"name":"wp","href":"https:\/\/api.w.org\/{rel}","templated":true}]}}