{"id":2412,"date":"2024-04-22T11:11:51","date_gmt":"2024-04-22T09:11:51","guid":{"rendered":"https:\/\/www.top1social.com\/es\/?post_type=product&#038;p=2412"},"modified":"2026-04-05T15:30:21","modified_gmt":"2026-04-05T13:30:21","slug":"comprar-comentarios-personalizados-youtube","status":"publish","type":"product","link":"https:\/\/www.top1social.com\/es\/producto\/comprar-comentarios-personalizados-youtube\/","title":{"rendered":"Comprar Comentarios Personalizados YouTube"},"content":{"rendered":"<h2 class=\"col-md-12 col-lg-6 feature-container\" style=\"text-align: center;\"><a class=\"product-feature\"><strong class=\"h3\">\u00bfPOR QU\u00c9 DEBER\u00cdAS COMPRAR COMENTARIOS PERSONALIZADOS DE YOUTUBE?<\/strong><\/a><\/h2>\n<div class=\"col-md-12 col-lg-6 feature-container\">\n<p><strong>Tener comentarios en tus videos afecta de manera muy positiva en la clasificaci\u00f3n de tus videos en YouTube<\/strong>. Una vez que obtenga nuestro servicio para<strong> comprar comentarios personalizados para YouTube<\/strong>, puede recibir m\u00e1s comentarios de los espectadores y aumentar sus posibilidades de clasificaci\u00f3n.<\/p>\n<h3 style=\"text-align: center;\">Conoce los Beneficios de Comprar Comentarios de YouTube en Top1Social<\/h3>\n<h4><strong>\ud83d\udc65 Los Mejores Usuarios 100% reales<br \/>\n<\/strong><strong>\u26a1 Entrega inmediata nada m\u00e1s procesar tu pedido<br \/>\n<\/strong><\/h4>\n<h4><strong>\ud83c\udf81<\/strong><strong> Ahora Personaliza tus Comentarios de YouTube GRATIS<\/strong><br \/>\n<strong>\ud83d\udd25<\/strong><strong>\u00a0\u00a1\u00a1Garant\u00eda de 30 d\u00edas!!<\/strong><\/h4>\n<h4><strong>\u2b50 La mejor calidad de Servicio<\/strong><strong><br \/>\n<\/strong><strong>\u2b50 100% seguro y an\u00f3nimo<br \/>\n\u2b50 Pago seguro, \u00a1Ahora con BIZUM!<\/strong><strong><br \/>\n<\/strong><strong>\u2b50 Miles de influencers nos usan cada d\u00eda<\/strong><\/h4>\n<h4><strong>M\u00e1s de 10 A\u00f1os de Marketing Online \u2705<br \/>\n<\/strong><strong>Soporte 24\/7 en Espa\u00f1ol \u2705<\/strong><br \/>\n<strong>NO Pedimos Contrase\u00f1a\u2705<\/strong><\/h4>\n<\/div>\n<h2 class=\"col-md-12 col-lg-6 feature-container\" style=\"text-align: center;\"><a class=\"product-feature\"><strong class=\"h3\">QUE SON LOS COMENTARIOS PERSONALIZADOS DE YOUTUBE<\/strong><\/a><\/h2>\n<div class=\"col-md-12 col-lg-6 feature-container\">\n<p><strong>Los comentarios son una de las impresiones m\u00e1s dif\u00edciles de obtener en todas las plataformas sociales.<\/strong> Por lo tanto, los algoritmos los aman. Adem\u00e1s, pueden captar bastante bien la atenci\u00f3n de tu audiencia. <strong>Ahora con nuestro servicio puede adquirir comentarios en sus v\u00eddeos escritos por usted mismo.<\/strong><\/p>\n<div class=\"wpsm_update mobfont90\"><span class=\"label-info\">PROMO<\/span><strong>Consigue ahora en Oferta al Mejor Precio nuestro servicio para <a href=\"https:\/\/www.top1social.com\/es\/producto\/comprar-suscriptores-youtube\/\">Comprar Suscriptores Youtube<\/a>.<\/strong><\/div>\n<p><\/p>\n<h2 style=\"text-align: center;\">\u00bfPor qu\u00e9 deber\u00eda comprar comentarios de YouTube?<\/h2>\n<p><strong>Comprar comentarios personalizados de YouTube<\/strong> aumenta sus posibilidades de obtener m\u00e1s participaci\u00f3n. <strong>Si posee un canal de YouTube y su objetivo es ganar dinero subiendo videos<\/strong>, su canal siempre debe estar activo, lo que significa que debe grabar, editar y cargar videos con regularidad.<\/p>\n<p><strong>Es fundamental obtener tambi\u00e9n <a href=\"https:\/\/www.top1social.com\/es\/producto\/comprar-suscriptores-youtube\/\">Suscriptores para YouTube<\/a>, <a href=\"https:\/\/www.top1social.com\/es\/producto\/comprar-likes-youtube\/\">Likes para YouTube<\/a><\/strong> y comentarios sobre los videos que subes y <strong>empezaras a crecer de manera natural<\/strong> y conseguir vivir de YouTube. <span class=\"\">Brindan interacci\u00f3n y son \u00fatiles para hacer que su canal sea popular.<\/span><\/p>\n<p>Recibir comentarios de tus espectadores es un poco dif\u00edcil.\u00a0Sobre todo al principio, tus espectadores escriben comentarios en casos muy excepcionales.\u00a0No puede obligarlos a dar su opini\u00f3n, pero puede\u00a0<strong>comprar comentarios de YouTube<\/strong>.\u00a0 Si adem\u00e1s adquiere <strong><a href=\"https:\/\/www.top1social.com\/es\/producto\/comprar-visitas-youtube\/\">visitas para sus v\u00eddeos de YouTube<\/a><\/strong> posicionar\u00e1 mejor sus v\u00eddeos en las b\u00fasquedas\u00a0y <strong>conseguir\u00e1 mas seguidores de manera natural.<\/strong><\/p>\n<p>Primero, aseg\u00farese de que la <strong>funci\u00f3n de comentarios est\u00e9 activada para los videos que cargue<\/strong>.\u00a0Si desactiva esta funci\u00f3n, sus seguidores no podr\u00e1n comentar sus videos.\u00a0<strong>Comentar videos hace que ese video sea popular.<\/strong>\u00a0Deber\u00eda considerar comprar nuestros servicios de YouTube debido a:<\/p>\n<ul>\n<li><strong>Cualquier comentario en su video crear\u00e1 un impacto positivo en su cuenta.<\/strong><\/li>\n<li><strong>Los comentarios personalizados<\/strong> que se publican pueden hacer que otros usuarios comenten sus videos.<\/li>\n<li><strong>Los comentarios aumentan las tasas de visualizaci\u00f3n de sus videos<\/strong> como un factor de clasificaci\u00f3n directo para clasificar su video.<\/li>\n<li>Los comentarios inician conversaciones y le brindan tasas de participaci\u00f3n m\u00e1s altas.<\/li>\n<\/ul>\n<h2 style=\"text-align: center;\"><strong>Beneficios de Comprar Comentarios Personalizados para V\u00eddeos en YouTube<\/strong><\/h2>\n<p><strong>Creaci\u00f3n de una Comunidad Activa:<\/strong><\/p>\n<ul>\n<li>Cada comentario es una se\u00f1al de participaci\u00f3n activa. Un aumento en los comentarios impulsa la creaci\u00f3n de una comunidad donde los espectadores se conectan, interact\u00faan y comparten sus pensamientos.<\/li>\n<\/ul>\n<p><strong>Enriquecimiento del Contenido:<\/strong><\/p>\n<ul>\n<li>Los comentarios ofrecen valiosas perspectivas y retroalimentaci\u00f3n. Las sugerencias y opiniones de los espectadores pueden inspirarte a mejorar tu contenido, adapt\u00e1ndolo a las preferencias de tu audiencia.<\/li>\n<\/ul>\n<p><strong>Fortalecimiento de Relaciones con la Audiencia:<\/strong><\/p>\n<ul>\n<li>Responder a los comentarios fortalece las relaciones con tu audiencia. Este di\u00e1logo directo crea un v\u00ednculo m\u00e1s profundo y personal, fomentando la lealtad y el apoyo continuo.<\/li>\n<\/ul>\n<p><strong>Mayor Interacci\u00f3n en la Plataforma:<\/strong><\/p>\n<ul>\n<li>Un aumento en los comentarios indica una mayor interacci\u00f3n en la plataforma. Esto no solo beneficia tu canal, sino que tambi\u00e9n contribuye al vibrante ecosistema de YouTube en su conjunto.<\/li>\n<\/ul>\n<p><strong>Est\u00edmulo para M\u00e1s Contenido:<\/strong><\/p>\n<ul>\n<li>Comentarios positivos pueden ser un est\u00edmulo para crear m\u00e1s contenido. La respuesta entusiasta de la audiencia motiva a los creadores a continuar produciendo videos que resuenen con su audiencia.<\/li>\n<\/ul>\n<p><strong>Oportunidades de Colaboraci\u00f3n:<\/strong><\/p>\n<ul>\n<li>Un canal con comentarios activos puede atraer la atenci\u00f3n de otros creadores. Este intercambio de ideas puede generar oportunidades emocionantes de colaboraci\u00f3n, expandiendo as\u00ed tu alcance.<\/li>\n<\/ul>\n<p><strong>Impulso en el Algoritmo de YouTube:<\/strong><\/p>\n<ul>\n<li>Comentarios abundantes pueden tener un impacto positivo en el algoritmo de YouTube. M\u00e1s comentarios pueden aumentar la visibilidad de tus videos, atrayendo a nuevos espectadores.<\/li>\n<\/ul>\n<p><strong>Construcci\u00f3n de una Comunidad Global:<\/strong><\/p>\n<ul>\n<li>Comentarios de espectadores de diferentes partes del mundo construyen una comunidad global. Esto ampl\u00eda tu impacto y conecta a personas de diversas culturas y perspectivas.<\/li>\n<\/ul>\n<\/div>\n","protected":false},"excerpt":{"rendered":"<p>Consigue\u00a0<strong>Comentarios Personalizados para YouTube<\/strong>\u00a0<img decoding=\"async\" class=\"emoji entered lazyloaded alignnone\" role=\"img\" draggable=\"false\" src=\"https:\/\/s.w.org\/images\/core\/emoji\/13.1.0\/svg\/1f465.svg\" alt=\"\ud83d\udc65 Comprar Comentarios Personalizados YouTube\" width=\"150\" height=\"150\" data-lazy-src=\"https:\/\/s.w.org\/images\/core\/emoji\/13.1.0\/svg\/1f465.svg\" data-ll-status=\"loaded\" \/><\/p>\n<p><strong><b>\u00a1No te pierdas nuestras ofertas!\u00a0<\/b><img decoding=\"async\" class=\"emoji entered lazyloaded alignnone\" role=\"img\" draggable=\"false\" src=\"https:\/\/s.w.org\/images\/core\/emoji\/13.1.0\/svg\/1f4c8.svg\" alt=\"\ud83d\udcc8 Comprar Comentarios Personalizados YouTube\" width=\"150\" height=\"150\" data-lazy-src=\"https:\/\/s.w.org\/images\/core\/emoji\/13.1.0\/svg\/1f4c8.svg\" data-ll-status=\"loaded\" \/><\/strong><\/p>\n<div class=\"pr_excerpt f_300 f_size_15\">\n<h5><b><img decoding=\"async\" class=\"emoji entered lazyloaded\" role=\"img\" draggable=\"false\" src=\"https:\/\/s.w.org\/images\/core\/emoji\/13.1.0\/svg\/2705.svg\" alt=\"\u2705\" data-lazy-src=\"https:\/\/s.w.org\/images\/core\/emoji\/13.1.0\/svg\/2705.svg\" data-ll-status=\"loaded\" \/><\/b> Crece en YouTube<\/h5>\n<h5><b><img decoding=\"async\" class=\"emoji entered lazyloaded\" role=\"img\" draggable=\"false\" src=\"https:\/\/s.w.org\/images\/core\/emoji\/13.1.0\/svg\/2705.svg\" alt=\"\u2705\" data-lazy-src=\"https:\/\/s.w.org\/images\/core\/emoji\/13.1.0\/svg\/2705.svg\" data-ll-status=\"loaded\" \/><\/b> \u00a1Consigue la Audiencia que buscas!<\/h5>\n<h5><b><img decoding=\"async\" class=\"emoji entered lazyloaded\" role=\"img\" draggable=\"false\" src=\"https:\/\/s.w.org\/images\/core\/emoji\/13.1.0\/svg\/2705.svg\" alt=\"\u2705\" data-lazy-src=\"https:\/\/s.w.org\/images\/core\/emoji\/13.1.0\/svg\/2705.svg\" data-ll-status=\"loaded\" \/><\/b>\u00a0Soporte en Espa\u00f1ol 24\/7<\/h5>\n<h5><b><img decoding=\"async\" class=\"emoji entered lazyloaded\" role=\"img\" draggable=\"false\" src=\"https:\/\/s.w.org\/images\/core\/emoji\/13.1.0\/svg\/2705.svg\" alt=\"\u2705\" data-lazy-src=\"https:\/\/s.w.org\/images\/core\/emoji\/13.1.0\/svg\/2705.svg\" data-ll-status=\"loaded\" \/><\/b>\u00a0Entrega R\u00c1PIDA Y NATURAL<\/h5>\n<h6 class=\"LC20lb DKV0Md\"><img decoding=\"async\" class=\"emoji entered lazyloaded\" role=\"img\" draggable=\"false\" src=\"https:\/\/s.w.org\/images\/core\/emoji\/13.1.0\/svg\/1f44c.svg\" alt=\"\ud83d\udc4c\" data-lazy-src=\"https:\/\/s.w.org\/images\/core\/emoji\/13.1.0\/svg\/1f44c.svg\" data-ll-status=\"loaded\" \/>\u00a0PAGO \u00daNICO, CON GARANT\u00cdA INCLUIDA<\/h6>\n<\/div>\n","protected":false},"featured_media":2414,"comment_status":"open","ping_status":"closed","template":"","meta":{"bwfblock_default_font":"","_gspb_post_css":""},"store":[259],"product_brand":[],"product_cat":[15],"product_tag":[414],"class_list":{"0":"post-2412","1":"product","2":"type-product","3":"status-publish","4":"has-post-thumbnail","6":"store-youtube","7":"product_cat-youtube","8":"product_tag-comprar-comentarios-personalizados-youtube","9":"wcpa_has_options","11":"first","12":"instock","13":"sale","14":"taxable","15":"shipping-taxable","16":"purchasable","17":"product-type-variable"},"_links":{"self":[{"href":"https:\/\/www.top1social.com\/es\/wp-json\/wp\/v2\/product\/2412","targetHints":{"allow":["GET"]}}],"collection":[{"href":"https:\/\/www.top1social.com\/es\/wp-json\/wp\/v2\/product"}],"about":[{"href":"https:\/\/www.top1social.com\/es\/wp-json\/wp\/v2\/types\/product"}],"replies":[{"embeddable":true,"href":"https:\/\/www.top1social.com\/es\/wp-json\/wp\/v2\/comments?post=2412"}],"wp:featuredmedia":[{"embeddable":true,"href":"https:\/\/www.top1social.com\/es\/wp-json\/wp\/v2\/media\/2414"}],"wp:attachment":[{"href":"https:\/\/www.top1social.com\/es\/wp-json\/wp\/v2\/media?parent=2412"}],"wp:term":[{"taxonomy":"store","embeddable":true,"href":"https:\/\/www.top1social.com\/es\/wp-json\/wp\/v2\/store?post=2412"},{"taxonomy":"product_brand","embeddable":true,"href":"https:\/\/www.top1social.com\/es\/wp-json\/wp\/v2\/product_brand?post=2412"},{"taxonomy":"product_cat","embeddable":true,"href":"https:\/\/www.top1social.com\/es\/wp-json\/wp\/v2\/product_cat?post=2412"},{"taxonomy":"product_tag","embeddable":true,"href":"https:\/\/www.top1social.com\/es\/wp-json\/wp\/v2\/product_tag?post=2412"}],"curies":[{"name":"wp","href":"https:\/\/api.w.org\/{rel}","templated":true}]}}