{"id":2444,"date":"2024-01-17T03:33:12","date_gmt":"2024-01-17T02:33:12","guid":{"rendered":"https:\/\/www.top1social.com\/es\/?post_type=product&#038;p=2444"},"modified":"2025-10-31T01:05:10","modified_gmt":"2025-10-31T00:05:10","slug":"comprar-visitas-youtube-alta-retencion","status":"publish","type":"product","link":"https:\/\/www.top1social.com\/es\/producto\/comprar-visitas-youtube-alta-retencion\/","title":{"rendered":"Comprar Visitas YouTube de Alta Retenci\u00f3n"},"content":{"rendered":"<h2 style=\"text-align: center;\">Comprar Visitas YouTube de Alta Retenci\u00f3n<\/h2>\n<p>Gracias a nuestros servicios ahora puedes <strong>Comprar Visitas YouTube de Alta Retenci\u00f3n<\/strong>\u00a0para facilitar tu proceso de monetizaci\u00f3n o para <strong>subir en las posiciones de el algoritmo de YouTube<\/strong>.<\/p>\n<p>Cuando se trata de comprar tiempo de retenci\u00f3n de v\u00eddeos conf\u00eda en nosotros. Como hemos dicho antes, si no quieres perder tiempo en <strong>conseguir horas de visionado<\/strong>, o quieres subir en las posiciones de manera org\u00e1nica contrata el servicio que necesites.<\/p>\n<div class=\"wpsm_update mobfont90\"><span class=\"label-info\">PROMO<\/span><strong>Consigue Ahora al Mejor Precio nuestro servicio para <a href=\"https:\/\/www.top1social.com\/es\/producto\/comprar-suscriptores-youtube\/\">Comprar Suscriptores YouTube.<\/a><\/strong><\/div>\n<h2 style=\"text-align: center;\">\u00bfCu\u00e1les son los beneficios de tener Visitas en YouTube?<\/h2>\n<p>Ahora que sabes que es seguro y legal <strong>comprar productos de <a href=\"https:\/\/www.top1social.com\/es\/categoria-producto\/youtube\/\">YouTube<\/a><\/strong>, hablemos de cu\u00e1les son los <strong>beneficios de comprar visitas para YouTube<\/strong>. Estos beneficios incluyen:<\/p>\n<p><img decoding=\"async\" class=\"emoji entered lazyloaded\" role=\"img\" draggable=\"false\" src=\"https:\/\/s.w.org\/images\/core\/emoji\/14.0.0\/svg\/2705.svg\" alt=\"\u2705\" data-lazy-src=\"https:\/\/s.w.org\/images\/core\/emoji\/14.0.0\/svg\/2705.svg\" data-ll-status=\"loaded\" data-lazy- title=\"\"><strong>Su perfil inmediatamente parecer\u00e1 m\u00e1s popular<\/strong><\/p>\n<p><img decoding=\"async\" class=\"emoji entered lazyloaded\" role=\"img\" draggable=\"false\" src=\"https:\/\/s.w.org\/images\/core\/emoji\/14.0.0\/svg\/2705.svg\" alt=\"\u2705\" data-lazy-src=\"https:\/\/s.w.org\/images\/core\/emoji\/14.0.0\/svg\/2705.svg\" data-ll-status=\"loaded\" data-lazy- title=\"\">Subir\u00e1s de manera org\u00e1nica y natural<\/p>\n<p><img decoding=\"async\" class=\"emoji entered lazyloaded\" role=\"img\" draggable=\"false\" src=\"https:\/\/s.w.org\/images\/core\/emoji\/14.0.0\/svg\/2705.svg\" alt=\"\u2705\" data-lazy-src=\"https:\/\/s.w.org\/images\/core\/emoji\/14.0.0\/svg\/2705.svg\" data-ll-status=\"loaded\" data-lazy- title=\"\"><strong>Tus videos tienen m\u00e1s probabilidades de volverse virales<\/strong><\/p>\n<p><img decoding=\"async\" class=\"emoji entered lazyloaded\" role=\"img\" draggable=\"false\" src=\"https:\/\/s.w.org\/images\/core\/emoji\/14.0.0\/svg\/2705.svg\" alt=\"\u2705\" data-lazy-src=\"https:\/\/s.w.org\/images\/core\/emoji\/14.0.0\/svg\/2705.svg\" data-ll-status=\"loaded\" data-lazy- title=\"\"><strong>Puedes ganar dinero con YouTube<\/strong><\/p>\n<p><img decoding=\"async\" class=\"emoji entered lazyloaded\" role=\"img\" draggable=\"false\" src=\"https:\/\/s.w.org\/images\/core\/emoji\/14.0.0\/svg\/2705.svg\" alt=\"\u2705\" data-lazy-src=\"https:\/\/s.w.org\/images\/core\/emoji\/14.0.0\/svg\/2705.svg\" data-ll-status=\"loaded\" data-lazy- title=\"\">Manera f\u00e1cil de crecer en tu YouTube<\/p>\n<p style=\"text-align: center;\"><img decoding=\"async\" class=\"emoji entered lazyloaded\" role=\"img\" draggable=\"false\" src=\"https:\/\/s.w.org\/images\/core\/emoji\/14.0.0\/svg\/2b50.svg\" alt=\"\u2b50\" data-lazy-src=\"https:\/\/s.w.org\/images\/core\/emoji\/14.0.0\/svg\/2b50.svg\" data-ll-status=\"loaded\" data-lazy- title=\"\"><img decoding=\"async\" class=\"emoji entered lazyloaded\" role=\"img\" draggable=\"false\" src=\"https:\/\/s.w.org\/images\/core\/emoji\/14.0.0\/svg\/2b50.svg\" alt=\"\u2b50\" data-lazy-src=\"https:\/\/s.w.org\/images\/core\/emoji\/14.0.0\/svg\/2b50.svg\" data-ll-status=\"loaded\" data-lazy- title=\"\"><img decoding=\"async\" class=\"emoji entered lazyloaded\" role=\"img\" draggable=\"false\" src=\"https:\/\/s.w.org\/images\/core\/emoji\/14.0.0\/svg\/2b50.svg\" alt=\"\u2b50\" data-lazy-src=\"https:\/\/s.w.org\/images\/core\/emoji\/14.0.0\/svg\/2b50.svg\" data-ll-status=\"loaded\" data-lazy- title=\"\"><img decoding=\"async\" class=\"emoji entered lazyloaded\" role=\"img\" draggable=\"false\" src=\"https:\/\/s.w.org\/images\/core\/emoji\/14.0.0\/svg\/2b50.svg\" alt=\"\u2b50\" data-lazy-src=\"https:\/\/s.w.org\/images\/core\/emoji\/14.0.0\/svg\/2b50.svg\" data-ll-status=\"loaded\" data-lazy- title=\"\"><img decoding=\"async\" class=\"emoji entered lazyloaded\" role=\"img\" draggable=\"false\" src=\"https:\/\/s.w.org\/images\/core\/emoji\/14.0.0\/svg\/2b50.svg\" alt=\"\u2b50\" data-lazy-src=\"https:\/\/s.w.org\/images\/core\/emoji\/14.0.0\/svg\/2b50.svg\" data-ll-status=\"loaded\" data-lazy- title=\"\">\u00a0Ofrecemos nuestros Servicios con la\u00a0<b>mejor calidad.\u00a0<\/b><span class=\"\">\u00a1Ofrecemos\u00a0<strong>Visitas de YouTube<\/strong>\u00a0de alta calidad al mejor\u00a0<\/span><b><span class=\"\">precio!<\/span><\/b><\/p>\n<p style=\"text-align: center;\"><img decoding=\"async\" class=\"emoji entered lazyloaded aligncenter\" role=\"img\" draggable=\"false\" src=\"https:\/\/s.w.org\/images\/core\/emoji\/14.0.0\/svg\/1f3c6.svg\" alt=\"\ud83c\udfc6\" data-lazy-src=\"https:\/\/s.w.org\/images\/core\/emoji\/14.0.0\/svg\/1f3c6.svg\" data-ll-status=\"loaded\" data-lazy- title=\"\">\u00a0Todos nuestros productos vienen con una\u00a0<b>garant\u00eda gratuita de 30 d\u00edas<\/b>.<\/p>\n<p style=\"text-align: center;\"><strong>Ahora con un DESCUENTO DE M\u00c1S DEL 50%<\/strong><\/p>\n<p style=\"text-align: left;\"><div class=\"wpsm-testimonial\"><div class=\"wpsm-testimonial-content\"><img decoding=\"async\" class=\"emoji\" role=\"img\" draggable=\"false\" src=\"https:\/\/s.w.org\/images\/core\/emoji\/14.0.0\/svg\/2b50.svg\" alt=\"\u2b50\" title=\"\"><img decoding=\"async\" class=\"emoji\" role=\"img\" draggable=\"false\" src=\"https:\/\/s.w.org\/images\/core\/emoji\/14.0.0\/svg\/2b50.svg\" alt=\"\u2b50\" title=\"\"><img decoding=\"async\" class=\"emoji\" role=\"img\" draggable=\"false\" src=\"https:\/\/s.w.org\/images\/core\/emoji\/14.0.0\/svg\/2b50.svg\" alt=\"\u2b50\" title=\"\"><img decoding=\"async\" class=\"emoji\" role=\"img\" draggable=\"false\" src=\"https:\/\/s.w.org\/images\/core\/emoji\/14.0.0\/svg\/2b50.svg\" alt=\"\u2b50\" title=\"\"><img decoding=\"async\" class=\"emoji\" role=\"img\" draggable=\"false\" src=\"https:\/\/s.w.org\/images\/core\/emoji\/14.0.0\/svg\/2b50.svg\" alt=\"\u2b50\" title=\"\"><\/p>\n<p style=\"text-align: left;\"><strong>Compre Suscriptores para poder monetizar y ya me aprob\u00f3 YouTube. Ahora estoy usando este servicio para posicionar mis videos y estoy creciendo mucho. Muchas gracias!<\/strong><br \/>\n<\/div><div class=\"wpsm-testimonial-author\">Jorge - Influencer<\/div><\/div><\/p>\n<p style=\"text-align: left;\"><div class=\"wpsm-testimonial\"><div class=\"wpsm-testimonial-content\"><img decoding=\"async\" class=\"emoji\" role=\"img\" draggable=\"false\" src=\"https:\/\/s.w.org\/images\/core\/emoji\/14.0.0\/svg\/2b50.svg\" alt=\"\u2b50\" title=\"\"><img decoding=\"async\" class=\"emoji\" role=\"img\" draggable=\"false\" src=\"https:\/\/s.w.org\/images\/core\/emoji\/14.0.0\/svg\/2b50.svg\" alt=\"\u2b50\" title=\"\"><img decoding=\"async\" class=\"emoji\" role=\"img\" draggable=\"false\" src=\"https:\/\/s.w.org\/images\/core\/emoji\/14.0.0\/svg\/2b50.svg\" alt=\"\u2b50\" title=\"\"><img decoding=\"async\" class=\"emoji\" role=\"img\" draggable=\"false\" src=\"https:\/\/s.w.org\/images\/core\/emoji\/14.0.0\/svg\/2b50.svg\" alt=\"\u2b50\" title=\"\"><img decoding=\"async\" class=\"emoji\" role=\"img\" draggable=\"false\" src=\"https:\/\/s.w.org\/images\/core\/emoji\/14.0.0\/svg\/2b50.svg\" alt=\"\u2b50\" title=\"\"><\/p>\n<p style=\"text-align: left;\"><strong>Contacte con Top1Social para ver como pod\u00eda monetizar mi canal de YouTube y me dijeron que a partir de 1000 suscriptores y 4000 horas. Compre un paquete algo m\u00e1s grande y muy contenta, ya tengo mi canal monetizado.<\/strong><br \/>\n<\/div><div class=\"wpsm-testimonial-author\">Jenn- MakeUp<\/div><\/div><\/p>\n<p style=\"text-align: left;\"><div class=\"wpsm-testimonial\"><div class=\"wpsm-testimonial-content\"><img decoding=\"async\" class=\"emoji\" role=\"img\" draggable=\"false\" src=\"https:\/\/s.w.org\/images\/core\/emoji\/14.0.0\/svg\/2b50.svg\" alt=\"\u2b50\" title=\"\"><img decoding=\"async\" class=\"emoji\" role=\"img\" draggable=\"false\" src=\"https:\/\/s.w.org\/images\/core\/emoji\/14.0.0\/svg\/2b50.svg\" alt=\"\u2b50\" title=\"\"><img decoding=\"async\" class=\"emoji\" role=\"img\" draggable=\"false\" src=\"https:\/\/s.w.org\/images\/core\/emoji\/14.0.0\/svg\/2b50.svg\" alt=\"\u2b50\" title=\"\"><img decoding=\"async\" class=\"emoji\" role=\"img\" draggable=\"false\" src=\"https:\/\/s.w.org\/images\/core\/emoji\/14.0.0\/svg\/2b50.svg\" alt=\"\u2b50\" title=\"\"><img decoding=\"async\" class=\"emoji\" role=\"img\" draggable=\"false\" src=\"https:\/\/s.w.org\/images\/core\/emoji\/14.0.0\/svg\/2b50.svg\" alt=\"\u2b50\" title=\"\"><\/p>\n<p style=\"text-align: left;\"><strong>He probado todos vuestros servicios para hacer crecer mi cuenta de Twitch y genial mes a mes. Aqu\u00ed compro visitias que intento llevar a Twitch y genial.<\/strong><br \/>\n<\/div><div class=\"wpsm-testimonial-author\">Lacker - Gamer \/ Twitch<\/div><\/div><\/p>\n<p>Comienza a crecer en YouTube y empezar a monetizar tu canal ganando dinero con YouTube.<\/p>\n<p>Para v\u00eddeos de 15 minutos la retenci\u00f3n es de 5 minutos de media. *<\/p>\n<p>Para videos de 30 minutos la retenci\u00f3n es de 10 minutos de media. *<\/p>\n<p>Para videos de 60 minutos la retenci\u00f3n es de entre 10 y 20 minutos de media. *<\/p>\n<h2 style=\"text-align: center;\">\u00bfPor qu\u00e9 Comprar Visitas YouTube de Alta Retenci\u00f3n?<\/h2>\n<p>Puedes comprar <strong>visitas de alta retenci\u00f3n para YouTube y empezar a crecer de manera org\u00e1nica<\/strong>. Este servicio es uno de los mejores para posicionarte en el buscador de <a href=\"https:\/\/www.top1social.com\/es\/categoria-producto\/youtube\/\"><strong>YouTube<\/strong><\/a>.<\/p>\n<p>Parece que comprar estas horas puede ser una p\u00e9rdida de dinero; sin embargo, <strong>te devolver\u00e1 el dinero que ganes con tus v\u00eddeos<\/strong>. As\u00ed que puedes considerarlo como una inversi\u00f3n.<\/p>\n<p><strong>YouTube es la plataforma perfecta para ganar dinero<\/strong>. Por lo tanto, la mejor manera de <strong>monetizar su cuenta<\/strong> lo m\u00e1s r\u00e1pido posible es comprando este tipo de visitas para posicionar en primeras posiciones sus v\u00eddeos.<\/p>\n<p>El fin de los servicios para conseguir una retenci\u00f3n muy alta en sus v\u00eddeos es<strong> posicionarse mejor en los resultados de b\u00fasqueda de YouTube,<\/strong> tambi\u00e9n llamadas SERPS de YouTube. Las horas enviadas son aproximadas, el tipo se servicio est\u00e1 centrado en la retenci\u00f3n. Tambi\u00e9n mejorar\u00e1 la calidad de sus v\u00eddeos ante el algoritmo de YouTube, informaci\u00f3n que podr\u00e1s consultar desde tu <strong>panel de estad\u00edsticas de YouTube Studio.<\/strong><\/p>\n<h3 style=\"text-align: center;\">COMPRAR VISITAS DE YOUTUBE ALTA RETENCI\u00d3N DE CALIDAD TOTALMENTE SEGURO<\/h3>\n<hr \/>\n<ul>\n<li><strong>Pago Totalmente Seguro<\/strong><\/li>\n<li><strong>Visitas Mundiales REALES y de Calidad<\/strong><\/li>\n<li><strong>Entrega Natural y Org\u00e1nica<\/strong><\/li>\n<li><strong>100% Satisfacci\u00f3n de Nuestros Clientes<\/strong><\/li>\n<li><strong>Soporte 24 horas del d\u00eda<\/strong><\/li>\n<li><strong>No se requiere contrase\u00f1a<\/strong><\/li>\n<li><strong>No hay necesidad de seguir a otros usuarios<\/strong><\/li>\n<li><strong>Protecci\u00f3n de la Privacidad<\/strong><\/li>\n<li><strong>Servicio Seguro y Profesional<\/strong><\/li>\n<li><strong>Garant\u00eda de Reposici\u00f3n en caso de p\u00e9rdida de 30 d\u00edas<\/strong><\/li>\n<\/ul>\n<div class=\"wpsm-accordion mb30\" data-accordion=\"yes\" itemscope=\"\" itemtype=\"https:\/\/schema.org\/FAQPage\"><\/p>\n<p><div class=\"wpsm-accordion-item close\" itemscope=\"\" itemprop=\"mainEntity\" itemtype=\"https:\/\/schema.org\/Question\"><h3 class=\"wpsm-accordion-trigger\" itemprop=\"name\">\u00bfTengo garant\u00eda al <strong>comprar Visitas de YouTube<\/strong>?<\/h3><div class=\"accordion-content\"  itemscope=\"\" itemprop=\"acceptedAnswer\" itemtype=\"https:\/\/schema.org\/Answer\"><div itemprop=\"text\"><\/p>\n<p>Nuestro proceso es totalmente seguro. Ofrecemos excelentes precios y ofertas para ayudarte a crecer en YouTube. <strong>Comprar Visitas en YouTube no afectar\u00e1 a tu cuenta en la plataforma<\/strong>, siempre y cuando lo hagas con un servicio de confianza como el nuestro. Nos comprometemos a impulsar tu perfil y garantizamos que puedas tener una experiencia segura y c\u00f3moda al trabajar con nosotros.<\/p>\n<p><\/div><\/div><\/div><\/p>\n<p><div class=\"wpsm-accordion-item close\" itemscope=\"\" itemprop=\"mainEntity\" itemtype=\"https:\/\/schema.org\/Question\"><h3 class=\"wpsm-accordion-trigger\" itemprop=\"name\">\u00bfTengo que dar mi contrase\u00f1a para <strong>comprar Visitas de YouTube<\/strong>?<\/h3><div class=\"accordion-content\"  itemscope=\"\" itemprop=\"acceptedAnswer\" itemtype=\"https:\/\/schema.org\/Answer\"><div itemprop=\"text\"><\/p>\n<p>En Top1Social nunca pedimos ning\u00fan tipo de datos personales o contrase\u00f1as para completar tu transacci\u00f3n. Nuestra plataforma siempre trabajar\u00e1 dentro de las pol\u00edticas de privacidad establecidas por las plataformas, en este caso YouTube.<\/p>\n<p><\/div><\/div><\/div><\/p>\n<p><div class=\"wpsm-accordion-item close\" itemscope=\"\" itemprop=\"mainEntity\" itemtype=\"https:\/\/schema.org\/Question\"><h3 class=\"wpsm-accordion-trigger\" itemprop=\"name\">\u00bfQu\u00e9 pasa si llegas a <strong>1.000 suscriptores en YouTube<\/strong>?<\/h3><div class=\"accordion-content\"  itemscope=\"\" itemprop=\"acceptedAnswer\" itemtype=\"https:\/\/schema.org\/Answer\"><div itemprop=\"text\"><\/p>\n<p>Al llegar a <strong>1000 suscriptores<\/strong> significa que tus v\u00eddeos podr\u00edan ser monetizados. Para ello tambi\u00e9n necesitar\u00edas <a href=\"https:\/\/www.top1social.com\/es\/producto\/comprar-horas-monetizar-canal-youtube\/\"><strong>comprar 4.000 horas de reproducci\u00f3n en tu canal de YouTube<\/strong><\/a>. En palabras simples obtendr\u00e1s m\u00e1s suscriptores de manera org\u00e1nica y podr\u00e1s llegar a ganar m\u00e1s dinero con tu canal.<\/p>\n<p><\/div><\/div><\/div><\/p>\n<p><div class=\"wpsm-accordion-item close\" itemscope=\"\" itemprop=\"mainEntity\" itemtype=\"https:\/\/schema.org\/Question\"><h3 class=\"wpsm-accordion-trigger\" itemprop=\"name\">\u00bfEs seguro <strong>comprar Visitas de YouTube<\/strong>?<\/h3><div class=\"accordion-content\"  itemscope=\"\" itemprop=\"acceptedAnswer\" itemtype=\"https:\/\/schema.org\/Answer\"><div itemprop=\"text\"><\/p>\n<p>S\u00ed.\u00a0Nuestro sistema est\u00e1 asegurado con un certificado SSL.\u00a0No hay necesidad de preocuparse por la seguridad de su informaci\u00f3n.<\/p>\n<p><\/div><\/div><\/div><\/p>\n<p><div class=\"wpsm-accordion-item close\" itemscope=\"\" itemprop=\"mainEntity\" itemtype=\"https:\/\/schema.org\/Question\"><h3 class=\"wpsm-accordion-trigger\" itemprop=\"name\">\u00bfMe pueden banear por <strong>comprar Visitas de YouTube<\/strong>?<\/h3><div class=\"accordion-content\"  itemscope=\"\" itemprop=\"acceptedAnswer\" itemtype=\"https:\/\/schema.org\/Answer\"><div itemprop=\"text\"><\/p>\n<p>No, no puedes ser baneado por comprar seguidores. Nuestro sistema realiza campa\u00f1as de marketing de forma natural y org\u00e1nica.<\/p>\n<p><\/div><\/div><\/div><\/p>\n<p><\/div>\n<p>* Esta media puede aumentar o disminuir un 50% dependiendo de la tem\u00e1tica del v\u00eddeo.<\/p>\n","protected":false},"excerpt":{"rendered":"<p>Consigue\u00a0<strong>Visitas con una Alta Retenci\u00f3n para YouTube<\/strong>\u00a0<img decoding=\"async\" class=\"emoji entered lazyloaded alignnone\" role=\"img\" draggable=\"false\" src=\"https:\/\/s.w.org\/images\/core\/emoji\/13.1.0\/svg\/1f465.svg\" alt=\"\ud83d\udc65 Comprar Visitas YouTube de Alta Retenci\u00f3n\" width=\"150\" height=\"150\" data-lazy-src=\"https:\/\/s.w.org\/images\/core\/emoji\/13.1.0\/svg\/1f465.svg\" data-ll-status=\"loaded\" \/><\/p>\n<p><strong><b>\u00a1No te pierdas nuestras ofertas!\u00a0<\/b><img decoding=\"async\" class=\"emoji entered lazyloaded alignnone\" role=\"img\" draggable=\"false\" src=\"https:\/\/s.w.org\/images\/core\/emoji\/13.1.0\/svg\/1f4c8.svg\" alt=\"\ud83d\udcc8 Comprar Visitas YouTube de Alta Retenci\u00f3n\" width=\"150\" height=\"150\" data-lazy-src=\"https:\/\/s.w.org\/images\/core\/emoji\/13.1.0\/svg\/1f4c8.svg\" data-ll-status=\"loaded\" \/><\/strong><\/p>\n<div class=\"pr_excerpt f_300 f_size_15\">\n<h5><b><img decoding=\"async\" class=\"emoji entered lazyloaded\" role=\"img\" draggable=\"false\" src=\"https:\/\/s.w.org\/images\/core\/emoji\/13.1.0\/svg\/2705.svg\" alt=\"\u2705\" data-lazy-src=\"https:\/\/s.w.org\/images\/core\/emoji\/13.1.0\/svg\/2705.svg\" data-ll-status=\"loaded\" \/><\/b> Sube en YouTube con nuestras VISITAS<\/h5>\n<h5><b><img decoding=\"async\" class=\"emoji entered lazyloaded\" role=\"img\" draggable=\"false\" src=\"https:\/\/s.w.org\/images\/core\/emoji\/13.1.0\/svg\/2705.svg\" alt=\"\u2705\" data-lazy-src=\"https:\/\/s.w.org\/images\/core\/emoji\/13.1.0\/svg\/2705.svg\" data-ll-status=\"loaded\" \/><\/b> \u00a1Consigue la Monetizaci\u00f3n que buscas!<\/h5>\n<h5><b><img decoding=\"async\" class=\"emoji entered lazyloaded\" role=\"img\" draggable=\"false\" src=\"https:\/\/s.w.org\/images\/core\/emoji\/13.1.0\/svg\/2705.svg\" alt=\"\u2705\" data-lazy-src=\"https:\/\/s.w.org\/images\/core\/emoji\/13.1.0\/svg\/2705.svg\" data-ll-status=\"loaded\" \/><\/b>\u00a0Soporte en Espa\u00f1ol 24\/7<\/h5>\n<h5><b><img decoding=\"async\" class=\"emoji entered lazyloaded\" role=\"img\" draggable=\"false\" src=\"https:\/\/s.w.org\/images\/core\/emoji\/13.1.0\/svg\/2705.svg\" alt=\"\u2705\" data-lazy-src=\"https:\/\/s.w.org\/images\/core\/emoji\/13.1.0\/svg\/2705.svg\" data-ll-status=\"loaded\" \/><\/b>\u00a0Entrega R\u00c1PIDA Y NATURAL<\/h5>\n<h6 class=\"LC20lb DKV0Md\"><img decoding=\"async\" class=\"emoji entered lazyloaded\" role=\"img\" draggable=\"false\" src=\"https:\/\/s.w.org\/images\/core\/emoji\/13.1.0\/svg\/1f44c.svg\" alt=\"\ud83d\udc4c\" data-lazy-src=\"https:\/\/s.w.org\/images\/core\/emoji\/13.1.0\/svg\/1f44c.svg\" data-ll-status=\"loaded\" \/>\u00a0PAGO \u00daNICO, CON GARANT\u00cdA INCLUIDA<\/h6>\n<h5><b><img decoding=\"async\" class=\"emoji entered lazyloaded\" role=\"img\" draggable=\"false\" src=\"https:\/\/s.w.org\/images\/core\/emoji\/13.1.0\/svg\/2705.svg\" alt=\"\u2705\" data-lazy-src=\"https:\/\/s.w.org\/images\/core\/emoji\/13.1.0\/svg\/2705.svg\" data-ll-status=\"loaded\" \/><\/b>\u00a0<strong>Recomendado V\u00eddeos de M\u00ednimo 15 Minutos<\/strong><\/h5>\n<\/div>\n<p><img decoding=\"async\" src=\"https:\/\/www.top1social.com\/es\/wp-content\/uploads\/sites\/2\/2022\/08\/pago-tarjeta-seguro-e1661767131379.png\" \/><img decoding=\"async\" class=\"alignnone size-medium\" src=\"https:\/\/www.top1social.com\/wp-content\/plugins\/woocommerce-gateway-redsys\/assets\/images\/bizum.png\" alt=\"Bizum\" width=\"100\" height=\"43\" \/><\/p>\n","protected":false},"featured_media":2447,"comment_status":"open","ping_status":"closed","template":"","meta":{"bwfblock_default_font":"","_gspb_post_css":""},"store":[259],"product_brand":[],"product_cat":[15],"product_tag":[421],"class_list":{"0":"post-2444","1":"product","2":"type-product","3":"status-publish","4":"has-post-thumbnail","6":"store-youtube","7":"product_cat-youtube","8":"product_tag-comprar-visitas-youtube-de-alta-retencion","9":"wcpa_has_options","11":"first","12":"instock","13":"sale","14":"taxable","15":"shipping-taxable","16":"purchasable","17":"product-type-variable"},"_links":{"self":[{"href":"https:\/\/www.top1social.com\/es\/wp-json\/wp\/v2\/product\/2444","targetHints":{"allow":["GET"]}}],"collection":[{"href":"https:\/\/www.top1social.com\/es\/wp-json\/wp\/v2\/product"}],"about":[{"href":"https:\/\/www.top1social.com\/es\/wp-json\/wp\/v2\/types\/product"}],"replies":[{"embeddable":true,"href":"https:\/\/www.top1social.com\/es\/wp-json\/wp\/v2\/comments?post=2444"}],"wp:featuredmedia":[{"embeddable":true,"href":"https:\/\/www.top1social.com\/es\/wp-json\/wp\/v2\/media\/2447"}],"wp:attachment":[{"href":"https:\/\/www.top1social.com\/es\/wp-json\/wp\/v2\/media?parent=2444"}],"wp:term":[{"taxonomy":"store","embeddable":true,"href":"https:\/\/www.top1social.com\/es\/wp-json\/wp\/v2\/store?post=2444"},{"taxonomy":"product_brand","embeddable":true,"href":"https:\/\/www.top1social.com\/es\/wp-json\/wp\/v2\/product_brand?post=2444"},{"taxonomy":"product_cat","embeddable":true,"href":"https:\/\/www.top1social.com\/es\/wp-json\/wp\/v2\/product_cat?post=2444"},{"taxonomy":"product_tag","embeddable":true,"href":"https:\/\/www.top1social.com\/es\/wp-json\/wp\/v2\/product_tag?post=2444"}],"curies":[{"name":"wp","href":"https:\/\/api.w.org\/{rel}","templated":true}]}}