{"id":2472,"date":"2024-01-17T16:23:45","date_gmt":"2024-01-17T15:23:45","guid":{"rendered":"https:\/\/www.top1social.com\/es\/?post_type=product&#038;p=2472"},"modified":"2024-03-14T20:02:28","modified_gmt":"2024-03-14T19:02:28","slug":"comprar-likes-fanpage-facebook","status":"publish","type":"product","link":"https:\/\/www.top1social.com\/es\/producto\/comprar-likes-fanpage-facebook\/","title":{"rendered":"Comprar Likes a Fanpage de Facebook"},"content":{"rendered":"<h2 style=\"text-align: center;\"><b><span class=\"goog-text-highlight\">Comprar Likes a Fanpage de Facebook<\/span><\/b><\/h2>\n<p>\u00bfLa p\u00e1gina de tu empresa tiene pocos likes en Facebook? \u00bfY te gustar\u00eda saber <strong>c\u00f3mo puedes obtener m\u00e1s Likes en tu p\u00e1gina de Facebook<\/strong>? Ahora puedes obtener m\u00e1s Me gusta a trav\u00e9s de nuestro servicio para <strong>Comprar Likes a Fanpage de Facebook<\/strong>.<\/p>\n<div class=\"wpsm_update mobfont90\"><span class=\"label-info\">PROMO<\/span><strong>Consigue Ahora al Mejor Precio nuestro mejor servicio para <a href=\"https:\/\/www.top1social.com\/es\/producto\/comprar-seguidores-facebook-fans\/\">Comprar Seguidores de Facebook<\/a>.<\/strong><\/div>\n<p>\u00a1Con nosotros puedes elegir Likes de alta calidad!<\/p>\n<p><strong>Compre Likes para su p\u00e1gina de negocios de Facebook:<\/strong><\/p>\n<p><img decoding=\"async\" class=\"emoji alignnone\" role=\"img\" draggable=\"false\" src=\"https:\/\/s.w.org\/images\/core\/emoji\/14.0.0\/svg\/2705.svg\" alt=\"\u2705 Comprar Likes a Fanpage de Facebook\" width=\"150\" height=\"150\" title=\"\"><strong>Quiere que su perfil comercial se vea m\u00e1s popular<\/strong> y m\u00e1s respetado<\/p>\n<p><img decoding=\"async\" class=\"emoji alignnone\" role=\"img\" draggable=\"false\" src=\"https:\/\/s.w.org\/images\/core\/emoji\/14.0.0\/svg\/2705.svg\" alt=\"\u2705 Comprar Likes a Fanpage de Facebook\" width=\"150\" height=\"150\" title=\"\">No tienes ganas o no tienes tiempo para publicar durante a\u00f1os para obtener m\u00e1s likes.<\/p>\n<p><img decoding=\"async\" class=\"emoji alignnone\" role=\"img\" draggable=\"false\" src=\"https:\/\/s.w.org\/images\/core\/emoji\/14.0.0\/svg\/2705.svg\" alt=\"\u2705 Comprar Likes a Fanpage de Facebook\" width=\"150\" height=\"150\" title=\"\"><strong>Hay mucha competencia en tu nicho y es dif\u00edcil salir adelante<\/strong><\/p>\n<p><img decoding=\"async\" class=\"emoji alignnone\" role=\"img\" draggable=\"false\" src=\"https:\/\/s.w.org\/images\/core\/emoji\/14.0.0\/svg\/2705.svg\" alt=\"\u2705 Comprar Likes a Fanpage de Facebook\" width=\"150\" height=\"150\" title=\"\"><strong>Quieres que la gente conf\u00ede en tu marca<\/strong><\/p>\n<p><img decoding=\"async\" class=\"emoji alignnone\" role=\"img\" draggable=\"false\" src=\"https:\/\/s.w.org\/images\/core\/emoji\/14.0.0\/svg\/2705.svg\" alt=\"\u2705 Comprar Likes a Fanpage de Facebook\" width=\"150\" height=\"150\" title=\"\">Est\u00e1 buscando una manera r\u00e1pida y f\u00e1cil de obtener m\u00e1s Likes de Facebook<\/p>\n<h2 class=\"col-md-12 col-lg-6 feature-container\" style=\"text-align: center;\"><a class=\"product-feature\"><strong class=\"h3\"><span class=\"goog-text-highlight\">\u00bfPOR QU\u00c9 DEBER\u00cdAS COMPRAR LIKES PARA UNA P\u00c1GINA DE FACEBOOK?<\/span><\/strong><\/a><\/h2>\n<div class=\"col-md-12 col-lg-6 feature-container\">\n<p>Al <strong>Comprar Likes a una Fanpage de Facebook<\/strong>, puede hacer que <strong>su p\u00e1gina se vea m\u00e1s popular<\/strong> y tambi\u00e9n obtener muchos Me gusta org\u00e1nicos nuevos. Cuando un usuario busca algo sobre su p\u00e1gina, <strong>su p\u00e1gina aparecer\u00e1 en los resultados<\/strong> con su n\u00famero similar.<\/p>\n<p><span class=\"\">Cualquiera que venda sus productos a trav\u00e9s de Facebook, quiera hacerse famoso o simplemente quiera socializar m\u00e1s puede beneficiarse de <a href=\"https:\/\/www.top1social.com\/es\/producto\/comprar-likes-publicacion-facebook\/\"><strong>comprar Likes de Facebook<\/strong><\/a>. <\/span>Hay muchos beneficios al comprar Me gusta de Facebook:<\/p>\n<ul>\n<li aria-level=\"1\"><strong>Muchos Likes en su p\u00e1gina aumentar\u00e1n la cantidad de seguidores en su p\u00e1gina.<\/strong><\/li>\n<li aria-level=\"1\">Tambi\u00e9n puede <strong>impulsar las ventas de sus productos o servicios<\/strong>.<\/li>\n<li aria-level=\"1\">Al agregar el enlace a su sitio web debajo de la publicaci\u00f3n, su sitio web tambi\u00e9n se promocionar\u00e1 de manera adicional.\u00a0<strong>De esta manera puede aumentar el n\u00famero de clics en su sitio web.<\/strong><\/li>\n<li aria-level=\"1\"><strong>Al comprar Likes, atraes la atenci\u00f3n de usuarios org\u00e1nicos reales.<\/strong> Visitan tu perfil y te seguir\u00e1n m\u00e1s r\u00e1pido en tu p\u00e1gina o en tu perfil personal.<\/li>\n<li aria-level=\"1\">Likes Internacionales para una mayor interacci\u00f3n.<\/li>\n<li aria-level=\"1\"><strong>Esto aumentar\u00e1 la popularidad de su p\u00e1gina m\u00e1s r\u00e1pido.<\/strong><\/li>\n<\/ul>\n<\/div>\n<h2 class=\"col-md-12 col-lg-6 feature-container\" style=\"text-align: center;\"><a class=\"product-feature\"><strong class=\"h3\">\u00bfQU\u00c9 SON LOS LIKES DE UNA FANPAGE DE FACEBOOK?<\/strong><\/a><\/h2>\n<div class=\"col-md-12 col-lg-6 feature-container\">\n<p>Cuando desea suscribirse a una p\u00e1gina de Facebook, debe darle Like a esa p\u00e1gina. <strong>Tener muchos Likes en la p\u00e1gina puede dar la impresi\u00f3n de que su marca o negocio es popular entre los clientes<\/strong>.<\/p>\n<p><strong>\u00bfQuieres m\u00e1s Likes en tu p\u00e1gina de negocios de Facebook? <\/strong>\u00bfCansado de promocionar tu p\u00e1gina de <strong><a href=\"https:\/\/www.top1social.com\/es\/categoria-producto\/facebook\/\">Facebook<\/a><\/strong>?\u00a0\u00bfSolo para ver muy pocos resultados?\u00a0\u00a1No te preocupes m\u00e1s!\u00a0Tenemos los mejores consejos que asegurar\u00e1n que con el tiempo <strong>obtengas m\u00e1s Likes en tu p\u00e1gina de Facebook<\/strong>.<\/p>\n<h3 style=\"text-align: center;\">\u00bfC\u00f3mo puedes comprobar los Likes de una p\u00e1gina de Facebook?<\/h3>\n<p class=\"custom-title\">Cuando inicie sesi\u00f3n en su perfil, vaya a su p\u00e1gina.\u00a0<strong>Ver\u00e1 sus Likes en las estad\u00edsticas de la p\u00e1gina.<\/strong> Tambi\u00e9n hay un <strong>gr\u00e1fico que muestra el rendimiento de su p\u00e1gina<\/strong> y puede seguir si hay un aumento o disminuci\u00f3n en los <strong>Likes de la p\u00e1gina de Facebook.<\/strong><\/p>\n<h1 style=\"text-align: center;\">\u00bfC\u00f3mo obtener m\u00e1s Likes en la Fanpage de Facebook?<\/h1>\n<p>Hay una serie de cosas que puede hacer usted mismo para <strong>obtener m\u00e1s Likes en su Fanpage de Facebook.<\/strong> Por supuesto, es importante publicar regularmente algo en su p\u00e1gina.\u00a0Puede ser cualquier cosa, una foto, un video, un texto, Facebook Live o un anuncio.<\/p>\n<p>Todo conducir\u00e1 al compromiso con tus seguidores. Con suerte,<strong> la gente responder\u00e1 a tu publicaci\u00f3n y le dar\u00e1 me gusta o la compartir\u00e1.<\/strong><\/p>\n<p>Especialmente <strong>los Likes que obtienes pueden hacerte ganar nuevos seguidores f\u00e1cilmente.<\/strong> Para ello, haga clic en el n\u00famero que indica el n\u00famero de Me gusta de la publicaci\u00f3n.\u00a0Esto abrir\u00e1 una ventana en la que ver\u00e1 la lista de nombres de todos los que han respondido.\u00a0All\u00ed tambi\u00e9n puedes ver si todas esas personas ya <strong>siguen tu p\u00e1gina o no, e invitarlas a ella<\/strong>.\u00a0En general, esto <strong>produce r\u00e1pidamente del 20% al 50% de seguidores<\/strong> del n\u00famero total que invitas de esta manera.\u00a0Funciona mejor si los invita poco despu\u00e9s de que respondan.<\/p>\n<\/div>\n","protected":false},"excerpt":{"rendered":"<p>Consigue\u00a0<strong>Likes en tus P\u00e1ginas de Facebook<\/strong><img decoding=\"async\" class=\"emoji entered lazyloaded alignnone\" role=\"img\" draggable=\"false\" src=\"https:\/\/s.w.org\/images\/core\/emoji\/13.1.0\/svg\/1f465.svg\" alt=\"\ud83d\udc65 Comprar Likes a Fanpage de Facebook\" width=\"150\" height=\"150\" data-lazy-src=\"https:\/\/s.w.org\/images\/core\/emoji\/13.1.0\/svg\/1f465.svg\" data-ll-status=\"loaded\" \/><\/p>\n<p><strong><b>\u00a1No te pierdas nuestras ofertas!\u00a0<\/b><img decoding=\"async\" class=\"emoji entered lazyloaded alignnone\" role=\"img\" draggable=\"false\" src=\"https:\/\/s.w.org\/images\/core\/emoji\/13.1.0\/svg\/1f4c8.svg\" alt=\"\ud83d\udcc8 Comprar Likes a Fanpage de Facebook\" width=\"150\" height=\"150\" data-lazy-src=\"https:\/\/s.w.org\/images\/core\/emoji\/13.1.0\/svg\/1f4c8.svg\" data-ll-status=\"loaded\" \/><\/strong><\/p>\n<div class=\"pr_excerpt f_300 f_size_15\">\n<h5><b><img decoding=\"async\" class=\"emoji entered lazyloaded\" role=\"img\" draggable=\"false\" src=\"https:\/\/s.w.org\/images\/core\/emoji\/13.1.0\/svg\/2705.svg\" alt=\"\u2705\" data-lazy-src=\"https:\/\/s.w.org\/images\/core\/emoji\/13.1.0\/svg\/2705.svg\" data-ll-status=\"loaded\" \/><\/b> Likes en Fanpage de Facebook<\/h5>\n<h5><b><img decoding=\"async\" class=\"emoji entered lazyloaded\" role=\"img\" draggable=\"false\" src=\"https:\/\/s.w.org\/images\/core\/emoji\/13.1.0\/svg\/2705.svg\" alt=\"\u2705\" data-lazy-src=\"https:\/\/s.w.org\/images\/core\/emoji\/13.1.0\/svg\/2705.svg\" data-ll-status=\"loaded\" \/><\/b>\u00a030 d\u00edas de Garant\u00eda<\/h5>\n<h5><b><img decoding=\"async\" class=\"emoji entered lazyloaded\" role=\"img\" draggable=\"false\" src=\"https:\/\/s.w.org\/images\/core\/emoji\/13.1.0\/svg\/2705.svg\" alt=\"\u2705\" data-lazy-src=\"https:\/\/s.w.org\/images\/core\/emoji\/13.1.0\/svg\/2705.svg\" data-ll-status=\"loaded\" \/><\/b>\u00a0Soporte en Espa\u00f1ol 24\/7<\/h5>\n<h5><b><img decoding=\"async\" class=\"emoji entered lazyloaded\" role=\"img\" draggable=\"false\" src=\"https:\/\/s.w.org\/images\/core\/emoji\/13.1.0\/svg\/2705.svg\" alt=\"\u2705\" data-lazy-src=\"https:\/\/s.w.org\/images\/core\/emoji\/13.1.0\/svg\/2705.svg\" data-ll-status=\"loaded\" \/><\/b>\u00a0Entrega R\u00c1PIDA Y NATURAL<\/h5>\n<h6 class=\"LC20lb DKV0Md\"><img decoding=\"async\" class=\"emoji entered lazyloaded\" role=\"img\" draggable=\"false\" src=\"https:\/\/s.w.org\/images\/core\/emoji\/13.1.0\/svg\/1f44c.svg\" alt=\"\ud83d\udc4c\" data-lazy-src=\"https:\/\/s.w.org\/images\/core\/emoji\/13.1.0\/svg\/1f44c.svg\" data-ll-status=\"loaded\" \/>\u00a0PAGO \u00daNICO, CON GARANT\u00cdA INCLUIDA<\/h6>\n<\/div>\n","protected":false},"featured_media":2475,"comment_status":"open","ping_status":"closed","template":"","meta":{"bwfblock_default_font":"","_gspb_post_css":""},"store":[260],"product_brand":[],"product_cat":[149],"product_tag":[422],"class_list":{"0":"post-2472","1":"product","2":"type-product","3":"status-publish","4":"has-post-thumbnail","6":"store-facebook","7":"product_cat-facebook","8":"product_tag-comprar-likes-a-fanpage-de-facebook","9":"wcpa_has_options","11":"first","12":"instock","13":"sale","14":"taxable","15":"shipping-taxable","16":"purchasable","17":"product-type-variable"},"_links":{"self":[{"href":"https:\/\/www.top1social.com\/es\/wp-json\/wp\/v2\/product\/2472","targetHints":{"allow":["GET"]}}],"collection":[{"href":"https:\/\/www.top1social.com\/es\/wp-json\/wp\/v2\/product"}],"about":[{"href":"https:\/\/www.top1social.com\/es\/wp-json\/wp\/v2\/types\/product"}],"replies":[{"embeddable":true,"href":"https:\/\/www.top1social.com\/es\/wp-json\/wp\/v2\/comments?post=2472"}],"wp:featuredmedia":[{"embeddable":true,"href":"https:\/\/www.top1social.com\/es\/wp-json\/wp\/v2\/media\/2475"}],"wp:attachment":[{"href":"https:\/\/www.top1social.com\/es\/wp-json\/wp\/v2\/media?parent=2472"}],"wp:term":[{"taxonomy":"store","embeddable":true,"href":"https:\/\/www.top1social.com\/es\/wp-json\/wp\/v2\/store?post=2472"},{"taxonomy":"product_brand","embeddable":true,"href":"https:\/\/www.top1social.com\/es\/wp-json\/wp\/v2\/product_brand?post=2472"},{"taxonomy":"product_cat","embeddable":true,"href":"https:\/\/www.top1social.com\/es\/wp-json\/wp\/v2\/product_cat?post=2472"},{"taxonomy":"product_tag","embeddable":true,"href":"https:\/\/www.top1social.com\/es\/wp-json\/wp\/v2\/product_tag?post=2472"}],"curies":[{"name":"wp","href":"https:\/\/api.w.org\/{rel}","templated":true}]}}