{"id":2572,"date":"2024-01-16T03:33:31","date_gmt":"2024-01-16T02:33:31","guid":{"rendered":"https:\/\/www.top1social.com\/es\/?post_type=product&#038;p=2572"},"modified":"2024-11-07T16:21:36","modified_gmt":"2024-11-07T15:21:36","slug":"comprar-seguidores-spotify","status":"publish","type":"product","link":"https:\/\/www.top1social.com\/es\/producto\/comprar-seguidores-spotify\/","title":{"rendered":"Comprar Seguidores Spotify"},"content":{"rendered":"<h2 style=\"text-align: center;\"><b><img decoding=\"async\" class=\"emoji alignnone\" role=\"img\" draggable=\"false\" src=\"https:\/\/s.w.org\/images\/core\/emoji\/14.0.0\/svg\/1f929.svg\" alt=\"\ud83e\udd29 Comprar Seguidores Spotify\" width=\"150\" height=\"150\" title=\"\"> <\/b><b><span class=\"\">Comprar Seguidores de Spotify <\/span><\/b><b><img decoding=\"async\" class=\"emoji alignnone\" role=\"img\" draggable=\"false\" src=\"https:\/\/s.w.org\/images\/core\/emoji\/14.0.0\/svg\/1f929.svg\" alt=\"\ud83e\udd29 Comprar Seguidores Spotify\" width=\"150\" height=\"150\" title=\"\"><\/b><\/h2>\n<p><strong>\u00bfQuieres promocionar tu m\u00fasica r\u00e1pidamente y ser visto como un gran artista? <\/strong>Prueba ahora nuestro<strong> servicio estrella para Comprar Seguidores Spotify.<\/strong>\u00a0Todo artista sabe lo dif\u00edcil que es crear impulso para tu m\u00fasica.<\/p>\n<p>Los principales artistas y sellos discogr\u00e1ficos gastan miles de euros en relaciones p\u00fablicas y promoci\u00f3n.<\/p>\n<p><strong>Comprar Seguidores de Spotify te convierte en artista y tus pistas parecen inmediatamente cre\u00edbles y populares<\/strong>. De esa manera, tu m\u00fasica recibe la atenci\u00f3n que merece. Porque seamos realistas, \u00bfprefieres hacer clic en una canci\u00f3n sin reproducciones con un grupo sin seguidores o en la canci\u00f3n s\u00faper popular para ver por qu\u00e9 se ha escuchado con tanta frecuencia y su artista tiene miles de seguidores?<\/p>\n<div class=\"wpsm_update mobfont90\"><span class=\"label-info\">PROMO<\/span><strong>Consigue Ahora al Mejor Precio nuestro mejor Servicio para <a href=\"https:\/\/www.top1social.com\/es\/producto\/comprar-reproducciones-spotify\/\">Comprar Reproducciones Spotify<\/a>.<\/strong> \ud83c\udfc6<\/div>\n<p>Correcto, es por eso que <strong>agregar reproducciones y hacer que tu canal parezca m\u00e1s popular ayuda a obtener m\u00e1s fans reales<\/strong>. Esto se llama crecimiento social y es una poderosa herramienta psicol\u00f3gica que se utiliza con enorme \u00e9xito en marketing y ventas.<\/p>\n<h2 class=\"col-md-12 col-lg-6 feature-container\" style=\"text-align: center;\"><a class=\"product-feature\"><strong class=\"h3\">\u00bfPOR QU\u00c9 DEBER\u00cdAS COMPRAR SEGUIDORES DE SPOTIFY?<\/strong><\/a><\/h2>\n<p>C\u00f3mo <strong>Comprar Seguidores para Spotify<\/strong> te ayuda a ser m\u00e1s famoso como artista:<\/p>\n<p><img decoding=\"async\" class=\"emoji alignnone\" role=\"img\" draggable=\"false\" src=\"https:\/\/s.w.org\/images\/core\/emoji\/14.0.0\/svg\/2705.svg\" alt=\"\u2705 Comprar Seguidores Spotify\" width=\"150\" height=\"150\" title=\"\">\u00a1<strong>Tu grupo parece m\u00e1s popular<\/strong> y son instant\u00e1neamente m\u00e1s atractivo para otros oyentes!<\/p>\n<p><img decoding=\"async\" class=\"emoji alignnone\" role=\"img\" draggable=\"false\" src=\"https:\/\/s.w.org\/images\/core\/emoji\/14.0.0\/svg\/2705.svg\" alt=\"\u2705 Comprar Seguidores Spotify\" width=\"150\" height=\"150\" title=\"\">\u00a1Aumentar sus Seguidores le hace Crecer en el algoritmo de Spotify y <strong>aumenta su clasificaci\u00f3n<\/strong>!<\/p>\n<p><img decoding=\"async\" class=\"emoji alignnone\" role=\"img\" draggable=\"false\" src=\"https:\/\/s.w.org\/images\/core\/emoji\/14.0.0\/svg\/2705.svg\" alt=\"\u2705 Comprar Seguidores Spotify\" width=\"150\" height=\"150\" title=\"\">Tus canciones estar\u00e1n m\u00e1s arriba en Spotify y ser\u00e1 m\u00e1s vista por los fans.<\/p>\n<p><img decoding=\"async\" class=\"emoji alignnone\" role=\"img\" draggable=\"false\" src=\"https:\/\/s.w.org\/images\/core\/emoji\/14.0.0\/svg\/2705.svg\" alt=\"\u2705 Comprar Seguidores Spotify\" width=\"150\" height=\"150\" title=\"\"><strong>Tu p\u00e1gina de artista se ve cre\u00edble y popular para que te tomen en serio.<\/strong><\/p>\n<p><img decoding=\"async\" class=\"emoji alignnone\" role=\"img\" draggable=\"false\" src=\"https:\/\/s.w.org\/images\/core\/emoji\/14.0.0\/svg\/2705.svg\" alt=\"\u2705 Comprar Seguidores Spotify\" width=\"150\" height=\"150\" title=\"\">Una forma r\u00e1pida y confiable de ser descubierto m\u00e1s r\u00e1pido<\/p>\n<h2 style=\"text-align: center;\">Comprar Seguidores de Spotify: 100% Seguro<\/h2>\n<div class=\"col-md-12 col-lg-6 feature-container\">\n<p>Ser popular no es algo que s\u00f3lo se logra con un buen contenido. Claro, tu contenido es importante, pero tambi\u00e9n <strong>necesitas una buena cantidad de seguidores<\/strong> para respaldarlo. <strong>Comprar seguidores de Spotify har\u00e1 que ganes m\u00e1s seguidores m\u00e1s r\u00e1pido.<\/strong><\/p>\n<p><strong>Cuantos m\u00e1s seguidores tengas, m\u00e1s aparecer\u00e1s en las b\u00fasquedas de g\u00e9nero sugeridas.<\/strong><\/p>\n<p><span class=\"\">Una vez que Spotify te sugiera como artista destacado, tu n\u00famero de seguidores mejorar\u00e1 significativamente. Adem\u00e1s a\u00f1adiendo nuestro servicio para <strong><a href=\"https:\/\/www.top1social.com\/es\/producto\/comprar-reproducciones-spotify\/\">Comprar Reproducciones Spotify<\/a> crecer\u00e1 a\u00fan m\u00e1s de manera natural y org\u00e1nica. <\/strong><\/span><span class=\"\">Si a tus nuevos seguidores les gusta tu m\u00fasica, agregar\u00e1n tus canciones a sus listas de reproducci\u00f3n personalizadas y tendr\u00e1s el crecimiento org\u00e1nico y la visibilidad que necesitas.\u00a0<\/span><\/p>\n<\/div>\n<h2 class=\"col-md-12 col-lg-6 feature-container\" style=\"text-align: center;\"><a class=\"product-feature\"><strong class=\"h3\">\u00bfQU\u00c9 SON LOS SEGUIDORES DE SPOTIFY?<\/strong><\/a><\/h2>\n<div class=\"col-md-12 col-lg-6 feature-container\">\n<p>Cuando alguien se <strong>suscribe a tu cuenta de Spotify<\/strong>, se convierte en seguidor.\u00a0Puede usarlos para mostrar sus n\u00fameros y como prueba social.\u00a0<strong>Tener seguidores agrega valor a tu cuenta.<\/strong><\/p>\n<p><span class=\"\">Los artistas que aparecen en Spotify tienen la oportunidad de aparecer en las<strong> listas de reproducci\u00f3n \u00abHechas para ti\u00bb que crea el algoritmo de Spotify<\/strong>.\u00a0<\/span><span class=\"\">Las listas de reproducci\u00f3n \u00abHechas para ti\u00bb sugieren canciones que son similares a las que el usuario escuch\u00f3 anteriormente.<\/span><\/p>\n<p><span class=\"goog-text-highlight\">Al <strong>comprar seguidores de Spotify, llegar\u00e1s m\u00e1s f\u00e1cilmente a tu p\u00fablico objetivo.\u00a0<\/strong><\/span>Entonces, \u00bfC\u00f3mo\u00a0sucede eso?<\/p>\n<p>Como dijimos antes, <strong>tus canciones aparecer\u00e1n en las listas de reproducci\u00f3n &#8216;Hechas para ti&#8217;<\/strong>.\u00a0No se limita s\u00f3lo a eso tambi\u00e9n.\u00a0Tus canciones pueden aparecer como sugerencias cuando alguien escucha Spotify al azar.\u00a0<strong>Como tendr\u00e1s muchos seguidores, tu perfil es una buena recomendaci\u00f3n para Spotify.\u00a0<\/strong><\/p>\n<h2 style=\"text-align: center;\"><strong>Beneficios de Comprar Seguidores en Spotify<\/strong><\/h2>\n<p><strong>Mayor Alcance y Visibilidad:<\/strong><\/p>\n<ul>\n<li>Cada nuevo seguidor expande tu audiencia, permitiendo que tu m\u00fasica llegue a m\u00e1s personas y proporcionando una visibilidad constante en el vasto universo de Spotify.<\/li>\n<\/ul>\n<p><strong>Oportunidades de Descubrimiento:<\/strong><\/p>\n<ul>\n<li>Con m\u00e1s seguidores, tus canciones tienen m\u00e1s posibilidades de ser descubiertas por nuevos oyentes a trav\u00e9s de las funciones de recomendaci\u00f3n y algoritmos de Spotify.<\/li>\n<\/ul>\n<p><strong>Fortalecimiento de la Presencia Art\u00edstica:<\/strong><\/p>\n<ul>\n<li>Aumentar seguidores contribuye a construir una presencia art\u00edstica m\u00e1s s\u00f3lida y respetada, destacando tu m\u00fasica entre la vasta biblioteca de canciones en Spotify.<\/li>\n<\/ul>\n<p><strong>Participaci\u00f3n Activa de la Audiencia:<\/strong><\/p>\n<ul>\n<li>Un aumento en los seguidores impulsa la participaci\u00f3n activa de la audiencia, generando m\u00e1s reproducciones, guardados y comparticiones que fortalecen la conexi\u00f3n entre tu m\u00fasica y tus seguidores.<\/li>\n<\/ul>\n<p><strong>Aumento de Reproducciones y Popularidad:<\/strong><\/p>\n<ul>\n<li>Seguidores adicionales suelen correlacionarse con un aumento en las reproducciones, lo que contribuye a la popularidad de tus canciones y puede llevarlas a ser destacadas en listas de \u00e9xitos.<\/li>\n<\/ul>\n<p><strong>Creaci\u00f3n de una Comunidad Leal:<\/strong><\/p>\n<ul>\n<li>Cada seguidor es un apasionado de tu m\u00fasica, contribuyendo a la construcci\u00f3n de una comunidad leal que sigue y respalda tu carrera musical a lo largo del tiempo.<\/li>\n<\/ul>\n<p><strong>Valor para Colaboradores y Promotores:<\/strong><\/p>\n<ul>\n<li>M\u00e1s seguidores a\u00f1aden valor a tu perfil y pueden hacer que te resulte m\u00e1s atractivo para colaboradores, promotores y otros artistas que buscan asociarse contigo.<\/li>\n<\/ul>\n<p><strong>Potenciaci\u00f3n de Oportunidades en la Industria:<\/strong><\/p>\n<ul>\n<li>Un mayor n\u00famero de seguidores puede abrir puertas a oportunidades en la industria musical, desde colaboraciones con otros artistas hasta la atenci\u00f3n de sellos discogr\u00e1ficos y promotores de eventos.<\/li>\n<\/ul>\n<\/div>\n","protected":false},"excerpt":{"rendered":"<p>Consigue\u00a0<strong>Seguidores para Spotify<\/strong><img decoding=\"async\" class=\"emoji entered lazyloaded alignnone\" role=\"img\" draggable=\"false\" src=\"https:\/\/s.w.org\/images\/core\/emoji\/13.1.0\/svg\/1f465.svg\" alt=\"\ud83d\udc65 Comprar Seguidores Spotify\" width=\"150\" height=\"150\" data-lazy-src=\"https:\/\/s.w.org\/images\/core\/emoji\/13.1.0\/svg\/1f465.svg\" data-ll-status=\"loaded\" \/><\/p>\n<p><strong><b>\u00a1No te pierdas nuestras ofertas!\u00a0<\/b><img loading=\"lazy\" decoding=\"async\" class=\"emoji entered lazyloaded alignnone\" role=\"img\" draggable=\"false\" src=\"https:\/\/s.w.org\/images\/core\/emoji\/13.1.0\/svg\/1f4c8.svg\" alt=\"\ud83d\udcc8 Comprar Seguidores Spotify\" width=\"150\" height=\"150\" data-lazy-src=\"https:\/\/s.w.org\/images\/core\/emoji\/13.1.0\/svg\/1f4c8.svg\" data-ll-status=\"loaded\" \/><\/strong><\/p>\n<div class=\"pr_excerpt f_300 f_size_15\">\n<h5><b><img decoding=\"async\" class=\"emoji entered lazyloaded\" role=\"img\" draggable=\"false\" src=\"https:\/\/s.w.org\/images\/core\/emoji\/13.1.0\/svg\/2705.svg\" alt=\"\u2705\" data-lazy-src=\"https:\/\/s.w.org\/images\/core\/emoji\/13.1.0\/svg\/2705.svg\" data-ll-status=\"loaded\" \/><\/b>\u00a0Sube tu cuenta de Spotify y hazte viral<\/h5>\n<h5><b><img decoding=\"async\" class=\"emoji entered lazyloaded\" role=\"img\" draggable=\"false\" src=\"https:\/\/s.w.org\/images\/core\/emoji\/13.1.0\/svg\/2705.svg\" alt=\"\u2705\" data-lazy-src=\"https:\/\/s.w.org\/images\/core\/emoji\/13.1.0\/svg\/2705.svg\" data-ll-status=\"loaded\" \/><\/b> Seguidores de Spotify (30 d\u00edas de Garant\u00eda)<\/h5>\n<h5><b><img decoding=\"async\" class=\"emoji entered lazyloaded\" role=\"img\" draggable=\"false\" src=\"https:\/\/s.w.org\/images\/core\/emoji\/13.1.0\/svg\/2705.svg\" alt=\"\u2705\" data-lazy-src=\"https:\/\/s.w.org\/images\/core\/emoji\/13.1.0\/svg\/2705.svg\" data-ll-status=\"loaded\" \/><\/b>\u00a0Soporte en Espa\u00f1ol 24\/7<\/h5>\n<h5><b><img decoding=\"async\" class=\"emoji entered lazyloaded\" role=\"img\" draggable=\"false\" src=\"https:\/\/s.w.org\/images\/core\/emoji\/13.1.0\/svg\/2705.svg\" alt=\"\u2705\" data-lazy-src=\"https:\/\/s.w.org\/images\/core\/emoji\/13.1.0\/svg\/2705.svg\" data-ll-status=\"loaded\" \/><\/b>\u00a0Entrega R\u00c1PIDA Y NATURAL<\/h5>\n<h6 class=\"LC20lb DKV0Md\"><img decoding=\"async\" class=\"emoji entered lazyloaded\" role=\"img\" draggable=\"false\" src=\"https:\/\/s.w.org\/images\/core\/emoji\/13.1.0\/svg\/1f44c.svg\" alt=\"\ud83d\udc4c\" data-lazy-src=\"https:\/\/s.w.org\/images\/core\/emoji\/13.1.0\/svg\/1f44c.svg\" data-ll-status=\"loaded\" \/>\u00a0PAGO \u00daNICO, CON GARANT\u00cdA INCLUIDA<\/h6>\n<\/div>\n","protected":false},"featured_media":2574,"comment_status":"open","ping_status":"closed","template":"","meta":{"bwfblock_default_font":"","_gspb_post_css":""},"store":[281],"product_brand":[],"product_cat":[152],"product_tag":[441],"class_list":{"0":"post-2572","1":"product","2":"type-product","3":"status-publish","4":"has-post-thumbnail","6":"store-spotify","7":"product_cat-spotify","8":"product_tag-comprar-seguidores-spotify","9":"wcpa_has_options","11":"first","12":"instock","13":"sale","14":"taxable","15":"shipping-taxable","16":"purchasable","17":"product-type-variable"},"_links":{"self":[{"href":"https:\/\/www.top1social.com\/es\/wp-json\/wp\/v2\/product\/2572","targetHints":{"allow":["GET"]}}],"collection":[{"href":"https:\/\/www.top1social.com\/es\/wp-json\/wp\/v2\/product"}],"about":[{"href":"https:\/\/www.top1social.com\/es\/wp-json\/wp\/v2\/types\/product"}],"replies":[{"embeddable":true,"href":"https:\/\/www.top1social.com\/es\/wp-json\/wp\/v2\/comments?post=2572"}],"wp:featuredmedia":[{"embeddable":true,"href":"https:\/\/www.top1social.com\/es\/wp-json\/wp\/v2\/media\/2574"}],"wp:attachment":[{"href":"https:\/\/www.top1social.com\/es\/wp-json\/wp\/v2\/media?parent=2572"}],"wp:term":[{"taxonomy":"store","embeddable":true,"href":"https:\/\/www.top1social.com\/es\/wp-json\/wp\/v2\/store?post=2572"},{"taxonomy":"product_brand","embeddable":true,"href":"https:\/\/www.top1social.com\/es\/wp-json\/wp\/v2\/product_brand?post=2572"},{"taxonomy":"product_cat","embeddable":true,"href":"https:\/\/www.top1social.com\/es\/wp-json\/wp\/v2\/product_cat?post=2572"},{"taxonomy":"product_tag","embeddable":true,"href":"https:\/\/www.top1social.com\/es\/wp-json\/wp\/v2\/product_tag?post=2572"}],"curies":[{"name":"wp","href":"https:\/\/api.w.org\/{rel}","templated":true}]}}