{"id":5775,"date":"2025-01-23T09:39:48","date_gmt":"2025-01-23T08:39:48","guid":{"rendered":"https:\/\/www.top1social.com\/es\/?post_type=product&#038;p=5775"},"modified":"2025-01-23T16:10:23","modified_gmt":"2025-01-23T15:10:23","slug":"comprar-seguidores-linkedin","status":"publish","type":"product","link":"https:\/\/www.top1social.com\/es\/producto\/comprar-seguidores-linkedin\/","title":{"rendered":"Comprar Seguidores LinkedIn"},"content":{"rendered":"<h2 style=\"text-align: center;\">\ud83c\udf1f Comprar Seguidores LinkedIn con Top1Social<\/h2>\n<p><strong>\u00bfTienes un perfil personal o de empresa en LinkedIn <\/strong>y quieres<strong> aumentar tu visibilidad <\/strong>e imagen<strong>?<\/strong>\u00a0<strong>Comprar seguidores en LinkedIn<\/strong> permitir\u00e1 que tu cuenta alcance la relevancia necesaria para ganar m\u00e1s confianza e inter\u00e9s de tus seguidores y\/o clientes potenciales.<\/p>\n<h3 style=\"text-align: center;\">\ud83c\udf1f \u00a1Dale a tu Cuenta el Impulso que Necesita!<\/h3>\n<p>Comprar seguidores LinkedIn ahora y observa resultados sorprendentes:<\/p>\n<ul>\n<li><strong>Perfiles de la m\u00e1s alta calidad<\/strong><\/li>\n<li><strong>Inicio en las primeras 24\/48 horas<\/strong><\/li>\n<\/ul>\n<h4>\ud83c\udf1f <strong>Ventajas de Comprar Seguidores en LinkedIn<\/strong><\/h4>\n<ul>\n<li><strong>Impulsa tu Marca:<\/strong> Mejora la <strong>credibilidad y profesionalismo<\/strong> de tu perfil.<\/li>\n<li><strong>Posicionamiento en Algoritmos:<\/strong> Un mayor n\u00famero de seguidores potencia c\u00f3mo LinkedIn recomienda tu contenido. \ud83d\udcc8<\/li>\n<li><strong>Nuevas Oportunidades Laborales:<\/strong> Incrementa tus conexiones, atrae <strong>clientes potenciales<\/strong> y destaca entre la competencia.<\/li>\n<\/ul>\n<h2 style=\"text-align: center;\">\ud83d\ude80 \u00bfCu\u00e1l es el Beneficio de Comprar Seguidores en LinkedIn?<\/h2>\n<h3>Impulsa tu Perfil y Marca en LinkedIn<\/h3>\n<p><strong>Tener seguidores en tu perfil de empresa o personal es crucial<\/strong>\u00a0para causar una excelente primera impresi\u00f3n ante potenciales clientes y oportunidades laborales.<\/p>\n<h3 style=\"text-align: center;\">Opiniones de Nuestros Clientes \u2b50\u2b50\u2b50\u2b50\u2b50<\/h3>\n<div class=\"wpsm-testimonial\"><div class=\"wpsm-testimonial-content\"><\/p>\n<p>\u2b50\u2b50\u2b50\u2b50\u2b50<\/p>\n<p><strong>\u00abDesde que compr\u00e9 seguidores en LinkedIn, mi perfil ha ganado visibilidad y he recibido m\u00e1s solicitudes de conexi\u00f3n de profesionales del sector. \u00a1Una excelente inversi\u00f3n!\u00bb<\/strong><\/p>\n<p><\/div><div class=\"wpsm-testimonial-author\">Sof\u00eda - Consultora de Marketing<\/div><\/div>\n<div class=\"wpsm-testimonial\"><div class=\"wpsm-testimonial-content\"><\/p>\n<p>\u2b50\u2b50\u2b50\u2b50\u2b50<\/p>\n<p><strong>\u00abDecid\u00ed impulsar mi cuenta empresarial y los resultados han sido sorprendentes. M\u00e1s interacciones y oportunidades laborales, \u00a1recomiendo Top1Social al 100%!\u00bb<\/strong><\/p>\n<p><\/div><div class=\"wpsm-testimonial-author\">Luis - Emprendedor<\/div><\/div>\n<div class=\"wpsm-testimonial\"><div class=\"wpsm-testimonial-content\"><\/p>\n<p>\u2b50\u2b50\u2b50\u2b50\u2b50<\/p>\n<p><strong>\u00abAl comprar seguidores, mi perfil se ve mucho m\u00e1s profesional. He notado un aumento en las ofertas de empleo y colaboraciones, \u00a1gracias Top1Social!\u00bb<\/strong><\/p>\n<p><\/div><div class=\"wpsm-testimonial-author\">Carla - Reclutadora<\/div><\/div>\n<h3><strong>\u00bfPor qu\u00e9 Comprar Seguidores en LinkedIn?<img fetchpriority=\"high\" decoding=\"async\" class=\"alignright wp-image-14404 size-medium\" src=\"https:\/\/www.top1social.com\/es\/wp-content\/uploads\/sites\/2\/2024\/06\/linkedin-seguidores-300x300.jpeg\" alt=\"Comprar Seguidores LinkedIn\" width=\"300\" height=\"300\" title=\"\" srcset=\"https:\/\/www.top1social.com\/es\/wp-content\/uploads\/sites\/2\/2024\/06\/linkedin-seguidores-300x300.jpeg 300w, https:\/\/www.top1social.com\/es\/wp-content\/uploads\/sites\/2\/2024\/06\/linkedin-seguidores-150x150.jpeg 150w, https:\/\/www.top1social.com\/es\/wp-content\/uploads\/sites\/2\/2024\/06\/linkedin-seguidores-768x768.jpeg 768w, https:\/\/www.top1social.com\/es\/wp-content\/uploads\/sites\/2\/2024\/06\/linkedin-seguidores-1536x1536.jpeg 1536w, https:\/\/www.top1social.com\/es\/wp-content\/uploads\/sites\/2\/2024\/06\/linkedin-seguidores-2048x2048.jpeg 2048w, https:\/\/www.top1social.com\/es\/wp-content\/uploads\/sites\/2\/2024\/06\/linkedin-seguidores-100x100.jpeg 100w, https:\/\/www.top1social.com\/es\/wp-content\/uploads\/sites\/2\/2024\/06\/linkedin-seguidores-350x350.jpeg 350w, https:\/\/www.top1social.com\/es\/wp-content\/uploads\/sites\/2\/2024\/06\/linkedin-seguidores-788x788.jpeg 788w, https:\/\/www.top1social.com\/es\/wp-content\/uploads\/sites\/2\/2024\/06\/linkedin-seguidores-600x600.jpeg 600w, https:\/\/www.top1social.com\/es\/wp-content\/uploads\/sites\/2\/2024\/06\/linkedin-seguidores.jpeg 1024w\" sizes=\"(max-width: 300px) 100vw, 300px\" \/><\/strong><\/h3>\n<ul>\n<li><strong>Confianza y Credibilidad:<\/strong> Un buen n\u00famero de seguidores mejora tu imagen y demuestra relevancia.<\/li>\n<li><strong>Algoritmo de <a href=\"https:\/\/business.linkedin.com\/es-es\/marketing-solutions\" target=\"_blank\" rel=\"noopener\">LinkedIn<\/a>:<\/strong> M\u00e1s seguidores influyen en c\u00f3mo te posiciona la plataforma y en las recomendaciones a otros usuarios.<\/li>\n<li><strong>Incremento de Ingresos:<\/strong> La confianza generada puede multiplicar tus oportunidades laborales y conexiones, atrayendo nuevos clientes y ofertas profesionales.<\/li>\n<\/ul>\n<h2 style=\"text-align: center;\">\ud83c\udf1f Beneficios de Aumentar tus Seguidores en LinkedIn<\/h2>\n<ul>\n<li><strong>Impresi\u00f3n Positiva:<\/strong> Un gran n\u00famero de seguidores da una excelente primera impresi\u00f3n a posibles clientes y empleadores.<\/li>\n<li><strong>Recomendaciones del Algoritmo:<\/strong> LinkedIn te destacar\u00e1 al recomendar tus publicaciones y contenido.<\/li>\n<li><strong>Oportunidades Laborales y Contactos:<\/strong> La confianza generada puede impulsar tu carrera o negocio.<\/li>\n<\/ul>\n<div class=\"flex-shrink-0 flex flex-col relative items-end\"><\/div>\n<div class=\"group\/conversation-turn relative flex w-full min-w-0 flex-col agent-turn\">\n<div class=\"flex-col gap-1 md:gap-3\">\n<div class=\"flex max-w-full flex-col flex-grow\">\n<div class=\"min-h-8 text-message flex w-full flex-col items-end gap-2 whitespace-normal break-words [.text-message+&amp;]:mt-5\" dir=\"auto\" data-message-author-role=\"assistant\" data-message-id=\"b4e680f9-911c-4cb4-b330-2b544a714627\" data-message-model-slug=\"gpt-4o-mini\">\n<div class=\"flex w-full flex-col gap-1 empty:hidden first:pt-[3px]\">\n<h4>\ud83d\ude80 <strong>Por qu\u00e9 Elegir Top1Social para Comprar Seguidores LinkedIn<\/strong><\/h4>\n<ul>\n<li>Seguidores <strong>reales y activos<\/strong> de alta calidad.<\/li>\n<li>Resultados en <strong>24\/48 horas<\/strong>.<\/li>\n<li><strong>Garant\u00eda de reposici\u00f3n<\/strong> de 30 d\u00edas.<\/li>\n<li>M\u00e1s del <strong>50% de descuento<\/strong> en nuestros paquetes.<\/li>\n<li>Transacciones 100% seguras y <strong>sin necesidad de contrase\u00f1as<\/strong>. \ud83d\udd12<\/li>\n<\/ul>\n<\/div>\n<\/div>\n<\/div>\n<\/div>\n<\/div>\n<h2 style=\"text-align: center;\">Comprar Seguidores de Calidad en LinkedIn con Top1Social<\/h2>\n<ul>\n<li><strong>Perfil M\u00e1s Popular:<\/strong> Tu perfil parecer\u00e1 inmediatamente m\u00e1s popular.<\/li>\n<li><strong>Crecimiento Org\u00e1nico y Natural:<\/strong> Aumentar\u00e1s tus seguidores org\u00e1nicos de forma natural.<\/li>\n<li><strong>Mayor Probabilidad de Volverse Viral:<\/strong> Tu perfil tiene m\u00e1s probabilidad de volverse viral.<\/li>\n<li><strong>Oportunidades de Monetizaci\u00f3n:<\/strong> Puedes ganar dinero con <strong><a href=\"https:\/\/www.top1social.com\/es\/categoria-producto\/linkedin\/\">LinkedIn<\/a><\/strong>.<\/li>\n<li><strong>Crecimiento F\u00e1cil y Eficiente:<\/strong> Manera f\u00e1cil de crecer en LinkedIn.<\/li>\n<\/ul>\n<h3><strong>Ofrecemos Seguidores de LinkedIn de Alta Calidad al Mejor Precio<\/strong><\/h3>\n<ul>\n<li><strong>Garant\u00eda de 30 D\u00edas:<\/strong> Todos nuestros productos vienen con una garant\u00eda gratuita de 30 d\u00edas.<\/li>\n<li><strong>Descuento Especial:<\/strong> Ahora con un <strong>DESCUENTO DE M\u00c1S DEL 50%<\/strong>.<\/li>\n<\/ul>\n<p>Top1Social te ofrece los paquetes de suscriptores de LinkedIn m\u00e1s baratos del mercado, 100% reales y de gran calidad.<\/p>\n<h2 style=\"text-align: center;\">Preguntas Frecuentes sobre Comprar Seguidores en LinkedIn \ud83c\udf1f<\/h2>\n<div class=\"wpsm-accordion mb30\" data-accordion=\"yes\" itemscope=\"\" itemtype=\"https:\/\/schema.org\/FAQPage\"><\/p>\n<p><div class=\"wpsm-accordion-item close\" itemscope=\"\" itemprop=\"mainEntity\" itemtype=\"https:\/\/schema.org\/Question\"><h3 class=\"wpsm-accordion-trigger\" itemprop=\"name\">\u00bfEs seguro <strong>comprar seguidores<\/strong> en LinkedIn? \ud83d\udd12<\/h3><div class=\"accordion-content\"  itemscope=\"\" itemprop=\"acceptedAnswer\" itemtype=\"https:\/\/schema.org\/Answer\"><div itemprop=\"text\"><\/p>\n<p>S\u00ed, <strong>comprar seguidores en LinkedIn<\/strong> con nosotros es seguro y legal. Utilizamos m\u00e9todos que cumplen con las pol\u00edticas de la plataforma para proteger tu cuenta.<\/p>\n<p><\/div><\/div><\/div><\/p>\n<p><div class=\"wpsm-accordion-item close\" itemscope=\"\" itemprop=\"mainEntity\" itemtype=\"https:\/\/schema.org\/Question\"><h3 class=\"wpsm-accordion-trigger\" itemprop=\"name\">\u00bfCu\u00e1nto tiempo tarda en aumentar mis <strong>seguidores<\/strong>? \u23f3<\/h3><div class=\"accordion-content\"  itemscope=\"\" itemprop=\"acceptedAnswer\" itemtype=\"https:\/\/schema.org\/Answer\"><div itemprop=\"text\"><\/p>\n<p>Una vez que realices tu compra, ver\u00e1s un aumento en tus <strong>seguidores<\/strong> en <strong>24 a 48 horas<\/strong>. \u00a1Prep\u00e1rate para ver tu cuenta crecer r\u00e1pidamente!<\/p>\n<p><\/div><\/div><\/div><\/p>\n<p><div class=\"wpsm-accordion-item close\" itemscope=\"\" itemprop=\"mainEntity\" itemtype=\"https:\/\/schema.org\/Question\"><h3 class=\"wpsm-accordion-trigger\" itemprop=\"name\">\u00bfPuedo elegir la cantidad de <strong>seguidores<\/strong> que quiero <strong>comprar<\/strong>? \ud83d\udcc8<\/h3><div class=\"accordion-content\"  itemscope=\"\" itemprop=\"acceptedAnswer\" itemtype=\"https:\/\/schema.org\/Answer\"><div itemprop=\"text\"><\/p>\n<p>\u00a1Por supuesto! Puedes seleccionar la cantidad exacta de <strong>seguidores en LinkedIn<\/strong> que deseas adquirir, adaptando el servicio a tus necesidades espec\u00edficas.<\/p>\n<p><\/div><\/div><\/div><\/p>\n<p><div class=\"wpsm-accordion-item close\" itemscope=\"\" itemprop=\"mainEntity\" itemtype=\"https:\/\/schema.org\/Question\"><h3 class=\"wpsm-accordion-trigger\" itemprop=\"name\">\u00bfQu\u00e9 tipo de <strong>seguidores<\/strong> recibir\u00e9? \ud83c\udf0d<\/h3><div class=\"accordion-content\"  itemscope=\"\" itemprop=\"acceptedAnswer\" itemtype=\"https:\/\/schema.org\/Answer\"><div itemprop=\"text\"><\/p>\n<p>Recibir\u00e1s <strong>seguidores reales y activos<\/strong>, lo que significa que no solo aumentar\u00e1 tu n\u00famero de <strong>seguidores<\/strong>, sino tambi\u00e9n tu interacci\u00f3n y visibilidad en la plataforma.<\/p>\n<p><\/div><\/div><\/div><\/p>\n<p><div class=\"wpsm-accordion-item close\" itemscope=\"\" itemprop=\"mainEntity\" itemtype=\"https:\/\/schema.org\/Question\"><h3 class=\"wpsm-accordion-trigger\" itemprop=\"name\">\u00bfPuedo perder mis <strong>seguidores<\/strong> despu\u00e9s de la compra? \ud83d\ude31<\/h3><div class=\"accordion-content\"  itemscope=\"\" itemprop=\"acceptedAnswer\" itemtype=\"https:\/\/schema.org\/Answer\"><div itemprop=\"text\"><\/p>\n<p>Con nuestra <strong>garant\u00eda de reposici\u00f3n de 30 d\u00edas<\/strong>, si pierdes alg\u00fan <strong>seguidor<\/strong>, te lo repondremos sin costo adicional.<\/p>\n<p><\/div><\/div><\/div><\/p>\n<p><div class=\"wpsm-accordion-item close\" itemscope=\"\" itemprop=\"mainEntity\" itemtype=\"https:\/\/schema.org\/Question\"><h3 class=\"wpsm-accordion-trigger\" itemprop=\"name\">\u00bfNecesito proporcionar mi contrase\u00f1a para <strong>comprar seguidores<\/strong>? \ud83d\udd11<\/h3><div class=\"accordion-content\"  itemscope=\"\" itemprop=\"acceptedAnswer\" itemtype=\"https:\/\/schema.org\/Answer\"><div itemprop=\"text\"><\/p>\n<p>No, nunca solicitamos tu contrase\u00f1a ni informaci\u00f3n personal. Tu privacidad es nuestra prioridad.<\/p>\n<p><\/div><\/div><\/div><\/p>\n<p><div class=\"wpsm-accordion-item close\" itemscope=\"\" itemprop=\"mainEntity\" itemtype=\"https:\/\/schema.org\/Question\"><h3 class=\"wpsm-accordion-trigger\" itemprop=\"name\">\u00bfPor qu\u00e9 deber\u00eda <strong>comprar seguidores<\/strong> en LinkedIn? \ud83c\udf1f<\/h3><div class=\"accordion-content\"  itemscope=\"\" itemprop=\"acceptedAnswer\" itemtype=\"https:\/\/schema.org\/Answer\"><div itemprop=\"text\"><\/p>\n<p><strong>Comprar seguidores en LinkedIn<\/strong> te ayudar\u00e1 a <strong>aumentar tu visibilidad<\/strong>, atraer a m\u00e1s clientes potenciales y construir una <strong>marca personal s\u00f3lida<\/strong>. \u00a1Es el impulso que necesitas!<\/p>\n<p><\/div><\/div><\/div><\/p>\n<p><\/div>\n<h2 style=\"text-align: center;\">C\u00f3mo Aumentar tus Seguidores en LinkedIn: Estrategias Efectivas \ud83d\ude80<\/h2>\n<p><strong>\u00bfPor qu\u00e9 <a href=\"https:\/\/www.top1social.com\/es\/producto\/comprar-seguidores-linkedin\/\">Comprar Seguidores LinkedIn<\/a>?<\/strong> Ahora puedes crecer en LinkedIn y crear un perfil m\u00e1s profesional con nuestros servicios. Incluso es probable que hayas seguido cuentas que han logrado su \u00e9xito comprando seguidores.<\/p>\n<h3>Beneficios de Comprar Seguidores en LinkedIn<\/h3>\n<ul>\n<li><strong>Expansi\u00f3n de Redes Profesionales:<\/strong> Aumentar tus seguidores en LinkedIn te permite ampliar tu red de contactos, abriendo nuevas oportunidades laborales y colaborativas.<\/li>\n<li><strong>Reconocimiento de Marca Personal:<\/strong> Un mayor n\u00famero de seguidores contribuye al reconocimiento de tu marca en la plataforma, beneficiando tu reputaci\u00f3n profesional.<\/li>\n<li><strong>Alcance Ampliado de Contenido:<\/strong> Con m\u00e1s seguidores, tus actualizaciones y publicaciones llegan a un p\u00fablico m\u00e1s amplio, aumentando la posibilidad de que se compartan y aprecien.<\/li>\n<li><strong>Credibilidad Profesional:<\/strong> Un perfil con muchos seguidores transmite una impresi\u00f3n de \u00e9xito y credibilidad, atrayendo a empleadores y colegas.<\/li>\n<li><strong>Participaci\u00f3n Destacada en Conversaciones:<\/strong> M\u00e1s seguidores aumentan la probabilidad de que tus comentarios sean notados, permiti\u00e9ndote contribuir significativamente a la comunidad profesional.<\/li>\n<li><strong>Oportunidades de Contenido Patrocinado:<\/strong> Con una audiencia amplia, puedes aprovechar la publicidad y el contenido patrocinado para llegar a segmentos espec\u00edficos de profesionales.<\/li>\n<li><strong>Conexiones de Calidad:<\/strong> Atraer\u00e1s a personas interesadas en tu sector, lo que resultar\u00e1 en conexiones valiosas y relevantes.<\/li>\n<li><strong>Impacto en la Industria:<\/strong> Un perfil con muchos seguidores te permite compartir conocimientos y perspectivas de manera m\u00e1s amplia, influyendo en tu industria.<\/li>\n<\/ul>\n<p style=\"text-align: center;\">\ud83d\ude80 <strong>\u00a1Impulsa tu presencia en LinkedIn con Top1Social y observa c\u00f3mo crece tu red profesional!<\/strong> \ud83d\ude80<\/p>\n","protected":false},"excerpt":{"rendered":"<div class=\"woocommerce-product-details__short-description\">\n<p style=\"text-align: center;\"><b>\ud83d\udd25<\/b><strong>Seguidores REALES para LinkedIn <\/strong><img decoding=\"async\" class=\"emoji alignnone\" role=\"img\" draggable=\"false\" src=\"https:\/\/s.w.org\/images\/core\/emoji\/13.1.0\/svg\/1f465.svg\" alt=\"\ud83d\udc65 Comprar Seguidores Instagram\" width=\"150\" height=\"150\" \/><\/p>\n<p style=\"text-align: center;\"><strong><img decoding=\"async\" class=\"emoji\" role=\"img\" draggable=\"false\" src=\"https:\/\/s.w.org\/images\/core\/emoji\/15.0.3\/svg\/1f1ea-1f1f8.svg\" alt=\"\ud83c\uddea\ud83c\uddf8\" \/>\u00a0Servicio 100% Espa\u00f1ol<\/strong>\u00a0<img decoding=\"async\" class=\"emoji\" role=\"img\" draggable=\"false\" src=\"https:\/\/s.w.org\/images\/core\/emoji\/15.0.3\/svg\/1f1ea-1f1f8.svg\" alt=\"\ud83c\uddea\ud83c\uddf8\" \/><\/p>\n<p style=\"text-align: center;\"><strong>\ud83c\udf81-50% de Descuento Hoy<\/strong><\/p>\n<p style=\"text-align: center;\"><strong>Ahora El Mejor Precio del Mercado<\/strong>\u00a0<b>\ud83d\udd25<\/b><\/p>\n<div class=\"pr_excerpt f_300 f_size_15\">\n<h5 style=\"text-align: center;\"><b><img decoding=\"async\" class=\"emoji\" role=\"img\" draggable=\"false\" src=\"https:\/\/s.w.org\/images\/core\/emoji\/13.1.0\/svg\/2705.svg\" alt=\"\u2705\" \/><\/b>\u00a0Seguidores SIN Ca\u00eddas (30 d\u00edas de Garant\u00eda)<\/h5>\n<h5 style=\"text-align: center;\"><b><img decoding=\"async\" class=\"emoji\" role=\"img\" draggable=\"false\" src=\"https:\/\/s.w.org\/images\/core\/emoji\/13.1.0\/svg\/2705.svg\" alt=\"\u2705\" \/><\/b>\u00a0Soporte en Espa\u00f1ol 24\/7\u00a0<img decoding=\"async\" class=\"emoji\" role=\"img\" draggable=\"false\" src=\"https:\/\/s.w.org\/images\/core\/emoji\/15.0.3\/svg\/1f1ea-1f1f8.svg\" alt=\"\ud83c\uddea\ud83c\uddf8\" \/><\/h5>\n<h5 style=\"text-align: center;\"><b><img decoding=\"async\" class=\"emoji\" role=\"img\" draggable=\"false\" src=\"https:\/\/s.w.org\/images\/core\/emoji\/13.1.0\/svg\/2705.svg\" alt=\"\u2705\" \/><\/b>\u00a0Entrega R\u00c1PIDA Y NATURAL<\/h5>\n<h5 style=\"text-align: center;\"><b><img decoding=\"async\" class=\"emoji\" role=\"img\" draggable=\"false\" src=\"https:\/\/s.w.org\/images\/core\/emoji\/13.1.0\/svg\/2705.svg\" alt=\"\u2705\" \/><\/b>\u00a0Paga ahora tambi\u00e9n con BIZUM<\/h5>\n<h6 class=\"LC20lb DKV0Md\" style=\"text-align: center;\"><img decoding=\"async\" class=\"emoji\" role=\"img\" draggable=\"false\" src=\"https:\/\/s.w.org\/images\/core\/emoji\/13.1.0\/svg\/1f44c.svg\" alt=\"\ud83d\udc4c\" \/>\u00a0PAGO \u00daNICO Y SEGURO, CON GARANT\u00cdA INCLUIDA<\/h6>\n<p><img decoding=\"async\" class=\"aligncenter\" src=\"https:\/\/www.top1social.com\/es\/wp-content\/uploads\/sites\/2\/2022\/08\/pago-tarjeta-seguro-e1661767131379.png\" \/><img decoding=\"async\" class=\"alignnone size-medium aligncenter\" src=\"https:\/\/www.top1social.com\/wp-content\/plugins\/woocommerce-gateway-redsys\/assets\/images\/bizum.png\" alt=\"Bizum\" width=\"100\" height=\"43\" \/><\/p>\n<\/div>\n<\/div>\n","protected":false},"featured_media":5777,"comment_status":"open","ping_status":"closed","template":"","meta":{"bwfblock_default_font":"","_gspb_post_css":""},"store":[473],"product_brand":[],"product_cat":[472],"product_tag":[589,474],"class_list":{"0":"post-5775","1":"product","2":"type-product","3":"status-publish","4":"has-post-thumbnail","6":"store-linkedin","7":"product_cat-linkedin","8":"product_tag-aumentar-seguidores-linkedin","9":"product_tag-comprar-seguidores-linkedin","11":"first","12":"instock","13":"sale","14":"taxable","15":"shipping-taxable","16":"purchasable","17":"product-type-variable"},"_links":{"self":[{"href":"https:\/\/www.top1social.com\/es\/wp-json\/wp\/v2\/product\/5775","targetHints":{"allow":["GET"]}}],"collection":[{"href":"https:\/\/www.top1social.com\/es\/wp-json\/wp\/v2\/product"}],"about":[{"href":"https:\/\/www.top1social.com\/es\/wp-json\/wp\/v2\/types\/product"}],"replies":[{"embeddable":true,"href":"https:\/\/www.top1social.com\/es\/wp-json\/wp\/v2\/comments?post=5775"}],"wp:featuredmedia":[{"embeddable":true,"href":"https:\/\/www.top1social.com\/es\/wp-json\/wp\/v2\/media\/5777"}],"wp:attachment":[{"href":"https:\/\/www.top1social.com\/es\/wp-json\/wp\/v2\/media?parent=5775"}],"wp:term":[{"taxonomy":"store","embeddable":true,"href":"https:\/\/www.top1social.com\/es\/wp-json\/wp\/v2\/store?post=5775"},{"taxonomy":"product_brand","embeddable":true,"href":"https:\/\/www.top1social.com\/es\/wp-json\/wp\/v2\/product_brand?post=5775"},{"taxonomy":"product_cat","embeddable":true,"href":"https:\/\/www.top1social.com\/es\/wp-json\/wp\/v2\/product_cat?post=5775"},{"taxonomy":"product_tag","embeddable":true,"href":"https:\/\/www.top1social.com\/es\/wp-json\/wp\/v2\/product_tag?post=5775"}],"curies":[{"name":"wp","href":"https:\/\/api.w.org\/{rel}","templated":true}]}}