{"id":8280,"date":"2024-04-22T03:33:54","date_gmt":"2024-04-22T01:33:54","guid":{"rendered":"https:\/\/www.top1social.com\/es\/?post_type=product&#038;p=8280"},"modified":"2024-10-31T11:45:57","modified_gmt":"2024-10-31T10:45:57","slug":"comprar-seguidores-threads","status":"publish","type":"product","link":"https:\/\/www.top1social.com\/es\/producto\/comprar-seguidores-threads\/","title":{"rendered":"Comprar Seguidores Threads"},"content":{"rendered":"<h2 style=\"text-align: center;\">\u00bfPor Qu\u00e9 Comprar Seguidores de Threads?<\/h2>\n<p><strong>Comprar Seguidores de Threads <\/strong>elevar\u00e1 su presencia en la plataforma de redes sociales m\u00e1s moderna y Popular en la actualidad.<\/p>\n<p>\u00bfQuieres hacer Crecer tu Visibilidad y <strong>Seguidores en Threads<\/strong> y obtener todos los beneficios que conlleva? \u00bfNecesitas aumentar la autoridad de tu marca de forma r\u00e1pida? <strong>Threads es la nueva red social de Instagram con un estilo muy parecido a Twitter<\/strong>. Ahora puedes llegar a ser el <strong>N\u00famero 1 en Threads<\/strong> con nuestros servicios para <strong>comprar seguidores Threads<\/strong>. Cientos de clientes nuestro ya viven de <strong>Threads<\/strong> Patrocinando sus productos.<\/p>\n<h3 style=\"text-align: center;\">Conoce los Beneficios de Comprar Seguidores Threads en Top1Social<\/h3>\n<h4><strong>\ud83d\udc65 Los Mejores Usuarios 100% reales<\/strong><strong><br \/>\n<\/strong><\/h4>\n<h4><strong>\ud83c\udf81<\/strong><strong> Seguidores de Threads de m\u00e1s GRATIS<\/strong><br \/>\n<strong>\ud83d\udd25<\/strong><strong>\u00a0\u00a1\u00a1Garant\u00eda de 30 d\u00edas!!<\/strong><\/h4>\n<h4><strong>\u2b50 La mejor calidad de Servicio<\/strong><strong><br \/>\n<\/strong><strong>\u2b50 100% seguro y an\u00f3nimo<br \/>\n\u2b50 Pago seguro, \u00a1Ahora con BIZUM!<\/strong><strong><br \/>\n<\/strong><strong>\u2b50 Miles de influencers nos usan cada d\u00eda<\/strong><\/h4>\n<h4><strong>M\u00e1s de 10 A\u00f1os de Marketing Online \u2705<br \/>\n<\/strong><strong>Soporte 24\/7 en Espa\u00f1ol \u2705<\/strong><br \/>\n<strong>NO Pedimos Contrase\u00f1a\u2705<\/strong><\/h4>\n<p>Al igual que <a href=\"https:\/\/www.top1social.com\/es\/categoria-producto\/instagram\/\"><strong>Instagram<\/strong><\/a>, todos tienen una <strong>cuenta personal en Threads<\/strong>. Adem\u00e1s de crear textos cortos, los usuarios tambi\u00e9n pueden dar <strong>me gusta o Like, comentar y compartir los textos de otros<\/strong>.<\/p>\n<p><\/p>\n<h3 style=\"text-align: center;\">Comprar Seguidores de Threads en Top1Social<\/h3>\n<p>Las personas que producen <strong>contenido original para Threads <\/strong>y lo suben regularmente pueden lograr altas tasas de \u00e9xito y finalmente <strong>ganar dinero por promociones con marcas<\/strong>. Entonces, adelante y pru\u00e9balo; <strong>\u00a1compra seguidores en Threads <\/strong>ahora y <strong>hazte viral<\/strong>!<\/p>\n<p>Si su <strong>n\u00famero de seguidores<\/strong> no es suficiente para usted o no cumple con sus expectativas, puede <strong>comprar seguidores de Threads a bajo precio<\/strong>.\u00a0A menudo recibimos preguntas como \u00ab<strong>c<\/strong><strong>u\u00e1ntos seguidores en Threads deber\u00eda comprar<\/strong>\u00bb o \u00bb\u00a0<strong>\u00bflos seguidores de Threads traer\u00e1n m\u00e1s vistas o Likes?<\/strong> \u00bb Como resultado, hemos preparado un texto informativo a continuaci\u00f3n que lo ayudar\u00e1 en su decisi\u00f3n.<\/p>\n<p style=\"text-align: center;\"><div class=\"wpsm_update mobfont90\"><span class=\"label-info\">Oferta<\/span><strong>Ahora en OFERTA: <a href=\"https:\/\/www.top1social.com\/es\/producto\/comprar-likes-threads\/\">Comprar Likes de Threads<\/a><\/strong><\/div><\/p>\n<p><span class=\"\">Nosotros, como pioneros en <strong>proporcionar seguidores reales de Threads<\/strong><\/span><span class=\"\">, comprendemos las expectativas de nuestros clientes en cuanto a los servicios que ofrecemos. <\/span>Por lo tanto, mantenemos todo transparente para usted, para que pueda mantenerse actualizado con el progreso de su pedido.<\/p>\n<p><strong>Nuestro servicio aumenta la visibilidad de su contenido<\/strong> para hacer que su cuenta sea famosa al obtener m\u00e1s seguidores en <strong>Threads<\/strong> y llegar a audiencias nuevas y m\u00e1s grandes. Si deseas <strong>disfrutar creando contenido y ganar dinero y fama al mismo tiempo<\/strong>.<\/p>\n<h2 style=\"text-align: center;\"><span class=\"goog-text-highlight\">\u00bfEs seguro Comprar Seguidores de <strong>Threads<\/strong>?<\/span><\/h2>\n<p>En <a href=\"https:\/\/www.top1social.com\/es\"><strong>Top1Social<\/strong><\/a>, nos preocupamos por su seguridad. Todos nuestros productos, incluida\u00a0<strong>la compra de seguidores de Threads<\/strong>, son 100 % seguros.\u00a0Tambi\u00e9n proporcionamos los <strong>seguidores de Threads m\u00e1s baratos<\/strong>. Nuestros servicios no crear\u00e1n ning\u00fan problema y est\u00e1n garantizados para brindarle los mejores resultados.<\/p>\n<p><img decoding=\"async\" class=\"emoji\" role=\"img\" draggable=\"false\" src=\"https:\/\/s.w.org\/images\/core\/emoji\/14.0.0\/svg\/2705.svg\" alt=\"\u2705\" title=\"\"><strong>Su perfil inmediatamente parecer\u00e1 m\u00e1s popular<\/strong><\/p>\n<p><img decoding=\"async\" class=\"emoji\" role=\"img\" draggable=\"false\" src=\"https:\/\/s.w.org\/images\/core\/emoji\/14.0.0\/svg\/2705.svg\" alt=\"\u2705\" title=\"\">Subir\u00e1s de manera org\u00e1nica y natural<\/p>\n<p><img decoding=\"async\" class=\"emoji\" role=\"img\" draggable=\"false\" src=\"https:\/\/s.w.org\/images\/core\/emoji\/14.0.0\/svg\/2705.svg\" alt=\"\u2705\" title=\"\"><strong>Tus videos tienen m\u00e1s probabilidades de volverse virales<\/strong><\/p>\n<p><img decoding=\"async\" class=\"emoji\" role=\"img\" draggable=\"false\" src=\"https:\/\/s.w.org\/images\/core\/emoji\/14.0.0\/svg\/2705.svg\" alt=\"\u2705\" title=\"\"><strong>Puedes ganar dinero con Threads <\/strong><\/p>\n<p><img decoding=\"async\" class=\"emoji\" role=\"img\" draggable=\"false\" src=\"https:\/\/s.w.org\/images\/core\/emoji\/14.0.0\/svg\/2705.svg\" alt=\"\u2705\" title=\"\">Manera f\u00e1cil de crecer en tu <strong>Threads<\/strong><\/p>\n<p><img decoding=\"async\" class=\"emoji\" role=\"img\" draggable=\"false\" src=\"https:\/\/s.w.org\/images\/core\/emoji\/14.0.0\/svg\/2b50.svg\" alt=\"\u2b50\" title=\"\"><img decoding=\"async\" class=\"emoji\" role=\"img\" draggable=\"false\" src=\"https:\/\/s.w.org\/images\/core\/emoji\/14.0.0\/svg\/2b50.svg\" alt=\"\u2b50\" title=\"\"><img decoding=\"async\" class=\"emoji\" role=\"img\" draggable=\"false\" src=\"https:\/\/s.w.org\/images\/core\/emoji\/14.0.0\/svg\/2b50.svg\" alt=\"\u2b50\" title=\"\"><img decoding=\"async\" class=\"emoji\" role=\"img\" draggable=\"false\" src=\"https:\/\/s.w.org\/images\/core\/emoji\/14.0.0\/svg\/2b50.svg\" alt=\"\u2b50\" title=\"\"><img decoding=\"async\" class=\"emoji\" role=\"img\" draggable=\"false\" src=\"https:\/\/s.w.org\/images\/core\/emoji\/14.0.0\/svg\/2b50.svg\" alt=\"\u2b50\" title=\"\"> Ofrecemos nuestros Servicios con la\u00a0<b>mejor calidad.\u00a0<\/b><span class=\"\">\u00a1Ofrecemos seguidores de alta calidad al mejor <\/span><b><span class=\"\">precio!<\/span><\/b><\/p>\n<p><img decoding=\"async\" class=\"emoji\" role=\"img\" draggable=\"false\" src=\"https:\/\/s.w.org\/images\/core\/emoji\/14.0.0\/svg\/1f3c6.svg\" alt=\"\ud83c\udfc6\" title=\"\"> Todos nuestros productos vienen con una\u00a0<b>garant\u00eda gratuita de 30 d\u00edas<\/b>.<\/p>\n<p>No cambiar el nombre de usuario del perfil de <strong>Threads<\/strong>\u00a0para aplicar la garant\u00eda de 30 d\u00edas. Si se cambia, no aplica garant\u00eda.<\/p>\n<p style=\"text-align: center;\"><strong>Ahora con un DESCUENTO DE M\u00c1S DEL 50%<\/strong><\/p>\n<h3 style=\"text-align: center;\">Opiniones de Clientes al Comprar Seguidores de <strong>Threads<\/strong><\/h3>\n<p style=\"text-align: left;\"><div class=\"wpsm-testimonial\"><div class=\"wpsm-testimonial-content\"><img decoding=\"async\" class=\"emoji\" role=\"img\" draggable=\"false\" src=\"https:\/\/s.w.org\/images\/core\/emoji\/14.0.0\/svg\/2b50.svg\" alt=\"\u2b50\" title=\"\"><img decoding=\"async\" class=\"emoji\" role=\"img\" draggable=\"false\" src=\"https:\/\/s.w.org\/images\/core\/emoji\/14.0.0\/svg\/2b50.svg\" alt=\"\u2b50\" title=\"\"><img decoding=\"async\" class=\"emoji\" role=\"img\" draggable=\"false\" src=\"https:\/\/s.w.org\/images\/core\/emoji\/14.0.0\/svg\/2b50.svg\" alt=\"\u2b50\" title=\"\"><img decoding=\"async\" class=\"emoji\" role=\"img\" draggable=\"false\" src=\"https:\/\/s.w.org\/images\/core\/emoji\/14.0.0\/svg\/2b50.svg\" alt=\"\u2b50\" title=\"\"><img decoding=\"async\" class=\"emoji\" role=\"img\" draggable=\"false\" src=\"https:\/\/s.w.org\/images\/core\/emoji\/14.0.0\/svg\/2b50.svg\" alt=\"\u2b50\" title=\"\"><\/p>\n<p style=\"text-align: left;\"><strong>Compre seguidores para poder monetizar y ya me aprob\u00f3 Threads. Muchas gracias!<\/strong><br \/>\n<\/div><div class=\"wpsm-testimonial-author\">Jorge - Influencer<\/div><\/div><\/p>\n<p style=\"text-align: left;\"><div class=\"wpsm-testimonial\"><div class=\"wpsm-testimonial-content\"><img decoding=\"async\" class=\"emoji\" role=\"img\" draggable=\"false\" src=\"https:\/\/s.w.org\/images\/core\/emoji\/14.0.0\/svg\/2b50.svg\" alt=\"\u2b50\" title=\"\"><img decoding=\"async\" class=\"emoji\" role=\"img\" draggable=\"false\" src=\"https:\/\/s.w.org\/images\/core\/emoji\/14.0.0\/svg\/2b50.svg\" alt=\"\u2b50\" title=\"\"><img decoding=\"async\" class=\"emoji\" role=\"img\" draggable=\"false\" src=\"https:\/\/s.w.org\/images\/core\/emoji\/14.0.0\/svg\/2b50.svg\" alt=\"\u2b50\" title=\"\"><img decoding=\"async\" class=\"emoji\" role=\"img\" draggable=\"false\" src=\"https:\/\/s.w.org\/images\/core\/emoji\/14.0.0\/svg\/2b50.svg\" alt=\"\u2b50\" title=\"\"><img decoding=\"async\" class=\"emoji\" role=\"img\" draggable=\"false\" src=\"https:\/\/s.w.org\/images\/core\/emoji\/14.0.0\/svg\/2b50.svg\" alt=\"\u2b50\" title=\"\"><\/p>\n<p style=\"text-align: left;\"><strong>Contacte con Top1Social para ver como pod\u00eda hacer lives y me dijeron que a partir de 1000. Compre un paquete algo m\u00e1s grande y muy contenta, ya estoy haciendo lives.<\/strong><br \/>\n<\/div><div class=\"wpsm-testimonial-author\">Mar\u00eda - Fot\u00f3grafa<\/div><\/div><\/p>\n<p style=\"text-align: left;\"><div class=\"wpsm-testimonial\"><div class=\"wpsm-testimonial-content\"><img decoding=\"async\" class=\"emoji\" role=\"img\" draggable=\"false\" src=\"https:\/\/s.w.org\/images\/core\/emoji\/14.0.0\/svg\/2b50.svg\" alt=\"\u2b50\" title=\"\"><img decoding=\"async\" class=\"emoji\" role=\"img\" draggable=\"false\" src=\"https:\/\/s.w.org\/images\/core\/emoji\/14.0.0\/svg\/2b50.svg\" alt=\"\u2b50\" title=\"\"><img decoding=\"async\" class=\"emoji\" role=\"img\" draggable=\"false\" src=\"https:\/\/s.w.org\/images\/core\/emoji\/14.0.0\/svg\/2b50.svg\" alt=\"\u2b50\" title=\"\"><img decoding=\"async\" class=\"emoji\" role=\"img\" draggable=\"false\" src=\"https:\/\/s.w.org\/images\/core\/emoji\/14.0.0\/svg\/2b50.svg\" alt=\"\u2b50\" title=\"\"><img decoding=\"async\" class=\"emoji\" role=\"img\" draggable=\"false\" src=\"https:\/\/s.w.org\/images\/core\/emoji\/14.0.0\/svg\/2b50.svg\" alt=\"\u2b50\" title=\"\"><\/p>\n<p style=\"text-align: left;\"><strong>He probado todos vuestros servicios para hacer crecer mi cuenta de Twitch y genial mes a mes.<\/strong><br \/>\n<\/div><div class=\"wpsm-testimonial-author\">Lacker - Gamer \/ Twitch<\/div><\/div><\/p>\n<h2 style=\"text-align: center;\">\u00bfC\u00f3mo Conseguir m\u00e1s Seguidores en <strong>Threads<\/strong>?<\/h2>\n<div class=\"Intro\">\n<p><strong>Mantener su perfil actualizado con las \u00faltimas tendencias<\/strong> lo llevar\u00e1 a <strong>obtener seguidores de Threads m\u00e1s activos en Threads<\/strong>, pero \u00bfno cree que puede llevar meses o tal vez un a\u00f1o obtener la cantidad deseada de seguidores? Entonces, \u00bfcu\u00e1l podr\u00eda ser el proceso m\u00e1s r\u00e1pido pero efectivo?<\/p>\n<p><span class=\"\">Hay muchos datos que el algoritmo de <strong>Threads<\/strong> usa, pero el <strong>n\u00famero de seguidores puede tener la mayor importancia<\/strong>. <\/span><span class=\"\">Aumentar sus seguidores no solo le dar\u00e1 credibilidad cuando interact\u00fae con patrocinadores y anunciantes, sino que tambi\u00e9n aumentar\u00e1 org\u00e1nicamente la frecuencia de sus videos que aparecen en la p\u00e1gina \u00abTendencias\u00bb.<\/span><\/p>\n<p>Puede <strong>comprar seguidores de Threads <\/strong>porque entendemos que puede llevarle <strong>d\u00edas o meses lograr la participaci\u00f3n en su nueva cuenta<\/strong>. Por lo tanto, seguimos un proceso de publicidad y marketing para promocionar su contenido a la audiencia que desea verlo. Puede realizar un pedido con nosotros, la <strong>cantidad de seguidores de Threads que desea comprar<\/strong>. Su pedido se activa en pocos minutos o en horas.<\/p>\n<ul>\n<li><strong><span class=\"text-description\">Entrega Garantizada<\/span><\/strong><\/li>\n<li><strong><span class=\"text-description\">No se requiere contrase\u00f1a<\/span><\/strong><\/li>\n<li><span class=\"text-description\">100% Confidencial<\/span><\/li>\n<li><strong><span class=\"text-description\">Garant\u00eda de 30 d\u00edas<\/span><\/strong><\/li>\n<li>Seguidores Internacionales Reales<\/li>\n<li><span class=\"text-description\">Soporte 24\/7<\/span><\/li>\n<\/ul>\n<h2 style=\"text-align: center;\" data-sourcepos=\"1:1-1:52\"><strong>Beneficios de Comprar Seguidores de Threads<\/strong><\/h2>\n<p data-sourcepos=\"3:1-3:267\"><strong><a href=\"https:\/\/www.top1social.com\/es\/categoria-producto\/threads\/\">Threads<\/a> <\/strong>es una red social de microblogging que permite a los usuarios compartir historias, fotos y v\u00eddeos con sus seguidores. Para las personas y las empresas, <strong>Comprar Seguidores de Threads<\/strong> puede tener una serie de beneficios, entre los que se incluyen:<\/p>\n<ul data-sourcepos=\"5:1-8:0\">\n<li data-sourcepos=\"5:1-5:279\"><strong>Mayor visibilidad y alcance.<\/strong>\u00a0A medida que un usuario o empresa gana m\u00e1s seguidores, su contenido se vuelve m\u00e1s visible para un p\u00fablico m\u00e1s amplio. Esto puede ayudar a que el usuario o empresa se destaque entre la competencia y atraiga a m\u00e1s clientes o usuarios potenciales.<\/li>\n<li data-sourcepos=\"6:1-6:346\"><strong>M\u00e1s interacciones.<\/strong>\u00a0Los seguidores suelen participar en las publicaciones interactuando con el usuario o empresa a trav\u00e9s de comentarios, reacciones y me gusta. A medida que un usuario o empresa gana m\u00e1s seguidores, tambi\u00e9n gana m\u00e1s oportunidades para interactuar con ellos. Esto puede ayudar a crear una comunidad m\u00e1s s\u00f3lida y comprometida.<\/li>\n<li data-sourcepos=\"7:1-8:0\"><strong>M\u00e1s oportunidades de negocio.<\/strong>\u00a0Los usuarios y empresas con una gran audiencia en Threads pueden aprovecharla para generar oportunidades de negocio, como la venta de productos o servicios, la promoci\u00f3n de marcas o la colaboraci\u00f3n con otros usuarios o empresas.<\/li>\n<\/ul>\n<p data-sourcepos=\"9:1-9:160\">En concreto, los siguientes son algunos de los beneficios m\u00e1s espec\u00edficos que puede obtener un usuario o empresa al <strong>Comprar Seguidores de Threads:<\/strong><\/p>\n<ul data-sourcepos=\"11:1-14:0\">\n<li data-sourcepos=\"11:1-11:354\"><strong>Mayor probabilidad de aparecer en la p\u00e1gina principal de Threads.<\/strong>\u00a0La p\u00e1gina principal de Threads es la p\u00e1gina principal de la plataforma, y es donde los usuarios van a buscar nuevo contenido para ver. Las publicaciones con m\u00e1s seguidores tienen m\u00e1s probabilidades de aparecer en la p\u00e1gina principal, lo que puede exponerlas a un p\u00fablico m\u00e1s amplio.<\/li>\n<li data-sourcepos=\"12:1-12:294\"><strong>Mayor probabilidad de ser descubierto por nuevos usuarios.<\/strong>\u00a0Los nuevos usuarios de Threads suelen buscar contenido popular para ver. Las publicaciones con m\u00e1s seguidores son m\u00e1s visibles para los nuevos usuarios, lo que puede ayudar al usuario o empresa a ser descubierto por m\u00e1s personas.<\/li>\n<li data-sourcepos=\"13:1-14:0\"><strong>Mayor probabilidad de obtener patrocinios y colaboraciones.<\/strong>\u00a0Las marcas y empresas suelen buscar usuarios o empresas con una gran audiencia en Threads para patrocinar sus productos o servicios. Los usuarios o empresas con m\u00e1s seguidores son m\u00e1s atractivos para las marcas y empresas, lo que puede conducir a oportunidades de patrocinio y colaboraci\u00f3n.<\/li>\n<\/ul>\n<div class=\"Intro\">\n<h4 style=\"text-align: center;\">Preguntas Frecuentes<\/h4>\n<div class=\"wpsm-accordion mb30\" data-accordion=\"yes\" itemscope=\"\" itemtype=\"https:\/\/schema.org\/FAQPage\"><\/p>\n<p><div class=\"wpsm-accordion-item close\" itemscope=\"\" itemprop=\"mainEntity\" itemtype=\"https:\/\/schema.org\/Question\"><h3 class=\"wpsm-accordion-trigger\" itemprop=\"name\">\u00bfTengo garant\u00eda al <strong>comprar seguidores de Threads<\/strong>?<\/h3><div class=\"accordion-content\"  itemscope=\"\" itemprop=\"acceptedAnswer\" itemtype=\"https:\/\/schema.org\/Answer\"><div itemprop=\"text\"><\/p>\n<p>Nuestro proceso es totalmente seguro. Ofrecemos excelentes precios y ofertas para ayudarte a crecer en <strong>Threads<\/strong>. <strong>Comprar seguidores en Threads no afectar\u00e1 a tu cuenta en la plataforma<\/strong>, siempre y cuando lo hagas con un servicio de confianza como el nuestro. Nos comprometemos a impulsar tu perfil y garantizamos que puedas tener una experiencia segura y c\u00f3moda al trabajar con nosotros.<\/p>\n<p><\/div><\/div><\/div><\/p>\n<p><div class=\"wpsm-accordion-item close\" itemscope=\"\" itemprop=\"mainEntity\" itemtype=\"https:\/\/schema.org\/Question\"><h3 class=\"wpsm-accordion-trigger\" itemprop=\"name\">\u00bfTengo que dar mi contrase\u00f1a para <strong>comprar seguidores de Threads<\/strong>?<\/h3><div class=\"accordion-content\"  itemscope=\"\" itemprop=\"acceptedAnswer\" itemtype=\"https:\/\/schema.org\/Answer\"><div itemprop=\"text\"><\/p>\n<p>En Top1Social nunca pedimos ning\u00fan tipo de datos personales o contrase\u00f1as para completar tu transacci\u00f3n. Nuestra plataforma siempre trabajar\u00e1 dentro de las pol\u00edticas de privacidad establecidas por las plataformas, en este caso <strong>Threads<\/strong>.<\/p>\n<p><\/div><\/div><\/div><\/p>\n<p><div class=\"wpsm-accordion-item close\" itemscope=\"\" itemprop=\"mainEntity\" itemtype=\"https:\/\/schema.org\/Question\"><h3 class=\"wpsm-accordion-trigger\" itemprop=\"name\">\u00bfQu\u00e9 pasa si llegas a 1.000 seguidores en <strong>Threads<\/strong>?<\/h3><div class=\"accordion-content\"  itemscope=\"\" itemprop=\"acceptedAnswer\" itemtype=\"https:\/\/schema.org\/Answer\"><div itemprop=\"text\"><\/p>\n<p>Al llegar a 1000 seguidores significa que eventualmente tus v\u00eddeos podr\u00edan ser vistos por los amigos de esas 1000 personas. En palabras simples obtendr\u00e1s m\u00e1s seguidores de manera org\u00e1nica.<\/p>\n<p><\/div><\/div><\/div><\/p>\n<p><div class=\"wpsm-accordion-item close\" itemscope=\"\" itemprop=\"mainEntity\" itemtype=\"https:\/\/schema.org\/Question\"><h3 class=\"wpsm-accordion-trigger\" itemprop=\"name\">\u00bfEs seguro comprar seguidores de <strong>Threads<\/strong>?<\/h3><div class=\"accordion-content\"  itemscope=\"\" itemprop=\"acceptedAnswer\" itemtype=\"https:\/\/schema.org\/Answer\"><div itemprop=\"text\"><\/p>\n<p>S\u00ed.\u00a0Nuestro sistema est\u00e1 asegurado con un certificado SSL.\u00a0No hay necesidad de preocuparse por la seguridad de su informaci\u00f3n.<\/p>\n<p><\/div><\/div><\/div><\/p>\n<p><div class=\"wpsm-accordion-item close\" itemscope=\"\" itemprop=\"mainEntity\" itemtype=\"https:\/\/schema.org\/Question\"><h3 class=\"wpsm-accordion-trigger\" itemprop=\"name\">\u00bfMe pueden banear por comprar seguidores de <strong>Threads<\/strong>?<\/h3><div class=\"accordion-content\"  itemscope=\"\" itemprop=\"acceptedAnswer\" itemtype=\"https:\/\/schema.org\/Answer\"><div itemprop=\"text\"><\/p>\n<p>No, no puedes ser baneado por comprar seguidores. Nuestro sistema realiza campa\u00f1as de marketing de forma natural y org\u00e1nica.<\/p>\n<p><\/div><\/div><\/div><\/p>\n<p><\/div>\n<\/div>\n<\/div>\n","protected":false},"excerpt":{"rendered":"<p>Comprar <strong>Seguidores REALES para THREADS <\/strong><img decoding=\"async\" class=\"emoji alignnone\" role=\"img\" draggable=\"false\" src=\"https:\/\/s.w.org\/images\/core\/emoji\/13.1.0\/svg\/1f465.svg\" alt=\"\ud83d\udc65 Comprar Seguidores Instagram\" width=\"150\" height=\"150\" \/><\/p>\n<p><strong><b>\u00a1No te pierdas nuestras ofertas! <\/b><img decoding=\"async\" class=\"emoji alignnone\" role=\"img\" draggable=\"false\" src=\"https:\/\/s.w.org\/images\/core\/emoji\/13.1.0\/svg\/1f4c8.svg\" alt=\"\ud83d\udcc8 Subir Seguidores Instagram\" width=\"150\" height=\"150\" \/><\/strong><\/p>\n<p><strong>Ahora El Mejor Precio del Mercado<\/strong> <b>\ud83d\udd25<\/b><\/p>\n<div class=\"pr_excerpt f_300 f_size_15\">\n<h5><b><img decoding=\"async\" class=\"emoji alignnone\" role=\"img\" draggable=\"false\" src=\"https:\/\/s.w.org\/images\/core\/emoji\/13.1.0\/svg\/2705.svg\" alt=\"\u2705 Comprar Seguidores Instagram\" width=\"150\" height=\"150\" \/><\/b> Cuentas REALES de THREADS<\/h5>\n<h5><b><img decoding=\"async\" class=\"emoji\" role=\"img\" draggable=\"false\" src=\"https:\/\/s.w.org\/images\/core\/emoji\/13.1.0\/svg\/2705.svg\" alt=\"\u2705\" \/><\/b> Seguidores SIN Ca\u00eddas (30 d\u00edas de Garant\u00eda)<\/h5>\n<h5><b><img decoding=\"async\" class=\"emoji\" role=\"img\" draggable=\"false\" src=\"https:\/\/s.w.org\/images\/core\/emoji\/13.1.0\/svg\/2705.svg\" alt=\"\u2705\" \/><\/b> Soporte en Espa\u00f1ol 24\/7<\/h5>\n<h5><b><img decoding=\"async\" class=\"emoji\" role=\"img\" draggable=\"false\" src=\"https:\/\/s.w.org\/images\/core\/emoji\/13.1.0\/svg\/2705.svg\" alt=\"\u2705\" \/><\/b>\u00a0Entrega R\u00c1PIDA Y NATURAL<\/h5>\n<h6 class=\"LC20lb DKV0Md\"><img decoding=\"async\" class=\"emoji\" role=\"img\" draggable=\"false\" src=\"https:\/\/s.w.org\/images\/core\/emoji\/13.1.0\/svg\/1f44c.svg\" alt=\"\ud83d\udc4c\" \/> PAGO \u00daNICO Y SEGURO, CON GARANT\u00cdA INCLUIDA<\/h6>\n<p><img decoding=\"async\" src=\"https:\/\/www.top1social.com\/es\/wp-content\/uploads\/sites\/2\/2022\/08\/pago-tarjeta-seguro-e1661767131379.png\" \/><img loading=\"lazy\" decoding=\"async\" class=\"alignnone size-medium\" src=\"https:\/\/www.top1social.com\/wp-content\/plugins\/woocommerce-gateway-redsys\/assets\/images\/bizum.png\" alt=\"Bizum\" width=\"100\" height=\"43\" \/><\/p>\n<\/div>\n","protected":false},"featured_media":8277,"comment_status":"open","ping_status":"closed","template":"","meta":{"bwfblock_default_font":"","_gspb_post_css":""},"store":[562],"product_brand":[],"product_cat":[561],"product_tag":[563,566,564],"class_list":{"0":"post-8280","1":"product","2":"type-product","3":"status-publish","4":"has-post-thumbnail","6":"store-threads","7":"product_cat-threads","8":"product_tag-comprar-seguidores-threads","9":"product_tag-comprar-seguidores-threads-baratos","10":"product_tag-comprar-seguidores-threads-reales","12":"first","13":"instock","14":"sale","15":"taxable","16":"shipping-taxable","17":"purchasable","18":"product-type-variable"},"_links":{"self":[{"href":"https:\/\/www.top1social.com\/es\/wp-json\/wp\/v2\/product\/8280","targetHints":{"allow":["GET"]}}],"collection":[{"href":"https:\/\/www.top1social.com\/es\/wp-json\/wp\/v2\/product"}],"about":[{"href":"https:\/\/www.top1social.com\/es\/wp-json\/wp\/v2\/types\/product"}],"replies":[{"embeddable":true,"href":"https:\/\/www.top1social.com\/es\/wp-json\/wp\/v2\/comments?post=8280"}],"wp:featuredmedia":[{"embeddable":true,"href":"https:\/\/www.top1social.com\/es\/wp-json\/wp\/v2\/media\/8277"}],"wp:attachment":[{"href":"https:\/\/www.top1social.com\/es\/wp-json\/wp\/v2\/media?parent=8280"}],"wp:term":[{"taxonomy":"store","embeddable":true,"href":"https:\/\/www.top1social.com\/es\/wp-json\/wp\/v2\/store?post=8280"},{"taxonomy":"product_brand","embeddable":true,"href":"https:\/\/www.top1social.com\/es\/wp-json\/wp\/v2\/product_brand?post=8280"},{"taxonomy":"product_cat","embeddable":true,"href":"https:\/\/www.top1social.com\/es\/wp-json\/wp\/v2\/product_cat?post=8280"},{"taxonomy":"product_tag","embeddable":true,"href":"https:\/\/www.top1social.com\/es\/wp-json\/wp\/v2\/product_tag?post=8280"}],"curies":[{"name":"wp","href":"https:\/\/api.w.org\/{rel}","templated":true}]}}