{"id":2000,"date":"2022-11-22T18:36:52","date_gmt":"2022-11-22T17:36:52","guid":{"rendered":"https:\/\/www.top1social.com\/fr\/?page_id=2000"},"modified":"2022-11-22T18:36:56","modified_gmt":"2022-11-22T17:36:56","slug":"politique-de-cookies","status":"publish","type":"page","link":"https:\/\/www.top1social.com\/fr\/politique-de-cookies\/","title":{"rendered":"Politique de cookies"},"content":{"rendered":"\n<h2 class=\"wp-block-heading\" id=\"h-quelles-donnees-personnelles-collectons-nous-et-pourquoi-les-collectons-nous\">QUELLES DONN\u00c9ES PERSONNELLES COLLECTONS-NOUS ET POURQUOI LES COLLECTONS-NOUS<\/h2>\n\n\n\n<h3 class=\"wp-block-heading\" id=\"h-commentaires\">COMMENTAIRES<\/h3>\n\n\n\n<p>Lorsque les visiteurs laissent des commentaires sur le site, nous collectons les donn\u00e9es affich\u00e9es dans le formulaire de commentaire, ainsi que l&rsquo;adresse IP du visiteur et la cha\u00eene de l&rsquo;agent utilisateur du navigateur pour faciliter la d\u00e9tection du spam.<\/p>\n\n\n\n<p>Une cha\u00eene anonyme cr\u00e9\u00e9e \u00e0 partir de votre adresse e-mail (\u00e9galement appel\u00e9e hachage) peut \u00eatre fournie au service Gravatar pour voir si vous l&rsquo;utilisez. La politique de confidentialit\u00e9 du service Gravatar est disponible ici : https:\/\/automattic.com\/privacy\/. Apr\u00e8s validation de votre commentaire, votre photo de profil est visible publiquement \u00e0 c\u00f4t\u00e9 de votre commentaire.<\/p>\n\n\n\n<h3 class=\"wp-block-heading\" id=\"h-medias\">M\u00c9DIAS<\/h3>\n\n\n\n<p>Si vous t\u00e9l\u00e9chargez des images sur le Web, vous devez \u00e9viter de t\u00e9l\u00e9charger des images avec des donn\u00e9es de localisation (GPS EXIF) incluses. Les visiteurs du site Web peuvent t\u00e9l\u00e9charger et extraire toutes les donn\u00e9es de localisation des images sur le site Web.<\/p>\n\n\n\n<h3 class=\"wp-block-heading\" id=\"h-biscuits\">BISCUITS<\/h3>\n\n\n\n<p>Si vous laissez un commentaire sur notre site, vous pouvez choisir d&rsquo;enregistrer votre nom, votre adresse e-mail et votre site Web dans des cookies. Ceci est pour votre commodit\u00e9, vous n&rsquo;avez donc pas \u00e0 saisir \u00e0 nouveau vos coordonn\u00e9es lorsque vous laissez un autre commentaire. Ces cookies dureront un an.<\/p>\n\n\n\n<p>Si vous avez un compte et que vous vous connectez \u00e0 ce site, nous installerons un cookie temporaire pour d\u00e9terminer si votre navigateur accepte les cookies. Ce cookie ne contient pas de donn\u00e9es personnelles et est supprim\u00e9 lorsque vous fermez le navigateur.<\/p>\n\n\n\n<p>Lorsque vous vous connectez, nous installons \u00e9galement divers cookies pour enregistrer vos informations de connexion et vos options d&rsquo;affichage \u00e0 l&rsquo;\u00e9cran. Les cookies de connexion durent deux jours et les cookies d&rsquo;options d&rsquo;\u00e9cran durent un an. Si vous s\u00e9lectionnez \u00ab\u00a0Se souvenir de moi\u00a0\u00bb, votre connexion persistera pendant deux semaines. Si vous vous d\u00e9connectez de votre compte, les cookies de connexion seront supprim\u00e9s.<\/p>\n\n\n\n<p>Si vous \u00e9ditez ou publiez un article, un cookie suppl\u00e9mentaire sera stock\u00e9 dans votre navigateur. Ce cookie n&rsquo;inclut pas de donn\u00e9es personnelles et indique simplement l&rsquo;identifiant de l&rsquo;article que vous venez d&rsquo;\u00e9diter. Expire apr\u00e8s 1 jour.<\/p>\n\n\n\n<h3 class=\"wp-block-heading\" id=\"h-contenu-integre-d-autres-sites-web\">CONTENU INT\u00c9GR\u00c9 D&rsquo;AUTRES SITES WEB<\/h3>\n\n\n\n<p>Les articles de ce site peuvent inclure du contenu int\u00e9gr\u00e9 (par exemple, des vid\u00e9os, des images, des articles, etc.). Le contenu int\u00e9gr\u00e9 d&rsquo;autres sites Web se comporte exactement de la m\u00eame mani\u00e8re que si le visiteur avait visit\u00e9 l&rsquo;autre site Web.<\/p>\n\n\n\n<p>Ces sites Web peuvent collecter des donn\u00e9es vous concernant, utiliser des cookies, int\u00e9grer un suivi tiers suppl\u00e9mentaire et surveiller votre interaction avec ce contenu int\u00e9gr\u00e9, y compris le suivi de votre interaction avec le contenu int\u00e9gr\u00e9 si vous avez un compte et \u00eates connect\u00e9 \u00e0 ce site Web.<\/p>\n\n\n\n<h3 class=\"wp-block-heading\" id=\"h-combien-de-temps-conservons-nous-vos-donnees\">COMBIEN DE TEMPS CONSERVONS-NOUS VOS DONN\u00c9ES<\/h3>\n\n\n\n<p>Si vous laissez un commentaire, le commentaire et ses m\u00e9tadonn\u00e9es sont conserv\u00e9s ind\u00e9finiment. Cela nous permet de reconna\u00eetre et d&rsquo;approuver automatiquement les commentaires suivants au lieu de les conserver dans une file d&rsquo;attente de mod\u00e9ration.<\/p>\n\n\n\n<p>Pour les utilisateurs qui s&rsquo;inscrivent sur notre site Web (le cas \u00e9ch\u00e9ant), nous stockons \u00e9galement les informations personnelles qu&rsquo;ils fournissent dans leur profil d&rsquo;utilisateur. Tous les utilisateurs peuvent consulter, modifier ou supprimer leurs informations personnelles \u00e0 tout moment (sauf qu&rsquo;ils ne peuvent pas modifier leur nom d&rsquo;utilisateur). Les administrateurs Web peuvent \u00e9galement afficher et modifier ces informations.<\/p>\n\n\n\n<h3 class=\"wp-block-heading\" id=\"h-quels-droits-avez-vous-sur-vos-donnees\">QUELS DROITS AVEZ-VOUS SUR VOS DONN\u00c9ES ?<\/h3>\n\n\n\n<p>Si vous avez un compte ou avez laiss\u00e9 des commentaires sur ce site Web, vous pouvez demander \u00e0 recevoir un fichier export\u00e9 des donn\u00e9es personnelles que nous d\u00e9tenons \u00e0 votre sujet, y compris les donn\u00e9es que vous nous avez fournies. Vous pouvez \u00e9galement demander que nous supprimions toutes les donn\u00e9es personnelles que nous d\u00e9tenons \u00e0 votre sujet. Cela n&rsquo;inclut pas les donn\u00e9es que nous sommes oblig\u00e9s de conserver \u00e0 des fins administratives, juridiques ou de s\u00e9curit\u00e9.<\/p>\n\n\n\n<h3 class=\"wp-block-heading\" id=\"h-ou-nous-envoyons-vos-donnees\">O\u00d9 NOUS ENVOYONS VOS DONN\u00c9ES<\/h3>\n\n\n\n<p>Les commentaires des visiteurs peuvent \u00eatre v\u00e9rifi\u00e9s par un service de d\u00e9tection automatique de spam.<\/p>\n\n\n\n<h2 class=\"wp-block-heading\" id=\"h-woocommerce\">WOOCOMMERCE<\/h2>\n\n\n\n<p>Nous recueillons des informations aupr\u00e8s de vous pendant le processus de paiement dans notre magasin.<\/p>\n\n\n\n<h3 class=\"wp-block-heading\" id=\"h-ce-que-nous-collectons-et-stockons\">CE QUE NOUS COLLECTONS ET STOCKONS<\/h3>\n\n\n\n<p>Pendant que vous visitez notre site, nous suivrons&nbsp;:<\/p>\n\n\n\n<ul class=\"wp-block-list\">\n<li>Produits que vous avez consult\u00e9s&nbsp;: nous l&rsquo;utiliserons pour, par exemple, vous montrer les produits que vous avez r\u00e9cemment consult\u00e9s<\/li>\n\n\n\n<li>Emplacement, adresse IP et type de navigateur &#8211; nous les utiliserons \u00e0 des fins telles que l&rsquo;estimation des taxes et des frais d&rsquo;exp\u00e9dition<\/li>\n<\/ul>\n\n\n\n<p>Nous utilisons \u00e9galement des cookies pour suivre le contenu du panier lorsque vous naviguez sur notre site.<\/p>\n\n\n\n<p>Lorsque vous achetez quelque chose chez nous, nous vous demandons de fournir des informations telles que votre nom, votre adresse e-mail et des informations suppl\u00e9mentaires facultatives telles que votre nom d&rsquo;utilisateur et votre mot de passe. Nous utiliserons ces informations \u00e0 des fins telles que :<\/p>\n\n\n\n<ul class=\"wp-block-list\">\n<li>Vous envoyer des informations sur votre compte et votre commande<\/li>\n\n\n\n<li>R\u00e9pondre \u00e0 vos demandes, y compris les remboursements et les r\u00e9clamations<\/li>\n\n\n\n<li>Traiter les paiements et pr\u00e9venir la fraude<\/li>\n\n\n\n<li>Configurez votre compte pour notre magasin<\/li>\n\n\n\n<li>Respecter toutes les obligations l\u00e9gales que nous avons, telles que les calculs fiscaux<\/li>\n\n\n\n<li>Am\u00e9liorer nos offres en magasin<\/li>\n\n\n\n<li>Vous envoyer des messages promotionnels, si vous choisissez de les recevoir<\/li>\n<\/ul>\n\n\n\n<p>Si vous cr\u00e9ez un compte, nous enregistrerons votre nom et votre adresse e-mail, que nous utiliserons pour le processus de paiement et les commandes futures.<\/p>\n\n\n\n<p>Nous stockons g\u00e9n\u00e9ralement les informations vous concernant aussi longtemps que nous en avons besoin aux fins pour lesquelles nous les collectons et les utilisons, et nous ne sommes pas l\u00e9galement tenus de continuer \u00e0 les stocker. Par exemple, nous conserverons les informations de commande pendant 5 ans \u00e0 des fins fiscales et comptables. Cela inclut votre nom, votre adresse e-mail et vos adresses de facturation et de livraison.<\/p>\n\n\n\n<p>Nous stockons \u00e9galement des commentaires ou des \u00e9valuations, si vous choisissez de les laisser.<\/p>\n\n\n\n<h3 class=\"wp-block-heading\" id=\"h-qui-dans-notre-equipe-a-acces\">QUI DANS NOTRE \u00c9QUIPE A ACC\u00c8S<\/h3>\n\n\n\n<p>Les membres de notre \u00e9quipe ont acc\u00e8s aux informations que vous nous fournissez. Par exemple, les administrateurs et les g\u00e9rants de magasin peuvent acc\u00e9der&nbsp;:<\/p>\n\n\n\n<ul class=\"wp-block-list\">\n<li>Informations sur la commande, telles que ce qui a \u00e9t\u00e9 achet\u00e9, quand il a \u00e9t\u00e9 achet\u00e9 et o\u00f9 il doit \u00eatre exp\u00e9di\u00e9, et<\/li>\n\n\n\n<li>Informations client, telles que votre nom, votre adresse e-mail et vos informations de facturation et d&rsquo;exp\u00e9dition.<\/li>\n<\/ul>\n\n\n\n<p>Les membres de notre \u00e9quipe ont acc\u00e8s \u00e0 ces informations pour traiter les commandes, traiter les remboursements et vous aider.<\/p>\n\n\n\n<h3 class=\"wp-block-heading\" id=\"h-paiements\">PAIEMENTS<\/h3>\n\n\n\n<p>Lors du traitement des paiements, certaines de vos donn\u00e9es seront transmises \u00e0 la passerelle de votre banque, y compris les informations requises pour traiter ou prendre en charge le paiement, telles que le total de l&rsquo;achat et les informations de facturation.<\/p>\n\n\n\n<h3 class=\"wp-block-heading\" id=\"h-ce-que-nous-collectons-et-conservons\">CE QUE NOUS COLLECTONS ET CONSERVONS<\/h3>\n\n\n\n<p>Pendant que vous visitez notre site, nous garderons une trace de:<\/p>\n\n\n\n<ul class=\"wp-block-list\">\n<li>Produits que vous avez ajout\u00e9s \u00e0 votre liste de souhaits&nbsp;: nous l&rsquo;utiliserons pour vous montrer, ainsi qu&rsquo;aux autres utilisateurs, vos produits pr\u00e9f\u00e9r\u00e9s et pour cr\u00e9er des campagnes d&rsquo;e-mails cibl\u00e9es.<\/li>\n\n\n\n<li>Listes de souhaits que vous avez cr\u00e9\u00e9es&nbsp;: nous garderons une trace des listes que vous cr\u00e9ez et les rendrons plus visibles pour l&rsquo;\u00e9quipe du magasin<\/li>\n<\/ul>\n\n\n\n<p>Nous utiliserons \u00e9galement des cookies pour garder une trace du contenu de la liste de souhaits lorsque vous naviguez sur notre site.<\/p>\n\n\n\n<h3 class=\"wp-block-heading\" id=\"h-qui-a-acces-a-ces-informations\">QUI A ACC\u00c8S \u00c0 CES INFORMATIONS<\/h3>\n\n\n\n<p>Les membres de notre \u00e9quipe ont acc\u00e8s aux informations que vous nous fournissez. Par exemple, les administrateurs et les responsables de magasin peuvent acc\u00e9der&nbsp;:<\/p>\n\n\n\n<ul class=\"wp-block-list\">\n<li>D\u00e9tails de la liste de souhaits tels que les produits ajout\u00e9s, la date d&rsquo;ajout, le nom et les param\u00e8tres de confidentialit\u00e9 de vos listes de souhaits<\/li>\n<\/ul>\n\n\n\n<p>Les membres de notre \u00e9quipe ont acc\u00e8s \u00e0 ces informations pour vous proposer de meilleures offres pour les produits que vous aimez.<\/p>\n\n\n\n<h2 class=\"wp-block-heading\" id=\"h-plugin-akismet\">PLUGIN AKISMET<\/h2>\n\n\n\n<p>Nous recueillons des informations sur les visiteurs qui commentent les sites qui utilisent notre service anti-spam Akismet. Les informations que nous recueillons d\u00e9pendent de la fa\u00e7on dont l&rsquo;utilisateur configure Akismet sur le site, mais comprennent g\u00e9n\u00e9ralement l&rsquo;adresse IP du commentateur, le navigateur de l&rsquo;utilisateur, le site de r\u00e9f\u00e9rence et l&rsquo;URL du site (en plus d&rsquo;autres informations directement fournies par le commentateur, telles que votre nom, votre nom d&rsquo;utilisateur , l&rsquo;adresse e-mail et le commentaire lui-m\u00eame).<\/p>\n","protected":false},"excerpt":{"rendered":"<p>QUELLES DONN\u00c9ES PERSONNELLES COLLECTONS-NOUS ET POURQUOI LES COLLECTONS-NOUS COMMENTAIRES Lorsque les visiteurs laissent des commentaires sur le site, nous collectons les donn\u00e9es affich\u00e9es dans le formulaire de commentaire, ainsi que l&rsquo;adresse IP du visiteur et la cha\u00eene de l&rsquo;agent utilisateur du navigateur pour faciliter la d\u00e9tection du spam. Une cha\u00eene anonyme cr\u00e9\u00e9e \u00e0 partir de [&hellip;]<\/p>\n","protected":false},"author":1,"featured_media":0,"parent":0,"menu_order":0,"comment_status":"closed","ping_status":"closed","template":"","meta":{"_gspb_post_css":"","footnotes":""},"class_list":["post-2000","page","type-page","status-publish","hentry"],"_links":{"self":[{"href":"https:\/\/www.top1social.com\/fr\/wp-json\/wp\/v2\/pages\/2000","targetHints":{"allow":["GET"]}}],"collection":[{"href":"https:\/\/www.top1social.com\/fr\/wp-json\/wp\/v2\/pages"}],"about":[{"href":"https:\/\/www.top1social.com\/fr\/wp-json\/wp\/v2\/types\/page"}],"author":[{"embeddable":true,"href":"https:\/\/www.top1social.com\/fr\/wp-json\/wp\/v2\/users\/1"}],"replies":[{"embeddable":true,"href":"https:\/\/www.top1social.com\/fr\/wp-json\/wp\/v2\/comments?post=2000"}],"version-history":[{"count":1,"href":"https:\/\/www.top1social.com\/fr\/wp-json\/wp\/v2\/pages\/2000\/revisions"}],"predecessor-version":[{"id":2002,"href":"https:\/\/www.top1social.com\/fr\/wp-json\/wp\/v2\/pages\/2000\/revisions\/2002"}],"wp:attachment":[{"href":"https:\/\/www.top1social.com\/fr\/wp-json\/wp\/v2\/media?parent=2000"}],"curies":[{"name":"wp","href":"https:\/\/api.w.org\/{rel}","templated":true}]}}