{"id":2006,"date":"2022-11-22T18:42:45","date_gmt":"2022-11-22T17:42:45","guid":{"rendered":"https:\/\/www.top1social.com\/fr\/?page_id=2006"},"modified":"2022-11-22T18:42:48","modified_gmt":"2022-11-22T17:42:48","slug":"politique-de-remboursement","status":"publish","type":"page","link":"https:\/\/www.top1social.com\/fr\/politique-de-remboursement\/","title":{"rendered":"Politique de remboursement"},"content":{"rendered":"\n<p>La p\u00e9riode estim\u00e9e de d\u00e9but de service (\u00e0 ne pas confondre avec la fin) est de 0 \u00e0 7 jours. Les d\u00e9lais de livraison sont indicatifs, les commandes peuvent prendre plus de temps en fonction du montant contract\u00e9. C&rsquo;est pourquoi vous ne pouvez pas \u00eatre int\u00e9gralement rembours\u00e9 si les actions n&rsquo;ont pas encore \u00e9t\u00e9 finalis\u00e9es dans le d\u00e9lai que vous avez estim\u00e9 appropri\u00e9 \u00e0 la proc\u00e9dure.<br>Au moment du paiement d&rsquo;une commande, de la souscription d&rsquo;un service ou d&rsquo;un abonnement, vous vous engagez \u00e0 attendre jusqu&rsquo;\u00e0 un maximum de 30 jours ouvrables \u00e0 compter de la communication de votre part de l&rsquo;incident ou du retard, pendant cette p\u00e9riode nous nous efforcerons de r\u00e9soudre votre demande.<\/p>\n\n\n\n<ul class=\"wp-block-list\">\n<li>Nous ne sommes pas responsables d&rsquo;un remboursement partiel si votre compte a \u00e9t\u00e9 bloqu\u00e9 ou suspendu par les \u00e9quipes de m\u00e9dias sociaux en raison d&rsquo;une mauvaise utilisation de nos services.<\/li>\n\n\n\n<li>Nous ne garantissons jamais aucun remboursement en raison d&rsquo;un crash ou d&rsquo;une erreur dans le syst\u00e8me.<\/li>\n\n\n\n<li>Nous vous assurons un remboursement \u00e0 100% uniquement si <strong>les services n&rsquo;ont pas pu d\u00e9marrer<\/strong> en raison de notre erreur.<\/li>\n<\/ul>\n\n\n\n<p>Veuillez lire attentivement toutes nos <a href=\"https:\/\/www.top1social.com\/fr\/termes-et-conditions\/\"><strong>conditions g\u00e9n\u00e9rales<\/strong><\/a><strong> et<\/strong> notre <a href=\"https:\/\/www.top1social.com\/fr\/privacy-policy\/\"><strong>politique de confidentialit\u00e9<\/strong><\/a>. Ne faites jamais de demande sur cette page sans avoir tout revu avec pr\u00e9cision.<\/p>\n\n\n\n<p>Pour \u00eatre \u00e9ligible \u00e0 un remboursement, le service doit \u00eatre inutilis\u00e9 (non commenc\u00e9).<\/p>\n\n\n\n<p>Vous pouvez nous contacter via notre <a href=\"https:\/\/www.top1social.com\/fr\/contact\/\"><strong>groupe de service client<\/strong><\/a> sur notre site Web pour obtenir des informations suppl\u00e9mentaires sur notre politique de remboursement ou pour demander un remboursement.<\/p>\n","protected":false},"excerpt":{"rendered":"<p>La p\u00e9riode estim\u00e9e de d\u00e9but de service (\u00e0 ne pas confondre avec la fin) est de 0 \u00e0 7 jours. Les d\u00e9lais de livraison sont indicatifs, les commandes peuvent prendre plus de temps en fonction du montant contract\u00e9. C&rsquo;est pourquoi vous ne pouvez pas \u00eatre int\u00e9gralement rembours\u00e9 si les actions n&rsquo;ont pas encore \u00e9t\u00e9 finalis\u00e9es [&hellip;]<\/p>\n","protected":false},"author":1,"featured_media":0,"parent":0,"menu_order":0,"comment_status":"closed","ping_status":"closed","template":"","meta":{"_gspb_post_css":"","footnotes":""},"class_list":["post-2006","page","type-page","status-publish","hentry"],"_links":{"self":[{"href":"https:\/\/www.top1social.com\/fr\/wp-json\/wp\/v2\/pages\/2006","targetHints":{"allow":["GET"]}}],"collection":[{"href":"https:\/\/www.top1social.com\/fr\/wp-json\/wp\/v2\/pages"}],"about":[{"href":"https:\/\/www.top1social.com\/fr\/wp-json\/wp\/v2\/types\/page"}],"author":[{"embeddable":true,"href":"https:\/\/www.top1social.com\/fr\/wp-json\/wp\/v2\/users\/1"}],"replies":[{"embeddable":true,"href":"https:\/\/www.top1social.com\/fr\/wp-json\/wp\/v2\/comments?post=2006"}],"version-history":[{"count":1,"href":"https:\/\/www.top1social.com\/fr\/wp-json\/wp\/v2\/pages\/2006\/revisions"}],"predecessor-version":[{"id":2009,"href":"https:\/\/www.top1social.com\/fr\/wp-json\/wp\/v2\/pages\/2006\/revisions\/2009"}],"wp:attachment":[{"href":"https:\/\/www.top1social.com\/fr\/wp-json\/wp\/v2\/media?parent=2006"}],"curies":[{"name":"wp","href":"https:\/\/api.w.org\/{rel}","templated":true}]}}