{"id":438,"date":"2019-03-04T07:43:04","date_gmt":"2019-03-04T07:43:04","guid":{"rendered":"http:\/\/wclovers.bizdirect.pw\/?page_id=3"},"modified":"2022-11-22T18:38:59","modified_gmt":"2022-11-22T17:38:59","slug":"privacy-policy","status":"publish","type":"page","link":"https:\/\/www.top1social.com\/fr\/privacy-policy\/","title":{"rendered":"Politique de confidentialit\u00e9"},"content":{"rendered":"\n<p>Cette politique de confidentialit\u00e9 \u00e9tablit les conditions dans lesquelles Top1Social utilise et prot\u00e8ge les informations fournies par ses utilisateurs lors de l&rsquo;utilisation de son site Web. Cette soci\u00e9t\u00e9 s&rsquo;engage pour la s\u00e9curit\u00e9 des donn\u00e9es de ses utilisateurs. Lorsque nous vous demandons de remplir les champs d&rsquo;informations personnelles avec lesquels vous pouvez \u00eatre identifi\u00e9, nous le faisons en veillant \u00e0 ce qu&rsquo;elles ne soient utilis\u00e9es que conform\u00e9ment aux termes de ce document. Cependant, cette politique de confidentialit\u00e9 peut changer au fil du temps ou \u00eatre mise \u00e0 jour, c&rsquo;est pourquoi nous vous recommandons et insistons sur le fait que vous consultez continuellement cette page pour vous assurer que vous \u00eates d&rsquo;accord avec ces modifications.<\/p>\n\n\n\n<p><strong>Les informations collect\u00e9es<\/strong><\/p>\n\n\n\n<p>Notre site Web peut collecter des informations personnelles telles que : Nom, informations de contact telles que votre adresse e-mail et informations d\u00e9mographiques. De m\u00eame, lorsque cela est n\u00e9cessaire, des informations sp\u00e9cifiques peuvent \u00eatre n\u00e9cessaires pour traiter une commande ou effectuer une livraison ou une facturation.<\/p>\n\n\n\n<p><strong>Utilisation des informations collect\u00e9es<\/strong><\/p>\n\n\n\n<p>Notre site Web utilise les informations afin de fournir le meilleur service possible, notamment pour maintenir un registre des utilisateurs, des commandes le cas \u00e9ch\u00e9ant, et pour am\u00e9liorer nos produits et services. Es posible que sean enviados correos electr\u00f3nicos peri\u00f3dicamente a trav\u00e9s de nuestro sitio con ofertas especiales, nuevos productos y otra informaci\u00f3n publicitaria que consideremos relevante para usted o que pueda brindarle alg\u00fan beneficio, estos correos electr\u00f3nicos ser\u00e1n enviados a la direcci\u00f3n que usted proporcione y podr\u00e1n ser cancelados \u00e0 n&rsquo;importe quel moment.<\/p>\n\n\n\n<p>Top1Social s&rsquo;engage \u00e0 respecter l&rsquo;engagement de prot\u00e9ger vos informations. Nous utilisons les syst\u00e8mes les plus avanc\u00e9s et les mettons constamment \u00e0 jour pour nous assurer qu&rsquo;il n&rsquo;y a pas d&rsquo;acc\u00e8s non autoris\u00e9.<\/p>\n\n\n\n<p><strong>Biscuits<\/strong><\/p>\n\n\n\n<p>Un cookie fait r\u00e9f\u00e9rence \u00e0 un fichier qui est envoy\u00e9 dans le but de demander l&rsquo;autorisation d&rsquo;\u00eatre stock\u00e9 sur votre ordinateur, en acceptant ledit fichier, il est cr\u00e9\u00e9 et le cookie est ensuite utilis\u00e9 pour avoir des informations sur le trafic Web, et facilite \u00e9galement les futures visites sur un site Web. . r\u00e9current. Une autre fonction des cookies est qu&rsquo;avec eux, le Web peut vous reconna\u00eetre individuellement et donc vous fournir le meilleur service personnalis\u00e9 sur son site Web.<\/p>\n\n\n\n<p>Notre site Web utilise des cookies pour pouvoir identifier les pages visit\u00e9es et leur fr\u00e9quence. Ces informations sont utilis\u00e9es uniquement \u00e0 des fins d&rsquo;analyse statistique, puis les informations sont d\u00e9finitivement supprim\u00e9es. Vous pouvez \u00e0 tout moment supprimer les cookies de votre ordinateur. Cependant, les cookies aident \u00e0 fournir un meilleur service aux sites Web, vous ne donnez pas acc\u00e8s aux informations de votre ordinateur ou de vous, \u00e0 moins que vous ne le vouliez et ne le fournissiez directement, des visites sur un site Web. Vous pouvez accepter ou refuser l&rsquo;utilisation de cookies, mais la plupart des navigateurs acceptent automatiquement les cookies car ils servent \u00e0 avoir un meilleur service Web. Vous pouvez \u00e9galement modifier les param\u00e8tres de votre ordinateur pour refuser les cookies. S&rsquo;ils sont refus\u00e9s, vous ne pourrez peut-\u00eatre pas utiliser certains de nos services.<\/p>\n\n\n\n<p><a href=\"https:\/\/www.top1social.com\/fr\/politique-de-cookies\/\"><em>Voir la politique relative aux cookies<\/em><\/a><\/p>\n\n\n\n<p><strong>Liens vers des tiers<\/strong><\/p>\n\n\n\n<p>Ce site Web peut contenir des liens vers d&rsquo;autres sites susceptibles de vous int\u00e9resser. Une fois que vous avez cliqu\u00e9 sur ces liens et quitt\u00e9 notre page, nous n&rsquo;avons plus le contr\u00f4le du site vers lequel vous \u00eates redirig\u00e9 et nous ne sommes donc pas responsables des conditions, de la confidentialit\u00e9 ou de la protection des donn\u00e9es de ces autres sites tiers. Ces sites sont soumis \u00e0 leurs propres politiques de confidentialit\u00e9, il est donc recommand\u00e9 de les consulter pour confirmer que vous \u00eates d&rsquo;accord avec celles-ci.<\/p>\n\n\n\n<p><strong>Contr\u00f4le de vos informations personnelles<\/strong><\/p>\n\n\n\n<p>\u00c0 tout moment, vous pouvez restreindre la collecte ou l&rsquo;utilisation des informations personnelles fournies sur notre site Web. Chaque fois que vous \u00eates invit\u00e9 \u00e0 remplir un formulaire, tel que l&rsquo;enregistrement d&rsquo;un utilisateur, vous pouvez cocher ou d\u00e9cocher l&rsquo;option de recevoir des informations par e-mail. Si vous avez coch\u00e9 l&rsquo;option de recevoir notre newsletter ou notre publicit\u00e9, vous pouvez l&rsquo;annuler \u00e0 tout moment.<\/p>\n\n\n\n<p>Cette soci\u00e9t\u00e9 ne vendra, n&rsquo;attribuera ni ne distribuera les renseignements personnels recueillis sans votre consentement, sauf si requis par un juge avec une ordonnance du tribunal.<\/p>\n\n\n\n<p>Top1Social se r\u00e9serve le droit de modifier les termes de cette politique de confidentialit\u00e9 \u00e0 tout moment.<\/p>\n\n\n\n<h2 class=\"wp-block-heading\" id=\"h-loi-de-protection-des-donnees\">LOI DE PROTECTION DES DONN\u00c9ES<\/h2>\n\n\n\n<hr class=\"wp-block-separator has-alpha-channel-opacity\"\/>\n\n\n\n<p>Conform\u00e9ment \u00e0 la loi organique 15\/1999 du 13 d\u00e9cembre sur la protection des donn\u00e9es personnelles, nous vous informons que les donn\u00e9es personnelles que vous nous fournissez via le portail seront trait\u00e9es de mani\u00e8re confidentielle et feront partie d&rsquo;un fichier sous la responsabilit\u00e9 du propri\u00e9taire du site Web. Vos donn\u00e9es personnelles ne seront utilis\u00e9es que pour la fourniture du service, la publication de commentaires ou l&rsquo;envoi d&rsquo;informations que l&rsquo;utilisateur peut avoir demand\u00e9es.<\/p>\n\n\n\n<p>Nous vous informons que vous pouvez exercer vos droits d&rsquo;acc\u00e8s, de rectification, d&rsquo;annulation et d&rsquo;opposition conform\u00e9ment aux dispositions de la loi organique 15\/1999, du 13 d\u00e9cembre, sur la protection des donn\u00e9es personnelles \u00e0 contacto@top1social.com.<\/p>\n\n\n\n<p>Le responsable ne vend, ne loue ni ne met \u00e0 la disposition de tiers les donn\u00e9es personnelles fournies par les Utilisateurs.<\/p>\n\n\n\n<p>L&rsquo;utilisateur garantit que les donn\u00e9es personnelles fournies sont v\u00e9ridiques et est responsable de la communication de toute modification de celles-ci. L&rsquo;Utilisateur sera seul responsable de tout dommage ou perte, direct ou indirect, qui pourrait \u00eatre caus\u00e9 au responsable du portail ou \u00e0 tout tiers en raison de la compl\u00e9tion des formulaires avec des informations fausses, inexactes, incompl\u00e8tes ou erron\u00e9es. -dates donn\u00e9es.<\/p>\n\n\n\n<p>Le responsable du portail a adopt\u00e9 les mesures n\u00e9cessaires pour \u00e9viter l&rsquo;alt\u00e9ration, la perte, le traitement ou l&rsquo;acc\u00e8s non autoris\u00e9 aux donn\u00e9es personnelles, m\u00eame dans ce cas, l&rsquo;utilisateur doit \u00eatre conscient que les mesures de s\u00e9curit\u00e9 Internet ne sont pas imprenables.<\/p>\n\n\n\n<p>L&rsquo;ach\u00e8vement des formulaires inclus dans le portail implique le consentement expr\u00e8s de l&rsquo;utilisateur \u00e0 l&rsquo;inclusion de ses donn\u00e9es personnelles dans le fichier automatis\u00e9 susmentionn\u00e9 du responsable du portail. Dans tous les cas, le responsable dispose de formulaires papier pour exercer les droits en question.<\/p>\n\n\n\n<p>Dans le cas o\u00f9 des donn\u00e9es personnelles se r\u00e9f\u00e9rant \u00e0 des personnes physiques autres que celle qui remplit ce formulaire doivent \u00eatre incluses, avant leur inclusion, vous devez les informer des points contenus dans les paragraphes pr\u00e9c\u00e9dents.<\/p>\n","protected":false},"excerpt":{"rendered":"<p>Cette politique de confidentialit\u00e9 \u00e9tablit les conditions dans lesquelles Top1Social utilise et prot\u00e8ge les informations fournies par ses utilisateurs lors de l&rsquo;utilisation de son site Web. Cette soci\u00e9t\u00e9 s&rsquo;engage pour la s\u00e9curit\u00e9 des donn\u00e9es de ses utilisateurs. Lorsque nous vous demandons de remplir les champs d&rsquo;informations personnelles avec lesquels vous pouvez \u00eatre identifi\u00e9, nous le [&hellip;]<\/p>\n","protected":false},"author":1,"featured_media":0,"parent":0,"menu_order":0,"comment_status":"closed","ping_status":"open","template":"","meta":{"_gspb_post_css":"","footnotes":""},"class_list":["post-438","page","type-page","status-publish","hentry"],"_links":{"self":[{"href":"https:\/\/www.top1social.com\/fr\/wp-json\/wp\/v2\/pages\/438","targetHints":{"allow":["GET"]}}],"collection":[{"href":"https:\/\/www.top1social.com\/fr\/wp-json\/wp\/v2\/pages"}],"about":[{"href":"https:\/\/www.top1social.com\/fr\/wp-json\/wp\/v2\/types\/page"}],"author":[{"embeddable":true,"href":"https:\/\/www.top1social.com\/fr\/wp-json\/wp\/v2\/users\/1"}],"replies":[{"embeddable":true,"href":"https:\/\/www.top1social.com\/fr\/wp-json\/wp\/v2\/comments?post=438"}],"version-history":[{"count":1,"href":"https:\/\/www.top1social.com\/fr\/wp-json\/wp\/v2\/pages\/438\/revisions"}],"predecessor-version":[{"id":2003,"href":"https:\/\/www.top1social.com\/fr\/wp-json\/wp\/v2\/pages\/438\/revisions\/2003"}],"wp:attachment":[{"href":"https:\/\/www.top1social.com\/fr\/wp-json\/wp\/v2\/media?parent=438"}],"curies":[{"name":"wp","href":"https:\/\/api.w.org\/{rel}","templated":true}]}}