{"id":2074,"date":"2023-08-02T13:43:00","date_gmt":"2023-08-02T12:43:00","guid":{"rendered":"https:\/\/www.top1social.com\/fr\/?post_type=product&#038;p=2074"},"modified":"2026-04-05T11:37:01","modified_gmt":"2026-04-05T10:37:01","slug":"acheter-des-abonnes-facebook-fans","status":"publish","type":"product","link":"https:\/\/www.top1social.com\/fr\/produit\/acheter-des-abonnes-facebook-fans\/","title":{"rendered":"Acheter des Abonn\u00e9s Facebook Fans"},"content":{"rendered":"<h2 style=\"text-align: center;\">ACHETER DES ABONN\u00c9S POUR FACEBOOK (FANS)<\/h2>\n<p>Si vous cherchez <strong> \u00e0 obtenir une audience d\u00e9di\u00e9e sur Facebook, <\/strong> une <strong> base de fans <\/strong> compl\u00e8te et \u00e0 pouvoir <strong> devenir viral sur ce r\u00e9seau social <\/strong> , il est temps de vous faire aider par les solutions de marketing des m\u00e9dias sociaux fournies par <strong> Top1Social <\/strong> . Notre service permet \u00e0 l&rsquo;utilisateur d&rsquo; <strong> acheter des abonn\u00e9s Facebook <\/strong> et de se d\u00e9tendre tout en faisant la promotion de sa page ou de son compte.<\/p>\n<p><strong>Si vous souhaitez promouvoir votre entreprise, acheter des fans pour Facebook est une excellente occasion de vous positionner parmi les plus populaires <\/strong> et recherch\u00e9s sur ce r\u00e9seau social, en <u> obtenant de vrais clients en peu de temps qui sont pr\u00eats \u00e0 acheter vos produits ou services. <\/u><\/p>\n<div class=\"wpsm_update mobfont90\"><span class=\"label-info\">OFFRE <\/span><strong> Obtenez des Likes sur votre Page maintenant gr\u00e2ce \u00e0 notre service d&rsquo; Achat de Likes de Fanpage Facebook. <\/strong> <img decoding=\"async\" class=\"emoji\" role=\"img\" draggable=\"false\" src=\"https:\/\/s.w.org\/images\/core\/emoji\/14.0.0\/svg\/1f3c6.svg\" alt=\" \ud83c\udfc6\" title=\"\"><\/div>\n<p><strong>Achetez des abonn\u00e9s Facebook <\/strong> pour des r\u00e9sultats imm\u00e9diats ! <strong> Facebook est la plate-forme de r\u00e9seautage social la plus grande et la plus utilis\u00e9e au monde <\/strong> . Facebook est \u00e0 la t\u00eate du mouvement des m\u00e9dias sociaux avec ses nouvelles fonctionnalit\u00e9s et dispose d&rsquo;un syst\u00e8me de suivi comme tous les autres m\u00e9dias sociaux que nous utilisons aujourd&rsquo;hui.<\/p>\n<p>Si vous souhaitez <strong> augmenter votre nombre d&rsquo;abonn\u00e9s sur Facebook <\/strong> de la mani\u00e8re la plus rapide possible, lisez la suite et apprenez comment <strong> acheter des abonn\u00e9s Facebook. <\/strong><\/p>\n<h2 style=\"text-align: center;\"><span class=\"goog-text-highlight\">Pourquoi devriez-vous acheter des abonn\u00e9s Facebook? <\/span><\/h2>\n<p>Les r\u00e9seaux sociaux ont accru leur importance et leur pr\u00e9sence au cours des dix derni\u00e8res ann\u00e9es. Avec les m\u00e9dias sociaux, les gens peuvent atteindre instantan\u00e9ment des millions de personnes dans le monde. <strong> Plus ils atteignent la port\u00e9e organique de leurs profils, plus ils deviennent c\u00e9l\u00e8bres <\/strong> , ils font la promotion de leurs produits ou services et augmentent leurs ventes.<\/p>\n<p>Les particuliers et les entreprises essaient diverses m\u00e9thodes pour atteindre un public plus large. <strong> L&rsquo;achat d&rsquo;abonn\u00e9s Facebook <\/strong> est l&rsquo;une de ces m\u00e9thodes. Lorsqu&rsquo;ils ach\u00e8tent un service qui leur fournit des <strong> abonn\u00e9s Facebook, <\/strong> leur audience augmente et ils ont de meilleures chances d&rsquo;engager les gens dans leur entreprise et leur profil.<\/p>\n<p><strong>L&rsquo;achat d&rsquo;abonn\u00e9s sur Facebook <\/strong> sera l&rsquo;un de vos plus gros investissements.<\/p>\n<p><strong>Tous les r\u00e9seaux sociaux comptent actuellement un grand nombre d&rsquo;utilisateurs, <\/strong> \u00e0 travers lesquels des milliers d&rsquo;images, de vid\u00e9os et d&rsquo;informations de toutes sortes sont partag\u00e9es. Par cons\u00e9quent, <u> acheter des fans pour Facebook devient une opportunit\u00e9 parfaite pour promouvoir votre marque dans le monde entier, <\/u> en vous faisant conna\u00eetre aupr\u00e8s de milliers d&rsquo;utilisateurs.<\/p>\n<h2 style=\"text-align: center;\"><span class=\"goog-text-highlight\">Existe-t-il un moyen pour le public de savoir que vos abonn\u00e9s sont achet\u00e9s? <\/span><\/h2>\n<div class=\"Intro\">\n<p>Votre groupe d\u00e9mographique cible <strong> ne saura jamais si les abonn\u00e9s de votre page Facebook d&rsquo;entreprise sont achet\u00e9s <\/strong> \u00e0 moins que vous ne le lui disiez.<\/p>\n<p><strong><a href=\"https:\/\/www.top1social.com\/fr\">Top1Social <\/a> vous permet d&rsquo;acheter de v\u00e9ritables abonn\u00e9s Facebook. <\/strong> Nous nous assurons que votre public cible existant ne peut pas savoir si vos nouveaux abonn\u00e9s sont achet\u00e9s.<\/p>\n<p>Nous veillons \u00e0 ce que nos services soient totalement confidentiels.<\/p>\n<p>Notre principal objectif est de nous assurer que <strong> nos clients sont enti\u00e8rement satisfaits<\/strong>.<\/p>\n<\/div>\n<h2 style=\"text-align: center;\"><span class=\"goog-text-highlight\">Ma Page a-t-elle vraiment besoin d&rsquo;abonn\u00e9s Facebook ? <\/span><\/h2>\n<div class=\"Intro\">\n<p><strong>Facebook est sans aucun doute le r\u00e9seau social le plus connu et le plus influent au monde <\/strong> , suivi de pr\u00e8s par <a href=\"https:\/\/www.top1social.com\/fr\/produit-categorie\/instagram\/\"><strong> Instagram<\/strong><\/a>, qui appartient \u00e9galement \u00e0 Facebook avec une large audience active.<\/p>\n<p>Il continue d&rsquo;introduire de nouvelles fonctionnalit\u00e9s qui captivent ses fans, dont <strong> les abonn\u00e9s et les likes Facebook<\/strong>.<\/p>\n<p>Si vous dirigez une entreprise bas\u00e9e sur Facebook, vous devrez peut-\u00eatre <strong> acheter des abonn\u00e9s Facebook pour am\u00e9liorer l&rsquo;engagement et atteindre des prospects potentiels<\/strong>.<\/p>\n<p><strong>Les abonn\u00e9s et les likes Facebook bon march\u00e9 <\/strong> montrent \u00e0 vos t\u00e9l\u00e9spectateurs la valeur de votre entreprise. <span class=\"\"> Votre pr\u00e9sence sur le Web d\u00e9montre l&rsquo;\u00e9tendue de votre r\u00e9seau d&rsquo;affaires et de vos relations. <\/span><\/p>\n<p>Par cons\u00e9quent, <strong> plus votre page d&rsquo;entreprise a de likes et de followers sur Facebook <\/strong> , plus elle devient attrayante et accessible.<\/p>\n<\/div>\n<p>Sur notre site Top1Social, <strong> nous vous proposons un fan plan Facebook 100% s\u00e9curis\u00e9, avec lequel nous garantissons la croissance momentan\u00e9e de votre page <\/strong> pour attirer instantan\u00e9ment de nouveaux followers et clients potentiels.<\/p>\n<h2 style=\"text-align: center;\">Comment obtenir des abonn\u00e9s sur Facebook de mani\u00e8re organique<\/h2>\n<p>En plus du shopping, vous pouvez \u00e9galement <strong> augmenter le nombre de vos followers <\/strong> avec des m\u00e9thodes naturelles. Voici quelques-unes de ces m\u00e9thodes naturelles:<\/p>\n<ul>\n<li>Cr\u00e9ez un profil fort et une page de marque personnelle pour vous-m\u00eame.<\/li>\n<li><strong>Cr\u00e9ez du contenu divertissant et engageant. <\/strong><\/li>\n<li>Utilisez les fonctionnalit\u00e9s pour aider vos amis \u00e0 trouver votre page.<\/li>\n<li>Ajoutez les liens de vos autres comptes de m\u00e9dias sociaux et de votre site Web \u00e0 votre page Facebook.<\/li>\n<li><strong>Partagez le lien de votre <a href=\"https:\/\/www.top1social.com\/fr\/produit-categorie\/facebook\/\"> profil Facebook <\/a><\/strong> et le lien de votre page sur d&rsquo;autres sites de m\u00e9dias sociaux.<\/li>\n<li>Rendez votre profil Facebook visible par tous.<\/li>\n<li><strong>Cr\u00e9er un public cible. <\/strong><\/li>\n<li>Utilisez des publicit\u00e9s Facebook payantes.<\/li>\n<\/ul>\n","protected":false},"excerpt":{"rendered":"<div class=\"woocommerce-product-details__short-description\">\n<p>Obtenez <strong> de VRAIS abonn\u00e9s pour Facebook <\/strong><img decoding=\"async\" class=\"emoji alignnone entered lazyloaded\" role=\"img\" draggable=\"false\" src=\"https:\/\/s.w.org\/images\/core\/emoji\/13.1.0\/svg\/1f465.svg\" alt=\" \ud83d\udc65 Acheter des abonn\u00e9s Facebook\" width=\"150\" height=\"150\" data-lazy-src=\"https:\/\/s.w.org\/images\/core\/emoji\/13.1.0\/svg\/1f465.svg\" data-ll-status=\"loaded\" \/><\/p>\n<p><strong><b>Ne manquez pas nos offres ! <\/b><img decoding=\"async\" class=\"emoji alignnone entered lazyloaded\" role=\"img\" draggable=\"false\" src=\"https:\/\/s.w.org\/images\/core\/emoji\/13.1.0\/svg\/1f4c8.svg\" alt=\" \ud83d\udcc8 Acheter des abonn\u00e9s Facebook\" width=\"150\" height=\"150\" data-lazy-src=\"https:\/\/s.w.org\/images\/core\/emoji\/13.1.0\/svg\/1f4c8.svg\" data-ll-status=\"loaded\" \/><\/strong><\/p>\n<div class=\"pr_excerpt f_300 f_size_15\">\n<h5><b><img decoding=\"async\" class=\"emoji entered lazyloaded\" role=\"img\" draggable=\"false\" src=\"https:\/\/s.w.org\/images\/core\/emoji\/13.1.0\/svg\/2705.svg\" alt=\" \u2705\" data-lazy-src=\"https:\/\/s.w.org\/images\/core\/emoji\/13.1.0\/svg\/2705.svg\" data-ll-status=\"loaded\" \/><\/b>VRAIS comptes Facebook<\/h5>\n<h5><b><img decoding=\"async\" class=\"emoji entered lazyloaded\" role=\"img\" draggable=\"false\" src=\"https:\/\/s.w.org\/images\/core\/emoji\/13.1.0\/svg\/2705.svg\" alt=\" \u2705\" data-lazy-src=\"https:\/\/s.w.org\/images\/core\/emoji\/13.1.0\/svg\/2705.svg\" data-ll-status=\"loaded\" \/><\/b>Abonn\u00e9s SANS Chutes (Garantie 30 jours)<\/h5>\n<h5><b><img decoding=\"async\" class=\"emoji entered lazyloaded\" role=\"img\" draggable=\"false\" src=\"https:\/\/s.w.org\/images\/core\/emoji\/13.1.0\/svg\/2705.svg\" alt=\" \u2705\" data-lazy-src=\"https:\/\/s.w.org\/images\/core\/emoji\/13.1.0\/svg\/2705.svg\" data-ll-status=\"loaded\" \/><\/b>Assistance 24h\/7<\/h5>\n<h5><b><img decoding=\"async\" class=\"emoji entered lazyloaded\" role=\"img\" draggable=\"false\" src=\"https:\/\/s.w.org\/images\/core\/emoji\/13.1.0\/svg\/2705.svg\" alt=\" \u2705\" data-lazy-src=\"https:\/\/s.w.org\/images\/core\/emoji\/13.1.0\/svg\/2705.svg\" data-ll-status=\"loaded\" \/><\/b>Livraison RAPIDE ET NATURELLE<\/h5>\n<h6 class=\"LC20lb DKV0Md\"><img decoding=\"async\" class=\"emoji entered lazyloaded\" role=\"img\" draggable=\"false\" src=\"https:\/\/s.w.org\/images\/core\/emoji\/13.1.0\/svg\/1f44c.svg\" alt=\" \ud83d\udc4c\" data-lazy-src=\"https:\/\/s.w.org\/images\/core\/emoji\/13.1.0\/svg\/1f44c.svg\" data-ll-status=\"loaded\" \/>PAIEMENT UNIQUE, AVEC GARANTIE INCLUSE<\/h6>\n<\/div>\n<\/div>\n","protected":false},"featured_media":2076,"comment_status":"open","ping_status":"closed","template":"","meta":{"_gspb_post_css":""},"store":[146],"product_brand":[],"product_cat":[169],"product_tag":[183],"class_list":{"0":"post-2074","1":"product","2":"type-product","3":"status-publish","4":"has-post-thumbnail","6":"store-facebook","7":"product_cat-facebook","8":"product_tag-acheter-des-abonnes-facebook-fans","9":"wcpa_has_options","11":"first","12":"instock","13":"sale","14":"taxable","15":"shipping-taxable","16":"purchasable","17":"product-type-variable"},"_links":{"self":[{"href":"https:\/\/www.top1social.com\/fr\/wp-json\/wp\/v2\/product\/2074","targetHints":{"allow":["GET"]}}],"collection":[{"href":"https:\/\/www.top1social.com\/fr\/wp-json\/wp\/v2\/product"}],"about":[{"href":"https:\/\/www.top1social.com\/fr\/wp-json\/wp\/v2\/types\/product"}],"replies":[{"embeddable":true,"href":"https:\/\/www.top1social.com\/fr\/wp-json\/wp\/v2\/comments?post=2074"}],"wp:featuredmedia":[{"embeddable":true,"href":"https:\/\/www.top1social.com\/fr\/wp-json\/wp\/v2\/media\/2076"}],"wp:attachment":[{"href":"https:\/\/www.top1social.com\/fr\/wp-json\/wp\/v2\/media?parent=2074"}],"wp:term":[{"taxonomy":"store","embeddable":true,"href":"https:\/\/www.top1social.com\/fr\/wp-json\/wp\/v2\/store?post=2074"},{"taxonomy":"product_brand","embeddable":true,"href":"https:\/\/www.top1social.com\/fr\/wp-json\/wp\/v2\/product_brand?post=2074"},{"taxonomy":"product_cat","embeddable":true,"href":"https:\/\/www.top1social.com\/fr\/wp-json\/wp\/v2\/product_cat?post=2074"},{"taxonomy":"product_tag","embeddable":true,"href":"https:\/\/www.top1social.com\/fr\/wp-json\/wp\/v2\/product_tag?post=2074"}],"curies":[{"name":"wp","href":"https:\/\/api.w.org\/{rel}","templated":true}]}}