{"id":2086,"date":"2024-01-21T02:43:57","date_gmt":"2024-01-21T01:43:57","guid":{"rendered":"https:\/\/www.top1social.com\/fr\/?post_type=product&#038;p=2086"},"modified":"2024-01-23T09:35:51","modified_gmt":"2024-01-23T08:35:51","slug":"acheter-followers-twitter","status":"publish","type":"product","link":"https:\/\/www.top1social.com\/fr\/produit\/acheter-followers-twitter\/","title":{"rendered":"Acheter des Followers Twitter"},"content":{"rendered":"<h2 style=\"text-align: center;\">Achetez des Followers Twitter rapidement et \u00e0 bas prix<\/h2>\n<p><strong>L&rsquo;achat de Followers Twitter<\/strong> devient essentiel pour rendre votre compte plus visible dans cet univers comp\u00e9titif et en constante \u00e9volution des m\u00e9dias sociaux. <strong>Twitter<\/strong>, la plateforme de microblogging la plus pris\u00e9e au monde, impose le d\u00e9fi de construire une audience engag\u00e9e.<\/p>\n<p>Il n&rsquo;est pas facile de <strong>gagner un large public sur Twitter<\/strong>, \u00e9tant donn\u00e9 que les utilisateurs sont souvent plus ind\u00e9pendants et ne suivent pas facilement. <strong>Les Followers Twitter<\/strong> sont cruciaux, car ils g\u00e9n\u00e8rent de l&rsquo;engagement pour votre compte. Un engagement plus \u00e9lev\u00e9 am\u00e9liore la qualit\u00e9 de votre compte.<\/p>\n<p>Pour accro\u00eetre organiquement le nombre <strong>d&rsquo;abonn\u00e9s sur Twitter<\/strong>, il est n\u00e9cessaire de proposer du contenu unique ou divertissant, voire les deux, afin de captiver votre public. N&rsquo;oubliez pas d&rsquo;utiliser des <strong>hashtags<\/strong> pertinents pour accro\u00eetre la visibilit\u00e9 de vos <strong>tweets<\/strong> aupr\u00e8s de personnes ne vous suivant pas. Vous pouvez \u00e9galement opter pour des <strong>campagnes publicitaires via les annonces Twitter<\/strong>.<\/p>\n<div class=\"wpsm_update mobfont90\" style=\"text-align: center;\"><strong>Offrez-vous la chance d&rsquo;amplifier vos Tweets. <a href=\"https:\/\/www.top1social.com\/fr\/produit\/acheter-des-likes-twitter\/\">Achetez des Likes Twitter<\/a>.<\/strong><\/div>\n<p><strong>Le moyen le plus rapide<\/strong> pour acc\u00e9der \u00e0 la popularit\u00e9 sur cette plateforme est <strong>d&rsquo;acheter des Followers Twitter.<\/strong> En tant que Top1Social, nous avons la capacit\u00e9 de vous fournir un grand nombre de followers r\u00e9els et actifs du monde entier.<\/p>\n<p>Si vous vous demandez <strong>comment acheter des Followers Twitter<\/strong>, poursuivez votre lecture.<\/p>\n<h2 id=\"why-should-i-buy-followers-on-twitter\" style=\"text-align: center;\">Pourquoi devrais-je acheter des followers sur Twitter ?<\/h2>\n<p><strong>Twitter compte des millions d&rsquo;utilisateurs<\/strong>, et de plus en plus de personnes cr\u00e9ent de nouveaux comptes chaque jour. Cela en fait l&rsquo;un des <strong>meilleurs endroits pour rechercher vos clients potentiels<\/strong>. Vous pouvez construire une relation transparente avec vos clients via <a href=\"https:\/\/www.top1social.com\/fr\/produit-categorie\/twitter\/\"><strong>Twitter<\/strong><\/a>. Les interactions avec vos clients peuvent \u00eatre vues par d&rsquo;autres personnes, renfor\u00e7ant ainsi la r\u00e9putation de votre marque.<\/p>\n<p><strong>Twitter est l&rsquo;une des plateformes de m\u00e9dias sociaux \u00e0 la croissance la plus rapide.<\/strong> Les utilisateurs partagent des informations, des actualit\u00e9s et des messages par le biais de tweets. Ces tweets sont des messages textuels limit\u00e9s \u00e0 140 caract\u00e8res. Vous avez \u00e9galement la possibilit\u00e9 d&rsquo;y ajouter des images, des vid\u00e9os, des sondages, etc. pour les enrichir. <strong>L&rsquo;utilisation de hashtags et de tags peut \u00e9galement optimiser la port\u00e9e de vos tweets.<\/strong><\/p>\n<h2 id=\"is-it-worth-buying-twitter-followers\" style=\"text-align: center;\">Est-il utile d&rsquo;acheter des Followers Twitter ?<\/h2>\n<p>La r\u00e9ponse est un oui cat\u00e9gorique. <strong>Votre nombre de followers compte<\/strong>, c&rsquo;est important pour la plupart des gens. Si vous souhaitez \u00e9viter d&rsquo;\u00eatre per\u00e7u comme quelqu&rsquo;un ayant peu ou pas d&rsquo;abonn\u00e9s, <strong>l&rsquo;achat de Followers Twitter est une strat\u00e9gie \u00e0 envisager<\/strong>. Bien que la croissance organique soit naturelle et plus lente, l&rsquo;achat de Followers peut acc\u00e9l\u00e9rer les choses. <strong>Achetez des Followers Twitter d\u00e8s maintenant<\/strong> !<\/p>\n<p><strong>Twitter est en constante expansion et se d\u00e9veloppe rapidement<\/strong>. La grande majorit\u00e9 des utilisateurs de m\u00e9dias sociaux, y compris des entreprises, des c\u00e9l\u00e9brit\u00e9s, des politiciens, sont pr\u00e9sents sur <strong>Twitter<\/strong>. Cette plateforme a une influence significative dans notre monde.<\/p>\n<ul>\n<li><strong>Paiement totalement s\u00e9curis\u00e9<\/strong><\/li>\n<li><strong>Profils de qualit\u00e9 mondiale.<\/strong><\/li>\n<li><strong>Assistance 24h\/24.<\/strong><\/li>\n<li><strong>Pas besoin de suivre les autres.<\/strong><\/li>\n<li><strong>Livraison record en 24-48h.<\/strong><\/li>\n<li><strong>Protection de la vie priv\u00e9e<\/strong><\/li>\n<li><strong>Aucune demande de mot de passe<\/strong><\/li>\n<li><strong>Service s\u00fbr et professionnel<\/strong><\/li>\n<\/ul>\n<p style=\"text-align: center;\"><img decoding=\"async\" class=\"emoji entered lazyloaded\" role=\"img\" draggable=\"false\" src=\"https:\/\/s.w.org\/images\/core\/emoji\/13.1.0\/svg\/1f3c6.svg\" alt=\"\ud83c\udfc6\" data-lazy-src=\"https:\/\/s.w.org\/images\/core\/emoji\/13.1.0\/svg\/1f3c6.svg\" data-ll-status=\"loaded\" data-lazy- title=\"\"><strong> Nos Followers Twitter b\u00e9n\u00e9ficient d&rsquo;une garantie de recharge de 15 jours !<\/strong><\/p>\n<h2 id=\"how-to-get-followers-on-twitter-organically\" style=\"text-align: center;\">Comment obtenir des Followers sur Twitter de mani\u00e8re organique<\/h2>\n<p>Il n&rsquo;est pas facile d&rsquo;\u00eatre <strong>populaire sur Twitter et d&rsquo;augmenter le nombre d&rsquo;abonn\u00e9s<\/strong> de mani\u00e8re naturelle. Cependant, voici quelques conseils :<\/p>\n<ul>\n<li>Soyez attrayant.<\/li>\n<li>N\u00e9gligez aucun de vos Followers.<\/li>\n<li><strong>Suivez les personnes populaires sur Twitter.<\/strong><\/li>\n<li>Partagez des messages sociaux d&rsquo;actualit\u00e9.<\/li>\n<li><strong>Retweetez des tweets de qualit\u00e9.<\/strong><\/li>\n<li>R\u00e9pondez \u00e0 vos mentions.<\/li>\n<li>Utilisez des hashtags pertinents.<\/li>\n<li><strong>R\u00e9pondez aux messages qui vous sont envoy\u00e9s.<\/strong><\/li>\n<li>Ajoutez des photos et des vid\u00e9os valides \u00e0 vos partages.<\/li>\n<li><strong>Partagez du contenu de qualit\u00e9.<\/strong><\/li>\n<li>La conception de votre compte doit \u00eatre impressionnante.<\/li>\n<li><strong>Int\u00e9grez des liens dans votre contenu.<\/strong><\/li>\n<\/ul>\n<h2 style=\"text-align: center;\">Pourquoi devriez-vous acheter des Followers Twitter ?<\/h2>\n<p>Les trois principales raisons pour lesquelles les gens <strong>ach\u00e8tent des Followers Twitter sont :<\/strong><\/p>\n<ul>\n<li aria-level=\"1\"><strong>Am\u00e9lioration de la r\u00e9putation :<\/strong> avoir plus d&rsquo;abonn\u00e9s vous conf\u00e8re instantan\u00e9ment plus de cr\u00e9dibilit\u00e9. <strong>Twitter<\/strong> repose sur la r\u00e9putation et l&rsquo;autorit\u00e9, et les comptes avec plus de Followers sont plus cr\u00e9dibles.<\/li>\n<li aria-level=\"1\"><strong>Gagnez du temps et d\u00e9veloppez-vous plus rapidement <\/strong> &#8211; Cela peut prendre beaucoup de temps pour se d\u00e9velopper de mani\u00e8re organique et attendre que les gens commencent \u00e0 le remarquer. <strong> Lorsque vous achetez des Followers Twitter, cela vous aide \u00e0 augmenter votre pr\u00e9sence et votre preuve sociale. <\/strong><\/li>\n<li aria-level=\"1\"><strong>Plus d&rsquo;engagement <\/strong> &#8211; \u200b\u200bLorsque <strong> vous achetez de vrais Followers Twitter <\/strong> , votre contenu sera vu par plus de personnes et vous augmentez votre port\u00e9e. <span class=\"\"> Plus il y a de personnes qui voient vos tweets, plus elles sont susceptibles d&rsquo;aimer, de retweeter ou de partager votre contenu. <\/span> Cela vous assurera d&rsquo;avoir de plus en plus <strong> d&rsquo;abonn\u00e9s organiques sur Twitter. <\/strong><\/li>\n<\/ul>\n<h2 style=\"text-align: center;\">Comment avoir plus de followers sur Twitter ?<\/h2>\n<p>En plus d&rsquo; <strong> acheter des Followers pour Twitter <\/strong> , vous pouvez faire ces 2 choses pour obtenir des Followers plus rapidement :<\/p>\n<ol>\n<li><strong>Utilisez des hashtags <\/strong> \u2013 La plupart <strong> des sujets tendance sont toujours associ\u00e9s \u00e0 un hashtag <\/strong> . En <strong> utilisant des hashtags pertinents dans vos tweets, vous augmentez consid\u00e9rablement votre port\u00e9e et vos chances d&rsquo;\u00eatre vu <\/strong> . Les gens recherchent souvent des hashtags et l&rsquo;algorithme de Twitter affiche r\u00e9guli\u00e8rement des tweets en fonction des int\u00e9r\u00eats des utilisateurs.<\/li>\n<li><strong>Messages sponsoris\u00e9s <\/strong> &#8211; Tout comme sur d&rsquo;autres plateformes de m\u00e9dias sociaux, vous pouvez utiliser des publicit\u00e9s pour d\u00e9velopper votre compte. <strong> La plupart des entreprises et des influenceurs l&rsquo;utilisent. <\/strong> C&rsquo;est un moyen plus co\u00fbteux mais efficace d&rsquo;attirer l&rsquo;attention de votre groupe cible.<\/li>\n<\/ol>\n<h2 id=\"how-to-buy-twitter-followers\" style=\"text-align: center;\">Comment acheter des Followers Twitter<\/h2>\n<p>Si vous souhaitez<strong> acheter des Followers Twitter<\/strong> \u00e0 petit prix, suivez ce guide \u00e9tape par \u00e9tape :<\/p>\n<ol>\n<li><strong>Choisissez parmi nos diff\u00e9rents forfaits.<\/strong><\/li>\n<li>Entrez votre <strong>nom d&rsquo;utilisateur Twitter.<\/strong><\/li>\n<li>Indiquez le nombre <strong>d&rsquo;abonn\u00e9s que vous souhaitez pour votre compte.<\/strong><\/li>\n<li>Assurez-vous que le prix et le nombre de <strong>Followers<\/strong> sont corrects avant de finaliser votre achat.<\/li>\n<li>Cliquez sur \u00ab\u00a0<strong>Ajouter au panier<\/strong>\u00a0\u00bb ou \u00ab\u00a0<strong>Acheter maintenant<\/strong>\u00a0\u00bb pour poursuivre votre achat.<\/li>\n<li><strong>Terminez le processus de paiement.<\/strong><\/li>\n<\/ol>\n<h2 style=\"text-align: center;\">Commen\u00e7ons et grandissons ensemble !<\/h2>\n<div class=\"Intro\">\n<p>Ce qui nous distingue de nos concurrents,<strong> c&rsquo;est notre approche strat\u00e9gique pour mener \u00e0 bien chaque commande ou projet.<\/strong> Que vous soyez une entreprise, un compte personnel, une petite organisation ou une grande entreprise, <a href=\"https:\/\/www.top1social.com\/fr\/\"><strong>Top1Social<\/strong> <\/a>propose une <strong>gamme vari\u00e9e de forfaits pour r\u00e9pondre \u00e0 vos besoins sp\u00e9cifiques.<\/strong> Choisissez facilement l&rsquo;un d&rsquo;entre eux en fonction de vos exigences et de vos besoins.<\/p>\n<\/div>\n","protected":false},"excerpt":{"rendered":"<div class=\"woocommerce-product-details__short-description\">\n<div class=\"pr_excerpt f_300 f_size_15\">\n<p><strong>Acqu\u00e9rir de v\u00e9ritables abonn\u00e9s pour Twitter <img decoding=\"async\" class=\"emoji alignnone entered lazyloaded\" role=\"img\" draggable=\"false\" src=\"https:\/\/s.w.org\/images\/core\/emoji\/13.1.0\/svg\/1f465.svg\" alt=\" \ud83d\udc65 Acheter des abonn\u00e9s Twitter\" width=\"150\" height=\"150\" data-lazy-src=\"https:\/\/s.w.org\/images\/core\/emoji\/13.1.0\/svg\/1f465.svg\" data-ll-status=\"loaded\" \/><\/strong><\/p>\n<p><strong>Ne ratez pas nos offres ! <img decoding=\"async\" class=\"emoji alignnone entered lazyloaded\" role=\"img\" draggable=\"false\" src=\"https:\/\/s.w.org\/images\/core\/emoji\/13.1.0\/svg\/1f4c8.svg\" alt=\" \ud83d\udcc8 Acheter des abonn\u00e9s Twitter\" width=\"150\" height=\"150\" data-lazy-src=\"https:\/\/s.w.org\/images\/core\/emoji\/13.1.0\/svg\/1f4c8.svg\" data-ll-status=\"loaded\" \/><\/strong><\/p>\n<h5><b><img decoding=\"async\" class=\"emoji entered lazyloaded\" role=\"img\" draggable=\"false\" src=\"https:\/\/s.w.org\/images\/core\/emoji\/13.1.0\/svg\/2705.svg\" alt=\" \u2705\" data-lazy-src=\"https:\/\/s.w.org\/images\/core\/emoji\/13.1.0\/svg\/2705.svg\" data-ll-status=\"loaded\" \/> <\/b>Comptes Twitter AUTHENTIQUES<\/h5>\n<h5><b><img decoding=\"async\" class=\"emoji entered lazyloaded\" role=\"img\" draggable=\"false\" src=\"https:\/\/s.w.org\/images\/core\/emoji\/13.1.0\/svg\/2705.svg\" alt=\" \u2705\" data-lazy-src=\"https:\/\/s.w.org\/images\/core\/emoji\/13.1.0\/svg\/2705.svg\" data-ll-status=\"loaded\" \/> <\/b>Abonn\u00e9s SANS baisses (Garantie de 15 jours)<\/h5>\n<h5><b><img decoding=\"async\" class=\"emoji entered lazyloaded\" role=\"img\" draggable=\"false\" src=\"https:\/\/s.w.org\/images\/core\/emoji\/13.1.0\/svg\/2705.svg\" alt=\" \u2705\" data-lazy-src=\"https:\/\/s.w.org\/images\/core\/emoji\/13.1.0\/svg\/2705.svg\" data-ll-status=\"loaded\" \/> <\/b>Assistance 24h\/24, 7j\/7<\/h5>\n<h5><b><img decoding=\"async\" class=\"emoji entered lazyloaded\" role=\"img\" draggable=\"false\" src=\"https:\/\/s.w.org\/images\/core\/emoji\/13.1.0\/svg\/2705.svg\" alt=\" \u2705\" data-lazy-src=\"https:\/\/s.w.org\/images\/core\/emoji\/13.1.0\/svg\/2705.svg\" data-ll-status=\"loaded\" \/> <\/b>Livraison RAPIDE ET NATURELLE<\/h5>\n<h6 class=\"LC20lb DKV0Md\"><img decoding=\"async\" class=\"emoji entered lazyloaded\" role=\"img\" draggable=\"false\" src=\"https:\/\/s.w.org\/images\/core\/emoji\/13.1.0\/svg\/1f44c.svg\" alt=\" \ud83d\udc4c\" data-lazy-src=\"https:\/\/s.w.org\/images\/core\/emoji\/13.1.0\/svg\/1f44c.svg\" data-ll-status=\"loaded\" \/> PAIEMENT UNIQUE, AVEC GARANTIE INCLUSE<\/h6>\n<\/div>\n<\/div>\n","protected":false},"featured_media":2089,"comment_status":"open","ping_status":"closed","template":"","meta":{"_gspb_post_css":""},"store":[148],"product_brand":[],"product_cat":[170],"product_tag":[266,184],"class_list":{"0":"post-2086","1":"product","2":"type-product","3":"status-publish","4":"has-post-thumbnail","6":"store-twitter","7":"product_cat-twitter","8":"product_tag-acheter-des-abonnes-twitter","9":"product_tag-acheter-des-followers-twitter","10":"wcpa_has_options","12":"first","13":"instock","14":"sale","15":"taxable","16":"shipping-taxable","17":"purchasable","18":"product-type-variable"},"_links":{"self":[{"href":"https:\/\/www.top1social.com\/fr\/wp-json\/wp\/v2\/product\/2086","targetHints":{"allow":["GET"]}}],"collection":[{"href":"https:\/\/www.top1social.com\/fr\/wp-json\/wp\/v2\/product"}],"about":[{"href":"https:\/\/www.top1social.com\/fr\/wp-json\/wp\/v2\/types\/product"}],"replies":[{"embeddable":true,"href":"https:\/\/www.top1social.com\/fr\/wp-json\/wp\/v2\/comments?post=2086"}],"wp:featuredmedia":[{"embeddable":true,"href":"https:\/\/www.top1social.com\/fr\/wp-json\/wp\/v2\/media\/2089"}],"wp:attachment":[{"href":"https:\/\/www.top1social.com\/fr\/wp-json\/wp\/v2\/media?parent=2086"}],"wp:term":[{"taxonomy":"store","embeddable":true,"href":"https:\/\/www.top1social.com\/fr\/wp-json\/wp\/v2\/store?post=2086"},{"taxonomy":"product_brand","embeddable":true,"href":"https:\/\/www.top1social.com\/fr\/wp-json\/wp\/v2\/product_brand?post=2086"},{"taxonomy":"product_cat","embeddable":true,"href":"https:\/\/www.top1social.com\/fr\/wp-json\/wp\/v2\/product_cat?post=2086"},{"taxonomy":"product_tag","embeddable":true,"href":"https:\/\/www.top1social.com\/fr\/wp-json\/wp\/v2\/product_tag?post=2086"}],"curies":[{"name":"wp","href":"https:\/\/api.w.org\/{rel}","templated":true}]}}