{"id":2165,"date":"2022-12-04T12:19:01","date_gmt":"2022-12-04T11:19:01","guid":{"rendered":"https:\/\/www.top1social.com\/fr\/?post_type=product&#038;p=2165"},"modified":"2022-12-04T13:05:52","modified_gmt":"2022-12-04T12:05:52","slug":"acheter-des-vues-instagram","status":"publish","type":"product","link":"https:\/\/www.top1social.com\/fr\/produit\/acheter-des-vues-instagram\/","title":{"rendered":"Acheter Des Vues Instagram"},"content":{"rendered":"<h2 style=\"text-align: center;\">Pourquoi les vues Instagram sont-elles importantes ?<\/h2>\n<p>Vous devez <strong> acheter des vues Instagram si votre objectif est d&rsquo;augmenter votre visibilit\u00e9 <\/strong> sur les r\u00e9seaux sociaux. Lors de son lancement, la plate-forme a rapidement mis en place une fonctionnalit\u00e9 de partage de vid\u00e9os int\u00e9gr\u00e9e \u00e0 l&rsquo;application pour <strong> concurrencer les plates-formes vid\u00e9o populaires telles que YouTube <\/strong> .<\/p>\n<p>Maintenant que la plate-forme est plus grande que jamais, vous devriez penser \u00e0 quel point il serait avantageux d&rsquo; <strong> acheter des vues Instagram <\/strong> , car vous pourriez rapidement devenir visible et <strong> \u00ab\u00a0Insta-Famous\u00a0\u00bb et commencer \u00e0 gagner de l&rsquo;argent gr\u00e2ce aux parrainages de marques <\/strong> .<\/p>\n<p>Si vous pensez qu&rsquo;il est temps de briller, <strong> achetez vos vues Instagram avec nous <\/strong> et faites le premier pas pour devenir une star Instagram.<\/p>\n<div class=\"wpsm_update mobfont90\"><span class=\"label-info\">PROMO <\/span><strong> Maintenant en offre obtenez notre pack promotionnel Influenceur Instagram <\/strong><\/div>\n<h2 style=\"text-align: center;\">Acheter des vues Instagram<\/h2>\n<p>Tout d&rsquo;abord, <a href=\"https:\/\/www.top1social.com\/fr\/produit-categorie\/instagram\/\"><strong> Instagram <\/strong> <\/a> a int\u00e9gr\u00e9 la fonction vid\u00e9o permettant de partager uniquement des vid\u00e9os de 15 secondes, mais plus tard, cette limite est devenue 60 secondes. <strong> Instagram est pass\u00e9 d&rsquo;une simple application de partage de photos \u00e0 l&rsquo;une des plus grandes plateformes de m\u00e9dias sociaux. <\/strong><\/p>\n<p>Cependant, il peut parfois \u00eatre difficile <strong> d&rsquo;obtenir des vues pour vos vid\u00e9os <\/strong> . Si vous rencontrez des difficult\u00e9s pour atteindre un public plus large ou si vous avez besoin d&rsquo; <strong> augmenter le nombre de vues de vos vid\u00e9os <\/strong> , vous devriez essayer d&rsquo; <strong> acheter des vues Instagram <\/strong> .<\/p>\n<p>De nombreuses entreprises ou marques r\u00e9alisent l&rsquo; <strong> importance d&rsquo;\u00eatre pr\u00e9sentes sur Instagram <\/strong> . Gr\u00e2ce \u00e0 <strong> Instagram Insights <\/strong> et \u00e0 d&rsquo;autres applications qui affichent ses analyses, nous pouvons facilement dire que <strong> les vid\u00e9os Instagram sont l&rsquo;un des types de contenu les plus engag\u00e9s <\/strong> .<\/p>\n<h2 style=\"text-align: center;\">Pourquoi acheter <strong> des vues <\/strong> pour Instagram ?<\/h2>\n<p><strong>Acheter des vues Instagram <\/strong> pour vos vid\u00e9os peut \u00eatre un peu difficile. Par cons\u00e9quent, vous pouvez prendre un raccourci et <strong> obtenir des vues Instagram de <\/strong> la mani\u00e8re la plus rapide, c&rsquo;est-\u00e0-dire en achetant. Il y a de nombreux avantages \u00e0 <strong> acheter des vues Instagram <\/strong> . Ceux-ci sont:<\/p>\n<p>Cela affecte directement l&rsquo;augmentation de votre popularit\u00e9. <strong> Si vous avez un bon nombre de vues sur votre Instagram <\/strong> , ces vid\u00e9os peuvent am\u00e9liorer votre notori\u00e9t\u00e9. Et, malheureusement, les gens ont tendance \u00e0 juger la <strong> qualit\u00e9 de vos vid\u00e9os uniquement par le nombre de fois qu&rsquo;elles ont \u00e9t\u00e9 visionn\u00e9es <\/strong> .<\/p>\n<p>Donc, si vous achetez des vues, vous aurez une chance de rendre votre vid\u00e9o virale sur cette plateforme de m\u00e9dias sociaux.<\/p>\n<p>Si vous \u00eates un <strong> influenceur <\/strong> , vous pouvez attirer l&rsquo;attention d&rsquo;une marque. <strong> Si votre vid\u00e9o devient virale et atteint un grand nombre de personnes dans le monde <\/strong> , vous attirerez non seulement l&rsquo;attention des gens, mais aussi des entreprises qui pourraient envisager de travailler avec vous en ligne.<\/p>\n<p>Ces actions peuvent \u00e9galement <strong> augmenter le trafic vers votre Instagram <\/strong> ou votre site Web.<\/p>\n<p>Vos <strong> vues Instagram <\/strong> achet\u00e9es vous aideront \u00e0 faire \u00e9voluer votre compte d&rsquo;un profil occasionnel \u00e0 un <strong> influenceur <\/strong> de la mani\u00e8re la plus fabuleuse.<\/p>\n<h2 style=\"text-align: center;\">Quoi de neuf dans les vues vid\u00e9o Instagram<\/h2>\n<p>Les vid\u00e9os <strong> sont la source d&rsquo;engagement la plus efficace sur Instagram <\/strong> . Par cons\u00e9quent, si vous souhaitez <strong> gagner beaucoup de vues vid\u00e9o <\/strong> et maintenir cette popularit\u00e9 pendant longtemps, vous devez <strong> t\u00e9l\u00e9charger des vid\u00e9os r\u00e9guli\u00e8rement <\/strong> et vous assurer que les gens les regardent.<\/p>\n<p>Lorsque vous aurez <strong> plus de visionnages de vid\u00e9os <\/strong> , il vous sera beaucoup plus facile <strong> de d\u00e9crocher des offres de parrainage, des campagnes de marketing d&rsquo;affiliation et du contenu de marque de grandes entreprises<\/strong>.<\/p>\n<p>L&rsquo; <strong> algorithme Instagram <\/strong> r\u00e9compensera votre travail en sugg\u00e9rant vos vid\u00e9os \u00e0 de nouveaux publics, et il sera beaucoup plus facile pour <strong> votre contenu d&rsquo;appara\u00eetre sur la page d&rsquo;exploration <\/strong> . Avec l&rsquo;aide d&rsquo; <strong> Instagram Explore Page <\/strong> , vous pouvez doubler vos vues du jour au lendemain.<\/p>\n<p>Si vous mentionnez correctement vos autres comptes de r\u00e9seaux sociaux dans la vid\u00e9o sugg\u00e9r\u00e9e, il y a de fortes chances que vos autres <strong> r\u00e9seaux sociaux se d\u00e9veloppent \u00e9galement avec votre profil Instagram <\/strong> . Tout est li\u00e9 sur les plateformes de m\u00e9dias sociaux, et vous ne voulez pas manquer une <strong> croissance organique <\/strong> .<\/p>\n<h2 style=\"text-align: center;\">Comment acheter des vues Instagram<\/h2>\n<p><strong>Entrez votre nom d&rsquo;utilisateur Instagram <\/strong> et le nombre de vues pour les vid\u00e9os que vous souhaitez <strong> acheter des vues Instagram. <\/strong><\/p>\n<p>Le co\u00fbt total appara\u00eetra d\u00e8s que vous aurez entr\u00e9 le <strong> nombre de jeux. <\/strong><\/p>\n<p>Ajoutez le lien de la vid\u00e9o que vous souhaitez augmenter ses reproductions.<\/p>\n<p>Lorsque vous avez termin\u00e9, vous pouvez cliquer sur les <strong> boutons Ajouter au panier <\/strong> ou Acheter maintenant pour terminer le processus de paiement.<\/p>\n<p><strong>Nous ne vous demandons jamais votre mot de passe Instagram <\/strong> , et votre paiement est effectu\u00e9 en toute s\u00e9curit\u00e9.<\/p>\n<p>Il n&rsquo;y aura jamais de diminution du nombre de <strong> vues vid\u00e9o <\/strong> car il s&rsquo;agit <strong> du nombre de vues d&rsquo;utilisateurs r\u00e9els <\/strong> . Les gens peuvent vous d\u00e9sabonner, mais <strong> la vue de la vid\u00e9o est constante et \u00e9ternelle <\/strong> . Il ne diminue jamais. <strong> Au contraire, il augmente \u00e0 mesure que plus de personnes regardent vos vid\u00e9os <\/strong> .<\/p>\n<p>Nous esp\u00e9rons que vous appr\u00e9cierez nos services. <strong> Notre objectif est de fournir le meilleur service de qualit\u00e9 aux prix les plus abordables <\/strong> . Si vous avez des questions, posez-les nous via notre service client 24h et 7. Nous sommes ravis de vous aider \u00e0 <strong> d\u00e9velopper vos comptes sur les r\u00e9seaux sociaux <\/strong> .<\/p>\n","protected":false},"excerpt":{"rendered":"<div class=\"woocommerce-product-details__short-description\">\n<p>Obtenez <strong> des vues pour INSTAGRAM <\/strong> <img decoding=\"async\" class=\"emoji alignnone entered lazyloaded\" role=\"img\" draggable=\"false\" src=\"https:\/\/s.w.org\/images\/core\/emoji\/13.1.0\/svg\/1f465.svg\" alt=\" \ud83d\udc65 Acheter des vues Instagram\" width=\"150\" height=\"150\" data-lazy-src=\"https:\/\/s.w.org\/images\/core\/emoji\/13.1.0\/svg\/1f465.svg\" data-ll-status=\"loaded\" \/><\/p>\n<p><strong><b>Ne manquez pas nos offres ! <\/b><img decoding=\"async\" class=\"emoji alignnone entered lazyloaded\" role=\"img\" draggable=\"false\" src=\"https:\/\/s.w.org\/images\/core\/emoji\/13.1.0\/svg\/1f4c8.svg\" alt=\" \ud83d\udcc8 Acheter des vues Instagram\" width=\"150\" height=\"150\" data-lazy-src=\"https:\/\/s.w.org\/images\/core\/emoji\/13.1.0\/svg\/1f4c8.svg\" data-ll-status=\"loaded\" \/><\/strong><\/p>\n<div class=\"pr_excerpt f_300 f_size_15\">\n<h5><b><img decoding=\"async\" class=\"emoji alignnone entered lazyloaded\" role=\"img\" draggable=\"false\" src=\"https:\/\/s.w.org\/images\/core\/emoji\/13.1.0\/svg\/2705.svg\" alt=\" \u2705 Acheter des vues Instagram\" width=\"150\" height=\"150\" data-lazy-src=\"https:\/\/s.w.org\/images\/core\/emoji\/13.1.0\/svg\/2705.svg\" data-ll-status=\"loaded\" \/><\/b>Vues INSTAGRAM<\/h5>\n<h5><b><img decoding=\"async\" class=\"emoji entered lazyloaded\" role=\"img\" draggable=\"false\" src=\"https:\/\/s.w.org\/images\/core\/emoji\/13.1.0\/svg\/2705.svg\" alt=\" \u2705\" data-lazy-src=\"https:\/\/s.w.org\/images\/core\/emoji\/13.1.0\/svg\/2705.svg\" data-ll-status=\"loaded\" \/><\/b>Garantie 30 jours<\/h5>\n<h5><b><img decoding=\"async\" class=\"emoji entered lazyloaded\" role=\"img\" draggable=\"false\" src=\"https:\/\/s.w.org\/images\/core\/emoji\/13.1.0\/svg\/2705.svg\" alt=\" \u2705\" data-lazy-src=\"https:\/\/s.w.org\/images\/core\/emoji\/13.1.0\/svg\/2705.svg\" data-ll-status=\"loaded\" \/><\/b>Assistance 24h\/7<\/h5>\n<h5><b><img decoding=\"async\" class=\"emoji entered lazyloaded\" role=\"img\" draggable=\"false\" src=\"https:\/\/s.w.org\/images\/core\/emoji\/13.1.0\/svg\/2705.svg\" alt=\" \u2705\" data-lazy-src=\"https:\/\/s.w.org\/images\/core\/emoji\/13.1.0\/svg\/2705.svg\" data-ll-status=\"loaded\" \/><\/b>Livraison RAPIDE ET NATURELLE<\/h5>\n<h6 class=\"LC20lb DKV0Md\"><img decoding=\"async\" class=\"emoji entered lazyloaded\" role=\"img\" draggable=\"false\" src=\"https:\/\/s.w.org\/images\/core\/emoji\/13.1.0\/svg\/1f44c.svg\" alt=\" \ud83d\udc4c\" data-lazy-src=\"https:\/\/s.w.org\/images\/core\/emoji\/13.1.0\/svg\/1f44c.svg\" data-ll-status=\"loaded\" \/>PAIEMENT UNIQUE, AVEC GARANTIE INCLUSE<\/h6>\n<\/div>\n<\/div>\n","protected":false},"featured_media":2167,"comment_status":"open","ping_status":"closed","template":"","meta":{"_gspb_post_css":""},"store":[145],"product_brand":[],"product_cat":[15],"product_tag":[197],"class_list":{"0":"post-2165","1":"product","2":"type-product","3":"status-publish","4":"has-post-thumbnail","6":"store-instagram","7":"product_cat-instagram","8":"product_tag-acheter-des-vues-instagram","9":"wcpa_has_options","11":"first","12":"instock","13":"sale","14":"taxable","15":"shipping-taxable","16":"purchasable","17":"product-type-variable"},"_links":{"self":[{"href":"https:\/\/www.top1social.com\/fr\/wp-json\/wp\/v2\/product\/2165","targetHints":{"allow":["GET"]}}],"collection":[{"href":"https:\/\/www.top1social.com\/fr\/wp-json\/wp\/v2\/product"}],"about":[{"href":"https:\/\/www.top1social.com\/fr\/wp-json\/wp\/v2\/types\/product"}],"replies":[{"embeddable":true,"href":"https:\/\/www.top1social.com\/fr\/wp-json\/wp\/v2\/comments?post=2165"}],"wp:featuredmedia":[{"embeddable":true,"href":"https:\/\/www.top1social.com\/fr\/wp-json\/wp\/v2\/media\/2167"}],"wp:attachment":[{"href":"https:\/\/www.top1social.com\/fr\/wp-json\/wp\/v2\/media?parent=2165"}],"wp:term":[{"taxonomy":"store","embeddable":true,"href":"https:\/\/www.top1social.com\/fr\/wp-json\/wp\/v2\/store?post=2165"},{"taxonomy":"product_brand","embeddable":true,"href":"https:\/\/www.top1social.com\/fr\/wp-json\/wp\/v2\/product_brand?post=2165"},{"taxonomy":"product_cat","embeddable":true,"href":"https:\/\/www.top1social.com\/fr\/wp-json\/wp\/v2\/product_cat?post=2165"},{"taxonomy":"product_tag","embeddable":true,"href":"https:\/\/www.top1social.com\/fr\/wp-json\/wp\/v2\/product_tag?post=2165"}],"curies":[{"name":"wp","href":"https:\/\/api.w.org\/{rel}","templated":true}]}}