{"id":2182,"date":"2022-12-04T13:18:06","date_gmt":"2022-12-04T12:18:06","guid":{"rendered":"https:\/\/www.top1social.com\/fr\/?post_type=product&#038;p=2182"},"modified":"2026-04-05T15:15:04","modified_gmt":"2026-04-05T14:15:04","slug":"acheter-des-commentaires-instagram-personnalises","status":"publish","type":"product","link":"https:\/\/www.top1social.com\/fr\/produit\/acheter-des-commentaires-instagram-personnalises\/","title":{"rendered":"Acheter des Commentaires Instagram Personnalis\u00e9s"},"content":{"rendered":"<h2 style=\"text-align: center;\"><span class=\"goog-text-highlight\">Pourquoi devrais-je acheter des commentaires Instagram ? <\/span><\/h2>\n<p><strong>L&rsquo;achat de commentaires personnalis\u00e9s sur Instagram <\/strong> est utile pour rendre vos publications <strong> populaires <\/strong> . <span class=\"\"> Les gens ont tendance \u00e0 <strong> interagir davantage avec les publications remplies de commentaires qu&rsquo;avec <\/strong> les photos sans commentaires. <\/span><span class=\"goog-text-highlight\"> Ainsi, lorsque vous aurez des commentaires sur vos publications, vous attirerez beaucoup plus de monde. <\/span><\/p>\n<p>Il est tr\u00e8s utile <strong> d&rsquo;acheter des commentaires personnalis\u00e9s pour Instagram <\/strong> et <strong> d&rsquo;augmenter la popularit\u00e9 d&rsquo;un compte sur ce r\u00e9seau social <\/strong> .<\/p>\n<div class=\"wpsm_update mobfont90\"><span class=\"label-info\">PROMO <\/span><strong> Now Offer obtenez notre service pour <a href=\"https:\/\/www.top1social.com\/fr\/produit\/acheter-followers-instagram\/\"> acheter des followers Instagram <\/a><\/strong><\/div>\n<p>Pour cr\u00e9er un bon article en <u> premier lieu, les hashtags et les descriptions d&rsquo;images vont tr\u00e8s loin. <\/u> <strong> R\u00e9digez un joli message, puis ajoutez autant de commentaires personnalis\u00e9s que vous le souhaitez. <\/strong><\/p>\n<p>Nous vous recommandons \u00e9galement d&rsquo;acheter le service d&rsquo; <strong><a href=\"https:\/\/www.top1social.com\/fr\/produit\/acheter-des-likes-instagram\/\"> achat de Likes sur Instagram <\/a><\/strong> pour obtenir un naturel et une vision plus organique de votre publication.<\/p>\n<h2 style=\"text-align: center;\"><span class=\"\">Avantages de l&rsquo;achat de commentaires Instagram personnalis\u00e9s <\/span><\/h2>\n<p><span class=\"\">Avoir de plus en plus <strong> de commentaires personnalis\u00e9s sur Instagram <\/strong> est b\u00e9n\u00e9fique pour votre compte, surtout lorsque vous d\u00e9veloppez votre marque ou votre entreprise. <\/span><strong> Augmenter le nombre de commentaires sur les publications Instagram <\/strong> augmente finalement la visibilit\u00e9 et la visibilit\u00e9 de vos produits\/services.<\/p>\n<p><span class=\"\">Avoir un grand <strong> nombre de followers <\/strong> ne suffit pas sur les r\u00e9seaux sociaux. <\/span> Pour augmenter votre visibilit\u00e9, votre taux d&rsquo;engagement et votre taux d&rsquo;interaction, vous avez besoin <strong> des commentaires Instagram <\/strong> . Avec les commentaires, votre compte aura l&rsquo;air plus professionnel, attrayant et r\u00e9aliste.<\/p>\n<ul>\n<li>Livraison de <b> commentaires personnalis\u00e9s pour Instagram <\/b> 24 heures sur 7<\/li>\n<li><strong>Commentaires d&rsquo;utilisateurs r\u00e9els <\/strong><\/li>\n<li><strong>Garantie et assistance de 30 jours <\/strong><\/li>\n<li>Commentaires internationaux<\/li>\n<li><strong>Commentaires sans chutes <\/strong><\/li>\n<li><strong>Le meilleur service garanti <\/strong><\/li>\n<\/ul>\n<p>Cela signifie que plus d&rsquo;utilisateurs vous suivront et aimeront vos publications, ce qui <strong> augmentera les commentaires et le classement g\u00e9n\u00e9ral de la page <\/strong> . De plus, les utilisateurs qui commentent vos publications les partageront \u00e9galement, ce qui vous apportera plus de prospects.<\/p>\n<p>Nous vous proposons diff\u00e9rents forfaits pour <strong> acheter des commentaires Instagram personnalis\u00e9s <\/strong> allant d&rsquo;un tarif tr\u00e8s bas \u00e0 un tarif plus \u00e9lev\u00e9 avec un plus grand nombre de commentaires, vous pouvez donc acheter n&rsquo;importe lequel d&rsquo;entre eux en fonction de votre budget et de vos besoins.<\/p>\n<h2 style=\"text-align: center;\">Mon achat de commentaires Instagram va-t-il diminuer ?<\/h2>\n<p>Non! Le nombre d&rsquo;avis que vous avez achet\u00e9s ne diminuera pas avec le temps. <strong> Nos <span class=\"\"> commentaires sont permanents. <\/span><\/strong><\/p>\n","protected":false},"excerpt":{"rendered":"<div class=\"woocommerce-product-details__short-description\">\n<p>Obtenez <strong> des commentaires personnalis\u00e9s pour INSTAGRAM <\/strong>\u00a0<img decoding=\"async\" class=\"emoji entered lazyloaded alignnone\" role=\"img\" draggable=\"false\" src=\"https:\/\/s.w.org\/images\/core\/emoji\/13.1.0\/svg\/1f465.svg\" alt=\" commentaires Instagram personnalis\u00e9s \ud83d\udc65 Acheter des commentaires Instagram personnalis\u00e9s\" width=\"150\" height=\"150\" data-lazy-src=\"https:\/\/s.w.org\/images\/core\/emoji\/13.1.0\/svg\/1f465.svg\" data-ll-status=\"loaded\" \/><\/p>\n<p><strong><b>Ne manquez pas nos offres ! <\/b><img decoding=\"async\" class=\"emoji entered lazyloaded alignnone\" role=\"img\" draggable=\"false\" src=\"https:\/\/s.w.org\/images\/core\/emoji\/13.1.0\/svg\/1f4c8.svg\" alt=\" \ud83d\udcc8 Acheter des commentaires Instagram personnalis\u00e9s\" width=\"150\" height=\"150\" data-lazy-src=\"https:\/\/s.w.org\/images\/core\/emoji\/13.1.0\/svg\/1f4c8.svg\" data-ll-status=\"loaded\" \/><\/strong><\/p>\n<div class=\"pr_excerpt f_300 f_size_15\">\n<h5><b><img decoding=\"async\" class=\"emoji entered lazyloaded alignnone\" role=\"img\" draggable=\"false\" src=\"https:\/\/s.w.org\/images\/core\/emoji\/13.1.0\/svg\/2705.svg\" alt=\" \u2705 Acheter des commentaires Instagram personnalis\u00e9s\" width=\"150\" height=\"150\" data-lazy-src=\"https:\/\/s.w.org\/images\/core\/emoji\/13.1.0\/svg\/2705.svg\" data-ll-status=\"loaded\" \/><\/b>COMMENTAIRES INSTAGRAM<\/h5>\n<h5><b><img decoding=\"async\" class=\"emoji entered lazyloaded\" role=\"img\" draggable=\"false\" src=\"https:\/\/s.w.org\/images\/core\/emoji\/13.1.0\/svg\/2705.svg\" alt=\" \u2705\" data-lazy-src=\"https:\/\/s.w.org\/images\/core\/emoji\/13.1.0\/svg\/2705.svg\" data-ll-status=\"loaded\" \/><\/b>Garantie 30 jours<\/h5>\n<h5><b><img decoding=\"async\" class=\"emoji entered lazyloaded\" role=\"img\" draggable=\"false\" src=\"https:\/\/s.w.org\/images\/core\/emoji\/13.1.0\/svg\/2705.svg\" alt=\" \u2705\" data-lazy-src=\"https:\/\/s.w.org\/images\/core\/emoji\/13.1.0\/svg\/2705.svg\" data-ll-status=\"loaded\" \/><\/b>Assistance 24h\/7<\/h5>\n<h5><b><img decoding=\"async\" class=\"emoji entered lazyloaded\" role=\"img\" draggable=\"false\" src=\"https:\/\/s.w.org\/images\/core\/emoji\/13.1.0\/svg\/2705.svg\" alt=\" \u2705\" data-lazy-src=\"https:\/\/s.w.org\/images\/core\/emoji\/13.1.0\/svg\/2705.svg\" data-ll-status=\"loaded\" \/><\/b>Livraison RAPIDE ET NATURELLE<\/h5>\n<h6 class=\"LC20lb DKV0Md\"><img loading=\"lazy\" decoding=\"async\" class=\"emoji entered lazyloaded alignnone\" role=\"img\" draggable=\"false\" src=\"https:\/\/s.w.org\/images\/core\/emoji\/13.1.0\/svg\/1f44c.svg\" alt=\" \ud83d\udc4c Acheter des commentaires Instagram personnalis\u00e9s\" width=\"150\" height=\"150\" data-lazy-src=\"https:\/\/s.w.org\/images\/core\/emoji\/13.1.0\/svg\/1f44c.svg\" data-ll-status=\"loaded\" \/>PAIEMENT UNIQUE, AVEC GARANTIE INCLUSE<\/h6>\n<\/div>\n<\/div>\n","protected":false},"featured_media":2184,"comment_status":"open","ping_status":"closed","template":"","meta":{"_gspb_post_css":""},"store":[145],"product_brand":[],"product_cat":[15],"product_tag":[205],"class_list":{"0":"post-2182","1":"product","2":"type-product","3":"status-publish","4":"has-post-thumbnail","6":"store-instagram","7":"product_cat-instagram","8":"product_tag-acheter-des-commentaires-instagram-personnalises","9":"wcpa_has_options","11":"first","12":"instock","13":"sale","14":"taxable","15":"shipping-taxable","16":"purchasable","17":"product-type-variable"},"_links":{"self":[{"href":"https:\/\/www.top1social.com\/fr\/wp-json\/wp\/v2\/product\/2182","targetHints":{"allow":["GET"]}}],"collection":[{"href":"https:\/\/www.top1social.com\/fr\/wp-json\/wp\/v2\/product"}],"about":[{"href":"https:\/\/www.top1social.com\/fr\/wp-json\/wp\/v2\/types\/product"}],"replies":[{"embeddable":true,"href":"https:\/\/www.top1social.com\/fr\/wp-json\/wp\/v2\/comments?post=2182"}],"wp:featuredmedia":[{"embeddable":true,"href":"https:\/\/www.top1social.com\/fr\/wp-json\/wp\/v2\/media\/2184"}],"wp:attachment":[{"href":"https:\/\/www.top1social.com\/fr\/wp-json\/wp\/v2\/media?parent=2182"}],"wp:term":[{"taxonomy":"store","embeddable":true,"href":"https:\/\/www.top1social.com\/fr\/wp-json\/wp\/v2\/store?post=2182"},{"taxonomy":"product_brand","embeddable":true,"href":"https:\/\/www.top1social.com\/fr\/wp-json\/wp\/v2\/product_brand?post=2182"},{"taxonomy":"product_cat","embeddable":true,"href":"https:\/\/www.top1social.com\/fr\/wp-json\/wp\/v2\/product_cat?post=2182"},{"taxonomy":"product_tag","embeddable":true,"href":"https:\/\/www.top1social.com\/fr\/wp-json\/wp\/v2\/product_tag?post=2182"}],"curies":[{"name":"wp","href":"https:\/\/api.w.org\/{rel}","templated":true}]}}