{"id":2193,"date":"2023-02-12T06:27:20","date_gmt":"2023-02-12T05:27:20","guid":{"rendered":"https:\/\/www.top1social.com\/fr\/?post_type=product&#038;p=2193"},"modified":"2023-02-12T12:29:37","modified_gmt":"2023-02-12T11:29:37","slug":"pack-promotionnel-instagram","status":"publish","type":"product","link":"https:\/\/www.top1social.com\/fr\/produit\/pack-promotionnel-instagram\/","title":{"rendered":"Pack Promotionnel &#8211; Instagram"},"content":{"rendered":"<h2 style=\"text-align: center;\">Qu&rsquo;est-ce que le Pack Promotionnel pour Instagram?<\/h2>\n<p>Un service que vous nous demandez depuis plusieurs mois et ce sont des <strong> packs avec les meilleurs prix sur les services pour Instagram <\/strong> . Avec ces forfaits ou <strong> Pack promotionnel pour Instagram <\/strong> , vous pouvez acheter plusieurs services en les combinant en un seul achat. <strong> Followers et likes pour rendre votre compte plus organique et naturel <\/strong> .<\/p>\n<p><strong><em>Grandissez mois apr\u00e8s mois avec nous! <\/em><\/strong><\/p>\n<h2 style=\"text-align: center;\">Acheter le pack promotionnel Instagram<\/h2>\n<p>Obtenez <b> les meilleurs packs pour INSTAGRAM sur Top1Social <\/b> et grandissez organiquement avec nous. Concentrez-vous sur le contenu pendant que nous nous occupons du reste.<\/p>\n<p><strong>Ci-dessous nous d\u00e9taillons toutes nos offres! <\/strong><\/p>\n<div class=\"pr_excerpt f_300 f_size_15\">\n<h5><b><img decoding=\"async\" class=\"emoji entered lazyloaded alignnone\" role=\"img\" draggable=\"false\" src=\"https:\/\/s.w.org\/images\/core\/emoji\/13.1.0\/svg\/2705.svg\" alt=\"\u2705 Pack Promotionnel - Instagram\" width=\"150\" height=\"150\" data-lazy-src=\"https:\/\/s.w.org\/images\/core\/emoji\/13.1.0\/svg\/2705.svg\" data-ll-status=\"loaded\" data-lazy- title=\"\"><\/b>Pack Instagram de base:<\/h5>\n<p><em><strong>Forfait promotionnel de base <\/strong> &#8211; 500 abonn\u00e9s et 500 likes sur vos 10 publications les plus r\u00e9centes (50 likes par photo\/vid\u00e9o). <\/em><\/p>\n<h5><b><img decoding=\"async\" class=\"emoji entered lazyloaded alignnone\" role=\"img\" draggable=\"false\" src=\"https:\/\/s.w.org\/images\/core\/emoji\/13.1.0\/svg\/2705.svg\" alt=\" \u2705 Pack Promotionnel - Instagram\" width=\"150\" height=\"150\" data-lazy-src=\"https:\/\/s.w.org\/images\/core\/emoji\/13.1.0\/svg\/2705.svg\" data-ll-status=\"loaded\" data-lazy- title=\"\"><\/b>Pack Influenceur Instagram:<\/h5>\n<p><em><strong>Forfait de promotion Influenceur <\/strong> &#8211; 1000 abonn\u00e9s et 1000 likes sur vos 10 publications les plus r\u00e9centes (100 likes par photo\/vid\u00e9o). <\/em><\/p>\n<h5><b><img decoding=\"async\" class=\"emoji entered lazyloaded alignnone\" role=\"img\" draggable=\"false\" src=\"https:\/\/s.w.org\/images\/core\/emoji\/13.1.0\/svg\/2705.svg\" alt=\" \u2705 Pack Promotionnel - Instagram\" width=\"150\" height=\"150\" data-lazy-src=\"https:\/\/s.w.org\/images\/core\/emoji\/13.1.0\/svg\/2705.svg\" data-ll-status=\"loaded\" data-lazy- title=\"\"><\/b>Pack Premium Instagram:<\/h5>\n<p><em><strong>Forfait promotionnel premium <\/strong> &#8211; 2500 abonn\u00e9s et 2500 likes sur vos 10 publications les plus r\u00e9centes (250 likes par photo \/ vid\u00e9o). <\/em><\/p>\n<h3 style=\"text-align: center;\"><a class=\"product-feature\"><strong class=\"h3\">POURQUOI DEVRAIS-JE ACHETER LE PACK PROMO INSTAGRAM\u00a0? <\/strong><\/a><\/h3>\n<\/div>\n<p>Gr\u00e2ce aux packages, nous r\u00e9unissons <strong><a href=\"https:\/\/www.top1social.com\/fr\/produit\/acheter-followers-instagram\/\"> Buy Followers for Instagram <\/a><\/strong> et <strong><a href=\"https:\/\/www.top1social.com\/fr\/produit\/acheter-des-likes-instagram\/\"> Buy Likes for Instagram <\/a><\/strong> en une seule commande \u00e0 un prix imbattable. <strong> Obtenez d\u00e8s maintenant nos packages d&rsquo;abonn\u00e9s au meilleur prix <\/strong> et ajoutez \u00e9galement des likes de la mani\u00e8re la plus confortable possible.<\/p>\n","protected":false},"excerpt":{"rendered":"<div class=\"woocommerce-product-details__short-description\">\n<p>Obtenez <strong> les meilleurs packs pour INSTAGRAM <\/strong>\u00a0<img decoding=\"async\" class=\"emoji entered lazyloaded alignnone\" role=\"img\" draggable=\"false\" src=\"https:\/\/s.w.org\/images\/core\/emoji\/13.1.0\/svg\/1f465.svg\" alt=\" \ud83d\udc65 Pack promotionnel - Instagram\" width=\"150\" height=\"150\" data-lazy-src=\"https:\/\/s.w.org\/images\/core\/emoji\/13.1.0\/svg\/1f465.svg\" data-ll-status=\"loaded\" \/><\/p>\n<p><strong>Voir nos offres ci-dessous! <img loading=\"lazy\" decoding=\"async\" class=\"emoji entered lazyloaded alignnone\" role=\"img\" draggable=\"false\" src=\"https:\/\/s.w.org\/images\/core\/emoji\/13.1.0\/svg\/1f4c8.svg\" alt=\" \ud83d\udcc8 Pack promotionnel - Instagram\" width=\"150\" height=\"150\" data-lazy-src=\"https:\/\/s.w.org\/images\/core\/emoji\/13.1.0\/svg\/1f4c8.svg\" data-ll-status=\"loaded\" \/><\/strong><\/p>\n<p><strong>Maintenant le meilleur prix du march\u00e9\u00a0<b><img decoding=\"async\" class=\"emoji entered lazyloaded\" role=\"img\" draggable=\"false\" src=\"https:\/\/s.w.org\/images\/core\/emoji\/14.0.0\/svg\/1f525.svg\" alt=\"\ud83d\udd25\" data-lazy-src=\"https:\/\/s.w.org\/images\/core\/emoji\/14.0.0\/svg\/1f525.svg\" data-ll-status=\"loaded\" \/><\/b><\/strong><\/p>\n<div class=\"pr_excerpt f_300 f_size_15\">\n<h5><b><img decoding=\"async\" class=\"emoji entered lazyloaded\" role=\"img\" draggable=\"false\" src=\"https:\/\/s.w.org\/images\/core\/emoji\/13.1.0\/svg\/2705.svg\" alt=\" \u2705\" data-lazy-src=\"https:\/\/s.w.org\/images\/core\/emoji\/13.1.0\/svg\/2705.svg\" data-ll-status=\"loaded\" \/><\/b>Pack Instagram de base\u00a0:<\/h5>\n<p><em>Forfait promotionnel de base &#8211; 500 abonn\u00e9s et 500 likes sur vos 10 publications les plus r\u00e9centes (50 likes par photo\/vid\u00e9o). <\/em><\/p>\n<h5><b><img decoding=\"async\" class=\"emoji entered lazyloaded\" role=\"img\" draggable=\"false\" src=\"https:\/\/s.w.org\/images\/core\/emoji\/13.1.0\/svg\/2705.svg\" alt=\" \u2705\" data-lazy-src=\"https:\/\/s.w.org\/images\/core\/emoji\/13.1.0\/svg\/2705.svg\" data-ll-status=\"loaded\" \/> <\/b>Pack Influenceur Instagram :<\/h5>\n<p><em>Forfait de promotion Influenceur &#8211; 1000 abonn\u00e9s et 1000 likes sur vos 10 publications les plus r\u00e9centes (100 likes par photo\/vid\u00e9o). <\/em><\/p>\n<h5><b><img decoding=\"async\" class=\"emoji entered lazyloaded\" role=\"img\" draggable=\"false\" src=\"https:\/\/s.w.org\/images\/core\/emoji\/13.1.0\/svg\/2705.svg\" alt=\" \u2705\" data-lazy-src=\"https:\/\/s.w.org\/images\/core\/emoji\/13.1.0\/svg\/2705.svg\" data-ll-status=\"loaded\" \/> <\/b>Pack Premium Instagram :<\/h5>\n<p><em>Forfait promotionnel premium &#8211; 2500 abonn\u00e9s et 2500 likes sur vos 10 publications les plus r\u00e9centes (250 likes par photo \/ vid\u00e9o). <\/em><\/p>\n<h5><b><img decoding=\"async\" class=\"emoji entered lazyloaded\" role=\"img\" draggable=\"false\" src=\"https:\/\/s.w.org\/images\/core\/emoji\/13.1.0\/svg\/2705.svg\" alt=\" \u2705\" data-lazy-src=\"https:\/\/s.w.org\/images\/core\/emoji\/13.1.0\/svg\/2705.svg\" data-ll-status=\"loaded\" \/><\/b>Les meilleurs packs avec 30 jours de garantie<\/h5>\n<h6 class=\"LC20lb DKV0Md\"><img decoding=\"async\" class=\"emoji entered lazyloaded\" role=\"img\" draggable=\"false\" src=\"https:\/\/s.w.org\/images\/core\/emoji\/13.1.0\/svg\/1f44c.svg\" alt=\" \ud83d\udc4c\" data-lazy-src=\"https:\/\/s.w.org\/images\/core\/emoji\/13.1.0\/svg\/1f44c.svg\" data-ll-status=\"loaded\" \/>PAIEMENT UNIQUE, AVEC GARANTIE INCLUSE<\/h6>\n<\/div>\n<\/div>\n","protected":false},"featured_media":2195,"comment_status":"open","ping_status":"closed","template":"","meta":{"_gspb_post_css":""},"store":[145],"product_brand":[],"product_cat":[15],"product_tag":[209],"class_list":{"0":"post-2193","1":"product","2":"type-product","3":"status-publish","4":"has-post-thumbnail","6":"store-instagram","7":"product_cat-instagram","8":"product_tag-pack-promotionnel-instagram","9":"wcpa_has_options","11":"first","12":"instock","13":"sale","14":"taxable","15":"shipping-taxable","16":"purchasable","17":"product-type-variable"},"_links":{"self":[{"href":"https:\/\/www.top1social.com\/fr\/wp-json\/wp\/v2\/product\/2193","targetHints":{"allow":["GET"]}}],"collection":[{"href":"https:\/\/www.top1social.com\/fr\/wp-json\/wp\/v2\/product"}],"about":[{"href":"https:\/\/www.top1social.com\/fr\/wp-json\/wp\/v2\/types\/product"}],"replies":[{"embeddable":true,"href":"https:\/\/www.top1social.com\/fr\/wp-json\/wp\/v2\/comments?post=2193"}],"wp:featuredmedia":[{"embeddable":true,"href":"https:\/\/www.top1social.com\/fr\/wp-json\/wp\/v2\/media\/2195"}],"wp:attachment":[{"href":"https:\/\/www.top1social.com\/fr\/wp-json\/wp\/v2\/media?parent=2193"}],"wp:term":[{"taxonomy":"store","embeddable":true,"href":"https:\/\/www.top1social.com\/fr\/wp-json\/wp\/v2\/store?post=2193"},{"taxonomy":"product_brand","embeddable":true,"href":"https:\/\/www.top1social.com\/fr\/wp-json\/wp\/v2\/product_brand?post=2193"},{"taxonomy":"product_cat","embeddable":true,"href":"https:\/\/www.top1social.com\/fr\/wp-json\/wp\/v2\/product_cat?post=2193"},{"taxonomy":"product_tag","embeddable":true,"href":"https:\/\/www.top1social.com\/fr\/wp-json\/wp\/v2\/product_tag?post=2193"}],"curies":[{"name":"wp","href":"https:\/\/api.w.org\/{rel}","templated":true}]}}