{"id":2200,"date":"2022-12-05T18:17:22","date_gmt":"2022-12-05T17:17:22","guid":{"rendered":"https:\/\/www.top1social.com\/fr\/?post_type=product&#038;p=2200"},"modified":"2022-12-28T13:55:10","modified_gmt":"2022-12-28T12:55:10","slug":"acheter-likes-vues-instagram-automatiques","status":"publish","type":"product","link":"https:\/\/www.top1social.com\/fr\/produit\/acheter-likes-vues-instagram-automatiques\/","title":{"rendered":"Acheter des Likes \/ Vues Instagram Automatiques"},"content":{"rendered":"<h2 style=\"text-align: center;\"><a class=\"product-feature\"><strong class=\"h3\">QU&rsquo;EST-CE QUE LES LIKES ET LES VUES AUTOMATIQUES SUR INSTAGRAM ? <\/strong><\/a><\/h2>\n<p><strong>L&rsquo;achat automatique de likes et de Vues Instagram est l&rsquo;un de nos services vedettes <\/strong> que vous nous avez tant demand\u00e9s. Les <strong> Likes que vous obtenez automatiquement lorsque vous cr\u00e9ez une nouvelle publication pendant les 30 jours <\/strong> du service vous permettent d&rsquo;avoir des <strong> Likes sur toutes vos nouvelles publications <\/strong> sans avoir \u00e0 acheter des packages un par un et vous n&rsquo;avez donc qu&rsquo;\u00e0 vous soucier de <strong> la mise \u00e0 jour de votre contenu et de sa croissance sur Instagram <\/strong> .<\/p>\n<div class=\"wpsm_promobox\">\n<div class=\"title_promobox\">PROMOTION<\/div>\n<p><strong>Maintenant avec votre Commande Cadeau les m\u00eames Vues ou REPRODUCTIONS <\/strong><\/p>\n<\/div>\n<h3 style=\"text-align: center;\"><a class=\"product-feature\"><strong class=\"h3\">POURQUOI DEVRIEZ-VOUS ACHETER DES LIKES ET DES VUES INSTAGRAM AUTOMATIQUES\u00a0? <\/strong><\/a><\/h3>\n<p><strong>L&rsquo;achat de likes et de Vues Instagram automatiques vous fera gagner du temps et des efforts <\/strong> car vous n&rsquo;aurez pas \u00e0 acheter des likes pour chacune de vos publications une par une, automatiquement lorsque vous publierez une nouvelle entr\u00e9e, elles atteindront votre publication. Cela peut vraiment faciliter votre exp\u00e9rience Instagram. <strong> Avec nos forfaits, ne vous inqui\u00e9tez plus et concentrez-vous uniquement sur la croissance de votre compte, nous nous occupons du reste ! <\/strong><\/p>\n<div class=\"wpsm_update mobfont90\"><span class=\"label-info\">OFFRE <\/span><strong> Maintenant, avec une grande remise, vous pouvez <a href=\"https:\/\/www.top1social.com\/fr\/produit\/acheter-followers-instagram\/\"> acheter des followers Instagram <\/a> . <\/strong><\/div>\n<ul>\n<li><a class=\"product-feature\"><strong class=\"h3\">LIVRAISON RAPIDE : <\/strong><\/a> Nous commen\u00e7ons \u00e0 traiter votre commande d\u00e8s que vous avez termin\u00e9 l&rsquo;achat. Votre commande est termin\u00e9e dans le d\u00e9lai de livraison estim\u00e9 que nous affichons sur la page de service. En quelques heures, le service est op\u00e9rationnel.<\/li>\n<li><a class=\"product-feature\"><strong class=\"h3\"><span class=\"goog-text-highlight\">AUCUN MOT DE PASSE REQUIS : <\/span><\/strong><\/a> Nous ne vous demandons jamais votre mot de passe ou toute autre information priv\u00e9e. Nous vous recommandons de prot\u00e9ger votre compte et de ne jamais partager vos mots de passe avec qui que ce soit.<\/li>\n<li><a class=\"product-feature\"><strong class=\"h3\"><span class=\"\">PAIEMENT S\u00c9CURIS\u00c9 : <\/span><\/strong><\/a> Vous pouvez payer avec votre carte de cr\u00e9dit via les syst\u00e8mes de paiement les plus s\u00fbrs et les plus fiables au monde. Vous n&rsquo;avez pas besoin de vous inscrire pour effectuer votre paiement.<\/li>\n<\/ul>\n<h2 style=\"text-align: center;\">Acheter des likes et des Vues Instagram automatiques<\/h2>\n<p>Avec ces <strong> likes et vues automatiques <\/strong> , vous n&rsquo;avez pas besoin de passer des commandes sur les likes et les vues par photo ou vid\u00e9o. Vous commandez une seule fois puis <strong> le syst\u00e8me v\u00e9rifie automatiquement toutes les 15 minutes si vous avez post\u00e9 une nouvelle photo ou vid\u00e9o <\/strong> . Le nombre de Likes choisi <strong> sera automatiquement envoy\u00e9 \u00e0 votre <a href=\"https:\/\/www.top1social.com\/es\/categoria-producto\/instagram\/\"> publication Instagram <\/a><\/strong> ! Vous pouvez choisir combien de photos \u00e0 l&rsquo;avenir vous souhaitez recevoir les J&rsquo;aime et les Vues.<\/p>\n<p><img decoding=\"async\" class=\"emoji entered lazyloaded\" role=\"img\" draggable=\"false\" src=\"https:\/\/s.w.org\/images\/core\/emoji\/14.0.0\/svg\/2705.svg\" alt=\"\u2705\" data-lazy-src=\"https:\/\/s.w.org\/images\/core\/emoji\/14.0.0\/svg\/2705.svg\" data-ll-status=\"loaded\" data-lazy- title=\"\"><strong>Simple et automatique : <\/strong> vous n&rsquo;avez plus besoin de commander s\u00e9par\u00e9ment par photo<\/p>\n<p><img decoding=\"async\" class=\"emoji entered lazyloaded\" role=\"img\" draggable=\"false\" src=\"https:\/\/s.w.org\/images\/core\/emoji\/14.0.0\/svg\/2705.svg\" alt=\" \u2705\" data-lazy-src=\"https:\/\/s.w.org\/images\/core\/emoji\/14.0.0\/svg\/2705.svg\" data-ll-status=\"loaded\" data-lazy- title=\"\"><strong>Remise suppl\u00e9mentaire\u00a0: <\/strong> moins cher que de demander des likes et des vues individuels<\/p>\n<p><img decoding=\"async\" class=\"emoji entered lazyloaded\" role=\"img\" draggable=\"false\" src=\"https:\/\/s.w.org\/images\/core\/emoji\/14.0.0\/svg\/2705.svg\" alt=\"\u2705\" data-lazy-src=\"https:\/\/s.w.org\/images\/core\/emoji\/14.0.0\/svg\/2705.svg\" data-ll-status=\"loaded\" data-lazy- title=\"\">Vues <strong>gratuites : <\/strong> Avec votre demande de likes, vous n&rsquo;avez plus besoin d&rsquo; <strong><a href=\"https:\/\/www.top1social.com\/fr\/produit\/acheter-des-vues-instagram\/\"> acheter des Vues pour Instagram <\/a><\/strong> . Nous vous les offrons !<\/p>\n<p><img decoding=\"async\" class=\"emoji entered lazyloaded\" role=\"img\" draggable=\"false\" src=\"https:\/\/s.w.org\/images\/core\/emoji\/14.0.0\/svg\/2705.svg\" alt=\"\u2705\" data-lazy-src=\"https:\/\/s.w.org\/images\/core\/emoji\/14.0.0\/svg\/2705.svg\" data-ll-status=\"loaded\" data-lazy- title=\"\"><strong>Il semble que votre profil ait un r\u00e9el engagement <\/strong><\/p>\n<p><img decoding=\"async\" class=\"emoji entered lazyloaded\" role=\"img\" draggable=\"false\" src=\"https:\/\/s.w.org\/images\/core\/emoji\/14.0.0\/svg\/2705.svg\" alt=\" \u2705\" data-lazy-src=\"https:\/\/s.w.org\/images\/core\/emoji\/14.0.0\/svg\/2705.svg\" data-ll-status=\"loaded\" data-lazy- title=\"\">Sans pr\u00e9occupations!<\/p>\n<p><img decoding=\"async\" class=\"emoji entered lazyloaded\" role=\"img\" draggable=\"false\" src=\"https:\/\/s.w.org\/images\/core\/emoji\/14.0.0\/svg\/2705.svg\" alt=\"\u2705\" data-lazy-src=\"https:\/\/s.w.org\/images\/core\/emoji\/14.0.0\/svg\/2705.svg\" data-ll-status=\"loaded\" data-lazy- title=\"\"><strong><span class=\"\">Des Likes et des Vues de haute qualit\u00e9 qui durent \u00e9ternellement et augmentent votre visibilit\u00e9 sur Instagram ! <\/span><\/strong><\/p>\n<p><img decoding=\"async\" class=\"emoji entered lazyloaded\" role=\"img\" draggable=\"false\" src=\"https:\/\/s.w.org\/images\/core\/emoji\/14.0.0\/svg\/2705.svg\" alt=\" \u2705\" data-lazy-src=\"https:\/\/s.w.org\/images\/core\/emoji\/14.0.0\/svg\/2705.svg\" data-ll-status=\"loaded\" data-lazy- title=\"\">Votre commande sera trait\u00e9e rapidement<\/p>\n","protected":false},"excerpt":{"rendered":"<div class=\"woocommerce-product-details__short-description\">\n<p>Obtenez <strong> des likes et des vues automatiques pour INSTAGRAM <\/strong>\u00a0<img decoding=\"async\" class=\"emoji entered lazyloaded alignnone\" role=\"img\" draggable=\"false\" src=\"https:\/\/s.w.org\/images\/core\/emoji\/13.1.0\/svg\/1f465.svg\" alt=\" \ud83d\udc65 Acheter des likes et des visites automatiques pour Instagram\" width=\"150\" height=\"150\" data-lazy-src=\"https:\/\/s.w.org\/images\/core\/emoji\/13.1.0\/svg\/1f465.svg\" data-ll-status=\"loaded\" \/><\/p>\n<p><strong>Voir nos offres ci-dessous! <img decoding=\"async\" class=\"emoji entered lazyloaded alignnone\" role=\"img\" draggable=\"false\" src=\"https:\/\/s.w.org\/images\/core\/emoji\/13.1.0\/svg\/1f4c8.svg\" alt=\" \ud83d\udcc8 Acheter des likes et des visites automatiques pour Instagram\" width=\"150\" height=\"150\" data-lazy-src=\"https:\/\/s.w.org\/images\/core\/emoji\/13.1.0\/svg\/1f4c8.svg\" data-ll-status=\"loaded\" \/><\/strong><\/p>\n<div class=\"pr_excerpt f_300 f_size_15\">\n<h5><b><img decoding=\"async\" class=\"emoji entered lazyloaded\" role=\"img\" draggable=\"false\" src=\"https:\/\/s.w.org\/images\/core\/emoji\/13.1.0\/svg\/2705.svg\" alt=\" \u2705\" data-lazy-src=\"https:\/\/s.w.org\/images\/core\/emoji\/13.1.0\/svg\/2705.svg\" data-ll-status=\"loaded\" \/><\/b>VRAIS comptes INSTAGRAM<\/h5>\n<h5><b><img decoding=\"async\" class=\"emoji entered lazyloaded\" role=\"img\" draggable=\"false\" src=\"https:\/\/s.w.org\/images\/core\/emoji\/13.1.0\/svg\/2705.svg\" alt=\" \u2705\" data-lazy-src=\"https:\/\/s.w.org\/images\/core\/emoji\/13.1.0\/svg\/2705.svg\" data-ll-status=\"loaded\" \/><\/b>Likes et vues automatiques (garantie de 30 jours)<\/h5>\n<h5><b><img decoding=\"async\" class=\"emoji entered lazyloaded\" role=\"img\" draggable=\"false\" src=\"https:\/\/s.w.org\/images\/core\/emoji\/13.1.0\/svg\/2705.svg\" alt=\" \u2705\" data-lazy-src=\"https:\/\/s.w.org\/images\/core\/emoji\/13.1.0\/svg\/2705.svg\" data-ll-status=\"loaded\" \/><\/b>Assistance 24h\/7<\/h5>\n<h5><b><img decoding=\"async\" class=\"emoji entered lazyloaded\" role=\"img\" draggable=\"false\" src=\"https:\/\/s.w.org\/images\/core\/emoji\/13.1.0\/svg\/2705.svg\" alt=\" \u2705\" data-lazy-src=\"https:\/\/s.w.org\/images\/core\/emoji\/13.1.0\/svg\/2705.svg\" data-ll-status=\"loaded\" \/><\/b>Livraison RAPIDE ET NATURELLE<\/h5>\n<h6 class=\"LC20lb DKV0Md\"><img decoding=\"async\" class=\"emoji entered lazyloaded\" role=\"img\" draggable=\"false\" src=\"https:\/\/s.w.org\/images\/core\/emoji\/13.1.0\/svg\/1f44c.svg\" alt=\" \ud83d\udc4c\" data-lazy-src=\"https:\/\/s.w.org\/images\/core\/emoji\/13.1.0\/svg\/1f44c.svg\" data-ll-status=\"loaded\" \/>PAIEMENT UNIQUE, AVEC GARANTIE INCLUSE<\/h6>\n<\/div>\n<\/div>\n","protected":false},"featured_media":2203,"comment_status":"open","ping_status":"closed","template":"","meta":{"_gspb_post_css":""},"store":[145],"product_brand":[],"product_cat":[15],"product_tag":[210],"class_list":{"0":"post-2200","1":"product","2":"type-product","3":"status-publish","4":"has-post-thumbnail","6":"store-instagram","7":"product_cat-instagram","8":"product_tag-acheter-des-likes-vues-instagram-automatiques","9":"wcpa_has_options","11":"first","12":"instock","13":"sale","14":"taxable","15":"shipping-taxable","16":"purchasable","17":"product-type-variable"},"_links":{"self":[{"href":"https:\/\/www.top1social.com\/fr\/wp-json\/wp\/v2\/product\/2200","targetHints":{"allow":["GET"]}}],"collection":[{"href":"https:\/\/www.top1social.com\/fr\/wp-json\/wp\/v2\/product"}],"about":[{"href":"https:\/\/www.top1social.com\/fr\/wp-json\/wp\/v2\/types\/product"}],"replies":[{"embeddable":true,"href":"https:\/\/www.top1social.com\/fr\/wp-json\/wp\/v2\/comments?post=2200"}],"wp:featuredmedia":[{"embeddable":true,"href":"https:\/\/www.top1social.com\/fr\/wp-json\/wp\/v2\/media\/2203"}],"wp:attachment":[{"href":"https:\/\/www.top1social.com\/fr\/wp-json\/wp\/v2\/media?parent=2200"}],"wp:term":[{"taxonomy":"store","embeddable":true,"href":"https:\/\/www.top1social.com\/fr\/wp-json\/wp\/v2\/store?post=2200"},{"taxonomy":"product_brand","embeddable":true,"href":"https:\/\/www.top1social.com\/fr\/wp-json\/wp\/v2\/product_brand?post=2200"},{"taxonomy":"product_cat","embeddable":true,"href":"https:\/\/www.top1social.com\/fr\/wp-json\/wp\/v2\/product_cat?post=2200"},{"taxonomy":"product_tag","embeddable":true,"href":"https:\/\/www.top1social.com\/fr\/wp-json\/wp\/v2\/product_tag?post=2200"}],"curies":[{"name":"wp","href":"https:\/\/api.w.org\/{rel}","templated":true}]}}