{"id":2233,"date":"2022-12-11T13:00:44","date_gmt":"2022-12-11T12:00:44","guid":{"rendered":"https:\/\/www.top1social.com\/fr\/?post_type=product&#038;p=2233"},"modified":"2022-12-28T13:55:09","modified_gmt":"2022-12-28T12:55:09","slug":"acheter-des-vues-tiktok","status":"publish","type":"product","link":"https:\/\/www.top1social.com\/fr\/produit\/acheter-des-vues-tiktok\/","title":{"rendered":"Acheter des Vues TikTok"},"content":{"rendered":"<h2 class=\"col-md-12 col-lg-6 feature-container\" style=\"text-align: center;\"><a class=\"product-feature\"><strong class=\"h3\">POURQUOI DEVRIEZ-VOUS ACHETER DES VUES TIKTOK? <\/strong><\/a><\/h2>\n<div class=\"col-md-12 col-lg-6 feature-container\">\n<p>Vous souhaitez augmenter <strong> les vues de vos vid\u00e9os ou acheter des vues TikTok <\/strong> ? Les vues <strong> TikTok feront que votre publication sera sugg\u00e9r\u00e9e aux utilisateurs de TikTok <\/strong> . Plus de visites signifient plus de suggestions. Commencez donc \u00e0 diffuser votre contenu <strong> en achetant des vues pour vos vid\u00e9os TikTok. <\/strong><\/p>\n<p>Maintenant, vous pouvez <strong> acheter des vues TikTok <\/strong> est un <strong> moyen s\u00fbr et facile d&rsquo;augmenter l&rsquo;engagement sur vos vid\u00e9os <\/strong> et de vous classer plus haut sur la page d&rsquo;exploration. L&rsquo;algorithme de TikTok reconna\u00eet alors que votre <strong> vid\u00e9o est populaire <\/strong> et m\u00e9rite d&rsquo;attirer l&rsquo;attention d&rsquo;un public plus large.<\/p>\n<div class=\"wpsm_update mobfont90\"><span class=\"label-info\">Offre <\/span><strong> Obtenez maintenant en promotion notre service pour <a href=\"https:\/\/www.top1social.com\/fr\/produit\/acheter-followers-tiktok\/\"> acheter des abonn\u00e9s TikTok <\/a> au meilleur prix ! <\/strong><\/div>\n<\/div>\n<h2 class=\"col-md-12 col-lg-6 feature-container\" style=\"text-align: center;\"><a class=\"product-feature\"><strong class=\"h3\">QU&rsquo;EST-CE QUE LES VUES TIKTOK? <\/strong><\/a><\/h2>\n<div class=\"col-md-12 col-lg-6 feature-container\">\n<p>Consid\u00e9rant que <a href=\"https:\/\/www.top1social.com\/fr\/produit-categorie\/tiktok\/\"><strong> TikTok <\/strong><\/a> est une plate-forme de partage de vid\u00e9os courtes, avoir beaucoup de vues est l&rsquo;aspect le plus critique. Cela augmentera vos chances d&rsquo;obtenir une place dans Discover.<\/p>\n<p><span class=\"goog-text-highlight\">\u00ab <strong>\u00a0Comment obtenir des vues sur TikTok <\/strong>\u00a0\u00bb est une question que nous recevons tr\u00e8s souvent, et la meilleure fa\u00e7on d&rsquo; <\/span><strong><span class=\"goog-text-highlight\"> obtenir des vues sur TikTok <\/span><\/strong><span class=\"goog-text-highlight\"> reste la m\u00eame. <\/span><span class=\"\"> En <\/span><strong><span class=\"\"> achetant des vues <\/span><\/strong><span class=\"\"> sur TikTok, vous pouvez forcer brutalement votre chemin vers <strong> la popularit\u00e9 sur TikTok <\/strong> . <\/span><\/p>\n<p>\u00ab <strong> Combien de likes ou Likes sur TikTok pour \u00eatre pay\u00e9 <\/strong> \u00bb est aussi une autre question que nous recevons fr\u00e9quemment.<\/p>\n<p>Pour \u00eatre pay\u00e9 sur TikTok, vous avez besoin <strong> de plus de 10 000 vues au cours du dernier mois <\/strong> , et pour cette raison, vous devez <strong> acheter des vues sur TikTok et \u00e9galement acheter TikTok Likes. <\/strong><\/p>\n<\/div>\n<h2 style=\"text-align: center;\"><b>Pourquoi acheter des vues TikTok ? <\/b><\/h2>\n<p><strong>Achetez des vues TikTok <\/strong> si vous souhaitez\u00a0:<\/p>\n<p><img decoding=\"async\" class=\"emoji entered lazyloaded\" role=\"img\" draggable=\"false\" src=\"https:\/\/s.w.org\/images\/core\/emoji\/14.0.0\/svg\/2705.svg\" alt=\"\u2705\" data-lazy-src=\"https:\/\/s.w.org\/images\/core\/emoji\/14.0.0\/svg\/2705.svg\" data-ll-status=\"loaded\" data-lazy- title=\"\"> <strong>Votre profil devient plus populaire <\/strong><\/p>\n<p><img decoding=\"async\" class=\"emoji entered lazyloaded\" role=\"img\" draggable=\"false\" src=\"https:\/\/s.w.org\/images\/core\/emoji\/14.0.0\/svg\/2705.svg\" alt=\"\u2705\" data-lazy-src=\"https:\/\/s.w.org\/images\/core\/emoji\/14.0.0\/svg\/2705.svg\" data-ll-status=\"loaded\" data-lazy- title=\"\"><span class=\"\">Vous voulez que votre vid\u00e9o soit vue plus souvent <\/span><\/p>\n<p><img decoding=\"async\" class=\"emoji entered lazyloaded\" role=\"img\" draggable=\"false\" src=\"https:\/\/s.w.org\/images\/core\/emoji\/14.0.0\/svg\/2705.svg\" alt=\" \u2705\" data-lazy-src=\"https:\/\/s.w.org\/images\/core\/emoji\/14.0.0\/svg\/2705.svg\" data-ll-status=\"loaded\" data-lazy- title=\"\"><strong>tu veux devenir viral <\/strong><\/p>\n<p><img decoding=\"async\" class=\"emoji entered lazyloaded\" role=\"img\" draggable=\"false\" src=\"https:\/\/s.w.org\/images\/core\/emoji\/14.0.0\/svg\/2705.svg\" alt=\" \u2705\" data-lazy-src=\"https:\/\/s.w.org\/images\/core\/emoji\/14.0.0\/svg\/2705.svg\" data-ll-status=\"loaded\" data-lazy- title=\"\"><strong>Gagner de l&rsquo;argent avec TikTok <\/strong><\/p>\n<p><img decoding=\"async\" class=\"emoji entered lazyloaded\" role=\"img\" draggable=\"false\" src=\"https:\/\/s.w.org\/images\/core\/emoji\/14.0.0\/svg\/2705.svg\" alt=\"\u2705\" data-lazy-src=\"https:\/\/s.w.org\/images\/core\/emoji\/14.0.0\/svg\/2705.svg\" data-ll-status=\"loaded\" data-lazy- title=\"\"><span class=\"\">Vous recherchez un moyen simple et rapide de d\u00e9velopper votre TikTok <\/span><\/p>\n<p><img decoding=\"async\" class=\"emoji entered lazyloaded\" role=\"img\" draggable=\"false\" src=\"https:\/\/s.w.org\/images\/core\/emoji\/14.0.0\/svg\/2b50.svg\" alt=\"\u2b50\" data-lazy-src=\"https:\/\/s.w.org\/images\/core\/emoji\/14.0.0\/svg\/2b50.svg\" data-ll-status=\"loaded\" data-lazy- title=\"\"><img decoding=\"async\" class=\"emoji entered lazyloaded\" role=\"img\" draggable=\"false\" src=\"https:\/\/s.w.org\/images\/core\/emoji\/14.0.0\/svg\/2b50.svg\" alt=\" \u2b50\" data-lazy-src=\"https:\/\/s.w.org\/images\/core\/emoji\/14.0.0\/svg\/2b50.svg\" data-ll-status=\"loaded\" data-lazy- title=\"\"><img decoding=\"async\" class=\"emoji entered lazyloaded\" role=\"img\" draggable=\"false\" src=\"https:\/\/s.w.org\/images\/core\/emoji\/14.0.0\/svg\/2b50.svg\" alt=\" \u2b50\" data-lazy-src=\"https:\/\/s.w.org\/images\/core\/emoji\/14.0.0\/svg\/2b50.svg\" data-ll-status=\"loaded\" data-lazy- title=\"\"><img decoding=\"async\" class=\"emoji entered lazyloaded\" role=\"img\" draggable=\"false\" src=\"https:\/\/s.w.org\/images\/core\/emoji\/14.0.0\/svg\/2b50.svg\" alt=\" \u2b50\" data-lazy-src=\"https:\/\/s.w.org\/images\/core\/emoji\/14.0.0\/svg\/2b50.svg\" data-ll-status=\"loaded\" data-lazy- title=\"\"><img decoding=\"async\" class=\"emoji entered lazyloaded\" role=\"img\" draggable=\"false\" src=\"https:\/\/s.w.org\/images\/core\/emoji\/14.0.0\/svg\/2b50.svg\" alt=\" \u2b50\" data-lazy-src=\"https:\/\/s.w.org\/images\/core\/emoji\/14.0.0\/svg\/2b50.svg\" data-ll-status=\"loaded\" data-lazy- title=\"\">Nous offrons un service avec la <b> meilleure qualit\u00e9 du march\u00e9. <\/b> Nous obtenons <strong> de vraies vues <\/strong><strong> TikTok <\/strong><strong> au meilleur prix! <\/strong><\/p>\n<p><img decoding=\"async\" class=\"emoji entered lazyloaded\" role=\"img\" draggable=\"false\" src=\"https:\/\/s.w.org\/images\/core\/emoji\/14.0.0\/svg\/1f3c6.svg\" alt=\" \ud83c\udfc6\" data-lazy-src=\"https:\/\/s.w.org\/images\/core\/emoji\/14.0.0\/svg\/1f3c6.svg\" data-ll-status=\"loaded\" data-lazy- title=\"\">Tous nos produits ont <b> une garantie de 30 jours<\/b>!<\/p>\n<h2 style=\"text-align: center;\">Peut-on acheter des vues sur TikTok?<\/h2>\n<p><strong>Oui, bien s\u00fbr! <\/strong> Comme pour les autres plateformes de m\u00e9dias sociaux, il est possible <strong> d&rsquo;am\u00e9liorer votre profil TikTok en achetant des vues, des likes ou des followers <\/strong> . <span class=\"\"> Acheter des vues est un moyen s\u00fbr, facile et bon march\u00e9 de devenir c\u00e9l\u00e8bre sur TikTok. <\/span><strong> En raison du nombre \u00e9lev\u00e9 de vues, votre vid\u00e9o semble imm\u00e9diatement populaire et les autres utilisateurs sont plus susceptibles de la voir. <\/strong> De plus, TikTok reconna\u00eet votre vid\u00e9o comme populaire et elle se classera plus rapidement sur la page.<\/p>\n<h2 style=\"text-align: center;\">Comment acheter des vues TikTok?<\/h2>\n<p><strong>sur Top1Social Acheter des vues TikTok sur Top1social est s\u00fbr, tr\u00e8s simple et super rapide. <\/strong> Pour obtenir plus de vues sur votre vid\u00e9o TikTok, vous devez proc\u00e9der comme suit\u00a0:<\/p>\n<ul>\n<li><strong>Choisissez le nombre de vues que vous souhaitez acheter, <\/strong> la plupart des tiktokers \u00ab\u00a0normaux\u00a0\u00bb nous ach\u00e8tent entre 5 000 et 10 000 vues par vid\u00e9o. Grands influenceurs l&rsquo;achat le plus r\u00e9current est \u00e0 partir de 100 000 visites ou reproductions. Choisissez le service dont vous avez besoin !<\/li>\n<li><strong>Entrez le lien vers votre vid\u00e9o TikTok. <\/strong> Vous pouvez le trouver en ouvrant la vid\u00e9o et en appuyant sur le bouton de partage, l&rsquo;une des premi\u00e8res options que vous voyez est <strong> de copier l&rsquo;URL ou de copier le lien <\/strong> . Collez le lien dans le champ URL de la page du produit.<\/li>\n<li>Votre commande commencera d\u00e8s que possible. La livraison des vues TikTok est g\u00e9n\u00e9ralement tr\u00e8s rapide et vous verrez les r\u00e9sultats plus t\u00f4t.<\/li>\n<\/ul>\n<div class=\"col-md-12 col-lg-6 feature-container\">\n<p><span class=\"\">Si vous avez beaucoup de <strong> vues TikTok sur vos vid\u00e9os, <\/strong> les gens seront certainement plus curieux de voir votre contenu alors qu&rsquo;ils essaient de comprendre comment atteindre ce succ\u00e8s. <\/span> Apr\u00e8s <strong> avoir achet\u00e9 des vues vid\u00e9o TikTok <\/strong> , ce n&rsquo;est qu&rsquo;une question de temps avant qu&rsquo;ils ne soient submerg\u00e9s par leur curiosit\u00e9 et visionnent votre contenu.<\/p>\n<p>Si vous voulez \u00eatre un cr\u00e9ateur de contenu inspirant et devenir c\u00e9l\u00e8bre sur les r\u00e9seaux sociaux, c&rsquo;est finalement ce que vous voulez que les gens fassent.<\/p>\n<h2 style=\"text-align: center;\">Comment obtenir plus de vues sur TikTok?<\/h2>\n<p><strong>Le moyen le plus rapide, le plus simple et le moins cher d&rsquo;obtenir plus de vues <\/strong> est de les acheter. Souhaitez-vous \u00e9galement d\u00e9velopper votre profil de mani\u00e8re organique\u00a0? Voici quelques conseils pour obtenir plus de vues\u00a0:<\/p>\n<ul>\n<li><strong>Ne vous contentez pas de faire des vid\u00e9os de danse et de lecture <\/strong> . TikTok essaie de surmonter l&rsquo;image de la danse et de la lecture de vid\u00e9os en publiant des vid\u00e9os sur divers sujets pour que l&rsquo;algorithme de TIkTok les classe plus haut.<\/li>\n<li><strong>Assurez-vous que vos vid\u00e9os re\u00e7oivent suffisamment de commentaires <\/strong> , vous pouvez le faire en interagissant activement avec vos spectateurs, en leur posant des questions, en leur demandant leur avis sur des sujets, puis en leur r\u00e9pondant.<\/li>\n<li><strong><span class=\"\">Collaborez avec d&rsquo;autres cr\u00e9ateurs <\/span><\/strong><span class=\"\"> \u2013 Cr\u00e9ez une vid\u00e9o ensemble pour capitaliser sur le succ\u00e8s de chacun et attirer l&rsquo;attention d&rsquo;un public plus large. <\/span><\/li>\n<\/ul>\n<h2 style=\"text-align: center;\"><b><img decoding=\"async\" class=\"emoji entered lazyloaded\" role=\"img\" draggable=\"false\" src=\"https:\/\/s.w.org\/images\/core\/emoji\/14.0.0\/svg\/1f6e1.svg\" alt=\"\ud83d\udee1\ufe0f\" data-lazy-src=\"https:\/\/s.w.org\/images\/core\/emoji\/14.0.0\/svg\/1f6e1.svg\" data-ll-status=\"loaded\" data-lazy- title=\"\">Est-il s\u00fbr d&rsquo;acheter <strong> des vues <\/strong> sur TikTok? <\/b><\/h2>\n<p>Bien s\u00fbr! <strong> L&rsquo;achat de nos vues TikTok <\/strong> est totalement s\u00fbr car nous travaillons avec <strong> des vues de haute qualit\u00e9 de vrais profils <\/strong> . Les vues sont livr\u00e9es de mani\u00e8re organique et ne pr\u00e9sentent donc aucun risque pour votre profil.<\/p>\n<\/div>\n","protected":false},"excerpt":{"rendered":"<div class=\"woocommerce-product-details__short-description\">\n<p>Obtenez <strong> des vues pour TikTok <\/strong><img decoding=\"async\" class=\"emoji entered lazyloaded alignnone\" role=\"img\" draggable=\"false\" src=\"https:\/\/s.w.org\/images\/core\/emoji\/13.1.0\/svg\/1f465.svg\" alt=\" \ud83d\udc65 Acheter des vues TikTok\" width=\"150\" height=\"150\" data-lazy-src=\"https:\/\/s.w.org\/images\/core\/emoji\/13.1.0\/svg\/1f465.svg\" data-ll-status=\"loaded\" \/><\/p>\n<p><strong><b>Ne manquez pas nos offres! <\/b><img decoding=\"async\" class=\"emoji entered lazyloaded alignnone\" role=\"img\" draggable=\"false\" src=\"https:\/\/s.w.org\/images\/core\/emoji\/13.1.0\/svg\/1f4c8.svg\" alt=\" \ud83d\udcc8 Acheter des vues TikTok\" width=\"150\" height=\"150\" data-lazy-src=\"https:\/\/s.w.org\/images\/core\/emoji\/13.1.0\/svg\/1f4c8.svg\" data-ll-status=\"loaded\" \/><\/strong><\/p>\n<div class=\"pr_excerpt f_300 f_size_15\">\n<h5><b><img decoding=\"async\" class=\"emoji entered lazyloaded\" role=\"img\" draggable=\"false\" src=\"https:\/\/s.w.org\/images\/core\/emoji\/13.1.0\/svg\/2705.svg\" alt=\" \u2705\" data-lazy-src=\"https:\/\/s.w.org\/images\/core\/emoji\/13.1.0\/svg\/2705.svg\" data-ll-status=\"loaded\" \/><\/b>Vues pour vos vid\u00e9os TikTok<\/h5>\n<h5><b><img decoding=\"async\" class=\"emoji entered lazyloaded\" role=\"img\" draggable=\"false\" src=\"https:\/\/s.w.org\/images\/core\/emoji\/13.1.0\/svg\/2705.svg\" alt=\" \u2705\" data-lazy-src=\"https:\/\/s.w.org\/images\/core\/emoji\/13.1.0\/svg\/2705.svg\" data-ll-status=\"loaded\" \/><\/b>Garantie 30 jours<\/h5>\n<h5><b><img decoding=\"async\" class=\"emoji entered lazyloaded\" role=\"img\" draggable=\"false\" src=\"https:\/\/s.w.org\/images\/core\/emoji\/13.1.0\/svg\/2705.svg\" alt=\" \u2705\" data-lazy-src=\"https:\/\/s.w.org\/images\/core\/emoji\/13.1.0\/svg\/2705.svg\" data-ll-status=\"loaded\" \/><\/b>Assistance 24h\/7<\/h5>\n<h5><b><img decoding=\"async\" class=\"emoji entered lazyloaded\" role=\"img\" draggable=\"false\" src=\"https:\/\/s.w.org\/images\/core\/emoji\/13.1.0\/svg\/2705.svg\" alt=\" \u2705\" data-lazy-src=\"https:\/\/s.w.org\/images\/core\/emoji\/13.1.0\/svg\/2705.svg\" data-ll-status=\"loaded\" \/><\/b>Livraison RAPIDE ET NATURELLE<\/h5>\n<h6 class=\"LC20lb DKV0Md\"><img decoding=\"async\" class=\"emoji entered lazyloaded\" role=\"img\" draggable=\"false\" src=\"https:\/\/s.w.org\/images\/core\/emoji\/13.1.0\/svg\/1f44c.svg\" alt=\" \ud83d\udc4c\" data-lazy-src=\"https:\/\/s.w.org\/images\/core\/emoji\/13.1.0\/svg\/1f44c.svg\" data-ll-status=\"loaded\" \/>PAIEMENT UNIQUE, AVEC GARANTIE INCLUSE<\/h6>\n<\/div>\n<\/div>\n","protected":false},"featured_media":2235,"comment_status":"open","ping_status":"closed","template":"","meta":{"_gspb_post_css":""},"store":[147],"product_brand":[],"product_cat":[171],"product_tag":[222],"class_list":{"0":"post-2233","1":"product","2":"type-product","3":"status-publish","4":"has-post-thumbnail","6":"store-tiktok","7":"product_cat-tiktok","8":"product_tag-acheter-des-vues-tiktok","9":"wcpa_has_options","11":"first","12":"instock","13":"sale","14":"taxable","15":"shipping-taxable","16":"purchasable","17":"product-type-variable"},"_links":{"self":[{"href":"https:\/\/www.top1social.com\/fr\/wp-json\/wp\/v2\/product\/2233","targetHints":{"allow":["GET"]}}],"collection":[{"href":"https:\/\/www.top1social.com\/fr\/wp-json\/wp\/v2\/product"}],"about":[{"href":"https:\/\/www.top1social.com\/fr\/wp-json\/wp\/v2\/types\/product"}],"replies":[{"embeddable":true,"href":"https:\/\/www.top1social.com\/fr\/wp-json\/wp\/v2\/comments?post=2233"}],"wp:featuredmedia":[{"embeddable":true,"href":"https:\/\/www.top1social.com\/fr\/wp-json\/wp\/v2\/media\/2235"}],"wp:attachment":[{"href":"https:\/\/www.top1social.com\/fr\/wp-json\/wp\/v2\/media?parent=2233"}],"wp:term":[{"taxonomy":"store","embeddable":true,"href":"https:\/\/www.top1social.com\/fr\/wp-json\/wp\/v2\/store?post=2233"},{"taxonomy":"product_brand","embeddable":true,"href":"https:\/\/www.top1social.com\/fr\/wp-json\/wp\/v2\/product_brand?post=2233"},{"taxonomy":"product_cat","embeddable":true,"href":"https:\/\/www.top1social.com\/fr\/wp-json\/wp\/v2\/product_cat?post=2233"},{"taxonomy":"product_tag","embeddable":true,"href":"https:\/\/www.top1social.com\/fr\/wp-json\/wp\/v2\/product_tag?post=2233"}],"curies":[{"name":"wp","href":"https:\/\/api.w.org\/{rel}","templated":true}]}}