{"id":2248,"date":"2022-12-11T19:03:03","date_gmt":"2022-12-11T18:03:03","guid":{"rendered":"https:\/\/www.top1social.com\/fr\/?post_type=product&#038;p=2248"},"modified":"2024-07-09T00:24:56","modified_gmt":"2024-07-08T23:24:56","slug":"acheter-des-likes-tiktok","status":"publish","type":"product","link":"https:\/\/www.top1social.com\/fr\/produit\/acheter-des-likes-tiktok\/","title":{"rendered":"Acheter Des Likes TikTok"},"content":{"rendered":"<h2 style=\"text-align: center;\"><span>Pourquoi acheter des Likes pour TikTok? <\/span><\/h2>\n<p><strong><span>Acheter des Likes pour TikTok vous fera grandir dans l&rsquo;application populaire. <\/span><\/strong><span> TikTok grossit et sa croissance a \u00e9t\u00e9 spectaculaire r\u00e9cemment. Certaines personnes voient la <\/span><strong><span> plateforme T ikTok comme une tr\u00e8s bonne opportunit\u00e9 de devenir virale <\/span><\/strong><span> . <\/span><\/p>\n<p><span>S&rsquo;il est vrai que vous pouvez <\/span><strong><span> devenir viral sur TikTok plus facilement que sur des plateformes comme Instagram <\/span><\/strong><span> , sachez aussi que vous n&rsquo;\u00eates pas le seul \u00e0 le penser. <\/span><\/p>\n<p><span>Vous pourriez \u00eatre surpris de voir que les gens <\/span><strong><span> ach\u00e8tent en fait des likes, des followers et des vues TikTok <\/span><\/strong><span> . Si vous \u00eates curieux de savoir comment <\/span><strong><span> obtenir des Likes sur TikTok <\/span><\/strong><span> , alors vous \u00eates au bon endroit. <\/span><\/p>\n<div class=\"wpsm_update mobfont90\"><span class=\"label-info\"><span>Offre <\/span><\/span><strong><span> Obtenez maintenant en promotion notre service pour <\/span><a href=\"https:\/\/www.top1social.com\/fr\/produit\/acheter-followers-tiktok\/\"><span> acheter des abonn\u00e9s TikTok <\/span><\/a><span> au meilleur prix ! <\/span><\/strong><\/div>\n<p><span>Gardez \u00e0 l&rsquo;esprit que la concurrence est de plus en plus rude et que beaucoup de <\/span><strong><span> vos concurrents sur TikTok ach\u00e8tent ces services pour pouvoir passer \u00e0 d&rsquo;autres et devenir c\u00e9l\u00e8bres <\/span><\/strong><span> . Le service d&rsquo; <\/span><strong><span> achat de likes TikTok est tr\u00e8s populaire parmi nos services <\/span><\/strong><span> et s&rsquo;est av\u00e9r\u00e9 d&rsquo;excellente qualit\u00e9. <\/span><\/p>\n<p><strong><span>Les likes TikTok ne sont pas r\u00e9serv\u00e9s aux comptes personnels <\/span><\/strong><span> . Vous pouvez \u00e9galement <\/span><strong><span> obtenir des likes sur TikTok pour vos comptes professionnels <\/span><\/strong><span> . Chaque jour, de plus en plus d&rsquo;entreprises et d&rsquo;utilisateurs professionnels rejoignent TikTok. Si votre compte en fait partie, <\/span><strong><span> il est indispensable que vous obteniez des likes sur TikTok <\/span><\/strong><span> . <\/span><\/p>\n<p><span>Cependant, tout comme sur Instagram, les influenceurs sont nombreux sur <\/span><a href=\"https:\/\/www.top1social.com\/fr\/produit-categorie\/tiktok\/\"><strong><span> TikTok<\/span><\/strong><\/a><span>. Parfois, les marques n&rsquo;ont pas besoin d&rsquo;\u00eatre sur le terrain lorsqu&rsquo;il s&rsquo;agit de m\u00e9dias sociaux, car <\/span><strong><span> pr\u00e9senter leurs produits et services \u00e0 travers ces influenceurs est plus facile et plus efficace pour elles <\/span><\/strong><span> . Si vous \u00eates un influenceur ou avez h\u00e2te de le devenir, <\/span><strong><span> acheter des likes pour TikTok vous aidera \u00e9norm\u00e9ment. <\/span><\/strong><\/p>\n<h2 style=\"text-align: center;\"><b><img decoding=\"async\" class=\"emoji entered lazyloaded\" role=\"img\" draggable=\"false\" src=\"https:\/\/s.w.org\/images\/core\/emoji\/14.0.0\/svg\/1f929.svg\" alt=\"\ud83e\udd29\" data-lazy-src=\"https:\/\/s.w.org\/images\/core\/emoji\/14.0.0\/svg\/1f929.svg\" data-ll-status=\"loaded\" data-lazy- title=\"\">\u00a0<\/b><span>Acheter des Likes TikTok <\/span><\/h2>\n<p><strong><span>Acheter des Likes TikTok si vous \u00eates nouveau peut vous aider \u00e0 devenir c\u00e9l\u00e8bre et \u00e0 devenir viral <\/span><\/strong><span> . <\/span><b><\/b><\/p>\n<p><span>Chaque nouveau r\u00e9seau social donne aux influenceurs <\/span><strong><span> une chance de se faire remarquer <\/span><\/strong><span> car il n&rsquo;y a pas encore beaucoup de concurrence. Cependant, chaque jour, c&rsquo;est plus difficile et aussi sur TikTok, il est difficile d&rsquo;\u00eatre vu parmi les milliers de vid\u00e9os qui sont t\u00e9l\u00e9charg\u00e9es chaque jour. <\/span><b><\/b><\/p>\n<p><span>Parce que <\/span><strong><span> TikTok fonctionne diff\u00e9remment <\/span><\/strong><span> des autres r\u00e9seaux sociaux, <\/span><strong><span> il est plus facile de devenir viral avec une vid\u00e9o sans beaucoup de followers et beaucoup de followers <\/span><\/strong><span> . Si l&rsquo;algorithme de TikTok voit qu&rsquo;une vid\u00e9o obtient beaucoup de likes et de vues en peu de temps, elle est imm\u00e9diatement class\u00e9e plus haut sur la page. <\/span><\/p>\n<p><strong><span>Comment acheter des Likes TikTok peut vous aider <\/span><\/strong><span> : <\/span><\/p>\n<p><img decoding=\"async\" class=\"emoji entered lazyloaded\" role=\"img\" draggable=\"false\" src=\"https:\/\/s.w.org\/images\/core\/emoji\/14.0.0\/svg\/2705.svg\" alt=\"\u2705\" data-lazy-src=\"https:\/\/s.w.org\/images\/core\/emoji\/14.0.0\/svg\/2705.svg\" data-ll-status=\"loaded\" data-lazy- title=\"\"><strong><span>Votre profil TikTok semble imm\u00e9diatement plus populaire <\/span><\/strong><span> aupr\u00e8s de vos amis <\/span><\/p>\n<p><img decoding=\"async\" class=\"emoji entered lazyloaded\" role=\"img\" draggable=\"false\" src=\"https:\/\/s.w.org\/images\/core\/emoji\/14.0.0\/svg\/2705.svg\" alt=\" \u2705\" data-lazy-src=\"https:\/\/s.w.org\/images\/core\/emoji\/14.0.0\/svg\/2705.svg\" data-ll-status=\"loaded\" data-lazy- title=\"\"><strong><span>Les likes vous feront t\u00e9l\u00e9charger plus sur TikTok <\/span><\/strong><\/p>\n<p><img decoding=\"async\" class=\"emoji entered lazyloaded\" role=\"img\" draggable=\"false\" src=\"https:\/\/s.w.org\/images\/core\/emoji\/14.0.0\/svg\/2705.svg\" alt=\" \u2705\" data-lazy-src=\"https:\/\/s.w.org\/images\/core\/emoji\/14.0.0\/svg\/2705.svg\" data-ll-status=\"loaded\" data-lazy- title=\"\"><strong><span>Plus susceptible de devenir viral <\/span><\/strong><\/p>\n<p><img decoding=\"async\" class=\"emoji entered lazyloaded\" role=\"img\" draggable=\"false\" src=\"https:\/\/s.w.org\/images\/core\/emoji\/14.0.0\/svg\/2705.svg\" alt=\" \u2705\" data-lazy-src=\"https:\/\/s.w.org\/images\/core\/emoji\/14.0.0\/svg\/2705.svg\" data-ll-status=\"loaded\" data-lazy- title=\"\"><span>Vous obtenez le statut d&rsquo;influenceur et pouvez <\/span><strong><span> gagner de l&rsquo;argent avec votre TikTok <\/span><\/strong><\/p>\n<p><img decoding=\"async\" class=\"emoji entered lazyloaded\" role=\"img\" draggable=\"false\" src=\"https:\/\/s.w.org\/images\/core\/emoji\/14.0.0\/svg\/2705.svg\" alt=\" \u2705\" data-lazy-src=\"https:\/\/s.w.org\/images\/core\/emoji\/14.0.0\/svg\/2705.svg\" data-ll-status=\"loaded\" data-lazy- title=\"\"><span>Un moyen rapide et fiable d&rsquo;\u00eatre d\u00e9couvert plus rapidement <\/span><\/p>\n<p><img decoding=\"async\" class=\"emoji entered lazyloaded\" role=\"img\" draggable=\"false\" src=\"https:\/\/s.w.org\/images\/core\/emoji\/14.0.0\/svg\/2b50.svg\" alt=\" \u2b50\" data-lazy-src=\"https:\/\/s.w.org\/images\/core\/emoji\/14.0.0\/svg\/2b50.svg\" data-ll-status=\"loaded\" data-lazy- title=\"\"><img decoding=\"async\" class=\"emoji entered lazyloaded\" role=\"img\" draggable=\"false\" src=\"https:\/\/s.w.org\/images\/core\/emoji\/14.0.0\/svg\/2b50.svg\" alt=\" \u2b50\" data-lazy-src=\"https:\/\/s.w.org\/images\/core\/emoji\/14.0.0\/svg\/2b50.svg\" data-ll-status=\"loaded\" data-lazy- title=\"\"><img decoding=\"async\" class=\"emoji entered lazyloaded\" role=\"img\" draggable=\"false\" src=\"https:\/\/s.w.org\/images\/core\/emoji\/14.0.0\/svg\/2b50.svg\" alt=\" \u2b50\" data-lazy-src=\"https:\/\/s.w.org\/images\/core\/emoji\/14.0.0\/svg\/2b50.svg\" data-ll-status=\"loaded\" data-lazy- title=\"\"><img decoding=\"async\" class=\"emoji entered lazyloaded\" role=\"img\" draggable=\"false\" src=\"https:\/\/s.w.org\/images\/core\/emoji\/14.0.0\/svg\/2b50.svg\" alt=\" \u2b50\" data-lazy-src=\"https:\/\/s.w.org\/images\/core\/emoji\/14.0.0\/svg\/2b50.svg\" data-ll-status=\"loaded\" data-lazy- title=\"\"><img decoding=\"async\" class=\"emoji entered lazyloaded\" role=\"img\" draggable=\"false\" src=\"https:\/\/s.w.org\/images\/core\/emoji\/14.0.0\/svg\/2b50.svg\" alt=\" \u2b50\" data-lazy-src=\"https:\/\/s.w.org\/images\/core\/emoji\/14.0.0\/svg\/2b50.svg\" data-ll-status=\"loaded\" data-lazy- title=\"\"><span>Nous offrons un service avec la <\/span><b><span> meilleure qualit\u00e9 du march\u00e9. <\/span><\/b><span> Nous obtenons <\/span><strong><span> de vrais Likes <\/span><\/strong><strong><span> TikTok <\/span><\/strong><strong><span> au meilleur prix ! <\/span><\/strong><\/p>\n<p><img decoding=\"async\" class=\"emoji entered lazyloaded\" role=\"img\" draggable=\"false\" src=\"https:\/\/s.w.org\/images\/core\/emoji\/14.0.0\/svg\/1f3c6.svg\" alt=\" \ud83c\udfc6\" data-lazy-src=\"https:\/\/s.w.org\/images\/core\/emoji\/14.0.0\/svg\/1f3c6.svg\" data-ll-status=\"loaded\" data-lazy- title=\"\"><span>Tous nos produits ont <\/span><b><span> une garantie de 30 jours<\/span><\/b><span>! <\/span><\/p>\n<h2 style=\"text-align: center;\"><span>Comment acheter des Likes Tik Tok? <\/span><\/h2>\n<p><span>Choisissez <\/span><strong><span> le nombre de Likes que vous souhaitez ajouter \u00e0 votre vid\u00e9o <\/span><\/strong><span> et vous n&rsquo;avez besoin que <\/span><strong><span> de votre lien vid\u00e9o TikTok pour acheter des Likes. <\/span><\/strong><b><\/b><\/p>\n<p><span>Copiez le lien vid\u00e9o TikTok\u00a0: <\/span><\/p>\n<ul>\n<li aria-level=\"1\"><span>Ouvrez la vid\u00e9o et <\/span><strong><span> appuyez sur les trois points <\/span><\/strong><span> en bas \u00e0 droite. <\/span><\/li>\n<li aria-level=\"1\"><span>Vous verrez plusieurs options pour <\/span><strong><span> partager votre vid\u00e9o <\/span><\/strong><span> , choisissez l&rsquo; option <\/span><strong><span> copier le lien <\/span><\/strong><span> . <\/span><\/li>\n<li aria-level=\"1\"><span>Vous recevrez une <\/span><strong><span> confirmation sur votre \u00e9cran que vous avez copi\u00e9 le lien <\/span><\/strong><span> . <\/span><\/li>\n<\/ul>\n<p><span>C&rsquo;est le lien que vous pouvez utiliser lors de la commande. <\/span><\/p>\n<h2 style=\"text-align: center;\"><span>Les likes sur TikTok sont-ils importants? <\/span><\/h2>\n<p><strong><span>Les likes sont d\u00e9finitivement importants <\/span><\/strong><span> sur la plateforme. <\/span><strong><span> Les likes sont un facteur important pour TikTok afin de d\u00e9terminer la popularit\u00e9 de votre vid\u00e9o. <\/span><\/strong><span> De plus, TikTok obtient de nombreuses informations sur vos int\u00e9r\u00eats et vos pr\u00e9f\u00e9rences \u00e0 partir des vid\u00e9os que vous avez aim\u00e9es. <\/span><\/p>\n<p><span>Il est \u00e9galement <\/span><strong><span> tr\u00e8s important que votre vid\u00e9o devienne virale <\/span><\/strong><span> , en plus d&rsquo;avoir un nombre consid\u00e9rable de likes, <\/span><strong><span> d&rsquo;obtenir des vues sur la vid\u00e9o <\/span><\/strong><span> . La chose naturelle serait <\/span><strong><span> d&rsquo;avoir un nombre x10 de visites ou de reproductions. <\/span><\/strong><span> Nous vous offrons le meilleur service pour <\/span><strong><a href=\"https:\/\/www.top1social.com\/fr\/produit\/acheter-des-vues-tiktok\/\"><span> acheter des vues TikTok <\/span><\/a><\/strong><span> maintenant avec une grande remise. Avec la combinaison des deux services, vous augmentez la possibilit\u00e9 que <\/span><strong><span> votre vid\u00e9o devienne virale et atteigne des millions de personnes. <\/span><\/strong><\/p>\n<p><strong><span>Si votre vid\u00e9o a beaucoup de J&rsquo;aime, elle sera plus visible <\/span><\/strong><span> pour les autres utilisateurs de TikTok et aura plus de chances de devenir virale. <\/span><\/p>\n","protected":false},"excerpt":{"rendered":"<div class=\"woocommerce-product-details__short-description\">\n<p><span>Obtenez <\/span><strong><span> des LIKES pour TikTok <\/span><\/strong><img decoding=\"async\" class=\"emoji entered lazyloaded alignnone\" role=\"img\" draggable=\"false\" src=\"https:\/\/s.w.org\/images\/core\/emoji\/13.1.0\/svg\/1f465.svg\" alt=\" \ud83d\udc65 Acheter des Likes TikTok\" width=\"150\" height=\"150\" data-lazy-src=\"https:\/\/s.w.org\/images\/core\/emoji\/13.1.0\/svg\/1f465.svg\" data-ll-status=\"loaded\" \/><\/p>\n<p><strong><b><span>Ne manquez pas nos offres! <\/span><\/b><img decoding=\"async\" class=\"emoji entered lazyloaded alignnone\" role=\"img\" draggable=\"false\" src=\"https:\/\/s.w.org\/images\/core\/emoji\/13.1.0\/svg\/1f4c8.svg\" alt=\" \ud83d\udcc8 Acheter des Likes TikTok\" width=\"150\" height=\"150\" data-lazy-src=\"https:\/\/s.w.org\/images\/core\/emoji\/13.1.0\/svg\/1f4c8.svg\" data-ll-status=\"loaded\" \/><\/strong><\/p>\n<div class=\"pr_excerpt f_300 f_size_15\">\n<h5><b><img decoding=\"async\" class=\"emoji entered lazyloaded\" role=\"img\" draggable=\"false\" src=\"https:\/\/s.w.org\/images\/core\/emoji\/13.1.0\/svg\/2705.svg\" alt=\" \u2705\" data-lazy-src=\"https:\/\/s.w.org\/images\/core\/emoji\/13.1.0\/svg\/2705.svg\" data-ll-status=\"loaded\" \/><\/b><span>Vrais go\u00fbts pour TikTok <\/span><\/h5>\n<h5><b><img decoding=\"async\" class=\"emoji entered lazyloaded\" role=\"img\" draggable=\"false\" src=\"https:\/\/s.w.org\/images\/core\/emoji\/13.1.0\/svg\/2705.svg\" alt=\" \u2705\" data-lazy-src=\"https:\/\/s.w.org\/images\/core\/emoji\/13.1.0\/svg\/2705.svg\" data-ll-status=\"loaded\" \/><\/b><span>Garantie 30 jours <\/span><\/h5>\n<h5><b><img decoding=\"async\" class=\"emoji entered lazyloaded\" role=\"img\" draggable=\"false\" src=\"https:\/\/s.w.org\/images\/core\/emoji\/13.1.0\/svg\/2705.svg\" alt=\" \u2705\" data-lazy-src=\"https:\/\/s.w.org\/images\/core\/emoji\/13.1.0\/svg\/2705.svg\" data-ll-status=\"loaded\" \/><\/b><span>Assistance 24h\/7 <\/span><\/h5>\n<h5><b><img decoding=\"async\" class=\"emoji entered lazyloaded\" role=\"img\" draggable=\"false\" src=\"https:\/\/s.w.org\/images\/core\/emoji\/13.1.0\/svg\/2705.svg\" alt=\" \u2705\" data-lazy-src=\"https:\/\/s.w.org\/images\/core\/emoji\/13.1.0\/svg\/2705.svg\" data-ll-status=\"loaded\" \/><\/b><span>Livraison RAPIDE ET NATURELLE <\/span><\/h5>\n<h6 class=\"LC20lb DKV0Md\"><img decoding=\"async\" class=\"emoji entered lazyloaded\" role=\"img\" draggable=\"false\" src=\"https:\/\/s.w.org\/images\/core\/emoji\/13.1.0\/svg\/1f44c.svg\" alt=\" \ud83d\udc4c\" data-lazy-src=\"https:\/\/s.w.org\/images\/core\/emoji\/13.1.0\/svg\/1f44c.svg\" data-ll-status=\"loaded\" \/><span>PAIEMENT UNIQUE, AVEC GARANTIE INCLUSE <\/span><\/h6>\n<\/div>\n<\/div>\n","protected":false},"featured_media":2250,"comment_status":"open","ping_status":"closed","template":"","meta":{"_gspb_post_css":""},"store":[147],"product_brand":[],"product_cat":[171],"product_tag":[223],"class_list":{"0":"post-2248","1":"product","2":"type-product","3":"status-publish","4":"has-post-thumbnail","6":"store-tiktok","7":"product_cat-tiktok","8":"product_tag-acheter-des-likes-tiktok","9":"wcpa_has_options","11":"first","12":"instock","13":"sale","14":"taxable","15":"shipping-taxable","16":"purchasable","17":"product-type-variable"},"_links":{"self":[{"href":"https:\/\/www.top1social.com\/fr\/wp-json\/wp\/v2\/product\/2248","targetHints":{"allow":["GET"]}}],"collection":[{"href":"https:\/\/www.top1social.com\/fr\/wp-json\/wp\/v2\/product"}],"about":[{"href":"https:\/\/www.top1social.com\/fr\/wp-json\/wp\/v2\/types\/product"}],"replies":[{"embeddable":true,"href":"https:\/\/www.top1social.com\/fr\/wp-json\/wp\/v2\/comments?post=2248"}],"wp:featuredmedia":[{"embeddable":true,"href":"https:\/\/www.top1social.com\/fr\/wp-json\/wp\/v2\/media\/2250"}],"wp:attachment":[{"href":"https:\/\/www.top1social.com\/fr\/wp-json\/wp\/v2\/media?parent=2248"}],"wp:term":[{"taxonomy":"store","embeddable":true,"href":"https:\/\/www.top1social.com\/fr\/wp-json\/wp\/v2\/store?post=2248"},{"taxonomy":"product_brand","embeddable":true,"href":"https:\/\/www.top1social.com\/fr\/wp-json\/wp\/v2\/product_brand?post=2248"},{"taxonomy":"product_cat","embeddable":true,"href":"https:\/\/www.top1social.com\/fr\/wp-json\/wp\/v2\/product_cat?post=2248"},{"taxonomy":"product_tag","embeddable":true,"href":"https:\/\/www.top1social.com\/fr\/wp-json\/wp\/v2\/product_tag?post=2248"}],"curies":[{"name":"wp","href":"https:\/\/api.w.org\/{rel}","templated":true}]}}