{"id":2260,"date":"2022-12-12T10:24:49","date_gmt":"2022-12-12T09:24:49","guid":{"rendered":"https:\/\/www.top1social.com\/fr\/?post_type=product&#038;p=2260"},"modified":"2023-01-02T12:45:00","modified_gmt":"2023-01-02T11:45:00","slug":"acheter-des-partages-tiktok","status":"publish","type":"product","link":"https:\/\/www.top1social.com\/fr\/produit\/acheter-des-partages-tiktok\/","title":{"rendered":"Acheter Des Partages TikTok"},"content":{"rendered":"<h2 class=\"col-md-12 col-lg-6 feature-container\" style=\"text-align: center;\"><a class=\"product-feature\"><strong class=\"h3\"><span>POURQUOI DEVRIEZ-VOUS ACHETER DES PARTAGES TIKTOK? <\/span><\/strong><\/a><\/h2>\n<div class=\"col-md-12 col-lg-6 feature-container\">\n<p><strong><span>Les impressions sur les r\u00e9seaux sociaux rendent vos comptes attrayants et populaires. <\/span><\/strong><span> Cela permet aux algorithmes de vous sugg\u00e9rer et de vous pr\u00e9senter plus souvent. Gr\u00e2ce \u00e0 notre service, vous pouvez d\u00e9sormais <\/span><strong><span> acheter des Partages pour TikTok <\/span><\/strong><span> bien connues <\/span><strong><span> ou les Partages TikTok <\/span><\/strong><span> . De plus, les gens seront impressionn\u00e9s par vos chiffres. <\/span><\/p>\n<p><span>Si vous souhaitez <\/span><strong><span> augmenter la visibilit\u00e9 et rendre virales vos vid\u00e9os et vos publications TikTok <\/span><\/strong><span> , c&rsquo;est le service id\u00e9al, ainsi qu&rsquo;augmenter la probabilit\u00e9 d&rsquo; <\/span><strong><span> appara\u00eetre dans l&rsquo;onglet \u00ab\u00a0D\u00e9couvrir\u00a0\u00bb (ou D\u00e9couvrir) <\/span><\/strong><span> en tant que <\/span><strong><span> tendance TikTok <\/span><\/strong><span> . <\/span><\/p>\n<div class=\"wpsm_update mobfont90\"><span class=\"label-info\"><span>PROMO <\/span><\/span><strong><span> Obtenez maintenant au meilleur prix notre service pour <\/span><a href=\"https:\/\/www.top1social.com\/fr\/produit\/acheter-followers-tiktok\/\"><span> acheter des abonn\u00e9s TikTok<\/span><\/a><span>. <\/span><\/strong> <img decoding=\"async\" class=\"emoji\" role=\"img\" draggable=\"false\" src=\"https:\/\/s.w.org\/images\/core\/emoji\/14.0.0\/svg\/1f3c6.svg\" alt=\" \ud83c\udfc6\" title=\"\"><\/div>\n<h2 style=\"text-align: center;\"><span>Qu&rsquo;est-ce que l&rsquo;achat Partages pour TikTok? <\/span><\/h2>\n<p><strong><span>\u00ab\u00a0Acheter des partages TikTok\u00a0\u00bb <\/span><\/strong><span> (\u00e9galement appel\u00e9s <\/span><strong><span> partages pour TikTok <\/span><\/strong><span> ) est un service qui rend vos vid\u00e9os de haute qualit\u00e9 <\/span><strong><span> populaires en les diffusant aupr\u00e8s d&rsquo;un plus grand nombre de personnes <\/span><\/strong><span> . Tous les utilisateurs qui souhaitent <\/span><strong><span> gagner de la renomm\u00e9e et de l&rsquo;argent devraient en b\u00e9n\u00e9ficier ainsi que de nos autres <\/span><a href=\"https:\/\/www.top1social.com\/es\/categoria-producto\/tiktok\/\"><span> services TikTok <\/span><\/a><\/strong><span> . Plus vos vid\u00e9os sont partag\u00e9es, plus votre compte aura d&rsquo;interactions. On peut dire que c&rsquo;est comme l&rsquo; <\/span><strong><span> effet boule de neige. <\/span><\/strong><\/p>\n<p><span>Les Partages que nous proposons atteindront beaucoup plus de personnes. <\/span><strong><span> Cela permettra \u00e0 votre contenu d&rsquo;\u00eatre d\u00e9couvert par un public plus large <\/span><\/strong><span> . Bien s\u00fbr, il y aura des gens qui seront int\u00e9ress\u00e9s par votre contenu. Donc, obtenir beaucoup de partages et diffuser votre contenu est un excellent moyen de vous promouvoir. <\/span><\/p>\n<p><span>Les publications de tous nos utilisateurs qui b\u00e9n\u00e9ficient de <\/span><strong><span> notre service Buy Shared for Tiktok <\/span><\/strong><span> seront partag\u00e9es avec des comptes r\u00e9els. <\/span><\/p>\n<p><strong><span>Avec la vari\u00e9t\u00e9 de comptes, nous pouvons partager vos messages rapidement et en toute s\u00e9curit\u00e9. <\/span><\/strong><\/p>\n<h2 style=\"text-align: center;\"><span>Obtenez des Partages pour TikTok ou achetez des Partages pour TikTok <\/span><\/h2>\n<p><span>Si votre objectif est \u00e9lev\u00e9 et que vous souhaitez avoir un compte professionnel, le taux d&rsquo;engagement a un impact significatif sur votre contenu. <\/span><strong><span> \u00cates-vous pr\u00eat \u00e0 captiver des millions de personnes avec vos vid\u00e9os\u00a0? <\/span><\/strong><span> Les Partages sont importantes, en particulier pour les comptes qui commercialisent via leurs vid\u00e9os. <\/span><strong><span> Pour rendre nos vid\u00e9os plus virales avec notre service d&rsquo;achat d&rsquo;actions pour TikTok, <\/span><\/strong><span> nous recommandons \u00e9galement notre <\/span><strong><span> service J&rsquo;aime pour TikTok <\/span><\/strong><span> et pour d\u00e9velopper davantage votre compte, nous proposons <\/span><strong> <a href=\"https:\/\/www.top1social.com\/fr\/produit\/acheter-followers-tiktok\/\"><span> des followers pour TikTok <\/span><\/a><\/strong><span> . <\/span><\/p>\n<p><strong><span>Ensemble, ils constituent le package d\u00e9finitif pour atteindre le sommet de ce r\u00e9seau social. <\/span><\/strong><\/p>\n<\/div>\n","protected":false},"excerpt":{"rendered":"<div class=\"woocommerce-product-details__short-description\">\n<p><span>Obtenez <\/span><strong><span> des PARTAGES pour TikTok <\/span><\/strong><img decoding=\"async\" class=\"emoji entered lazyloaded alignnone\" role=\"img\" draggable=\"false\" src=\"https:\/\/s.w.org\/images\/core\/emoji\/13.1.0\/svg\/1f465.svg\" alt=\" \ud83d\udc65 Acheter des partages TikTok\" width=\"150\" height=\"150\" data-lazy-src=\"https:\/\/s.w.org\/images\/core\/emoji\/13.1.0\/svg\/1f465.svg\" data-ll-status=\"loaded\" \/><\/p>\n<p><strong><b><span>Ne manquez pas nos offres! <\/span><\/b><img decoding=\"async\" class=\"emoji entered lazyloaded alignnone\" role=\"img\" draggable=\"false\" src=\"https:\/\/s.w.org\/images\/core\/emoji\/13.1.0\/svg\/1f4c8.svg\" alt=\" \ud83d\udcc8 Acheter des partages TikTok\" width=\"150\" height=\"150\" data-lazy-src=\"https:\/\/s.w.org\/images\/core\/emoji\/13.1.0\/svg\/1f4c8.svg\" data-ll-status=\"loaded\" \/><\/strong><\/p>\n<div class=\"pr_excerpt f_300 f_size_15\">\n<h5><b><img decoding=\"async\" class=\"emoji entered lazyloaded\" role=\"img\" draggable=\"false\" src=\"https:\/\/s.w.org\/images\/core\/emoji\/13.1.0\/svg\/2705.svg\" alt=\" \u2705\" data-lazy-src=\"https:\/\/s.w.org\/images\/core\/emoji\/13.1.0\/svg\/2705.svg\" data-ll-status=\"loaded\" \/><\/b><span>Partagez vos vid\u00e9os TikTok <\/span><\/h5>\n<h5><b><img decoding=\"async\" class=\"emoji entered lazyloaded\" role=\"img\" draggable=\"false\" src=\"https:\/\/s.w.org\/images\/core\/emoji\/13.1.0\/svg\/2705.svg\" alt=\" \u2705\" data-lazy-src=\"https:\/\/s.w.org\/images\/core\/emoji\/13.1.0\/svg\/2705.svg\" data-ll-status=\"loaded\" \/><\/b><span>Garantie 30 jours <\/span><\/h5>\n<h5><b><img decoding=\"async\" class=\"emoji entered lazyloaded\" role=\"img\" draggable=\"false\" src=\"https:\/\/s.w.org\/images\/core\/emoji\/13.1.0\/svg\/2705.svg\" alt=\" \u2705\" data-lazy-src=\"https:\/\/s.w.org\/images\/core\/emoji\/13.1.0\/svg\/2705.svg\" data-ll-status=\"loaded\" \/><\/b><span>Assistance 24h\/7 <\/span><\/h5>\n<h5><b><img decoding=\"async\" class=\"emoji entered lazyloaded\" role=\"img\" draggable=\"false\" src=\"https:\/\/s.w.org\/images\/core\/emoji\/13.1.0\/svg\/2705.svg\" alt=\" \u2705\" data-lazy-src=\"https:\/\/s.w.org\/images\/core\/emoji\/13.1.0\/svg\/2705.svg\" data-ll-status=\"loaded\" \/><\/b><span>Livraison RAPIDE ET NATURELLE <\/span><\/h5>\n<h6 class=\"LC20lb DKV0Md\"><img decoding=\"async\" class=\"emoji entered lazyloaded\" role=\"img\" draggable=\"false\" src=\"https:\/\/s.w.org\/images\/core\/emoji\/13.1.0\/svg\/1f44c.svg\" alt=\" \ud83d\udc4c\" data-lazy-src=\"https:\/\/s.w.org\/images\/core\/emoji\/13.1.0\/svg\/1f44c.svg\" data-ll-status=\"loaded\" \/><span>PAIEMENT UNIQUE, AVEC GARANTIE INCLUSE <\/span><\/h6>\n<\/div>\n<\/div>\n","protected":false},"featured_media":2262,"comment_status":"open","ping_status":"closed","template":"","meta":{"_gspb_post_css":""},"store":[147],"product_brand":[],"product_cat":[171],"product_tag":[224],"class_list":{"0":"post-2260","1":"product","2":"type-product","3":"status-publish","4":"has-post-thumbnail","6":"store-tiktok","7":"product_cat-tiktok","8":"product_tag-acheter-des-partages-tiktok","9":"wcpa_has_options","11":"first","12":"instock","13":"sale","14":"taxable","15":"shipping-taxable","16":"purchasable","17":"product-type-variable"},"_links":{"self":[{"href":"https:\/\/www.top1social.com\/fr\/wp-json\/wp\/v2\/product\/2260","targetHints":{"allow":["GET"]}}],"collection":[{"href":"https:\/\/www.top1social.com\/fr\/wp-json\/wp\/v2\/product"}],"about":[{"href":"https:\/\/www.top1social.com\/fr\/wp-json\/wp\/v2\/types\/product"}],"replies":[{"embeddable":true,"href":"https:\/\/www.top1social.com\/fr\/wp-json\/wp\/v2\/comments?post=2260"}],"wp:featuredmedia":[{"embeddable":true,"href":"https:\/\/www.top1social.com\/fr\/wp-json\/wp\/v2\/media\/2262"}],"wp:attachment":[{"href":"https:\/\/www.top1social.com\/fr\/wp-json\/wp\/v2\/media?parent=2260"}],"wp:term":[{"taxonomy":"store","embeddable":true,"href":"https:\/\/www.top1social.com\/fr\/wp-json\/wp\/v2\/store?post=2260"},{"taxonomy":"product_brand","embeddable":true,"href":"https:\/\/www.top1social.com\/fr\/wp-json\/wp\/v2\/product_brand?post=2260"},{"taxonomy":"product_cat","embeddable":true,"href":"https:\/\/www.top1social.com\/fr\/wp-json\/wp\/v2\/product_cat?post=2260"},{"taxonomy":"product_tag","embeddable":true,"href":"https:\/\/www.top1social.com\/fr\/wp-json\/wp\/v2\/product_tag?post=2260"}],"curies":[{"name":"wp","href":"https:\/\/api.w.org\/{rel}","templated":true}]}}