{"id":2272,"date":"2022-12-12T20:54:34","date_gmt":"2022-12-12T19:54:34","guid":{"rendered":"https:\/\/www.top1social.com\/fr\/?post_type=product&#038;p=2272"},"modified":"2026-04-05T15:53:13","modified_gmt":"2026-04-05T14:53:13","slug":"acheter-des-commentaires-personnalises-tiktok","status":"publish","type":"product","link":"https:\/\/www.top1social.com\/fr\/produit\/acheter-des-commentaires-personnalises-tiktok\/","title":{"rendered":"Acheter Des Commentaires Personnalis\u00e9s TikTok"},"content":{"rendered":"<h2 class=\"col-md-12 col-lg-6 feature-container\" style=\"text-align: center;\"><a class=\"product-feature\"><strong class=\"h3\"><span class=\"goog-text-highlight\"><span>QU&rsquo;EST-CE QUE LE SERVICE DE ACHETER DES COMMENTAIRES PERSONNALIS\u00c9S POUR TIKTOK ? <\/span><\/span><\/strong><\/a><\/h2>\n<div class=\"col-md-12 col-lg-6 feature-container\">\n<p><strong><span>Acheter des commentaires personnalis\u00e9s pour TikTok d\u00e9finit le nombre de commentaires que vous souhaitez pour vos publications <\/span><\/strong><span> . Ajoutez les commentaires que vous voulez dans la case sup\u00e9rieure avec les phrases que vous voulez. Avec ce service vous serez plus visible sur TikTok. <\/span><\/p>\n<p><span>Ajoutez autant de commentaires que vous le souhaitez et ajoutez votre contenu. <\/span><strong><span> Faites grandir votre compte TikTok et paraissez naturel. <\/span><\/strong><\/p>\n<div class=\"wpsm_update mobfont90\"><span class=\"label-info\"><span>PROMO <\/span><\/span><strong><span> Obtenez maintenant au meilleur prix notre service pour <\/span><a href=\"https:\/\/www.top1social.com\/fr\/produit\/acheter-followers-tiktok\/\"><span> acheter des abonn\u00e9s TikTok<\/span><\/a><span>. <\/span><\/strong> <img decoding=\"async\" class=\"emoji\" role=\"img\" draggable=\"false\" src=\"https:\/\/s.w.org\/images\/core\/emoji\/14.0.0\/svg\/1f3c6.svg\" alt=\"\ud83c\udfc6\" title=\"\"><\/div>\n<\/div>\n<h2 class=\"col-md-12 col-lg-6 feature-container\" style=\"text-align: center;\"><a class=\"product-feature\"><strong class=\"h3\"><span>POURQUOI DEVRIEZ-VOUS ACHETER DES COMMENTAIRES PERSONNALIS\u00c9S POUR TIKTOK? <\/span><\/strong><\/a><\/h2>\n<div class=\"col-md-12 col-lg-6 feature-container\">\n<p><strong><span>Les impressions sur les r\u00e9seaux sociaux rendent vos comptes attrayants et populaires <\/span><\/strong><span> . Cela permet aux algorithmes de vous sugg\u00e9rer et de vous pr\u00e9senter plus souvent. De plus, <\/span><strong><span> les gens seront impressionn\u00e9s par vos chiffres. <\/span><\/strong><\/p>\n<p><strong><span>Les commentaires personnalis\u00e9s pour TikTok sont l&rsquo;une des m\u00e9thodes essentielles qui affectent l&rsquo;interaction <\/span><\/strong><span> . Les commentaires sont tr\u00e8s importants pour les utilisateurs de TikTok qui souhaitent que leurs comptes atteignent plus d&rsquo;utilisateurs et \u00e9largissent leur base de fans. <\/span><span class=\"\"><span> Pour augmenter les commentaires sur vos vid\u00e9os sur notre site, utilisez notre service comme <\/span><strong><span> le service de commentaires personnalis\u00e9s TikTok <\/span><\/strong><span> et interagissez \u00e9galement avec votre public cible. <\/span><\/span><\/p>\n<p><span>Vous pouvez \u00e9galement trouver des services qui vous aideront \u00e0 vous d\u00e9velopper davantage sur ce r\u00e9seau social, tels que <\/span><strong><span> TikTok Likes <\/span><\/strong><span> , <\/span><strong><a href=\"https:\/\/www.top1social.com\/fr\/produit\/acheter-followers-tiktok\/\"><span> TikTok Followers <\/span><\/a><\/strong><span> ou <\/span><strong><a href=\"https:\/\/www.top1social.com\/fr\/produit\/acheter-des-vues-tiktok\/\"><span> Vues TikTok Videos. <\/span><\/a><\/strong><\/p>\n<p><span>Vous pouvez rapidement augmenter votre engagement avec des utilisateurs r\u00e9els et actifs et obtenir des commentaires. <\/span><strong><span> Les commentaires TikTok que vous avez achet\u00e9s seront d\u00e9finis sur votre compte en un rien de temps. <\/span><\/strong><\/p>\n<\/div>\n","protected":false},"excerpt":{"rendered":"<div class=\"woocommerce-product-details__short-description\">\n<p><span>Obtenez <\/span><strong><span> des commentaires personnalis\u00e9s pour TikTok <\/span><\/strong><img decoding=\"async\" class=\"emoji entered lazyloaded alignnone\" role=\"img\" draggable=\"false\" src=\"https:\/\/s.w.org\/images\/core\/emoji\/13.1.0\/svg\/1f465.svg\" alt=\" \ud83d\udc65 Acheter des commentaires TikTok personnalis\u00e9s\" width=\"150\" height=\"150\" data-lazy-src=\"https:\/\/s.w.org\/images\/core\/emoji\/13.1.0\/svg\/1f465.svg\" data-ll-status=\"loaded\" \/><\/p>\n<p><strong><b><span>Ne manquez pas nos offres! <\/span><\/b><img decoding=\"async\" class=\"emoji entered lazyloaded alignnone\" role=\"img\" draggable=\"false\" src=\"https:\/\/s.w.org\/images\/core\/emoji\/13.1.0\/svg\/1f4c8.svg\" alt=\" \ud83d\udcc8 Acheter des commentaires TikTok personnalis\u00e9s\" width=\"150\" height=\"150\" data-lazy-src=\"https:\/\/s.w.org\/images\/core\/emoji\/13.1.0\/svg\/1f4c8.svg\" data-ll-status=\"loaded\" \/><\/strong><\/p>\n<div class=\"pr_excerpt f_300 f_size_15\">\n<h5><b><img decoding=\"async\" class=\"emoji entered lazyloaded alignnone\" role=\"img\" draggable=\"false\" src=\"https:\/\/s.w.org\/images\/core\/emoji\/13.1.0\/svg\/2705.svg\" alt=\" \u2705 Acheter des commentaires TikTok personnalis\u00e9s\" width=\"150\" height=\"150\" data-lazy-src=\"https:\/\/s.w.org\/images\/core\/emoji\/13.1.0\/svg\/2705.svg\" data-ll-status=\"loaded\" \/><\/b><span>Commentaires personnalis\u00e9s par vous pour TikTok <\/span><\/h5>\n<h5><b><img decoding=\"async\" class=\"emoji entered lazyloaded\" role=\"img\" draggable=\"false\" src=\"https:\/\/s.w.org\/images\/core\/emoji\/13.1.0\/svg\/2705.svg\" alt=\" \u2705\" data-lazy-src=\"https:\/\/s.w.org\/images\/core\/emoji\/13.1.0\/svg\/2705.svg\" data-ll-status=\"loaded\" \/><\/b><span>Garantie 30 jours <\/span><\/h5>\n<h5><b><img decoding=\"async\" class=\"emoji entered lazyloaded\" role=\"img\" draggable=\"false\" src=\"https:\/\/s.w.org\/images\/core\/emoji\/13.1.0\/svg\/2705.svg\" alt=\" \u2705\" data-lazy-src=\"https:\/\/s.w.org\/images\/core\/emoji\/13.1.0\/svg\/2705.svg\" data-ll-status=\"loaded\" \/><\/b><span>Assistance 24h\/7 <\/span><\/h5>\n<h5><b><img decoding=\"async\" class=\"emoji entered lazyloaded\" role=\"img\" draggable=\"false\" src=\"https:\/\/s.w.org\/images\/core\/emoji\/13.1.0\/svg\/2705.svg\" alt=\" \u2705\" data-lazy-src=\"https:\/\/s.w.org\/images\/core\/emoji\/13.1.0\/svg\/2705.svg\" data-ll-status=\"loaded\" \/><\/b><span>Livraison RAPIDE ET NATURELLE <\/span><\/h5>\n<h6 class=\"LC20lb DKV0Md\"><img loading=\"lazy\" decoding=\"async\" class=\"emoji entered lazyloaded alignnone\" role=\"img\" draggable=\"false\" src=\"https:\/\/s.w.org\/images\/core\/emoji\/13.1.0\/svg\/1f44c.svg\" alt=\" \ud83d\udc4c Acheter des commentaires TikTok personnalis\u00e9s\" width=\"150\" height=\"150\" data-lazy-src=\"https:\/\/s.w.org\/images\/core\/emoji\/13.1.0\/svg\/1f44c.svg\" data-ll-status=\"loaded\" \/><span>PAIEMENT UNIQUE, AVEC GARANTIE INCLUSE <\/span><\/h6>\n<\/div>\n<\/div>\n","protected":false},"featured_media":2274,"comment_status":"open","ping_status":"closed","template":"","meta":{"_gspb_post_css":""},"store":[147],"product_brand":[],"product_cat":[171],"product_tag":[225],"class_list":{"0":"post-2272","1":"product","2":"type-product","3":"status-publish","4":"has-post-thumbnail","6":"store-tiktok","7":"product_cat-tiktok","8":"product_tag-acheter-des-commentaires-personnalises-tiktok","9":"wcpa_has_options","11":"first","12":"instock","13":"sale","14":"taxable","15":"shipping-taxable","16":"purchasable","17":"product-type-variable"},"_links":{"self":[{"href":"https:\/\/www.top1social.com\/fr\/wp-json\/wp\/v2\/product\/2272","targetHints":{"allow":["GET"]}}],"collection":[{"href":"https:\/\/www.top1social.com\/fr\/wp-json\/wp\/v2\/product"}],"about":[{"href":"https:\/\/www.top1social.com\/fr\/wp-json\/wp\/v2\/types\/product"}],"replies":[{"embeddable":true,"href":"https:\/\/www.top1social.com\/fr\/wp-json\/wp\/v2\/comments?post=2272"}],"wp:featuredmedia":[{"embeddable":true,"href":"https:\/\/www.top1social.com\/fr\/wp-json\/wp\/v2\/media\/2274"}],"wp:attachment":[{"href":"https:\/\/www.top1social.com\/fr\/wp-json\/wp\/v2\/media?parent=2272"}],"wp:term":[{"taxonomy":"store","embeddable":true,"href":"https:\/\/www.top1social.com\/fr\/wp-json\/wp\/v2\/store?post=2272"},{"taxonomy":"product_brand","embeddable":true,"href":"https:\/\/www.top1social.com\/fr\/wp-json\/wp\/v2\/product_brand?post=2272"},{"taxonomy":"product_cat","embeddable":true,"href":"https:\/\/www.top1social.com\/fr\/wp-json\/wp\/v2\/product_cat?post=2272"},{"taxonomy":"product_tag","embeddable":true,"href":"https:\/\/www.top1social.com\/fr\/wp-json\/wp\/v2\/product_tag?post=2272"}],"curies":[{"name":"wp","href":"https:\/\/api.w.org\/{rel}","templated":true}]}}