{"id":2282,"date":"2022-12-13T11:26:14","date_gmt":"2022-12-13T10:26:14","guid":{"rendered":"https:\/\/www.top1social.com\/fr\/?post_type=product&#038;p=2282"},"modified":"2023-01-02T12:48:38","modified_gmt":"2023-01-02T11:48:38","slug":"acheter-des-vues-twitch","status":"publish","type":"product","link":"https:\/\/www.top1social.com\/fr\/produit\/acheter-des-vues-twitch\/","title":{"rendered":"Acheter des Vues Twitch"},"content":{"rendered":"<h2 style=\"text-align: center;\">Que sont les vues Twitch\u00a0?<\/h2>\n<p><strong>Vous pouvez d\u00e9sormais acheter des vues Twitch <\/strong> pour vous d\u00e9velopper sur la plus grande plateforme de streaming. <strong> Twitch est connue comme la plateforme de streaming la plus populaire au monde <\/strong> , et elle est activement utilis\u00e9e par les joueurs.<\/p>\n<p>En diffusant sur Twitch, <strong> vous pouvez gagner de l&rsquo;argent et vous amuser en m\u00eame temps <\/strong> . La base d&rsquo;utilisateurs de Twitch augmente de jour en jour, la concurrence pour <strong> devenir le joueur le plus populaire <\/strong> sur cette plateforme est donc tr\u00e8s difficile.<\/p>\n<p>Mais ne t&rsquo;inqui\u00e8tes pas. <strong> Avec notre produit Twitch Views, vous pouvez instantan\u00e9ment augmenter la popularit\u00e9 de vos vid\u00e9os. <\/strong> Plus vous obtenez d&rsquo;engagement, plus vous obtenez d&rsquo;avantages, alors <strong> achetez des vues Twitch d\u00e8s aujourd&rsquo;hui <\/strong> ! Pour en savoir plus sur notre produit, continuez \u00e0 lire.<\/p>\n<div class=\"wpsm_update mobfont90\"><span class=\"label-info\">Offrez <\/span><strong> Obtenez maintenant de Offrez notre service pour <\/strong><a href=\"https:\/\/www.top1social.com\/fr\/produit\/acheter-followers-twitch\/\"><strong> acheter des abonn\u00e9s Twitch <\/strong><\/a><\/div>\n<p>Sur Twitch, <strong> les streamers partagent des vid\u00e9os en direct des jeux auxquels ils jouent <\/strong> et les utilisateurs regardent leur cha\u00eene pour le gameplay. Si vous activez le param\u00e8tre correspondant dans le menu des propri\u00e9t\u00e9s de votre cha\u00eene, vous pouvez enregistrer vos diffusions Twitch. Ces diffusions enregistr\u00e9es <strong> permettent aux personnes qui ont rat\u00e9 <\/strong> ou qui n&rsquo;ont pas pu assister \u00e0 la diffusion en direct de revoir votre contenu.<\/p>\n<h2 style=\"text-align: center;\">Pourquoi devriez-vous acheter des vues Twitch ?<\/h2>\n<p>Si vous ne voulez pas attendre trop longtemps pour que les nouveaux t\u00e9l\u00e9spectateurs d\u00e9couvrent votre cha\u00eene, <strong> notre produit Twitch Views est l&rsquo;option parfaite pour vous <\/strong> . Nous nous assurons que <strong> vous gagnez beaucoup de nouveaux t\u00e9l\u00e9spectateurs pour votre cha\u00eene juste apr\u00e8s votre achat. <\/strong><\/p>\n<p>Cette strat\u00e9gie vous permet de faire une premi\u00e8re impression parfaite, de sorte que <strong> vos nouveaux t\u00e9l\u00e9spectateurs reviendront \u00e0 votre prochaine diffusion en direct et suivront m\u00eame votre cha\u00eene <\/strong> . De plus, si vous avez plus d&rsquo;abonn\u00e9s, le <strong> taux de visionnage moyen de vos flux sera plus \u00e9lev\u00e9 <\/strong> . De plus, vous avez la possibilit\u00e9 de devenir <strong> viral beaucoup plus rapidement avec vos diffusions en direct <\/strong> et vous pouvez \u00e9galement augmenter votre nombre avec notre <strong> service Buy Twitch Live Viewers et vous positionner aux premi\u00e8res places de leur cat\u00e9gorie <\/strong> . Plus il y a d&rsquo;utilisateurs sur votre cha\u00eene, plus les utilisateurs voudront une part du g\u00e2teau. Votre rang sur la liste des tendances Twitch sera \u00e9galement beaucoup plus \u00e9lev\u00e9.<\/p>\n<p><strong>Devenez viral avec votre cha\u00eene Twitch. <\/strong> Votre port\u00e9e augmente automatiquement avec plus de t\u00e9l\u00e9spectateurs. Vous le savez peut-\u00eatre gr\u00e2ce \u00e0 d&rsquo;autres flux en direct sur <a href=\"https:\/\/www.top1social.com\/fr\/produit-categorie\/twitch\/\"><strong> Twitch <\/strong><\/a> . Vous pouvez g\u00e9n\u00e9ralement savoir o\u00f9 se trouvent de nombreux t\u00e9l\u00e9spectateurs sur la page d&rsquo;accueil de la plate-forme vid\u00e9o.<\/p>\n<p>Nous vous recommandons, en plus d&rsquo; <strong> acheter des vues Twitch, <\/strong> d&rsquo;obtenir \u00e9galement notre service pour <strong><a href=\"https:\/\/www.top1social.com\/fr\/produit\/acheter-followers-twitch\/\"> acheter des abonn\u00e9s Twitch <\/a><\/strong> et d&rsquo;avoir l&rsquo;air plus naturel et de vous assurer que vous <strong> t\u00e9l\u00e9chargez de mani\u00e8re plus organique. <\/strong><\/p>\n<p>En augmentant votre <strong> nombre de vues au prix le plus abordable et en toute confiance <\/strong> , vous pourrez gagner un <strong> revenu \u00e9lev\u00e9 gr\u00e2ce \u00e0 votre cha\u00eene Twitch. <\/strong><\/p>\n<h3 style=\"text-align: center;\">Acheter des vues Twitch<\/h3>\n<p><strong>Pourquoi acheter des vues sur Twitch ? <\/strong><\/p>\n<ul>\n<li aria-level=\"1\"><strong>Twitch est un service en ligne populaire o\u00f9 les flux vid\u00e9o num\u00e9riques sont visualis\u00e9s et diffus\u00e9s en continu <\/strong> . Initialement ax\u00e9 sur les jeux vid\u00e9o, il a \u00e9t\u00e9 fond\u00e9 en 2011, mais s&rsquo;est depuis \u00e9largi pour diffuser de la musique, des talk-shows, etc.<\/li>\n<li aria-level=\"1\">Assurez-vous que votre cha\u00eene est populaire aupr\u00e8s des t\u00e9l\u00e9spectateurs de la cha\u00eene.<\/li>\n<li aria-level=\"1\"><strong>Am\u00e9liorez l&rsquo;autorit\u00e9 de votre cha\u00eene Twitch et attirez de nouveaux spectateurs sur votre flux. <\/strong><\/li>\n<li aria-level=\"1\">Augmentez votre potentiel de gain d&rsquo;argent \u00e0 mesure que votre base de fans Twitch grandit.<\/li>\n<li aria-level=\"1\"><strong>Obtenez avec nos services pour devenir affili\u00e9 et pouvoir mon\u00e9tiser votre cha\u00eene avec de la publicit\u00e9. <\/strong><\/li>\n<li aria-level=\"1\">Obtenez plus de trafic et augmentez le nombre de vues r\u00e9elles pour votre cha\u00eene Twitch.<\/li>\n<\/ul>\n","protected":false},"excerpt":{"rendered":"<div class=\"woocommerce-product-details__short-description\">\n<p>Obtenez <strong> des VUES pour TWITCH <\/strong><img decoding=\"async\" class=\"emoji entered lazyloaded alignnone\" role=\"img\" draggable=\"false\" src=\"https:\/\/s.w.org\/images\/core\/emoji\/13.1.0\/svg\/1f465.svg\" alt=\" \ud83d\udc65 Acheter des vues Twitch\" width=\"150\" height=\"150\" data-lazy-src=\"https:\/\/s.w.org\/images\/core\/emoji\/13.1.0\/svg\/1f465.svg\" data-ll-status=\"loaded\" \/><\/p>\n<p><strong><b>Ne manquez pas nos offres ! <\/b><img decoding=\"async\" class=\"emoji entered lazyloaded alignnone\" role=\"img\" draggable=\"false\" src=\"https:\/\/s.w.org\/images\/core\/emoji\/13.1.0\/svg\/1f4c8.svg\" alt=\" \ud83d\udcc8 Acheter des vues Twitch\" width=\"150\" height=\"150\" data-lazy-src=\"https:\/\/s.w.org\/images\/core\/emoji\/13.1.0\/svg\/1f4c8.svg\" data-ll-status=\"loaded\" \/><\/strong><\/p>\n<div class=\"pr_excerpt f_300 f_size_15\">\n<h5><b><img decoding=\"async\" class=\"emoji entered lazyloaded alignnone\" role=\"img\" draggable=\"false\" src=\"https:\/\/s.w.org\/images\/core\/emoji\/13.1.0\/svg\/2705.svg\" alt=\" \u2705 Acheter des vues Twitch\" width=\"150\" height=\"150\" data-lazy-src=\"https:\/\/s.w.org\/images\/core\/emoji\/13.1.0\/svg\/2705.svg\" data-ll-status=\"loaded\" \/><\/b>Comptes REAL TWITCH<\/h5>\n<h5><b><img decoding=\"async\" class=\"emoji entered lazyloaded\" role=\"img\" draggable=\"false\" src=\"https:\/\/s.w.org\/images\/core\/emoji\/13.1.0\/svg\/2705.svg\" alt=\" \u2705\" data-lazy-src=\"https:\/\/s.w.org\/images\/core\/emoji\/13.1.0\/svg\/2705.svg\" data-ll-status=\"loaded\" \/><\/b>Visites avec Garantie (Garantie 30 jours)<\/h5>\n<h5><b><img decoding=\"async\" class=\"emoji entered lazyloaded\" role=\"img\" draggable=\"false\" src=\"https:\/\/s.w.org\/images\/core\/emoji\/13.1.0\/svg\/2705.svg\" alt=\" \u2705\" data-lazy-src=\"https:\/\/s.w.org\/images\/core\/emoji\/13.1.0\/svg\/2705.svg\" data-ll-status=\"loaded\" \/><\/b>Assistance 24h\/7<\/h5>\n<h5><b><img decoding=\"async\" class=\"emoji entered lazyloaded\" role=\"img\" draggable=\"false\" src=\"https:\/\/s.w.org\/images\/core\/emoji\/13.1.0\/svg\/2705.svg\" alt=\" \u2705\" data-lazy-src=\"https:\/\/s.w.org\/images\/core\/emoji\/13.1.0\/svg\/2705.svg\" data-ll-status=\"loaded\" \/><\/b>Livraison RAPIDE ET NATURELLE<\/h5>\n<h6 class=\"LC20lb DKV0Md\"><img decoding=\"async\" class=\"emoji entered lazyloaded\" role=\"img\" draggable=\"false\" src=\"https:\/\/s.w.org\/images\/core\/emoji\/13.1.0\/svg\/1f44c.svg\" alt=\" \ud83d\udc4c\" data-lazy-src=\"https:\/\/s.w.org\/images\/core\/emoji\/13.1.0\/svg\/1f44c.svg\" data-ll-status=\"loaded\" \/>PAIEMENT UNIQUE, AVEC GARANTIE INCLUSE<\/h6>\n<\/div>\n<\/div>\n","protected":false},"featured_media":2284,"comment_status":"open","ping_status":"closed","template":"","meta":{"_gspb_post_css":""},"store":[150],"product_brand":[],"product_cat":[172],"product_tag":[226],"class_list":{"0":"post-2282","1":"product","2":"type-product","3":"status-publish","4":"has-post-thumbnail","6":"store-twitch","7":"product_cat-twitch","8":"product_tag-acheter-des-vues-twitch","9":"wcpa_has_options","11":"first","12":"instock","13":"sale","14":"taxable","15":"shipping-taxable","16":"purchasable","17":"product-type-variable"},"_links":{"self":[{"href":"https:\/\/www.top1social.com\/fr\/wp-json\/wp\/v2\/product\/2282","targetHints":{"allow":["GET"]}}],"collection":[{"href":"https:\/\/www.top1social.com\/fr\/wp-json\/wp\/v2\/product"}],"about":[{"href":"https:\/\/www.top1social.com\/fr\/wp-json\/wp\/v2\/types\/product"}],"replies":[{"embeddable":true,"href":"https:\/\/www.top1social.com\/fr\/wp-json\/wp\/v2\/comments?post=2282"}],"wp:featuredmedia":[{"embeddable":true,"href":"https:\/\/www.top1social.com\/fr\/wp-json\/wp\/v2\/media\/2284"}],"wp:attachment":[{"href":"https:\/\/www.top1social.com\/fr\/wp-json\/wp\/v2\/media?parent=2282"}],"wp:term":[{"taxonomy":"store","embeddable":true,"href":"https:\/\/www.top1social.com\/fr\/wp-json\/wp\/v2\/store?post=2282"},{"taxonomy":"product_brand","embeddable":true,"href":"https:\/\/www.top1social.com\/fr\/wp-json\/wp\/v2\/product_brand?post=2282"},{"taxonomy":"product_cat","embeddable":true,"href":"https:\/\/www.top1social.com\/fr\/wp-json\/wp\/v2\/product_cat?post=2282"},{"taxonomy":"product_tag","embeddable":true,"href":"https:\/\/www.top1social.com\/fr\/wp-json\/wp\/v2\/product_tag?post=2282"}],"curies":[{"name":"wp","href":"https:\/\/api.w.org\/{rel}","templated":true}]}}