{"id":2298,"date":"2022-12-13T19:34:28","date_gmt":"2022-12-13T18:34:28","guid":{"rendered":"https:\/\/www.top1social.com\/fr\/?post_type=product&#038;p=2298"},"modified":"2023-01-02T12:48:37","modified_gmt":"2023-01-02T11:48:37","slug":"acheter-des-vues-pour-live-twitch","status":"publish","type":"product","link":"https:\/\/www.top1social.com\/fr\/produit\/acheter-des-vues-pour-live-twitch\/","title":{"rendered":"Acheter des Vues pour Live Twitch (Direct)"},"content":{"rendered":"<div>\n<h2 style=\"text-align: center;\">Que sont les Twitch Live Viewers?<\/h2>\n<p><strong>L&rsquo;achat de t\u00e9l\u00e9spectateurs <\/strong><strong> en direct Twitch <\/strong> vous aidera \u00e0 attirer organiquement plus de t\u00e9l\u00e9spectateurs vers vos flux en <strong> apparaissant plus haut dans les cat\u00e9gories <\/strong> (tri\u00e9s par nombre de t\u00e9l\u00e9spectateurs). est <strong> Twitch Views ou Viewers <\/strong> un service qui <strong> aide les utilisateurs de Twitch \u00e0 augmenter leur nombre de Live Viewers pendant les sessions de streaming <\/strong> . Avec cette option, en tant que Streamer, vous pouvez atteindre un <strong> plus grand nombre de t\u00e9l\u00e9spectateurs de mani\u00e8re organique. <\/strong><\/p>\n<p><strong>L&rsquo;achat de spectateurs pour Twitch Live <\/strong> est un service particuli\u00e8rement utile pour les streamers inexp\u00e9riment\u00e9s, car <strong> recevoir des vues est un d\u00e9fi au d\u00e9but <\/strong> . Cette m\u00e9thode fonctionne comme une navette pour <strong> transformer un streamer normal en \u00e9toile plus rapidement qu&rsquo;il ne le ferait naturellement <\/strong> . Si vous souhaitez faire d\u00e9coller vos flux et atteindre un public plus large, c&rsquo;est la m\u00e9thode dont vous avez besoin.<\/p>\n<div id=\"attachment_4149\" class=\"wp-caption alignnone\">\n<div id=\"attachment_4149\" style=\"width: 1050px\" class=\"wp-caption aligncenter\"><img fetchpriority=\"high\" decoding=\"async\" aria-describedby=\"caption-attachment-4149\" class=\"entered lazyloaded wp-image-4149 size-full\" src=\"https:\/\/www.top1social.com\/es\/wp-content\/uploads\/sites\/2\/2022\/08\/Estadisticas-canal-twitch.png\" sizes=\"(max-width: 1040px) 100vw, 1040px\" srcset=\"https:\/\/www.top1social.com\/es\/wp-content\/uploads\/sites\/2\/2022\/08\/Estadisticas-canal-twitch.png 1040w, https:\/\/www.top1social.com\/es\/wp-content\/uploads\/sites\/2\/2022\/08\/Estadisticas-canal-twitch-300x100.png 300w, https:\/\/www.top1social.com\/es\/wp-content\/uploads\/sites\/2\/2022\/08\/Estadisticas-canal-twitch-1024x340.png 1024w, https:\/\/www.top1social.com\/es\/wp-content\/uploads\/sites\/2\/2022\/08\/Estadisticas-canal-twitch-766x254.png 766w, https:\/\/www.top1social.com\/es\/wp-content\/uploads\/sites\/2\/2022\/08\/Estadisticas-canal-twitch-1536x510.png 1536w, https:\/\/www.top1social.com\/es\/wp-content\/uploads\/sites\/2\/2022\/08\/Estadisticas-canal-twitch-2048x679.png 2048w, https:\/\/www.top1social.com\/es\/wp-content\/uploads\/sites\/2\/2022\/08\/Estadisticas-canal-twitch-452x150.png 452w, https:\/\/www.top1social.com\/es\/wp-content\/uploads\/sites\/2\/2022\/08\/Estadisticas-canal-twitch-100x33.png 100w, https:\/\/www.top1social.com\/es\/wp-content\/uploads\/sites\/2\/2022\/08\/Estadisticas-canal-twitch-1055x350.png 1055w, https:\/\/www.top1social.com\/es\/wp-content\/uploads\/sites\/2\/2022\/08\/Estadisticas-canal-twitch-788x261.png 788w, https:\/\/www.top1social.com\/es\/wp-content\/uploads\/sites\/2\/2022\/08\/Estadisticas-canal-twitch-600x199.png 600w\" alt=\"Acheter des Vues pour Live Twitch (Direct)\" width=\"1040\" height=\"345\" data-lazy-srcset=\"https:\/\/www.top1social.com\/es\/wp-content\/uploads\/sites\/2\/2022\/08\/Estadisticas-canal-twitch.png 1040w, https:\/\/www.top1social.com\/es\/wp-content\/uploads\/sites\/2\/2022\/08\/Estadisticas-canal-twitch-300x100.png 300w, https:\/\/www.top1social.com\/es\/wp-content\/uploads\/sites\/2\/2022\/08\/Estadisticas-canal-twitch-1024x340.png 1024w, https:\/\/www.top1social.com\/es\/wp-content\/uploads\/sites\/2\/2022\/08\/Estadisticas-canal-twitch-766x254.png 766w, https:\/\/www.top1social.com\/es\/wp-content\/uploads\/sites\/2\/2022\/08\/Estadisticas-canal-twitch-1536x510.png 1536w, https:\/\/www.top1social.com\/es\/wp-content\/uploads\/sites\/2\/2022\/08\/Estadisticas-canal-twitch-2048x679.png 2048w, https:\/\/www.top1social.com\/es\/wp-content\/uploads\/sites\/2\/2022\/08\/Estadisticas-canal-twitch-452x150.png 452w, https:\/\/www.top1social.com\/es\/wp-content\/uploads\/sites\/2\/2022\/08\/Estadisticas-canal-twitch-100x33.png 100w, https:\/\/www.top1social.com\/es\/wp-content\/uploads\/sites\/2\/2022\/08\/Estadisticas-canal-twitch-1055x350.png 1055w, https:\/\/www.top1social.com\/es\/wp-content\/uploads\/sites\/2\/2022\/08\/Estadisticas-canal-twitch-788x261.png 788w, https:\/\/www.top1social.com\/es\/wp-content\/uploads\/sites\/2\/2022\/08\/Estadisticas-canal-twitch-600x199.png 600w\" data-lazy-sizes=\"(max-width: 1040px) 100vw, 1040px\" data-lazy-src=\"https:\/\/www.top1social.com\/es\/wp-content\/uploads\/sites\/2\/2022\/08\/Estadisticas-canal-twitch.png\" data-ll-status=\"loaded\" data-lazy- title=\"\"><p id=\"caption-attachment-4149\" class=\"wp-caption-text\"><strong>Acheter des Vues pour Live Twitch (Direct)<\/strong><\/p><\/div>\n<p id=\"caption-attachment-4149\" class=\"wp-caption-text\"><strong>Acheter des Vues pour Live Twitch<\/strong><\/p>\n<\/div>\n<p><span class=\"\"><strong>Les t\u00e9l\u00e9spectateurs attireront des t\u00e9l\u00e9spectateurs organiques <\/strong> et, par cons\u00e9quent, le <strong> nombre total de t\u00e9l\u00e9spectateurs augmentera de fa\u00e7on exponentielle et obtiendra des r\u00e9alisations Twitch comme l&rsquo;ajout d&rsquo;annonces, des abonn\u00e9s payants ou devenir un affili\u00e9 <\/strong> . <\/span> Si vous n&rsquo;\u00eates toujours pas convaincu, assurez-vous de continuer \u00e0 lire.<\/p>\n<\/div>\n<h3 class=\"col-md-12 col-lg-6 feature-container\" style=\"text-align: center;\"><a class=\"product-feature\"><strong class=\"h3\">QU&rsquo;EST-CE QUE LES VUES TWITCH OU LES SPECTATEURS? <\/strong><\/a><\/h3>\n<div class=\"col-md-12 col-lg-6 feature-container\">\n<p><strong>L&rsquo;achat de Twitch Viewers <\/strong> est un service essentiel pour augmenter vos chances de recevoir plus de vues, d&rsquo;abonn\u00e9s et de dons que jamais auparavant. S\u00e9lectionnez l&rsquo;un de nos forfaits et atteignez le plus haut sur Twitch.<\/p>\n<\/div>\n<h3 class=\"col-md-12 col-lg-6 feature-container\" style=\"text-align: center;\">POURQUOI DEVRIEZ-VOUS ACHETER DES VUES TWITCH STREAM?<\/h3>\n<div class=\"col-md-12 col-lg-6 feature-container\">\n<p>Notre <strong> service Twitch Viewer <\/strong> vous donnera l&rsquo;avantage d&rsquo;am\u00e9liorer l&rsquo;apparence g\u00e9n\u00e9rale de vos flux en les rendant plus attrayants en augmentant le nombre de t\u00e9l\u00e9spectateurs qui vous regardent en direct.<\/p>\n<\/div>\n<h3 class=\"col-md-12 col-lg-6 feature-container\"><a class=\"product-feature\"><strong class=\"h3\"><span class=\"goog-text-highlight\">RISQUE R\u00c9DUIT <\/span><\/strong><\/a><\/h3>\n<div class=\"col-md-12 col-lg-6 feature-container\">\n<p>Il n&rsquo;y a aucun risque de baisse du nombre de spectateurs pendant la dur\u00e9e de visionnage du flux en direct achet\u00e9.<\/p>\n<\/div>\n<div class=\"col-md-12 col-lg-6 feature-container\">\n<h2 style=\"text-align: center;\"><span class=\"\">Pourquoi devrais-je acheter des Twitch Live Viewers? <\/span><strong>\u00a0<\/strong><\/h2>\n<p>Si vous choisissez <strong> d&rsquo;acheter des t\u00e9l\u00e9spectateurs sur Twitch <\/strong> , vous en b\u00e9n\u00e9ficierez grandement \u00e0 mesure que votre carri\u00e8re en streaming atteindra un niveau sup\u00e9rieur. <span class=\"\"> Tout d&rsquo;abord, l&rsquo; <strong> augmentation du nombre de t\u00e9l\u00e9spectateurs augmentera les chances que vous deveniez l&rsquo;une des cha\u00eenes sugg\u00e9r\u00e9es. <\/strong><\/span><\/p>\n<p>Nous vous recommandons \u00e9galement de d\u00e9velopper votre compte en <strong><a href=\"https:\/\/www.top1social.com\/fr\/produit\/acheter-followers-twitch\/\"> achetant des abonn\u00e9s Twitch <\/a><\/strong> pour grandir naturellement et appara\u00eetre sur les moteurs de recherche Twitch de mani\u00e8re organique.<\/p>\n<p><strong>Plus vous avez de t\u00e9l\u00e9spectateurs, plus vous avez de chances d&rsquo;attirer des t\u00e9l\u00e9spectateurs organiques <\/strong> . <span class=\"goog-text-highlight\"> Cela <strong> vous aidera \u00e9galement \u00e0 devenir un partenaire Twitch <\/strong> , l&rsquo;un des plus grands objectifs qu&rsquo;un streamer puisse atteindre. <\/span><\/p>\n<p>Gr\u00e2ce au soutien organique que vous recevrez indirectement, <strong> vos chances de recevoir de nouveaux abonn\u00e9s payants, des publicit\u00e9s sur vos vid\u00e9os et des dons doubleront, voire tripleront, <\/strong> en fonction du nombre de t\u00e9l\u00e9spectateurs que vous obtiendrez.<\/p>\n<\/div>\n","protected":false},"excerpt":{"rendered":"<p>Obtenez <strong> des Spectateurs en Direct pour TWITCH <\/strong><img decoding=\"async\" class=\"emoji entered lazyloaded alignnone\" role=\"img\" draggable=\"false\" src=\"https:\/\/s.w.org\/images\/core\/emoji\/13.1.0\/svg\/1f465.svg\" alt=\" \ud83d\udc65 Acheter des vues Twitch\" width=\"150\" height=\"150\" data-lazy-src=\"https:\/\/s.w.org\/images\/core\/emoji\/13.1.0\/svg\/1f465.svg\" data-ll-status=\"loaded\" \/><\/p>\n<p><strong><b>Ne manquez pas nos offres ! <\/b><img decoding=\"async\" class=\"emoji entered lazyloaded alignnone\" role=\"img\" draggable=\"false\" src=\"https:\/\/s.w.org\/images\/core\/emoji\/13.1.0\/svg\/1f4c8.svg\" alt=\" \ud83d\udcc8 Acheter des vues Twitch\" width=\"150\" height=\"150\" data-lazy-src=\"https:\/\/s.w.org\/images\/core\/emoji\/13.1.0\/svg\/1f4c8.svg\" data-ll-status=\"loaded\" \/><\/strong><\/p>\n<div class=\"pr_excerpt f_300 f_size_15\">\n<h5><b><img loading=\"lazy\" decoding=\"async\" class=\"emoji entered lazyloaded alignnone\" role=\"img\" draggable=\"false\" src=\"https:\/\/s.w.org\/images\/core\/emoji\/13.1.0\/svg\/2705.svg\" alt=\" \u2705 Acheter des vues Twitch\" width=\"150\" height=\"150\" data-lazy-src=\"https:\/\/s.w.org\/images\/core\/emoji\/13.1.0\/svg\/2705.svg\" data-ll-status=\"loaded\" \/><\/b>Comptes REAL LIVES TWITCH<\/h5>\n<h5><b><img decoding=\"async\" class=\"emoji entered lazyloaded\" role=\"img\" draggable=\"false\" src=\"https:\/\/s.w.org\/images\/core\/emoji\/13.1.0\/svg\/2705.svg\" alt=\" \u2705\" data-lazy-src=\"https:\/\/s.w.org\/images\/core\/emoji\/13.1.0\/svg\/2705.svg\" data-ll-status=\"loaded\" \/><\/b>Spectateurs avec garantie<\/h5>\n<h5><b><img decoding=\"async\" class=\"emoji entered lazyloaded\" role=\"img\" draggable=\"false\" src=\"https:\/\/s.w.org\/images\/core\/emoji\/13.1.0\/svg\/2705.svg\" alt=\" \u2705\" data-lazy-src=\"https:\/\/s.w.org\/images\/core\/emoji\/13.1.0\/svg\/2705.svg\" data-ll-status=\"loaded\" \/><\/b>Assistance 24h\/7<\/h5>\n<h5><b><img decoding=\"async\" class=\"emoji entered lazyloaded\" role=\"img\" draggable=\"false\" src=\"https:\/\/s.w.org\/images\/core\/emoji\/13.1.0\/svg\/2705.svg\" alt=\" \u2705\" data-lazy-src=\"https:\/\/s.w.org\/images\/core\/emoji\/13.1.0\/svg\/2705.svg\" data-ll-status=\"loaded\" \/><\/b>Livraison RAPIDE ET NATURELLE<\/h5>\n<h6 class=\"LC20lb DKV0Md\"><img decoding=\"async\" class=\"emoji entered lazyloaded\" role=\"img\" draggable=\"false\" src=\"https:\/\/s.w.org\/images\/core\/emoji\/13.1.0\/svg\/1f44c.svg\" alt=\" \ud83d\udc4c\" data-lazy-src=\"https:\/\/s.w.org\/images\/core\/emoji\/13.1.0\/svg\/1f44c.svg\" data-ll-status=\"loaded\" \/>PAIEMENT UNIQUE, AVEC GARANTIE INCLUSE<\/h6>\n[wpsm_update label=\"INFO\"]Nous vous recommandons de passer votre commande quelques heures \u00e0 l&rsquo;avance pour la pr\u00e9paration.[\/wpsm_update]\n<\/div>\n","protected":false},"featured_media":2302,"comment_status":"open","ping_status":"closed","template":"","meta":{"_gspb_post_css":""},"store":[150],"product_brand":[],"product_cat":[172],"product_tag":[230],"class_list":{"0":"post-2298","1":"product","2":"type-product","3":"status-publish","4":"has-post-thumbnail","6":"store-twitch","7":"product_cat-twitch","8":"product_tag-acheter-des-vues-pour-live-twitch-direct","9":"wcpa_has_options","11":"first","12":"instock","13":"sale","14":"taxable","15":"shipping-taxable","16":"purchasable","17":"product-type-variable"},"_links":{"self":[{"href":"https:\/\/www.top1social.com\/fr\/wp-json\/wp\/v2\/product\/2298","targetHints":{"allow":["GET"]}}],"collection":[{"href":"https:\/\/www.top1social.com\/fr\/wp-json\/wp\/v2\/product"}],"about":[{"href":"https:\/\/www.top1social.com\/fr\/wp-json\/wp\/v2\/types\/product"}],"replies":[{"embeddable":true,"href":"https:\/\/www.top1social.com\/fr\/wp-json\/wp\/v2\/comments?post=2298"}],"wp:featuredmedia":[{"embeddable":true,"href":"https:\/\/www.top1social.com\/fr\/wp-json\/wp\/v2\/media\/2302"}],"wp:attachment":[{"href":"https:\/\/www.top1social.com\/fr\/wp-json\/wp\/v2\/media?parent=2298"}],"wp:term":[{"taxonomy":"store","embeddable":true,"href":"https:\/\/www.top1social.com\/fr\/wp-json\/wp\/v2\/store?post=2298"},{"taxonomy":"product_brand","embeddable":true,"href":"https:\/\/www.top1social.com\/fr\/wp-json\/wp\/v2\/product_brand?post=2298"},{"taxonomy":"product_cat","embeddable":true,"href":"https:\/\/www.top1social.com\/fr\/wp-json\/wp\/v2\/product_cat?post=2298"},{"taxonomy":"product_tag","embeddable":true,"href":"https:\/\/www.top1social.com\/fr\/wp-json\/wp\/v2\/product_tag?post=2298"}],"curies":[{"name":"wp","href":"https:\/\/api.w.org\/{rel}","templated":true}]}}