{"id":2316,"date":"2022-12-14T09:49:41","date_gmt":"2022-12-14T08:49:41","guid":{"rendered":"https:\/\/www.top1social.com\/fr\/?post_type=product&#038;p=2316"},"modified":"2024-08-13T18:02:51","modified_gmt":"2024-08-13T17:02:51","slug":"acheter-des-vues-post-telegram","status":"publish","type":"product","link":"https:\/\/www.top1social.com\/fr\/produit\/acheter-des-vues-post-telegram\/","title":{"rendered":"Acheter des Vues Post Telegram"},"content":{"rendered":"<h2 class=\"col-md-12 col-lg-6 feature-container\" style=\"text-align: center;\"><a class=\"product-feature\"><strong class=\"h3\">ACHETER DES VUES POST TELEGRAM <\/strong><\/a><\/h2>\n<div class=\"col-md-12 col-lg-6 feature-container\">\n<p><strong>Obtenez maintenant de grandir dans Telegram <\/strong> gr\u00e2ce \u00e0 notre service d&rsquo; <strong> achat de vues de publication de Telegram <\/strong> , garantissant que les publications que vous partagez dans l&rsquo;application sont vues autant que vous le souhaitez.<\/p>\n<div class=\"wpsm_update mobfont90\"><span class=\"label-info\">PROMO <\/span><strong> Obtenez maintenant au meilleur prix notre service <a href=\"https:\/\/www.top1social.com\/fr\/produit\/acheter-des-abonnes-telegram-members\/\">acheter de membres Telegram <\/a>. <img decoding=\"async\" class=\"emoji\" role=\"img\" draggable=\"false\" src=\"https:\/\/s.w.org\/images\/core\/emoji\/14.0.0\/svg\/1f3c6.svg\" alt=\"\ud83c\udfc6\" title=\"\"><\/strong><\/div>\n<p><span class=\"\">Gr\u00e2ce \u00e0 ce forfait, <strong> les publications que vous partagez dans les groupes ou cha\u00eenes Telegram <\/strong> et les commentaires que vous \u00e9crivez sont vus et engag\u00e9s. <\/span><span class=\"\"> Ce sont les principaux <strong> avantages de l&rsquo;achat du package de vues Telegram <\/strong> ; <\/span><\/p>\n<ul>\n<li dir=\"ltr\" aria-level=\"1\"><strong>Vos messages obtiennent plus de vues, <\/strong><\/li>\n<li dir=\"ltr\" aria-level=\"1\">Augmentation de la port\u00e9e et de l&rsquo;engagement,<\/li>\n<li dir=\"ltr\" aria-level=\"1\"><strong>Plus de reconnaissance <\/strong> ,<\/li>\n<li dir=\"ltr\" aria-level=\"1\">Apparence la plus populaire et la plus prestigieuse,<\/li>\n<\/ul>\n<\/div>\n<h2 class=\"col-md-12 col-lg-6 feature-container\" style=\"text-align: center;\"><a class=\"product-feature\"><strong class=\"h3\">QU&rsquo;EST-CE QUE LES VUES POST TELEGRAM ? <\/strong><\/a><\/h2>\n<div class=\"col-md-12 col-lg-6 feature-container\">\n<p><strong>Gr\u00e2ce \u00e0 Telegram Post Vues<\/strong> , vous pouvez cr\u00e9er un large public au sein de l&rsquo;<a href=\"https:\/\/www.top1social.com\/fr\/produit-categorie\/telegram\/\"><strong>application Telegram <\/strong> <\/a> et vous pr\u00e9senter aux personnes dans le domaine dans lequel vous \u00eates un expert.<\/p>\n<p><span class=\"\">Si vous souhaitez toucher plus de personnes sur les plateformes de m\u00e9dias sociaux, vous devez toujours avoir l&rsquo;air populaire. <\/span><span class=\"\"> Gr\u00e2ce \u00e0 <strong> Telegram Post Views, vous pouvez gagner en popularit\u00e9 <\/strong> . <\/span><\/p>\n<h2 class=\"col-md-12 col-lg-6 feature-container\" style=\"text-align: center;\"><a class=\"product-feature\"><strong class=\"h3\">POURQUOI DEVRIEZ-VOUS ACHETER DES VUES POST TELEGRAM? <\/strong><\/a><\/h2>\n<p><span class=\"\">Vous pouvez fournir des visites r\u00e9guli\u00e8res d&rsquo;utilisateurs actifs et r\u00e9els aux publications que vous partagez. <\/span><strong> Le service de visite de poste peut vous amener au niveau que vous souhaitez <\/strong> . Vous pouvez acheter le service <strong> de visualisation de messages Telegram <\/strong> pour tout contenu que vous souhaitez. De plus, le service de visionnage de Telegram que nous fournissons est bon march\u00e9 et abordable pour tous les budgets.<\/p>\n<\/div>\n","protected":false},"excerpt":{"rendered":"<div class=\"woocommerce-product-details__short-description\">\n<p>Obtenez <strong> des vues pour TELEGRAM <\/strong><img decoding=\"async\" class=\"emoji entered lazyloaded alignnone\" role=\"img\" draggable=\"false\" src=\"https:\/\/s.w.org\/images\/core\/emoji\/13.1.0\/svg\/1f465.svg\" alt=\" \ud83d\udc65 Acheter des vues Post Telegram\" width=\"150\" height=\"150\" data-lazy-src=\"https:\/\/s.w.org\/images\/core\/emoji\/13.1.0\/svg\/1f465.svg\" data-ll-status=\"loaded\" \/><\/p>\n<p><strong><b>Ne manquez pas nos offres ! <\/b><img decoding=\"async\" class=\"emoji entered lazyloaded alignnone\" role=\"img\" draggable=\"false\" src=\"https:\/\/s.w.org\/images\/core\/emoji\/13.1.0\/svg\/1f4c8.svg\" alt=\" \ud83d\udcc8 Acheter des vues Post Telegram\" width=\"150\" height=\"150\" data-lazy-src=\"https:\/\/s.w.org\/images\/core\/emoji\/13.1.0\/svg\/1f4c8.svg\" data-ll-status=\"loaded\" \/><\/strong><\/p>\n<div class=\"pr_excerpt f_300 f_size_15\">\n<h5><b><img decoding=\"async\" class=\"emoji entered lazyloaded alignnone\" role=\"img\" draggable=\"false\" src=\"https:\/\/s.w.org\/images\/core\/emoji\/13.1.0\/svg\/2705.svg\" alt=\" \u2705 Acheter des vues Post Telegram\" width=\"150\" height=\"150\" data-lazy-src=\"https:\/\/s.w.org\/images\/core\/emoji\/13.1.0\/svg\/2705.svg\" data-ll-status=\"loaded\" \/><\/b>Obtenez des visites sur vos messages Telegram<\/h5>\n<h5><b><img decoding=\"async\" class=\"emoji entered lazyloaded\" role=\"img\" draggable=\"false\" src=\"https:\/\/s.w.org\/images\/core\/emoji\/13.1.0\/svg\/2705.svg\" alt=\" \u2705\" data-lazy-src=\"https:\/\/s.w.org\/images\/core\/emoji\/13.1.0\/svg\/2705.svg\" data-ll-status=\"loaded\" \/><\/b>Garantie 30 jours<\/h5>\n<h5><b><img decoding=\"async\" class=\"emoji entered lazyloaded\" role=\"img\" draggable=\"false\" src=\"https:\/\/s.w.org\/images\/core\/emoji\/13.1.0\/svg\/2705.svg\" alt=\" \u2705\" data-lazy-src=\"https:\/\/s.w.org\/images\/core\/emoji\/13.1.0\/svg\/2705.svg\" data-ll-status=\"loaded\" \/><\/b>Assistance 24h\/7<\/h5>\n<h5><b><img decoding=\"async\" class=\"emoji entered lazyloaded\" role=\"img\" draggable=\"false\" src=\"https:\/\/s.w.org\/images\/core\/emoji\/13.1.0\/svg\/2705.svg\" alt=\" \u2705\" data-lazy-src=\"https:\/\/s.w.org\/images\/core\/emoji\/13.1.0\/svg\/2705.svg\" data-ll-status=\"loaded\" \/><\/b>Livraison RAPIDE ET NATURELLE<\/h5>\n<h6 class=\"LC20lb DKV0Md\"><img decoding=\"async\" class=\"emoji entered lazyloaded\" role=\"img\" draggable=\"false\" src=\"https:\/\/s.w.org\/images\/core\/emoji\/13.1.0\/svg\/1f44c.svg\" alt=\" \ud83d\udc4c\" data-lazy-src=\"https:\/\/s.w.org\/images\/core\/emoji\/13.1.0\/svg\/1f44c.svg\" data-ll-status=\"loaded\" \/>PAIEMENT UNIQUE, AVEC GARANTIE INCLUSE<\/h6>\n<\/div>\n<\/div>\n","protected":false},"featured_media":2318,"comment_status":"open","ping_status":"closed","template":"","meta":{"_gspb_post_css":""},"store":[151],"product_brand":[],"product_cat":[173],"product_tag":[231],"class_list":{"0":"post-2316","1":"product","2":"type-product","3":"status-publish","4":"has-post-thumbnail","6":"store-telegram","7":"product_cat-telegram","8":"product_tag-acheter-des-vues-post-telegram","9":"wcpa_has_options","11":"first","12":"instock","13":"sale","14":"taxable","15":"shipping-taxable","16":"purchasable","17":"product-type-variable"},"_links":{"self":[{"href":"https:\/\/www.top1social.com\/fr\/wp-json\/wp\/v2\/product\/2316","targetHints":{"allow":["GET"]}}],"collection":[{"href":"https:\/\/www.top1social.com\/fr\/wp-json\/wp\/v2\/product"}],"about":[{"href":"https:\/\/www.top1social.com\/fr\/wp-json\/wp\/v2\/types\/product"}],"replies":[{"embeddable":true,"href":"https:\/\/www.top1social.com\/fr\/wp-json\/wp\/v2\/comments?post=2316"}],"wp:featuredmedia":[{"embeddable":true,"href":"https:\/\/www.top1social.com\/fr\/wp-json\/wp\/v2\/media\/2318"}],"wp:attachment":[{"href":"https:\/\/www.top1social.com\/fr\/wp-json\/wp\/v2\/media?parent=2316"}],"wp:term":[{"taxonomy":"store","embeddable":true,"href":"https:\/\/www.top1social.com\/fr\/wp-json\/wp\/v2\/store?post=2316"},{"taxonomy":"product_brand","embeddable":true,"href":"https:\/\/www.top1social.com\/fr\/wp-json\/wp\/v2\/product_brand?post=2316"},{"taxonomy":"product_cat","embeddable":true,"href":"https:\/\/www.top1social.com\/fr\/wp-json\/wp\/v2\/product_cat?post=2316"},{"taxonomy":"product_tag","embeddable":true,"href":"https:\/\/www.top1social.com\/fr\/wp-json\/wp\/v2\/product_tag?post=2316"}],"curies":[{"name":"wp","href":"https:\/\/api.w.org\/{rel}","templated":true}]}}