{"id":2328,"date":"2022-12-14T20:03:17","date_gmt":"2022-12-14T19:03:17","guid":{"rendered":"https:\/\/www.top1social.com\/fr\/?post_type=product&#038;p=2328"},"modified":"2023-01-02T12:52:56","modified_gmt":"2023-01-02T11:52:56","slug":"acheter-des-likes-twitter","status":"publish","type":"product","link":"https:\/\/www.top1social.com\/fr\/produit\/acheter-des-likes-twitter\/","title":{"rendered":"Acheter Des Likes Twitter"},"content":{"rendered":"<h2 style=\"text-align: center;\">Acheter Des Likes Twitter<\/h2>\n<p><strong>L&rsquo;achat de Twitter Likes vous aide \u00e0 d\u00e9marrer votre voyage de popularit\u00e9\u00a0! <\/strong> Vous connaissez ces moments o\u00f9 vous avez le tweet parfait, mais vous n&rsquo;obtenez pas <strong> les likes que votre tweet m\u00e9rite <\/strong> . Ne vous inqui\u00e9tez pas si vous ne parvenez pas \u00e0 atteindre les <strong> taux d&rsquo;engagement que vous vous \u00eates fix\u00e9s, car vous pouvez d\u00e9sormais acheter des likes Twitter et les obtenir tr\u00e8s facilement gr\u00e2ce \u00e0 notre service. <\/strong><\/p>\n<p>Avec de plus en plus <strong> d&rsquo;entreprises et d&rsquo;influenceurs <\/strong> cherchant refuge sur <strong> les nouvelles plateformes de m\u00e9dias sociaux comme <a href=\"https:\/\/www.top1social.com\/fr\/produit-categorie\/instagram\/\"> Instagram <\/a> et <a href=\"https:\/\/www.top1social.com\/fr\/produit-categorie\/tiktok\/\"> TikTok <\/a><\/strong> , les chances d&rsquo; <strong> \u00eatre vu sur Twitter augmentent <\/strong> . Pourtant, il faut un certain temps avant de devenir c\u00e9l\u00e8bre sur les r\u00e9seaux sociaux, vous pouvez aider <strong> en achetant des Likes Twitter. <\/strong><\/p>\n<div class=\"wpsm_update mobfont90\"><span class=\"label-info\">Mettre \u00e0 jour <\/span><strong> maintenant en promotion, vous pouvez <a href=\"https:\/\/www.top1social.com\/fr\/produit\/acheter-followers-twitter\/\"> acheter des abonn\u00e9s Twitter <\/a> au meilleur prix <\/strong><\/div>\n<p>Vous passez probablement beaucoup de temps \u00e0 cr\u00e9er et \u00e0 tweeter du contenu amusant. Parfois, malgr\u00e9 tous vos efforts, vous n&rsquo;obtenez pas les r\u00e9sultats escompt\u00e9s et <strong> vos tweets n&rsquo;ont pas la port\u00e9e qu&rsquo;ils m\u00e9ritent <\/strong> .<\/p>\n<p><strong>Nos Likes Twitter sont livr\u00e9s tr\u00e8s rapidement et peuvent donner \u00e0 votre tweet le coup de pouce dont il a besoin. <\/strong><\/p>\n<h2 style=\"text-align: center;\">Pourquoi acheter des Likes sur Twitter?<\/h2>\n<p><strong>Notre service Twitter Likes est livr\u00e9 tr\u00e8s rapidement juste apr\u00e8s la r\u00e9ception de votre paiement. <\/strong> L&rsquo;interface est facile \u00e0 utiliser. Nous essayons de vous offrir la meilleure qualit\u00e9 possible aux tarifs les plus abordables. Si vous rencontrez un probl\u00e8me ou avez des questions, vous pouvez toujours contacter notre service client.<\/p>\n<p><strong>Les mentions Likes sont repr\u00e9sent\u00e9es par une petite ic\u00f4ne en forme de c\u0153ur et sont utilis\u00e9es pour montrer votre appr\u00e9ciation pour un Tweet <\/strong> .<\/p>\n<p><strong>Acheter des likes suppl\u00e9mentaires sur Twitter rend votre compte Twitter plus populaire <\/strong> . \u00catre c\u00e9l\u00e8bre est ce qui compte vraiment sur Twitter, car les autres utilisateurs ne pr\u00eatent attention qu&rsquo;aux comptes populaires. De plus, <strong> l&rsquo;utilisation du bouton \u00ab Likes \u00bb sur Twitter fonctionne comme une fonction de sauvegarde <\/strong> , de sorte que les utilisateurs peuvent utiliser la fonction \u00ab Likes\u00bb pour trouver les tweets qu&rsquo;ils ont d\u00e9j\u00e0 aim\u00e9s.<\/p>\n<p>Certains sp\u00e9cialistes du marketing utilisent m\u00eame <strong> Twitter Likes comme index de ce qui attire l&rsquo;attention dans des domaines sp\u00e9cifiques. <\/strong><\/p>\n<p><strong>Vous pouvez acheter des likes Twitter avec nous rapidement et en toute s\u00e9curit\u00e9. <\/strong> Vous n&rsquo;aurez pas \u00e0 vous soucier de la qualit\u00e9 du service car il a \u00e9t\u00e9 prouv\u00e9 que Top1Social offre \u00e0 ses clients la meilleure qualit\u00e9. Le processus est super facile.<\/p>\n<h2 style=\"text-align: center;\">Quelle est l&rsquo;importance des Likes sur Twitter?<\/h2>\n<p>De nombreuses entreprises ont \u00e9galement cr\u00e9\u00e9 des comptes Twitter et exploitent <strong> leurs activit\u00e9s en ligne <\/strong> depuis un certain temps . Il est facile <strong> d&rsquo;atteindre votre public cible en tweetant et en vous montrant \u00e0 des millions d&rsquo;utilisateurs de Twitter <\/strong> ; cependant, ils ont besoin de taux d&rsquo;engagement \u00e9lev\u00e9s pour atteindre leurs objectifs. <strong> Acheter des likes pour votre Twitter est l&rsquo;un des moyens les plus efficaces d&rsquo;obtenir de l&rsquo;engagement. <\/strong><\/p>\n<p><strong>L&rsquo;achat de likes Twitter peut vous donner des taux d&rsquo;engagement plus \u00e9lev\u00e9s. <\/strong> Comme les comptes sont r\u00e9els, ils peuvent \u00e9galement <strong> retweeter vos tweets ou les obtenir avec notre service pour acheter des retweets sur Twitter <\/strong> et m\u00eame suivre votre compte s&rsquo;ils aiment votre contenu.<\/p>\n<h2 style=\"text-align: center;\">Comment obtenir plus de likes sur Twitter de mani\u00e8re organique<\/h2>\n<p><strong>Si vous souhaitez obtenir plus de likes de mani\u00e8re totalement organique, <\/strong> nous avons cr\u00e9\u00e9 pour vous une liste qui vous donne quelques conseils. Si vous suivez correctement ces recommandations, vous pouvez r\u00e9ussir sans acheter de service. Bien s\u00fbr, vous devrez consacrer \u00e9norm\u00e9ment de temps et d&rsquo;efforts \u00e0 cela.<\/p>\n<p><strong>Les likes Twitter, en revanche, sont plus faciles \u00e0 acheter en plus grand nombre, ce qui leur permet d&rsquo;\u00eatre plus populaires sur Twitter. <\/strong> Ils proviennent d&rsquo;utilisateurs r\u00e9els et personne ne peut les distinguer des vrais utilisateurs\u00a0; ils utilisent des photos et des informations de personnes r\u00e9elles dans leurs profils.<\/p>\n<p>Voici la liste :<\/p>\n<ul>\n<li><strong>Suivez et tweetez sur les sujets de la liste des sujets tendance. <\/strong><\/li>\n<li>Ne tweetez pas sur la politique si vous g\u00e9rez un compte de marque.<\/li>\n<li><strong>Utilisez des hashtags relatifs. <\/strong><\/li>\n<li><strong>Concevez vos tweets pour qu&rsquo;ils soient courts et directs. <\/strong><\/li>\n<li>Placez correctement les liens que vous souhaitez ajouter.<\/li>\n<li><strong>Organisez des tombolas ou des mini-concours si n\u00e9cessaire. <\/strong><\/li>\n<li>Programmez vos tweets. Ne les publiez pas toutes d&rsquo;un coup.<\/li>\n<li>Utilisez des GIF.<\/li>\n<li><strong>Taguez les autres. <\/strong><\/li>\n<li><strong>Cr\u00e9er des sondages. <\/strong><\/li>\n<li><strong>Trouvez les heures les plus charg\u00e9es de votre public cible et tweetez \u00e0 ces moments-l\u00e0. <\/strong><\/li>\n<\/ul>\n<h2 style=\"text-align: center;\">Comment Acheter des Likes Twitter peut-il vous aider?<\/h2>\n<p><strong>L&rsquo;achat de Twitter Likes vous aidera \u00e0 rayonner plus d&rsquo;autorit\u00e9 et de cr\u00e9dibilit\u00e9 sur Twitter. <\/strong> Un compte avec peu de followers et de likes n&rsquo;attirera pas rapidement de vrais likes et followers. L&rsquo;ajout de Likes \u00e0 vos tweets vous aidera \u00e0 obtenir rapidement plus de port\u00e9e sur Twitter.<\/p>\n<p><img decoding=\"async\" class=\"emoji entered lazyloaded\" role=\"img\" draggable=\"false\" src=\"https:\/\/s.w.org\/images\/core\/emoji\/14.0.0\/svg\/2705.svg\" alt=\"\u2705\" data-lazy-src=\"https:\/\/s.w.org\/images\/core\/emoji\/14.0.0\/svg\/2705.svg\" data-ll-status=\"loaded\" data-lazy- title=\"\">Vous voulez que votre profil ait l&rsquo;air plus populaire imm\u00e9diatement<\/p>\n<p><img decoding=\"async\" class=\"emoji entered lazyloaded\" role=\"img\" draggable=\"false\" src=\"https:\/\/s.w.org\/images\/core\/emoji\/14.0.0\/svg\/2705.svg\" alt=\"\u2705\" data-lazy-src=\"https:\/\/s.w.org\/images\/core\/emoji\/14.0.0\/svg\/2705.svg\" data-ll-status=\"loaded\" data-lazy- title=\"\"><strong>Vous voulez que vos Tweets aient plus de port\u00e9e <\/strong><\/p>\n<p><img decoding=\"async\" class=\"emoji entered lazyloaded\" role=\"img\" draggable=\"false\" src=\"https:\/\/s.w.org\/images\/core\/emoji\/14.0.0\/svg\/2705.svg\" alt=\"\u2705\" data-lazy-src=\"https:\/\/s.w.org\/images\/core\/emoji\/14.0.0\/svg\/2705.svg\" data-ll-status=\"loaded\" data-lazy- title=\"\">\u00cates-vous professionnel sur Twitter ?<\/p>\n<p><img decoding=\"async\" class=\"emoji entered lazyloaded\" role=\"img\" draggable=\"false\" src=\"https:\/\/s.w.org\/images\/core\/emoji\/14.0.0\/svg\/2705.svg\" alt=\" \u2705\" data-lazy-src=\"https:\/\/s.w.org\/images\/core\/emoji\/14.0.0\/svg\/2705.svg\" data-ll-status=\"loaded\" data-lazy- title=\"\"><strong>Vous cherchez \u00e0 d\u00e9velopper votre compte Twitter rapidement et facilement <\/strong><\/p>\n<p><img decoding=\"async\" class=\"emoji entered lazyloaded\" role=\"img\" draggable=\"false\" src=\"https:\/\/s.w.org\/images\/core\/emoji\/14.0.0\/svg\/2b50.svg\" alt=\" \u2b50\" data-lazy-src=\"https:\/\/s.w.org\/images\/core\/emoji\/14.0.0\/svg\/2b50.svg\" data-ll-status=\"loaded\" data-lazy- title=\"\"><img decoding=\"async\" class=\"emoji entered lazyloaded\" role=\"img\" draggable=\"false\" src=\"https:\/\/s.w.org\/images\/core\/emoji\/14.0.0\/svg\/2b50.svg\" alt=\" \u2b50\" data-lazy-src=\"https:\/\/s.w.org\/images\/core\/emoji\/14.0.0\/svg\/2b50.svg\" data-ll-status=\"loaded\" data-lazy- title=\"\"><img decoding=\"async\" class=\"emoji entered lazyloaded\" role=\"img\" draggable=\"false\" src=\"https:\/\/s.w.org\/images\/core\/emoji\/14.0.0\/svg\/2b50.svg\" alt=\" \u2b50\" data-lazy-src=\"https:\/\/s.w.org\/images\/core\/emoji\/14.0.0\/svg\/2b50.svg\" data-ll-status=\"loaded\" data-lazy- title=\"\"><img decoding=\"async\" class=\"emoji entered lazyloaded\" role=\"img\" draggable=\"false\" src=\"https:\/\/s.w.org\/images\/core\/emoji\/14.0.0\/svg\/2b50.svg\" alt=\" \u2b50\" data-lazy-src=\"https:\/\/s.w.org\/images\/core\/emoji\/14.0.0\/svg\/2b50.svg\" data-ll-status=\"loaded\" data-lazy- title=\"\"><img decoding=\"async\" class=\"emoji entered lazyloaded\" role=\"img\" draggable=\"false\" src=\"https:\/\/s.w.org\/images\/core\/emoji\/14.0.0\/svg\/2b50.svg\" alt=\" \u2b50\" data-lazy-src=\"https:\/\/s.w.org\/images\/core\/emoji\/14.0.0\/svg\/2b50.svg\" data-ll-status=\"loaded\" data-lazy- title=\"\">Seulement la <b> meilleure qualit\u00e9. <\/b><strong> Nous proposons des Likes Twitter de haute qualit\u00e9 \u00e0 un prix avantageux! <\/strong><\/p>\n<p><img decoding=\"async\" class=\"emoji entered lazyloaded\" role=\"img\" draggable=\"false\" src=\"https:\/\/s.w.org\/images\/core\/emoji\/14.0.0\/svg\/1f3c6.svg\" alt=\" \ud83c\udfc6\" data-lazy-src=\"https:\/\/s.w.org\/images\/core\/emoji\/14.0.0\/svg\/1f3c6.svg\" data-ll-status=\"loaded\" data-lazy- title=\"\"> <strong>Les Likes Twitter sont garantis 30 jours <\/strong><\/p>\n<h2 style=\"text-align: center;\">Comment puis-je acheter des likes Twitter?<\/h2>\n<p><strong>Pour acheter des likes Twitter, vous avez besoin du lien vers votre tweet. <\/strong> Vous pouvez le copier comme ceci :<\/p>\n<p><b>\u00c9tape 1 <\/b><\/p>\n<p>Cliquez sur l&rsquo; <strong> ic\u00f4ne \u00ab\u00a0Partager\u00a0\u00bb <\/strong> sur le tweet.<\/p>\n<p><b>\u00c9tape 2 <\/b><\/p>\n<p>S\u00e9lectionnez maintenant \u00a0\u00bb <strong> Copier le lien du tweet <\/strong> \u00a0\u00bb dans le menu contextuel.<\/p>\n<p><b>jus 3 <\/b><\/p>\n<p>L&rsquo;URL du tweet a maintenant \u00e9t\u00e9 <strong> copi\u00e9e dans votre presse-papiers. <\/strong><\/p>\n<p><b>\u00c9tape 4 <\/b><\/p>\n<p>Vous pouvez <strong> utiliser ce lien pour acheter des Likes Twitter sur cette m\u00eame page. <\/strong><\/p>\n<p>Choisissez le nombre de Likes que vous souhaitez acheter et collez le lien dans le champ URL. Apr\u00e8s r\u00e9ception de votre paiement, votre commande d\u00e9marrera automatiquement!<\/p>\n","protected":false},"excerpt":{"rendered":"<div class=\"woocommerce-product-details__short-description\">\n<p>Obtenir <strong> des Likes pour Twitter <\/strong><img decoding=\"async\" class=\"emoji entered lazyloaded alignnone\" role=\"img\" draggable=\"false\" src=\"https:\/\/s.w.org\/images\/core\/emoji\/13.1.0\/svg\/1f465.svg\" alt=\" \ud83d\udc65 Acheter des Likes Twitter\" width=\"150\" height=\"150\" data-lazy-src=\"https:\/\/s.w.org\/images\/core\/emoji\/13.1.0\/svg\/1f465.svg\" data-ll-status=\"loaded\" \/><\/p>\n<p><strong><b>Ne manquez pas nos offres ! <\/b><img decoding=\"async\" class=\"emoji entered lazyloaded alignnone\" role=\"img\" draggable=\"false\" src=\"https:\/\/s.w.org\/images\/core\/emoji\/13.1.0\/svg\/1f4c8.svg\" alt=\" \ud83d\udcc8 Acheter des Likes Twitter\" width=\"150\" height=\"150\" data-lazy-src=\"https:\/\/s.w.org\/images\/core\/emoji\/13.1.0\/svg\/1f4c8.svg\" data-ll-status=\"loaded\" \/><\/strong><\/p>\n<div class=\"pr_excerpt f_300 f_size_15\">\n<h5><b><img decoding=\"async\" class=\"emoji entered lazyloaded\" role=\"img\" draggable=\"false\" src=\"https:\/\/s.w.org\/images\/core\/emoji\/13.1.0\/svg\/2705.svg\" alt=\" \u2705\" data-lazy-src=\"https:\/\/s.w.org\/images\/core\/emoji\/13.1.0\/svg\/2705.svg\" data-ll-status=\"loaded\" \/><\/b>Likes de Twitter<\/h5>\n<h5><b><img decoding=\"async\" class=\"emoji entered lazyloaded\" role=\"img\" draggable=\"false\" src=\"https:\/\/s.w.org\/images\/core\/emoji\/13.1.0\/svg\/2705.svg\" alt=\" \u2705\" data-lazy-src=\"https:\/\/s.w.org\/images\/core\/emoji\/13.1.0\/svg\/2705.svg\" data-ll-status=\"loaded\" \/><\/b>Garantie 30 jours<\/h5>\n<h5><b><img decoding=\"async\" class=\"emoji entered lazyloaded\" role=\"img\" draggable=\"false\" src=\"https:\/\/s.w.org\/images\/core\/emoji\/13.1.0\/svg\/2705.svg\" alt=\" \u2705\" data-lazy-src=\"https:\/\/s.w.org\/images\/core\/emoji\/13.1.0\/svg\/2705.svg\" data-ll-status=\"loaded\" \/><\/b>Assistance 24h\/7<\/h5>\n<h5><b><img decoding=\"async\" class=\"emoji entered lazyloaded\" role=\"img\" draggable=\"false\" src=\"https:\/\/s.w.org\/images\/core\/emoji\/13.1.0\/svg\/2705.svg\" alt=\" \u2705\" data-lazy-src=\"https:\/\/s.w.org\/images\/core\/emoji\/13.1.0\/svg\/2705.svg\" data-ll-status=\"loaded\" \/><\/b>Livraison RAPIDE ET NATURELLE<\/h5>\n<h6 class=\"LC20lb DKV0Md\"><img decoding=\"async\" class=\"emoji entered lazyloaded\" role=\"img\" draggable=\"false\" src=\"https:\/\/s.w.org\/images\/core\/emoji\/13.1.0\/svg\/1f44c.svg\" alt=\" \ud83d\udc4c\" data-lazy-src=\"https:\/\/s.w.org\/images\/core\/emoji\/13.1.0\/svg\/1f44c.svg\" data-ll-status=\"loaded\" \/>PAIEMENT UNIQUE, AVEC GARANTIE INCLUSE<\/h6>\n<\/div>\n<\/div>\n","protected":false},"featured_media":2330,"comment_status":"open","ping_status":"closed","template":"","meta":{"_gspb_post_css":""},"store":[148],"product_brand":[],"product_cat":[170],"product_tag":[232],"class_list":{"0":"post-2328","1":"product","2":"type-product","3":"status-publish","4":"has-post-thumbnail","6":"store-twitter","7":"product_cat-twitter","8":"product_tag-acheter-des-likes-twitter","9":"wcpa_has_options","11":"first","12":"instock","13":"sale","14":"taxable","15":"shipping-taxable","16":"purchasable","17":"product-type-variable"},"_links":{"self":[{"href":"https:\/\/www.top1social.com\/fr\/wp-json\/wp\/v2\/product\/2328","targetHints":{"allow":["GET"]}}],"collection":[{"href":"https:\/\/www.top1social.com\/fr\/wp-json\/wp\/v2\/product"}],"about":[{"href":"https:\/\/www.top1social.com\/fr\/wp-json\/wp\/v2\/types\/product"}],"replies":[{"embeddable":true,"href":"https:\/\/www.top1social.com\/fr\/wp-json\/wp\/v2\/comments?post=2328"}],"wp:featuredmedia":[{"embeddable":true,"href":"https:\/\/www.top1social.com\/fr\/wp-json\/wp\/v2\/media\/2330"}],"wp:attachment":[{"href":"https:\/\/www.top1social.com\/fr\/wp-json\/wp\/v2\/media?parent=2328"}],"wp:term":[{"taxonomy":"store","embeddable":true,"href":"https:\/\/www.top1social.com\/fr\/wp-json\/wp\/v2\/store?post=2328"},{"taxonomy":"product_brand","embeddable":true,"href":"https:\/\/www.top1social.com\/fr\/wp-json\/wp\/v2\/product_brand?post=2328"},{"taxonomy":"product_cat","embeddable":true,"href":"https:\/\/www.top1social.com\/fr\/wp-json\/wp\/v2\/product_cat?post=2328"},{"taxonomy":"product_tag","embeddable":true,"href":"https:\/\/www.top1social.com\/fr\/wp-json\/wp\/v2\/product_tag?post=2328"}],"curies":[{"name":"wp","href":"https:\/\/api.w.org\/{rel}","templated":true}]}}