{"id":2367,"date":"2023-11-18T03:33:18","date_gmt":"2023-11-18T02:33:18","guid":{"rendered":"https:\/\/www.top1social.com\/fr\/?post_type=product&#038;p=2367"},"modified":"2023-11-18T11:48:42","modified_gmt":"2023-11-18T10:48:42","slug":"acheter-des-impressions-twitter","status":"publish","type":"product","link":"https:\/\/www.top1social.com\/fr\/produit\/acheter-des-impressions-twitter\/","title":{"rendered":"Acheter des Impressions Twitter X"},"content":{"rendered":"<h2 style=\"text-align: center;\"><a class=\"product-feature\"><strong class=\"h3\">QU&rsquo;EST-CE QUE LES IMPRESSIONS TWITTER X? <\/strong><\/a><\/h2>\n<p>Chaque fois que quelqu&rsquo;un voit votre tweet, vous avez une impression. <strong> Cela d\u00e9termine votre visibilit\u00e9 et votre popularit\u00e9 ; <\/strong> Twitter choisit les tweets \u00e0 sugg\u00e9rer en fonction de vos impressions. Vous pouvez maintenant augmenter votre popularit\u00e9 sur Twitter et grandir gr\u00e2ce \u00e0 notre <strong> service Acheter des impressions Twitter. <\/strong><\/p>\n<p><span class=\"\">Si votre objectif est <strong> de r\u00e9ussir dans le marketing num\u00e9rique <\/strong> , vous devez \u00eatre fort sur Twitter. <\/span> Une valeur cl\u00e9 pour faire du bien sur <strong> Twitter est de maintenir un nombre \u00e9lev\u00e9 d&rsquo;impressions <\/strong> . La valeur des impressions indique combien de fois une publication a \u00e9t\u00e9 vue.<\/p>\n<div class=\"wpsm_update mobfont90\"><span class=\"label-info\">Offres <\/span><strong> \u00e0 dur\u00e9e limit\u00e9e <a href=\"https:\/\/www.top1social.com\/fr\/produit\/acheter-followers-twitter\/\"> sur l&rsquo;achat d&rsquo;abonn\u00e9s Twitter <\/a> et de vues de vid\u00e9os Twitter <\/strong><\/div>\n<h2 style=\"text-align: center;\"><a class=\"product-feature\"><strong class=\"h3\"><span class=\"goog-text-highlight\">POURQUOI DEVRIEZ-VOUS ACHETER DES IMPRESSIONS TWITTER X? <\/span><\/strong><\/a><\/h2>\n<p>Lorsque vous avez <strong> beaucoup d&rsquo;impressions sur vos tweets, cela affectera positivement l&rsquo;algorithme de Twitter <\/strong> et Twitter commencera \u00e0 sugg\u00e9rer vos tweets \u00e0 un public beaucoup plus large, <strong> augmentant ainsi votre visibilit\u00e9. <\/strong><\/p>\n<h2 style=\"text-align: center;\">Acheter des impressions Twitter X?<\/h2>\n<p>Si votre objectif est de r\u00e9ussir <strong> dans le marketing num\u00e9rique, vous devez \u00eatre fort sur Twitter. <\/strong> Une valeur cl\u00e9 pour faire du bien sur Twitter est de maintenir un nombre \u00e9lev\u00e9 d&rsquo;impressions. La valeur de pouvoir <strong> acheter des impressions Twitter <\/strong> montre combien de fois une publication a \u00e9t\u00e9 vue. Cependant, ces informations ne deviennent significatives que si vous connaissez le niveau de port\u00e9e.<\/p>\n<p>Nous vous recommandons fortement de passer de votre <strong> compte Twitter \u00e0 un compte professionnel <\/strong> pour voir toutes ces mesures, m\u00eame si vous ne poss\u00e9dez pas d&rsquo;entreprise.<\/p>\n<p>De cette fa\u00e7on, <strong> Twitter vous permettra de voir de nombreuses statistiques sur vos tweets <\/strong> , et cela peut vous \u00eatre d&rsquo;une grande aide pour mieux comprendre quel type de contenu votre public aime. Avoir beaucoup d&rsquo;impressions indiquera \u00e0 l&rsquo;algorithme d&rsquo;augmenter vos tweets et vous obtiendrez beaucoup de likes, de followers, etc. Vous pouvez \u00eatre une personnalit\u00e9 Twitter populaire.<\/p>\n<p>Vous savez probablement qu&rsquo;\u00eatre <strong> populaire sur Twitter peut conduire \u00e0 signer des contrats avec des marques et \u00e0 ouvrir les portes du marketing num\u00e9rique <\/strong> . Si vous voulez \u00eatre c\u00e9l\u00e8bre et gagner de l&rsquo;argent avec Twitter, et si vous ne savez pas par o\u00f9 commencer, vous devriez <strong> acheter des impressions Twitter <\/strong> sur Top1Social.<\/p>\n<p>Une autre cl\u00e9 du succ\u00e8s sur Twitter serait d&rsquo;augmenter le nombre de vos abonn\u00e9s. Une large port\u00e9e d&rsquo;impressions ajout\u00e9e \u00e0 un bon nombre d&rsquo; <strong><a href=\"https:\/\/www.top1social.com\/fr\/produit\/acheter-followers-twitter\/\"> abonn\u00e9s sur Twitter <\/a><\/strong> vous aidera \u00e0 grandir dans ce r\u00e9seau social si populaire dans le monde entier.<\/p>\n","protected":false},"excerpt":{"rendered":"<div class=\"woocommerce-product-details__short-description\">\n<p>Obtenez <strong> des impressions pour Twitter X <\/strong><img decoding=\"async\" class=\"emoji entered lazyloaded alignnone\" role=\"img\" draggable=\"false\" src=\"https:\/\/s.w.org\/images\/core\/emoji\/13.1.0\/svg\/1f465.svg\" alt=\" \ud83d\udc65 Acheter des impressions Twitter\" width=\"150\" height=\"150\" data-lazy-src=\"https:\/\/s.w.org\/images\/core\/emoji\/13.1.0\/svg\/1f465.svg\" data-ll-status=\"loaded\" \/><\/p>\n<p><strong><b>Ne manquez pas nos offres! <\/b><img decoding=\"async\" class=\"emoji entered lazyloaded alignnone\" role=\"img\" draggable=\"false\" src=\"https:\/\/s.w.org\/images\/core\/emoji\/13.1.0\/svg\/1f4c8.svg\" alt=\" \ud83d\udcc8 Acheter des impressions Twitter\" width=\"150\" height=\"150\" data-lazy-src=\"https:\/\/s.w.org\/images\/core\/emoji\/13.1.0\/svg\/1f4c8.svg\" data-ll-status=\"loaded\" \/><\/strong><\/p>\n<p><strong>Maintenant le meilleur prix du march\u00e9\u00a0<b><img decoding=\"async\" class=\"emoji entered lazyloaded\" role=\"img\" draggable=\"false\" src=\"https:\/\/s.w.org\/images\/core\/emoji\/14.0.0\/svg\/1f525.svg\" alt=\"\ud83d\udd25\" data-lazy-src=\"https:\/\/s.w.org\/images\/core\/emoji\/14.0.0\/svg\/1f525.svg\" data-ll-status=\"loaded\" \/><\/b><\/strong><\/p>\n<div class=\"pr_excerpt f_300 f_size_15\">\n<h5><b><img decoding=\"async\" class=\"emoji entered lazyloaded\" role=\"img\" draggable=\"false\" src=\"https:\/\/s.w.org\/images\/core\/emoji\/13.1.0\/svg\/2705.svg\" alt=\" \u2705\" data-lazy-src=\"https:\/\/s.w.org\/images\/core\/emoji\/13.1.0\/svg\/2705.svg\" data-ll-status=\"loaded\" \/><\/b>D\u00e9veloppez votre compte Twitter X<\/h5>\n<h5><b><img decoding=\"async\" class=\"emoji entered lazyloaded\" role=\"img\" draggable=\"false\" src=\"https:\/\/s.w.org\/images\/core\/emoji\/13.1.0\/svg\/2705.svg\" alt=\" \u2705\" data-lazy-src=\"https:\/\/s.w.org\/images\/core\/emoji\/13.1.0\/svg\/2705.svg\" data-ll-status=\"loaded\" \/><\/b>Nos services ont une garantie de 30 jours<\/h5>\n<h5><b><img decoding=\"async\" class=\"emoji entered lazyloaded\" role=\"img\" draggable=\"false\" src=\"https:\/\/s.w.org\/images\/core\/emoji\/13.1.0\/svg\/2705.svg\" alt=\" \u2705\" data-lazy-src=\"https:\/\/s.w.org\/images\/core\/emoji\/13.1.0\/svg\/2705.svg\" data-ll-status=\"loaded\" \/><\/b>Assistance 24h\/7<\/h5>\n<h5><b><img decoding=\"async\" class=\"emoji entered lazyloaded\" role=\"img\" draggable=\"false\" src=\"https:\/\/s.w.org\/images\/core\/emoji\/13.1.0\/svg\/2705.svg\" alt=\" \u2705\" data-lazy-src=\"https:\/\/s.w.org\/images\/core\/emoji\/13.1.0\/svg\/2705.svg\" data-ll-status=\"loaded\" \/><\/b>Livraison RAPIDE ET NATURELLE<\/h5>\n<h6 class=\"LC20lb DKV0Md\"><img decoding=\"async\" class=\"emoji entered lazyloaded\" role=\"img\" draggable=\"false\" src=\"https:\/\/s.w.org\/images\/core\/emoji\/13.1.0\/svg\/1f44c.svg\" alt=\" \ud83d\udc4c\" data-lazy-src=\"https:\/\/s.w.org\/images\/core\/emoji\/13.1.0\/svg\/1f44c.svg\" data-ll-status=\"loaded\" \/>PAIEMENT UNIQUE, AVEC GARANTIE INCLUSE<\/h6>\n<\/div>\n<\/div>\n","protected":false},"featured_media":2369,"comment_status":"open","ping_status":"closed","template":"","meta":{"_gspb_post_css":""},"store":[148],"product_brand":[],"product_cat":[170],"product_tag":[235],"class_list":{"0":"post-2367","1":"product","2":"type-product","3":"status-publish","4":"has-post-thumbnail","6":"store-twitter","7":"product_cat-twitter","8":"product_tag-acheter-des-impressions-twitter","9":"wcpa_has_options","11":"first","12":"instock","13":"sale","14":"taxable","15":"shipping-taxable","16":"purchasable","17":"product-type-variable"},"_links":{"self":[{"href":"https:\/\/www.top1social.com\/fr\/wp-json\/wp\/v2\/product\/2367","targetHints":{"allow":["GET"]}}],"collection":[{"href":"https:\/\/www.top1social.com\/fr\/wp-json\/wp\/v2\/product"}],"about":[{"href":"https:\/\/www.top1social.com\/fr\/wp-json\/wp\/v2\/types\/product"}],"replies":[{"embeddable":true,"href":"https:\/\/www.top1social.com\/fr\/wp-json\/wp\/v2\/comments?post=2367"}],"wp:featuredmedia":[{"embeddable":true,"href":"https:\/\/www.top1social.com\/fr\/wp-json\/wp\/v2\/media\/2369"}],"wp:attachment":[{"href":"https:\/\/www.top1social.com\/fr\/wp-json\/wp\/v2\/media?parent=2367"}],"wp:term":[{"taxonomy":"store","embeddable":true,"href":"https:\/\/www.top1social.com\/fr\/wp-json\/wp\/v2\/store?post=2367"},{"taxonomy":"product_brand","embeddable":true,"href":"https:\/\/www.top1social.com\/fr\/wp-json\/wp\/v2\/product_brand?post=2367"},{"taxonomy":"product_cat","embeddable":true,"href":"https:\/\/www.top1social.com\/fr\/wp-json\/wp\/v2\/product_cat?post=2367"},{"taxonomy":"product_tag","embeddable":true,"href":"https:\/\/www.top1social.com\/fr\/wp-json\/wp\/v2\/product_tag?post=2367"}],"curies":[{"name":"wp","href":"https:\/\/api.w.org\/{rel}","templated":true}]}}