{"id":2383,"date":"2023-02-12T05:41:08","date_gmt":"2023-02-12T04:41:08","guid":{"rendered":"https:\/\/www.top1social.com\/fr\/?post_type=product&#038;p=2383"},"modified":"2026-04-04T02:25:31","modified_gmt":"2026-04-04T01:25:31","slug":"acheter-poll-votes-twitter","status":"publish","type":"product","link":"https:\/\/www.top1social.com\/fr\/produit\/acheter-poll-votes-twitter\/","title":{"rendered":"Acheter \u2018Poll Votes\u2019 Twitter"},"content":{"rendered":"<h2 style=\"text-align: center;\"><a class=\"product-feature\"><strong class=\"h3\"><span class=\"goog-text-highlight\">ACHETER DES \u2018POLL VOTES\u2019 DE TWITTER <\/span><\/strong><\/a><\/h2>\n<p>Si vous souhaitez <strong> augmenter la concurrence <\/strong> entre les opinions dans un <strong> sondage Twitter <\/strong> , vous pouvez <strong> acheter des votes de sondage Twitter \/ Acheter \u2018Poll Votes\u2019 Twitter. <\/strong> C&rsquo;est aussi bon pour obtenir plus de votes organiques et soutenir une opinion.<\/p>\n<p>Voulez-vous que l&rsquo;option qui int\u00e9resse le plus vos opinions gagne\u00a0? <strong> Avez-vous besoin de gagner un concours ou d&rsquo;avoir un refus d&rsquo;enqu\u00eate en votre faveur\u00a0? <\/strong> Avec nous, c&rsquo;est d\u00e9sormais possible, continuez \u00e0 lire !<\/p>\n<p>Lorsque <strong> vous achetez des votes pour des sondages sur Twitter, <\/strong> vous obtiendrez une plus grande capture de l&rsquo;audience qui verra clairement ce que vous proposez gr\u00e2ce \u00e0 un nombre consid\u00e9rable de votes. <strong> Obtenez maintenant au meilleur prix du march\u00e9 l&rsquo;un de nos services les plus demand\u00e9s. <\/strong><\/p>\n<p>Nous vous recommandons \u00e9galement de d\u00e9velopper votre compte pour qu&rsquo;il ait l&rsquo;air plus naturel avec nos <a href=\"https:\/\/www.top1social.com\/fr\/produit\/acheter-followers-twitter\/\"><strong> services Acheter des abonn\u00e9s Twitter <\/strong><\/a> et <strong> Acheter des likes Twitter <\/strong> .<\/p>\n<h2 style=\"text-align: center;\"><a class=\"product-feature\"><strong class=\"h3\"><span class=\"goog-text-highlight\">POURQUOI DEVRIEZ-VOUS ACHETER DES VOTES SUR TWITTER? <\/span><\/strong><\/a><\/h2>\n<p><strong>Twitter vous permet de cr\u00e9er des sondages en ligne <\/strong> et il est tr\u00e8s facile d&rsquo;y participer. Une fois que vous avez r\u00e9pondu, vous pouvez voir le pourcentage des r\u00e9ponses. Si vous rencontrez des difficult\u00e9s pour trouver des collaborateurs pour votre sondage, vous pouvez <strong> acheter des votes de sondage Twitter pour augmenter la concurrence entre les r\u00e9ponses <\/strong> . Une fois que la comp\u00e9tition se r\u00e9chauffe, plus de personnes voudront contribuer et vous pourrez obtenir des r\u00e9ponses plus organiques.<\/p>\n<p>Ceci est d&rsquo;une importance vitale pour <strong> les sondages politiques sur Twitter <\/strong> , ou <strong> les sondages sur un certain produit que vous parrainez <\/strong> .<\/p>\n<p>Une autre raison d&rsquo; <strong> acheter des votes de sondage <\/strong> est de renforcer la r\u00e9ponse que vous souhaitez. Si vous essayez de tester une option, vous pouvez \u00e9tayer votre opinion avec des votes <strong> achet\u00e9s dans des sondages <\/strong> . De cette fa\u00e7on, vous pouvez obtenir le r\u00e9sultat souhait\u00e9 et approuver votre option. Vous pouvez \u00e9galement utiliser <strong> les votes de sondage Twitter <\/strong> pour les sondages auxquels vous participez.<\/p>\n<h2 style=\"text-align: center;\">Comment acheter des votes de sondage Twitter<\/h2>\n<p><strong>Acheter des votes de sondage Twitter est vraiment tr\u00e8s simple avec notre <\/strong> outil facile \u00e0 utiliser. Vous pouvez le faire en suivant quelques \u00e9tapes. Une fois que vous avez termin\u00e9 les \u00e9tapes et achet\u00e9 vos votes de sondage, nous les enverrons rapidement. Voici les \u00e9tapes :<\/p>\n<ol>\n<li><strong>Copiez le lien du sondage <\/strong> et collez-le dans la premi\u00e8re case en haut de la page.<\/li>\n<li>Entrez ensuite <strong> le nombre de votes <\/strong> que vous souhaitez pour ce <strong> sondage <\/strong><a href=\"https:\/\/www.top1social.com\/fr\/produit-categorie\/twitter\/\"><strong>Twitter<\/strong><\/a>.<\/li>\n<li>Indiquez ensuite l&rsquo;option \u00e0 laquelle vous souhaitez envoyer les votes.<\/li>\n<li>Lorsque vous avez termin\u00e9, cliquez sur \u00ab\u00a0Ajouter au panier\u00a0\u00bb ou \u00ab\u00a0Acheter maintenant\u00a0\u00bb pour terminer votre achat.<\/li>\n<\/ol>\n<p>Comme vous pouvez le voir, cela ne n\u00e9cessite pas de processus compliqu\u00e9. <strong> Vous pouvez payer par carte ou avec Bizum, l&rsquo;un des modes de paiement les plus s\u00fbrs que vous puissiez utiliser <\/strong> . De plus, les services que vous recevez de notre part sont pr\u00e9sent\u00e9s avec une livraison rapide.<\/p>\n","protected":false},"excerpt":{"rendered":"<div class=\"woocommerce-product-details__short-description\">\n<p>Obtenez <strong> des votes pour les sondages Twitter <\/strong><img decoding=\"async\" class=\"emoji entered lazyloaded alignnone\" role=\"img\" draggable=\"false\" src=\"https:\/\/s.w.org\/images\/core\/emoji\/13.1.0\/svg\/1f465.svg\" alt=\" \ud83d\udc65 Acheter des votes de sondages Twitter\" width=\"150\" height=\"150\" data-lazy-src=\"https:\/\/s.w.org\/images\/core\/emoji\/13.1.0\/svg\/1f465.svg\" data-ll-status=\"loaded\" \/><\/p>\n<p><strong><b>Ne manquez pas nos offres! <\/b><img decoding=\"async\" class=\"emoji entered lazyloaded alignnone\" role=\"img\" draggable=\"false\" src=\"https:\/\/s.w.org\/images\/core\/emoji\/13.1.0\/svg\/1f4c8.svg\" alt=\" \ud83d\udcc8 Acheter des votes de sondages Twitter\" width=\"150\" height=\"150\" data-lazy-src=\"https:\/\/s.w.org\/images\/core\/emoji\/13.1.0\/svg\/1f4c8.svg\" data-ll-status=\"loaded\" \/><\/strong><\/p>\n<p><strong>Maintenant le meilleur prix du march\u00e9\u00a0<b><img decoding=\"async\" class=\"emoji entered lazyloaded\" role=\"img\" draggable=\"false\" src=\"https:\/\/s.w.org\/images\/core\/emoji\/14.0.0\/svg\/1f525.svg\" alt=\"\ud83d\udd25\" data-lazy-src=\"https:\/\/s.w.org\/images\/core\/emoji\/14.0.0\/svg\/1f525.svg\" data-ll-status=\"loaded\" \/><\/b><\/strong><\/p>\n<div class=\"pr_excerpt f_300 f_size_15\">\n<h5><b><img decoding=\"async\" class=\"emoji entered lazyloaded\" role=\"img\" draggable=\"false\" src=\"https:\/\/s.w.org\/images\/core\/emoji\/13.1.0\/svg\/2705.svg\" alt=\" \u2705\" data-lazy-src=\"https:\/\/s.w.org\/images\/core\/emoji\/13.1.0\/svg\/2705.svg\" data-ll-status=\"loaded\" \/><\/b>Voter pour les sondages Twitter<\/h5>\n<h5><b><img decoding=\"async\" class=\"emoji entered lazyloaded\" role=\"img\" draggable=\"false\" src=\"https:\/\/s.w.org\/images\/core\/emoji\/13.1.0\/svg\/2705.svg\" alt=\" \u2705\" data-lazy-src=\"https:\/\/s.w.org\/images\/core\/emoji\/13.1.0\/svg\/2705.svg\" data-ll-status=\"loaded\" \/><\/b>Garantie 30 jours<\/h5>\n<h5><b><img decoding=\"async\" class=\"emoji entered lazyloaded\" role=\"img\" draggable=\"false\" src=\"https:\/\/s.w.org\/images\/core\/emoji\/13.1.0\/svg\/2705.svg\" alt=\" \u2705\" data-lazy-src=\"https:\/\/s.w.org\/images\/core\/emoji\/13.1.0\/svg\/2705.svg\" data-ll-status=\"loaded\" \/><\/b>Assistance 24h\/7<\/h5>\n<h5><b><img decoding=\"async\" class=\"emoji entered lazyloaded\" role=\"img\" draggable=\"false\" src=\"https:\/\/s.w.org\/images\/core\/emoji\/13.1.0\/svg\/2705.svg\" alt=\" \u2705\" data-lazy-src=\"https:\/\/s.w.org\/images\/core\/emoji\/13.1.0\/svg\/2705.svg\" data-ll-status=\"loaded\" \/><\/b>Livraison RAPIDE ET NATURELLE<\/h5>\n<h6 class=\"LC20lb DKV0Md\"><img decoding=\"async\" class=\"emoji entered lazyloaded\" role=\"img\" draggable=\"false\" src=\"https:\/\/s.w.org\/images\/core\/emoji\/13.1.0\/svg\/1f44c.svg\" alt=\" \ud83d\udc4c\" data-lazy-src=\"https:\/\/s.w.org\/images\/core\/emoji\/13.1.0\/svg\/1f44c.svg\" data-ll-status=\"loaded\" \/>PAIEMENT UNIQUE, AVEC GARANTIE INCLUSE<\/h6>\n<\/div>\n<\/div>\n","protected":false},"featured_media":2385,"comment_status":"open","ping_status":"closed","template":"","meta":{"_gspb_post_css":""},"store":[148],"product_brand":[],"product_cat":[170],"product_tag":[236],"class_list":{"0":"post-2383","1":"product","2":"type-product","3":"status-publish","4":"has-post-thumbnail","6":"store-twitter","7":"product_cat-twitter","8":"product_tag-acheter-poll-votes-twitter","9":"wcpa_has_options","11":"first","12":"instock","13":"sale","14":"taxable","15":"shipping-taxable","16":"purchasable","17":"product-type-variable"},"_links":{"self":[{"href":"https:\/\/www.top1social.com\/fr\/wp-json\/wp\/v2\/product\/2383","targetHints":{"allow":["GET"]}}],"collection":[{"href":"https:\/\/www.top1social.com\/fr\/wp-json\/wp\/v2\/product"}],"about":[{"href":"https:\/\/www.top1social.com\/fr\/wp-json\/wp\/v2\/types\/product"}],"replies":[{"embeddable":true,"href":"https:\/\/www.top1social.com\/fr\/wp-json\/wp\/v2\/comments?post=2383"}],"wp:featuredmedia":[{"embeddable":true,"href":"https:\/\/www.top1social.com\/fr\/wp-json\/wp\/v2\/media\/2385"}],"wp:attachment":[{"href":"https:\/\/www.top1social.com\/fr\/wp-json\/wp\/v2\/media?parent=2383"}],"wp:term":[{"taxonomy":"store","embeddable":true,"href":"https:\/\/www.top1social.com\/fr\/wp-json\/wp\/v2\/store?post=2383"},{"taxonomy":"product_brand","embeddable":true,"href":"https:\/\/www.top1social.com\/fr\/wp-json\/wp\/v2\/product_brand?post=2383"},{"taxonomy":"product_cat","embeddable":true,"href":"https:\/\/www.top1social.com\/fr\/wp-json\/wp\/v2\/product_cat?post=2383"},{"taxonomy":"product_tag","embeddable":true,"href":"https:\/\/www.top1social.com\/fr\/wp-json\/wp\/v2\/product_tag?post=2383"}],"curies":[{"name":"wp","href":"https:\/\/api.w.org\/{rel}","templated":true}]}}