{"id":2415,"date":"2022-12-16T21:27:45","date_gmt":"2022-12-16T20:27:45","guid":{"rendered":"https:\/\/www.top1social.com\/fr\/?post_type=product&#038;p=2415"},"modified":"2023-01-02T12:58:34","modified_gmt":"2023-01-02T11:58:34","slug":"acheter-des-likes-youtube","status":"publish","type":"product","link":"https:\/\/www.top1social.com\/fr\/produit\/acheter-des-likes-youtube\/","title":{"rendered":"Acheter des Likes Youtube"},"content":{"rendered":"<h2 style=\"text-align: center;\"><span>Acheter des Likes YouTube <\/span><\/h2>\n<p><span class=\"goog-text-highlight\"><strong><span>Voulez-vous que votre vid\u00e9o ait l&rsquo;air extr\u00eamement populaire et devienne virale\u00a0? <\/span><\/strong>\u00a0<\/span><span> Maintenant, vous pouvez <\/span><strong><span> acheter des Likes YouTube <\/span><\/strong><span> facilement pour votre vid\u00e9o. En cons\u00e9quence, votre vid\u00e9o deviendra populaire et sera vue par de vraies personnes. <\/span><\/p>\n<p><span>Percer et devenir c\u00e9l\u00e8bre est tr\u00e8s difficile pour une cha\u00eene d\u00e9butante. <\/span><span class=\"\"><span> Ainsi, <\/span><strong><span> YouTube Likes et YouTube Views <\/span><\/strong><span> sur votre vid\u00e9o peuvent vous donner un gros coup de pouce au d\u00e9but. <\/span><\/span><\/p>\n<p><span class=\"goog-text-highlight\"><span>La plupart des gens ne parlent que <\/span><strong><span> de vues et d&rsquo;abonn\u00e9s sur leurs vid\u00e9os sur YouTube <\/span><\/strong><span> est beaucoup moins souvent discut\u00e9 <\/span><strong><span> , et YouTube Likes <\/span><\/strong><span> . <\/span><\/span><span> Est-ce important d&rsquo;avoir beaucoup de likes ? <\/span><span class=\"\"><span> Nous pouvons r\u00e9pondre un OUI retentissant \u00e0 cela. <\/span><\/span><strong><span> Les Likes YouTube ont un impact \u00e9norme sur le classement de vos vid\u00e9os et peuvent donner un \u00e9norme coup de pouce \u00e0 votre succ\u00e8s sur YouTube. <\/span><\/strong><\/p>\n<div class=\"wpsm_update mobfont90\"><span class=\"label-info\"><span>PROMO <\/span><\/span><strong><span> Obtenez maintenant des <\/span><a href=\"https:\/\/www.top1social.com\/fr\/produit\/acheter-des-vues-youtube\/\"><span> vues d&rsquo;offre pour vues vid\u00e9os YouTube <\/span><\/a><span> au meilleur prix <\/span><\/strong><\/div>\n<h2 style=\"text-align: center;\"><span>Pourquoi acheter des likes YouTube? <\/span><\/h2>\n<p><strong><span>YouTube permet \u00e0 tous les utilisateurs de t\u00e9l\u00e9charger leurs vid\u00e9os en cr\u00e9ant des cha\u00eenes. <\/span><\/strong><span> L&rsquo;ensemble du processus est totalement gratuit. Avec ces vid\u00e9os, <\/span><strong><span> les utilisateurs peuvent recevoir des abonn\u00e9s et <\/span><\/strong><span> des taux de visionnage de vid\u00e9os. <\/span><\/p>\n<p><img decoding=\"async\" class=\"emoji entered lazyloaded\" role=\"img\" draggable=\"false\" src=\"https:\/\/s.w.org\/images\/core\/emoji\/13.0.1\/svg\/2705.svg\" alt=\"\u2705\" data-lazy-src=\"https:\/\/s.w.org\/images\/core\/emoji\/13.0.1\/svg\/2705.svg\" data-ll-status=\"loaded\" data-lazy- title=\"\"><strong><span>Atteignez le sommet de YouTube\u00a0! <\/span><\/strong><\/p>\n<p><img decoding=\"async\" class=\"emoji entered lazyloaded\" role=\"img\" draggable=\"false\" src=\"https:\/\/s.w.org\/images\/core\/emoji\/13.0.1\/svg\/2705.svg\" alt=\" \u2705\" data-lazy-src=\"https:\/\/s.w.org\/images\/core\/emoji\/13.0.1\/svg\/2705.svg\" data-ll-status=\"loaded\" data-lazy- title=\"\"><span>Votre vid\u00e9o semble imm\u00e9diatement plus populaire <\/span><\/p>\n<p><img decoding=\"async\" class=\"emoji entered lazyloaded\" role=\"img\" draggable=\"false\" src=\"https:\/\/s.w.org\/images\/core\/emoji\/13.0.1\/svg\/2705.svg\" alt=\" \u2705\" data-lazy-src=\"https:\/\/s.w.org\/images\/core\/emoji\/13.0.1\/svg\/2705.svg\" data-ll-status=\"loaded\" data-lazy- title=\"\"><span>Votre vid\u00e9o est plus attrayante et est donc vue plus t\u00f4t\u00a0! <\/span><\/p>\n<p><img decoding=\"async\" class=\"emoji entered lazyloaded\" role=\"img\" draggable=\"false\" src=\"https:\/\/s.w.org\/images\/core\/emoji\/13.0.1\/svg\/2705.svg\" alt=\"\u2705\" data-lazy-src=\"https:\/\/s.w.org\/images\/core\/emoji\/13.0.1\/svg\/2705.svg\" data-ll-status=\"loaded\" data-lazy- title=\"\"><span>Un moyen simple et rapide de rendre votre cha\u00eene s\u00e9rieuse. <\/span><\/p>\n<p><img decoding=\"async\" class=\"emoji entered lazyloaded\" role=\"img\" draggable=\"false\" src=\"https:\/\/s.w.org\/images\/core\/emoji\/13.0.1\/svg\/2705.svg\" alt=\" \u2705\" data-lazy-src=\"https:\/\/s.w.org\/images\/core\/emoji\/13.0.1\/svg\/2705.svg\" data-ll-status=\"loaded\" data-lazy- title=\"\"><span>100% s\u00fbr et fiable <\/span><\/p>\n<p><span>Il y a toujours un <\/span><strong><span> bouton \u00ab\u00a0Like\u00a0\u00bb et \u00ab\u00a0Je Likes pas\u00a0\u00bb <\/span><\/strong><span> sous les vid\u00e9os t\u00e9l\u00e9charg\u00e9es sur YouTube. Ces boutons mesurent la popularit\u00e9 de votre vid\u00e9o et fonctionnent \u00e9galement comme un m\u00e9canisme de r\u00e9troaction. <\/span><strong><span> Il est essentiel que vous obteniez des likes pour vos vid\u00e9os <\/span><\/strong><span> . Pour vous assurer d&rsquo;obtenir plus de likes que de dislikes, vous pouvez <\/span><strong><span> acheter des likes YouTube <\/span><\/strong><span> . <\/span><\/p>\n<p><strong><span>Si vous voulez gagner de l&rsquo;argent sur YouTube, avoir beaucoup de likes est crucial. <\/span><\/strong><span> Si vous avez plus de likes, <\/span><strong><span> les r\u00e9sultats de recherche YouTube vous classeront plus haut que les autres vid\u00e9os <\/span><\/strong><span> . \u00catre en t\u00eate des r\u00e9sultats de recherche augmentera toujours <\/span><strong><span> le nombre de vues de votre vid\u00e9o <\/span><\/strong><span> . Apr\u00e8s un certain point, les visites que vous obtenez se stabilisent, ce qui peut cr\u00e9er un revenu passif. <\/span><\/p>\n<p><strong><span>Gagner de l&rsquo;argent sur YouTube vous encouragera s\u00fbrement \u00e0 produire plus de vid\u00e9os. <\/span><\/strong><\/p>\n<p><span>De plus, il est possible <\/span><strong><span> d&rsquo;appara\u00eetre sur Trends <\/span><\/strong><span> si vous jouez bien vos cartes. <\/span><strong><span> Un grand nombre de likes rendra s\u00fbrement votre cha\u00eene plus visible <\/span><\/strong><span> . En cons\u00e9quence, vous appara\u00eetrez mieux dans les recherches et gagnerez \u00e9galement du trafic organique directement. <\/span><\/p>\n<p><strong><span>Si votre contenu est de haute qualit\u00e9 et divertissant <\/span><\/strong><span> , vos taux de visionnage peuvent faire boule de neige et vous pouvez figurer sur la liste des vid\u00e9os tendance. Il y a beaucoup de YouTubers qui consultent la <\/span><strong><span> liste des tendances <\/span><\/strong><span> et voient ce qu&rsquo;ils y trouvent, donc une fois que vous serez sur cette liste, vos vues (et vos revenus) augmenteront encore plus. <\/span><\/p>\n<h2 style=\"text-align: center;\"><span>Qu&rsquo;est-ce que le classement YouTube? <\/span><\/h2>\n<p><strong><span>YouTube dispose d&rsquo;un algorithme con\u00e7u pour proposer des vid\u00e9os pertinentes selon les go\u00fbts des utilisateurs. <\/span><\/strong><span> YouTube est le deuxi\u00e8me plus grand moteur de recherche au monde, juste apr\u00e8s Google, propri\u00e9taire de YouTube. <\/span><\/p>\n<p><span>Ainsi, leurs algorithmes fonctionnent ensemble, et <\/span><strong><span> si vous optimisez votre vid\u00e9o pour qu&rsquo;elle apparaisse plus haut dans <\/span><\/strong><span> les SERP de Google (page de r\u00e9sultats des moteurs de recherche), vous serez \u00e9galement mieux class\u00e9 dans les SERP de YouTube. L&rsquo;algorithme analyse la pertinence de chaque vid\u00e9o puis les indexe. <\/span><\/p>\n<p><strong><span>L&rsquo;algorithme prend en compte plusieurs facteurs <\/span><\/strong><span> lors de la d\u00e9termination du classement des vid\u00e9os YouTube. Les go\u00fbts sont l&rsquo;un de ces facteurs importants. <\/span><strong><span> Plus les vid\u00e9os re\u00e7oivent de \u00ab\u00a0Likes\u00a0\u00bb, plus elles se classeront en haut des r\u00e9sultats de recherche <\/span><\/strong><span> . Par cons\u00e9quent, si vous souhaitez que vos vid\u00e9os apparaissent en haut des SERP, il est crucial d&rsquo;avoir des likes sous vos vid\u00e9os. <\/span><\/p>\n<h2 style=\"text-align: center;\"><span>Quels sont les avantages d&rsquo;acheter des Likes YouTube? <\/span><\/h2>\n<p><strong><span>Vous obtiendrez tous les likes que vous voulez, au lieu d&rsquo;attendre que les likes arrivent <\/span><\/strong><span> . Consid\u00e9rez cela comme un investissement, car <\/span><strong><span> vous obtiendrez plus de vues <\/span><\/strong><span> , un classement plus \u00e9lev\u00e9 dans les r\u00e9sultats de recherche et <\/span><strong><span> plus de revenus de Google AdSense. <\/span><\/strong><\/p>\n<p><span>Que vous soyez un propri\u00e9taire d&rsquo;entreprise faisant la promotion de vos produits sur YouTube ou simplement un YouTuber r\u00e9gulier, <\/span><strong><span> les likes peuvent vous aider \u00e0 obtenir les meilleurs r\u00e9sultats de votre contenu, \u00e0 toucher plus de personnes et \u00e0 augmenter vos revenus en un rien de temps. <\/span><\/strong><\/p>\n<h2 style=\"text-align: center;\"><span class=\"goog-text-highlight\"><span>Puis-je acheter plusieurs Likes sur ma vid\u00e9o YouTube? <\/span><\/span><\/h2>\n<p><span>Il est recommand\u00e9 d&rsquo;acheter des Likes en combinaison avec <\/span><strong><a href=\"https:\/\/www.top1social.com\/fr\/produit\/acheter-des-vues-youtube\/\"><span> des vues YouTube<\/span><\/a><\/strong><span>. Achetez 10 \u00e0 15 fois plus de vues que de likes pour votre vid\u00e9o YouTube pour lui donner un aspect r\u00e9el. En plus des mentions Likes et des vues, c&rsquo;est une bonne id\u00e9e d&rsquo;ajouter <\/span><strong><a href=\"https:\/\/www.top1social.com\/fr\/produit\/acheter-des-abonnes-youtube\/\"><span> des abonn\u00e9s pour YouTube<\/span><\/a><\/strong><span>. Cela stimule l&rsquo;engagement sur vos vid\u00e9os et les gens restent encore plus longtemps. <\/span><\/p>\n","protected":false},"excerpt":{"rendered":"<div class=\"woocommerce-product-details__short-description\">\n<p><span>Obtenez <\/span><strong><span> des Likes pour YouTube <\/span><\/strong>\u00a0<img decoding=\"async\" class=\"emoji entered lazyloaded alignnone\" role=\"img\" draggable=\"false\" src=\"https:\/\/s.w.org\/images\/core\/emoji\/13.1.0\/svg\/1f465.svg\" alt=\" \ud83d\udc65 Acheter des Likes Youtube\" width=\"150\" height=\"150\" data-lazy-src=\"https:\/\/s.w.org\/images\/core\/emoji\/13.1.0\/svg\/1f465.svg\" data-ll-status=\"loaded\" \/><\/p>\n<p><strong><b><span>Ne manquez pas nos offres ! <\/span><\/b><img decoding=\"async\" class=\"emoji entered lazyloaded alignnone\" role=\"img\" draggable=\"false\" src=\"https:\/\/s.w.org\/images\/core\/emoji\/13.1.0\/svg\/1f4c8.svg\" alt=\" \ud83d\udcc8 Acheter des Likes Youtube\" width=\"150\" height=\"150\" data-lazy-src=\"https:\/\/s.w.org\/images\/core\/emoji\/13.1.0\/svg\/1f4c8.svg\" data-ll-status=\"loaded\" \/><\/strong><\/p>\n<div class=\"pr_excerpt f_300 f_size_15\">\n<h5><b><img decoding=\"async\" class=\"emoji entered lazyloaded\" role=\"img\" draggable=\"false\" src=\"https:\/\/s.w.org\/images\/core\/emoji\/13.1.0\/svg\/2705.svg\" alt=\" \u2705\" data-lazy-src=\"https:\/\/s.w.org\/images\/core\/emoji\/13.1.0\/svg\/2705.svg\" data-ll-status=\"loaded\" \/><\/b><span>T\u00e9l\u00e9charger sur YouTube avec nos services <\/span><\/h5>\n<h5><b><img decoding=\"async\" class=\"emoji entered lazyloaded\" role=\"img\" draggable=\"false\" src=\"https:\/\/s.w.org\/images\/core\/emoji\/13.1.0\/svg\/2705.svg\" alt=\" \u2705\" data-lazy-src=\"https:\/\/s.w.org\/images\/core\/emoji\/13.1.0\/svg\/2705.svg\" data-ll-status=\"loaded\" \/><\/b><span>Obtenez l&rsquo;autorit\u00e9 que vous recherchez\u00a0! <\/span><\/h5>\n<h5><b><img decoding=\"async\" class=\"emoji entered lazyloaded\" role=\"img\" draggable=\"false\" src=\"https:\/\/s.w.org\/images\/core\/emoji\/13.1.0\/svg\/2705.svg\" alt=\" \u2705\" data-lazy-src=\"https:\/\/s.w.org\/images\/core\/emoji\/13.1.0\/svg\/2705.svg\" data-ll-status=\"loaded\" \/><\/b><span>Assistance 24h\/7 <\/span><\/h5>\n<h5><b><img decoding=\"async\" class=\"emoji entered lazyloaded\" role=\"img\" draggable=\"false\" src=\"https:\/\/s.w.org\/images\/core\/emoji\/13.1.0\/svg\/2705.svg\" alt=\" \u2705\" data-lazy-src=\"https:\/\/s.w.org\/images\/core\/emoji\/13.1.0\/svg\/2705.svg\" data-ll-status=\"loaded\" \/><\/b><span>Livraison RAPIDE ET NATURELLE <\/span><\/h5>\n<h6 class=\"LC20lb DKV0Md\"><img decoding=\"async\" class=\"emoji entered lazyloaded\" role=\"img\" draggable=\"false\" src=\"https:\/\/s.w.org\/images\/core\/emoji\/13.1.0\/svg\/1f44c.svg\" alt=\" \ud83d\udc4c\" data-lazy-src=\"https:\/\/s.w.org\/images\/core\/emoji\/13.1.0\/svg\/1f44c.svg\" data-ll-status=\"loaded\" \/><span>PAIEMENT UNIQUE, AVEC GARANTIE INCLUSE <\/span><\/h6>\n<\/div>\n<\/div>\n","protected":false},"featured_media":2417,"comment_status":"open","ping_status":"closed","template":"","meta":{"_gspb_post_css":""},"store":[149],"product_brand":[],"product_cat":[168],"product_tag":[238],"class_list":{"0":"post-2415","1":"product","2":"type-product","3":"status-publish","4":"has-post-thumbnail","6":"store-youtube","7":"product_cat-youtube","8":"product_tag-acheter-des-likes-youtube","9":"wcpa_has_options","11":"first","12":"instock","13":"sale","14":"taxable","15":"shipping-taxable","16":"purchasable","17":"product-type-variable"},"_links":{"self":[{"href":"https:\/\/www.top1social.com\/fr\/wp-json\/wp\/v2\/product\/2415","targetHints":{"allow":["GET"]}}],"collection":[{"href":"https:\/\/www.top1social.com\/fr\/wp-json\/wp\/v2\/product"}],"about":[{"href":"https:\/\/www.top1social.com\/fr\/wp-json\/wp\/v2\/types\/product"}],"replies":[{"embeddable":true,"href":"https:\/\/www.top1social.com\/fr\/wp-json\/wp\/v2\/comments?post=2415"}],"wp:featuredmedia":[{"embeddable":true,"href":"https:\/\/www.top1social.com\/fr\/wp-json\/wp\/v2\/media\/2417"}],"wp:attachment":[{"href":"https:\/\/www.top1social.com\/fr\/wp-json\/wp\/v2\/media?parent=2415"}],"wp:term":[{"taxonomy":"store","embeddable":true,"href":"https:\/\/www.top1social.com\/fr\/wp-json\/wp\/v2\/store?post=2415"},{"taxonomy":"product_brand","embeddable":true,"href":"https:\/\/www.top1social.com\/fr\/wp-json\/wp\/v2\/product_brand?post=2415"},{"taxonomy":"product_cat","embeddable":true,"href":"https:\/\/www.top1social.com\/fr\/wp-json\/wp\/v2\/product_cat?post=2415"},{"taxonomy":"product_tag","embeddable":true,"href":"https:\/\/www.top1social.com\/fr\/wp-json\/wp\/v2\/product_tag?post=2415"}],"curies":[{"name":"wp","href":"https:\/\/api.w.org\/{rel}","templated":true}]}}