{"id":2431,"date":"2022-12-26T11:51:23","date_gmt":"2022-12-26T10:51:23","guid":{"rendered":"https:\/\/www.top1social.com\/fr\/?post_type=product&#038;p=2431"},"modified":"2023-05-13T10:35:16","modified_gmt":"2023-05-13T09:35:16","slug":"acheter-des-vues-youtube-haute-retention-hrv","status":"publish","type":"product","link":"https:\/\/www.top1social.com\/fr\/produit\/acheter-des-vues-youtube-haute-retention-hrv\/","title":{"rendered":"Acheter des Vues YouTube Haute R\u00e9tention HRV"},"content":{"rendered":"<h2 style=\"text-align: center;\">Acheter des vues YouTube \u00e0 haute r\u00e9tention<\/h2>\n<p>Gr\u00e2ce \u00e0 nos services, vous pouvez d\u00e9sormais <strong> acheter des vues YouTube \u00e0 haute r\u00e9tention <\/strong> pour faciliter votre processus de mon\u00e9tisation ou pour <strong> monter dans les positions de l&rsquo;algorithme YouTube <\/strong> .<\/p>\n<p>Quand il s&rsquo;agit d&rsquo;acheter du temps de r\u00e9tention vid\u00e9o, faites-nous confiance. Comme nous l&rsquo;avons d\u00e9j\u00e0 dit, si vous ne voulez pas perdre de temps <strong> \u00e0 obtenir des heures de visionnage <\/strong> , ou si vous voulez gravir les \u00e9chelons de mani\u00e8re organique, engagez le service dont vous avez besoin.<\/p>\n<div class=\"wpsm_update mobfont90\"><span class=\"label-info\">PROMO <\/span><strong> Obtenez maintenant au meilleur prix notre service <a href=\"https:\/\/www.top1social.com\/fr\/produit\/acheter-des-abonnes-youtube\/\">Acheter des Abonn\u00e9s YouTube<\/a>. <\/strong><\/div>\n<p>Commencez \u00e0 d\u00e9velopper sur YouTube et commencez \u00e0 mon\u00e9tiser votre cha\u00eene en gagnant de l&rsquo;argent avec YouTube. Aussi, c&rsquo;est tr\u00e8s facile.<\/p>\n<h2 style=\"text-align: center;\">Pourquoi acheter des vues YouTube \u00e0 haute r\u00e9tention\u00a0?<\/h2>\n<p>Vous pouvez acheter <strong> des vues \u00e0 haute r\u00e9tention pour YouTube et commencer \u00e0 vous d\u00e9velopper de mani\u00e8re organique <\/strong> . Ce service est l&rsquo;un des meilleurs pour se positionner dans le <a href=\"https:\/\/www.top1social.com\/fr\/produit-categorie\/youtube\/\"><strong> moteur de recherche YouTube <\/strong><\/a> .<\/p>\n<p>Il semble que l&rsquo;achat de ces heures soit un gaspillage d&rsquo;argent ; cependant, <strong> il vous rendra l&rsquo;argent que vous gagnez gr\u00e2ce \u00e0 vos vid\u00e9os <\/strong> . Vous pouvez donc le consid\u00e9rer comme un investissement.<\/p>\n<p><strong>YouTube est la plateforme id\u00e9ale pour gagner de l&rsquo;argent <\/strong> . Par cons\u00e9quent, le meilleur moyen de <strong> mon\u00e9tiser votre compte <\/strong> le plus rapidement possible est d&rsquo;acheter ce type de visites pour positionner vos vid\u00e9os dans les premi\u00e8res positions.<\/p>\n<p>Le but des services pour atteindre une r\u00e9tention tr\u00e8s \u00e9lev\u00e9e dans leurs vid\u00e9os est <strong> de mieux se positionner dans les r\u00e9sultats de recherche YouTube, <\/strong> \u00e9galement appel\u00e9s YouTube SERPS. Il am\u00e9liorera la qualit\u00e9 de vos vid\u00e9os avant l&rsquo;algorithme YouTube, information que vous pourrez consulter depuis votre <strong> panneau de statistiques YouTube Studio. <\/strong><\/p>\n","protected":false},"excerpt":{"rendered":"<div class=\"woocommerce-product-details__short-description\">\n<p>Obtenez <strong> des vues avec une r\u00e9tention \u00e9lev\u00e9e pour YouTube <\/strong>\u00a0<img decoding=\"async\" class=\"emoji entered lazyloaded alignnone\" role=\"img\" draggable=\"false\" src=\"https:\/\/s.w.org\/images\/core\/emoji\/13.1.0\/svg\/1f465.svg\" alt=\" \ud83d\udc65 Acheter des vues YouTube \u00e0 haute r\u00e9tention\" width=\"150\" height=\"150\" data-lazy-src=\"https:\/\/s.w.org\/images\/core\/emoji\/13.1.0\/svg\/1f465.svg\" data-ll-status=\"loaded\" \/><\/p>\n<p><strong><b>Ne manquez pas nos offres! <\/b><img decoding=\"async\" class=\"emoji entered lazyloaded alignnone\" role=\"img\" draggable=\"false\" src=\"https:\/\/s.w.org\/images\/core\/emoji\/13.1.0\/svg\/1f4c8.svg\" alt=\" \ud83d\udcc8 Acheter des vues YouTube \u00e0 haute r\u00e9tention\" width=\"150\" height=\"150\" data-lazy-src=\"https:\/\/s.w.org\/images\/core\/emoji\/13.1.0\/svg\/1f4c8.svg\" data-ll-status=\"loaded\" \/><\/strong><\/p>\n<div class=\"pr_excerpt f_300 f_size_15\">\n<h5><b><img decoding=\"async\" class=\"emoji entered lazyloaded\" role=\"img\" draggable=\"false\" src=\"https:\/\/s.w.org\/images\/core\/emoji\/13.1.0\/svg\/2705.svg\" alt=\" \u2705\" data-lazy-src=\"https:\/\/s.w.org\/images\/core\/emoji\/13.1.0\/svg\/2705.svg\" data-ll-status=\"loaded\" \/><\/b>T\u00e9l\u00e9chargez sur YouTube avec nos VISITES<\/h5>\n<h5><b><img decoding=\"async\" class=\"emoji entered lazyloaded\" role=\"img\" draggable=\"false\" src=\"https:\/\/s.w.org\/images\/core\/emoji\/13.1.0\/svg\/2705.svg\" alt=\" \u2705\" data-lazy-src=\"https:\/\/s.w.org\/images\/core\/emoji\/13.1.0\/svg\/2705.svg\" data-ll-status=\"loaded\" \/><\/b>Obtenez la mon\u00e9tisation que vous recherchez\u00a0!<\/h5>\n<h5><b><img decoding=\"async\" class=\"emoji entered lazyloaded\" role=\"img\" draggable=\"false\" src=\"https:\/\/s.w.org\/images\/core\/emoji\/13.1.0\/svg\/2705.svg\" alt=\" \u2705\" data-lazy-src=\"https:\/\/s.w.org\/images\/core\/emoji\/13.1.0\/svg\/2705.svg\" data-ll-status=\"loaded\" \/><\/b>Assistance 24h\/7<\/h5>\n<h5><b><img decoding=\"async\" class=\"emoji entered lazyloaded\" role=\"img\" draggable=\"false\" src=\"https:\/\/s.w.org\/images\/core\/emoji\/13.1.0\/svg\/2705.svg\" alt=\" \u2705\" data-lazy-src=\"https:\/\/s.w.org\/images\/core\/emoji\/13.1.0\/svg\/2705.svg\" data-ll-status=\"loaded\" \/><\/b>Livraison RAPIDE ET NATURELLE<\/h5>\n<h6 class=\"LC20lb DKV0Md\"><img decoding=\"async\" class=\"emoji entered lazyloaded\" role=\"img\" draggable=\"false\" src=\"https:\/\/s.w.org\/images\/core\/emoji\/13.1.0\/svg\/1f44c.svg\" alt=\" \ud83d\udc4c\" data-lazy-src=\"https:\/\/s.w.org\/images\/core\/emoji\/13.1.0\/svg\/1f44c.svg\" data-ll-status=\"loaded\" \/>PAIEMENT UNIQUE, AVEC GARANTIE INCLUSE<\/h6>\n<h5><b><img decoding=\"async\" class=\"emoji entered lazyloaded\" role=\"img\" draggable=\"false\" src=\"https:\/\/s.w.org\/images\/core\/emoji\/13.1.0\/svg\/2705.svg\" alt=\" \u2705\" data-lazy-src=\"https:\/\/s.w.org\/images\/core\/emoji\/13.1.0\/svg\/2705.svg\" data-ll-status=\"loaded\" \/><\/b>\u00a0<strong>Vid\u00e9os recommand\u00e9es de minimum 15 minutes <\/strong><\/h5>\n<\/div>\n<\/div>\n","protected":false},"featured_media":2433,"comment_status":"open","ping_status":"closed","template":"","meta":{"_gspb_post_css":""},"store":[149],"product_brand":[],"product_cat":[168],"product_tag":[246],"class_list":{"0":"post-2431","1":"product","2":"type-product","3":"status-publish","4":"has-post-thumbnail","6":"store-youtube","7":"product_cat-youtube","8":"product_tag-acheter-des-vues-youtube-haute-retention-hrv","9":"wcpa_has_options","11":"first","12":"instock","13":"sale","14":"taxable","15":"shipping-taxable","16":"purchasable","17":"product-type-variable"},"_links":{"self":[{"href":"https:\/\/www.top1social.com\/fr\/wp-json\/wp\/v2\/product\/2431","targetHints":{"allow":["GET"]}}],"collection":[{"href":"https:\/\/www.top1social.com\/fr\/wp-json\/wp\/v2\/product"}],"about":[{"href":"https:\/\/www.top1social.com\/fr\/wp-json\/wp\/v2\/types\/product"}],"replies":[{"embeddable":true,"href":"https:\/\/www.top1social.com\/fr\/wp-json\/wp\/v2\/comments?post=2431"}],"wp:featuredmedia":[{"embeddable":true,"href":"https:\/\/www.top1social.com\/fr\/wp-json\/wp\/v2\/media\/2433"}],"wp:attachment":[{"href":"https:\/\/www.top1social.com\/fr\/wp-json\/wp\/v2\/media?parent=2431"}],"wp:term":[{"taxonomy":"store","embeddable":true,"href":"https:\/\/www.top1social.com\/fr\/wp-json\/wp\/v2\/store?post=2431"},{"taxonomy":"product_brand","embeddable":true,"href":"https:\/\/www.top1social.com\/fr\/wp-json\/wp\/v2\/product_brand?post=2431"},{"taxonomy":"product_cat","embeddable":true,"href":"https:\/\/www.top1social.com\/fr\/wp-json\/wp\/v2\/product_cat?post=2431"},{"taxonomy":"product_tag","embeddable":true,"href":"https:\/\/www.top1social.com\/fr\/wp-json\/wp\/v2\/product_tag?post=2431"}],"curies":[{"name":"wp","href":"https:\/\/api.w.org\/{rel}","templated":true}]}}