{"id":2463,"date":"2022-12-27T20:54:32","date_gmt":"2022-12-27T19:54:32","guid":{"rendered":"https:\/\/www.top1social.com\/fr\/?post_type=product&#038;p=2463"},"modified":"2023-01-02T13:08:23","modified_gmt":"2023-01-02T12:08:23","slug":"acheter-des-likes-de-publications-facebook","status":"publish","type":"product","link":"https:\/\/www.top1social.com\/fr\/produit\/acheter-des-likes-de-publications-facebook\/","title":{"rendered":"Acheter des Likes de Publications Facebook"},"content":{"rendered":"<h2 style=\"text-align: center;\"><b>Acheter des likes sur une publication Facebook <\/b><\/h2>\n<p><strong>Acheter des Likes sur votre publication Facebook vous aidera \u00e0 obtenir un \u00e9lan incroyable\u00a0! <\/strong><\/p>\n<p>Vous aimeriez savoir comment <strong> obtenir plus de Likes sur votre publication Facebook <\/strong> ? <span class=\"\"> Vous pouvez obtenir plus de Likes via le marketing des r\u00e9seaux sociaux (lent et co\u00fbteux), les publicit\u00e9s (rapides et co\u00fbteuses) ou <strong> vous pouvez <a href=\"https:\/\/www.top1social.com\/fr\/produit\/acheter-des-abonnes-facebook-fans\/\"> acheter des followers <\/a> et des Likes <\/strong> Facebook . <\/span><\/p>\n<p><strong>Avec nous, vous pouvez choisir les J&rsquo;aime pour vos publications Facebook rapidement et facilement\u00a0! <\/strong><\/p>\n<p><img decoding=\"async\" class=\"emoji entered lazyloaded\" role=\"img\" draggable=\"false\" src=\"https:\/\/s.w.org\/images\/core\/emoji\/14.0.0\/svg\/1f3c6.svg\" alt=\"\ud83c\udfc6\" data-lazy-src=\"https:\/\/s.w.org\/images\/core\/emoji\/14.0.0\/svg\/1f3c6.svg\" data-ll-status=\"loaded\" data-lazy- title=\"\"> <strong>Tous nos produits ont une garantie de 30 jours. <\/strong><\/p>\n<h2 style=\"text-align: center;\">Pourquoi les likes Facebook sont-ils importants ?<\/h2>\n<p><strong>Le bouton \u00ab\u00a0J&rsquo;aime\u00a0\u00bb a \u00e9t\u00e9 introduit en 2009 sur Facebook. <\/strong> Depuis lors, il est consid\u00e9r\u00e9 comme la monnaie d&rsquo;\u00e9change du r\u00e9seau social &#8211; les gens sont devenus accros aux likes comme une forme de preuve sociale, <strong> signe de votre popularit\u00e9 et de votre importance <\/strong> .<\/p>\n<p>Les likes <strong> sont \u00e9galement devenus un facteur cl\u00e9 pour les entreprises <\/strong> lorsqu&rsquo;elles ont commenc\u00e9 \u00e0 inonder le Web en r\u00e9ponse \u00e0 leur base d&rsquo;utilisateurs croissante. Si vous voulez en savoir plus sur <strong> Facebook et acheter des Likes sur votre publication Facebook <\/strong> , continuez \u00e0 lire.<\/p>\n<p><img decoding=\"async\" class=\"emoji entered lazyloaded\" role=\"img\" draggable=\"false\" src=\"https:\/\/s.w.org\/images\/core\/emoji\/14.0.0\/svg\/2705.svg\" alt=\" \u2705\" data-lazy-src=\"https:\/\/s.w.org\/images\/core\/emoji\/14.0.0\/svg\/2705.svg\" data-ll-status=\"loaded\" data-lazy- title=\"\"><strong>Vous voulez que votre profil professionnel ou personnel soit plus populaire <\/strong> et plus respect\u00e9<\/p>\n<p><img decoding=\"async\" class=\"emoji entered lazyloaded\" role=\"img\" draggable=\"false\" src=\"https:\/\/s.w.org\/images\/core\/emoji\/14.0.0\/svg\/2705.svg\" alt=\" \u2705\" data-lazy-src=\"https:\/\/s.w.org\/images\/core\/emoji\/14.0.0\/svg\/2705.svg\" data-ll-status=\"loaded\" data-lazy- title=\"\">Vous n&rsquo;en avez pas envie ou vous n&rsquo;avez pas le temps de poster pendant des ann\u00e9es pour avoir plus de likes.<\/p>\n<p><img decoding=\"async\" class=\"emoji entered lazyloaded\" role=\"img\" draggable=\"false\" src=\"https:\/\/s.w.org\/images\/core\/emoji\/14.0.0\/svg\/2705.svg\" alt=\"\u2705\" data-lazy-src=\"https:\/\/s.w.org\/images\/core\/emoji\/14.0.0\/svg\/2705.svg\" data-ll-status=\"loaded\" data-lazy- title=\"\">Il y a beaucoup de concurrence dans votre cr\u00e9neau et il est difficile de prendre de l&rsquo;avance<\/p>\n<p><img decoding=\"async\" class=\"emoji entered lazyloaded\" role=\"img\" draggable=\"false\" src=\"https:\/\/s.w.org\/images\/core\/emoji\/14.0.0\/svg\/2705.svg\" alt=\"\u2705\" data-lazy-src=\"https:\/\/s.w.org\/images\/core\/emoji\/14.0.0\/svg\/2705.svg\" data-ll-status=\"loaded\" data-lazy- title=\"\"><strong>Vous voulez que les gens fassent confiance \u00e0 votre marque? <\/strong><\/p>\n<p><img decoding=\"async\" class=\"emoji entered lazyloaded\" role=\"img\" draggable=\"false\" src=\"https:\/\/s.w.org\/images\/core\/emoji\/14.0.0\/svg\/2705.svg\" alt=\" \u2705\" data-lazy-src=\"https:\/\/s.w.org\/images\/core\/emoji\/14.0.0\/svg\/2705.svg\" data-ll-status=\"loaded\" data-lazy- title=\"\">Vous cherchez un moyen rapide et facile d&rsquo;obtenir plus de likes FB?<\/p>\n<p>Facebook fait partie de nos vies depuis 2004. <strong> Depuis lors, sa croissance a \u00e9t\u00e9 \u00e9norme. <\/strong> Bien qu&rsquo;il ait d&rsquo;autres concurrents dans les m\u00e9dias sociaux comme <a href=\"https:\/\/www.top1social.com\/fr\/produit-categorie\/twitter\/\"><strong> Twitter<\/strong><\/a>, <a href=\"https:\/\/www.top1social.com\/fr\/produit-categorie\/instagram\/\"><strong> Instagram<\/strong><\/a>, <strong> Snapchat <\/strong> , etc., il d\u00e9tient toujours le titre de <strong> plate- forme de m\u00e9dias sociaux la plus grande et la plus engag\u00e9e <\/strong> . On peut dire que Facebook est le pionnier de nombreuses innovations sur Internet. Ainsi, en tant que marque, vous continuez \u00e0 b\u00e9n\u00e9ficier du fait \u00ab\u00a0d&rsquo;\u00eatre le premier\u00a0\u00bb dans l&rsquo;industrie. Par cons\u00e9quent, <strong> acheter des likes sur vos publications Facebook est l&rsquo;une des choses les plus sages que vous puissiez faire. <\/strong><\/p>\n<h2 style=\"text-align: center;\">Quels sont les avantages d&rsquo;acheter des Likes sur Facebook?<\/h2>\n<p>Contrairement aux followers, vos likes ne diminueront pas avec le temps. Une fois que vous d\u00e9cidez d&rsquo; <strong> acheter des likes pour votre publication Facebook, <\/strong> ils seront l\u00e0 en permanence. Il y a des millions de personnes qui utilisent Facebook partout dans le monde.<\/p>\n<p><strong>C&rsquo;est bien d&rsquo;\u00eatre populaire sur Facebook car on peut gagner de l&rsquo;argent <\/strong> . Si vous faites des affaires, vous pouvez annoncer votre produit\/service \u00e0 des millions de personnes et am\u00e9liorer votre entreprise. <strong> Plus vous avez de \u00ab\u00a0j&rsquo;aime\u00a0\u00bb sur Facebook, plus vous atteindrez de personnes. <\/strong><\/p>\n<h2 style=\"text-align: center;\">Pourquoi acheter des Likes Facebook?<\/h2>\n<p>Quiconque vend ses produits via Facebook, veut devenir c\u00e9l\u00e8bre ou veut simplement socialiser davantage peut b\u00e9n\u00e9ficier de ce service.<\/p>\n<ul>\n<li>Livraison de Likes pour Facebook 24h\/24<\/li>\n<li>J&rsquo;aime de vrais utilisateurs<\/li>\n<li>Garantie et assistance de 30 jours<\/li>\n<li>J&rsquo;aime internationaux<\/li>\n<li>Aime sans tomber<\/li>\n<li>Le meilleur service garanti<\/li>\n<\/ul>\n<p><strong>Le mieux serait que vous envisagiez de l&rsquo;acheter, car : <\/strong><\/p>\n<ul>\n<li>Si beaucoup de gens aiment le contenu que vous publiez, <strong> le nombre d&rsquo;abonn\u00e9s \u00e0 votre page peut augmenter. <\/strong><\/li>\n<li>Si <strong> vous vendez des produits en ligne, l&rsquo;achat de likes augmentera vos ventes. <\/strong><\/li>\n<li>Si vous avez un site Web, vous <strong> pouvez \u00e9galement faire de la publicit\u00e9 pour votre site Web en ajoutant un lien vers le site Web sous votre publication <\/strong> .<\/li>\n<li><strong>L&rsquo;achat de likes fera la promotion de la publication <\/strong> , de sorte que l&rsquo;URL de votre site Web sera vue par de nombreuses nouvelles personnes.<\/li>\n<li><strong>En achetant des likes, vous attirerez l&rsquo;attention de vrais utilisateurs. <\/strong> Ils visiteront votre profil et vous pourrez vous suivre si vous le souhaitez (ou vous ajouter en tant qu&rsquo;amis).<\/li>\n<li><strong>Au fil du temps, vous deviendrez plus populaire sur Facebook. <\/strong><\/li>\n<\/ul>\n","protected":false},"excerpt":{"rendered":"<div class=\"woocommerce-product-details__short-description\">\n<p>Obtenir <strong> des likes dans les publications pour Facebook <\/strong><img decoding=\"async\" class=\"emoji entered lazyloaded alignnone\" role=\"img\" draggable=\"false\" src=\"https:\/\/s.w.org\/images\/core\/emoji\/13.1.0\/svg\/1f465.svg\" alt=\" \ud83d\udc65 Acheter des likes sur Facebook\" width=\"150\" height=\"150\" data-lazy-src=\"https:\/\/s.w.org\/images\/core\/emoji\/13.1.0\/svg\/1f465.svg\" data-ll-status=\"loaded\" \/><\/p>\n<p><strong><b>Ne manquez pas nos offres! <\/b><img decoding=\"async\" class=\"emoji entered lazyloaded alignnone\" role=\"img\" draggable=\"false\" src=\"https:\/\/s.w.org\/images\/core\/emoji\/13.1.0\/svg\/1f4c8.svg\" alt=\" \ud83d\udcc8 Acheter des likes sur Facebook\" width=\"150\" height=\"150\" data-lazy-src=\"https:\/\/s.w.org\/images\/core\/emoji\/13.1.0\/svg\/1f4c8.svg\" data-ll-status=\"loaded\" \/><\/strong><\/p>\n<div class=\"pr_excerpt f_300 f_size_15\">\n<h5><b><img decoding=\"async\" class=\"emoji entered lazyloaded\" role=\"img\" draggable=\"false\" src=\"https:\/\/s.w.org\/images\/core\/emoji\/13.1.0\/svg\/2705.svg\" alt=\" \u2705\" data-lazy-src=\"https:\/\/s.w.org\/images\/core\/emoji\/13.1.0\/svg\/2705.svg\" data-ll-status=\"loaded\" \/><\/b>Aim\u00e9s de Facebook<\/h5>\n<h5><b><img decoding=\"async\" class=\"emoji entered lazyloaded\" role=\"img\" draggable=\"false\" src=\"https:\/\/s.w.org\/images\/core\/emoji\/13.1.0\/svg\/2705.svg\" alt=\" \u2705\" data-lazy-src=\"https:\/\/s.w.org\/images\/core\/emoji\/13.1.0\/svg\/2705.svg\" data-ll-status=\"loaded\" \/><\/b>Garantie 30 jours<\/h5>\n<h5><b><img decoding=\"async\" class=\"emoji entered lazyloaded\" role=\"img\" draggable=\"false\" src=\"https:\/\/s.w.org\/images\/core\/emoji\/13.1.0\/svg\/2705.svg\" alt=\" \u2705\" data-lazy-src=\"https:\/\/s.w.org\/images\/core\/emoji\/13.1.0\/svg\/2705.svg\" data-ll-status=\"loaded\" \/><\/b>Assistance 24h\/7<\/h5>\n<h5><b><img decoding=\"async\" class=\"emoji entered lazyloaded\" role=\"img\" draggable=\"false\" src=\"https:\/\/s.w.org\/images\/core\/emoji\/13.1.0\/svg\/2705.svg\" alt=\" \u2705\" data-lazy-src=\"https:\/\/s.w.org\/images\/core\/emoji\/13.1.0\/svg\/2705.svg\" data-ll-status=\"loaded\" \/><\/b>Livraison RAPIDE ET NATURELLE<\/h5>\n<h6 class=\"LC20lb DKV0Md\"><img decoding=\"async\" class=\"emoji entered lazyloaded\" role=\"img\" draggable=\"false\" src=\"https:\/\/s.w.org\/images\/core\/emoji\/13.1.0\/svg\/1f44c.svg\" alt=\" \ud83d\udc4c\" data-lazy-src=\"https:\/\/s.w.org\/images\/core\/emoji\/13.1.0\/svg\/1f44c.svg\" data-ll-status=\"loaded\" \/>PAIEMENT UNIQUE, AVEC GARANTIE INCLUSE<\/h6>\n<\/div>\n<\/div>\n","protected":false},"featured_media":2465,"comment_status":"open","ping_status":"closed","template":"","meta":{"_gspb_post_css":""},"store":[146],"product_brand":[],"product_cat":[169],"product_tag":[251],"class_list":{"0":"post-2463","1":"product","2":"type-product","3":"status-publish","4":"has-post-thumbnail","6":"store-facebook","7":"product_cat-facebook","8":"product_tag-acheter-des-likes-de-publications-facebook","9":"wcpa_has_options","11":"first","12":"instock","13":"sale","14":"taxable","15":"shipping-taxable","16":"purchasable","17":"product-type-variable"},"_links":{"self":[{"href":"https:\/\/www.top1social.com\/fr\/wp-json\/wp\/v2\/product\/2463","targetHints":{"allow":["GET"]}}],"collection":[{"href":"https:\/\/www.top1social.com\/fr\/wp-json\/wp\/v2\/product"}],"about":[{"href":"https:\/\/www.top1social.com\/fr\/wp-json\/wp\/v2\/types\/product"}],"replies":[{"embeddable":true,"href":"https:\/\/www.top1social.com\/fr\/wp-json\/wp\/v2\/comments?post=2463"}],"wp:featuredmedia":[{"embeddable":true,"href":"https:\/\/www.top1social.com\/fr\/wp-json\/wp\/v2\/media\/2465"}],"wp:attachment":[{"href":"https:\/\/www.top1social.com\/fr\/wp-json\/wp\/v2\/media?parent=2463"}],"wp:term":[{"taxonomy":"store","embeddable":true,"href":"https:\/\/www.top1social.com\/fr\/wp-json\/wp\/v2\/store?post=2463"},{"taxonomy":"product_brand","embeddable":true,"href":"https:\/\/www.top1social.com\/fr\/wp-json\/wp\/v2\/product_brand?post=2463"},{"taxonomy":"product_cat","embeddable":true,"href":"https:\/\/www.top1social.com\/fr\/wp-json\/wp\/v2\/product_cat?post=2463"},{"taxonomy":"product_tag","embeddable":true,"href":"https:\/\/www.top1social.com\/fr\/wp-json\/wp\/v2\/product_tag?post=2463"}],"curies":[{"name":"wp","href":"https:\/\/api.w.org\/{rel}","templated":true}]}}