{"id":2474,"date":"2022-12-28T13:08:41","date_gmt":"2022-12-28T12:08:41","guid":{"rendered":"https:\/\/www.top1social.com\/fr\/?post_type=product&#038;p=2474"},"modified":"2023-01-02T13:05:20","modified_gmt":"2023-01-02T12:05:20","slug":"acheter-des-vues-facebook","status":"publish","type":"product","link":"https:\/\/www.top1social.com\/fr\/produit\/acheter-des-vues-facebook\/","title":{"rendered":"Acheter des Vues Facebook"},"content":{"rendered":"<h2 class=\"col-md-12 col-lg-6 feature-container\" style=\"text-align: center;\"><a class=\"product-feature\"><strong class=\"h3\"><span class=\"\"><span>QU&rsquo;EST-CE QUE LES VUES VID\u00c9O FACEBOOK? <\/span><\/span><\/strong><\/a><\/h2>\n<div class=\"col-md-12 col-lg-6 feature-container\">\n<p><span>Obtenez maintenant l&rsquo;un de nos meilleurs services pour <\/span><strong><span> acheter des vues vid\u00e9o <\/span><\/strong><span> Facebook avec les utilisateurs de Facebook qui lisent vos vid\u00e9os et vous aident \u00e0 <\/span><strong><span> am\u00e9liorer la fa\u00e7on dont Facebook classe vos vid\u00e9os <\/span><\/strong><span> . Plus votre vid\u00e9o aura de reproductions, mieux le r\u00e9seau social vous positionnera et beaucoup plus de personnes verront votre contenu. <\/span><\/p>\n<div class=\"wpsm_update mobfont90\"><span class=\"label-info\"><span>PROMO <\/span><\/span><strong><span> Obtenez maintenant le meilleur prix avec notre service d&rsquo; <\/span><a href=\"https:\/\/www.top1social.com\/fr\/produit\/acheter-des-abonnes-facebook-fans\/\"><span> achat d&rsquo;abonn\u00e9s Facebook <\/span><\/a><span> . <\/span><\/strong><\/div>\n<p><strong><span>Ces vues ont un effet positif sur l&rsquo;algorithme de Facebook. <\/span><\/strong><\/p>\n<\/div>\n<h2 class=\"col-md-12 col-lg-6 feature-container\"><a class=\"product-feature\"><strong class=\"h3\"><span>POURQUOI ACHETER DES VUES VIDEO SUR FACEBOOK? <\/span><\/strong><\/a><\/h2>\n<div class=\"col-md-12 col-lg-6 feature-container\">\n<p><strong><span>Les vues de vid\u00e9os sur Facebook <\/span><\/strong><span> ont \u200b\u200bun effet positif sur l&rsquo;algorithme pour vous classer naturellement. <\/span><strong><span> Plus vous aurez de visites, plus vous aurez de visibilit\u00e9 sur Facebook <\/span><\/strong><span> . Si vous souhaitez vous constituer une audience rapidement et sans effort, vous pouvez <\/span><strong><span> acheter des vues vid\u00e9o sur Facebook. <\/span><\/strong><\/p>\n<h3 style=\"text-align: center;\"><strong><span>POURQUOI LES VID\u00c9OS DEVRAIENT-ELLES OBTENIR DE NOMBREUSES VUES SUR FACEBOOK? <\/span><\/strong><\/h3>\n<p><span>Dans le cas des vid\u00e9os sur Facebook, le <\/span><strong><span> nombre de reproductions <\/span><\/strong><span> de la vid\u00e9o publi\u00e9e est important. Plus les gens l&rsquo;ont consult\u00e9, plus il y a de chances de gagner un client, un suiveur ou une marque int\u00e9ress\u00e9e par votre contenu. Avec ce service, <\/span><strong><span> vous vous d\u00e9velopperez naturellement beaucoup plus rapidement et de mani\u00e8re compl\u00e8tement organique <\/span><\/strong><span> . <\/span><\/p>\n<p><span>Par inertie, les gens ont tendance \u00e0 s&rsquo;int\u00e9resser au contenu qu&rsquo;ils voient et qui a suscit\u00e9 une r\u00e9action positive de la part d&rsquo;autres personnes, le <\/span><strong><span> nombre de reproductions <\/span><\/strong><span> \u00e9tant un signe clair d&rsquo;acceptation et de <\/span><strong><span> popularit\u00e9 <\/span><\/strong><span> . <\/span><\/p>\n<p><span>Si vous avez un plus grand nombre de <\/span><strong><span> reproductions dans une vid\u00e9o sur Facebook <\/span><\/strong><span> , cela favorise une page Facebook pour avoir <\/span><strong><span> une plus grande notori\u00e9t\u00e9 <\/span><\/strong><span> et, par cons\u00e9quent, il est plus probable que <\/span><strong><span> le nombre de <\/span><span> Likes dans vos publications <\/span><span> et aussi <\/span><span> de followers sur Facebook <\/span><\/strong><span> augmente . <\/span><\/p>\n<\/div>\n","protected":false},"excerpt":{"rendered":"<div class=\"woocommerce-product-details__short-description\">\n<p><span>Obtenez <\/span><strong><span> des vues sur les vid\u00e9os pour Facebook <\/span><\/strong><img decoding=\"async\" class=\"emoji entered lazyloaded alignnone\" role=\"img\" draggable=\"false\" src=\"https:\/\/s.w.org\/images\/core\/emoji\/13.1.0\/svg\/1f465.svg\" alt=\" des vues vid\u00e9o \ud83d\udc65 Acheter des vues vid\u00e9o\" width=\"150\" height=\"150\" data-lazy-src=\"https:\/\/s.w.org\/images\/core\/emoji\/13.1.0\/svg\/1f465.svg\" data-ll-status=\"loaded\" \/><\/p>\n<p><strong><b><span>Ne manquez pas nos offres! <\/span><\/b><img decoding=\"async\" class=\"emoji entered lazyloaded alignnone\" role=\"img\" draggable=\"false\" src=\"https:\/\/s.w.org\/images\/core\/emoji\/13.1.0\/svg\/1f4c8.svg\" alt=\" \ud83d\udcc8 Acheter des\" width=\"150\" height=\"150\" data-lazy-src=\"https:\/\/s.w.org\/images\/core\/emoji\/13.1.0\/svg\/1f4c8.svg\" data-ll-status=\"loaded\" \/><\/strong><\/p>\n<div class=\"pr_excerpt f_300 f_size_15\">\n<h5><b><img decoding=\"async\" class=\"emoji entered lazyloaded\" role=\"img\" draggable=\"false\" src=\"https:\/\/s.w.org\/images\/core\/emoji\/13.1.0\/svg\/2705.svg\" alt=\" vues vid\u00e9o \u2705\" data-lazy-src=\"https:\/\/s.w.org\/images\/core\/emoji\/13.1.0\/svg\/2705.svg\" data-ll-status=\"loaded\" \/><\/b><span>Vues des vid\u00e9os Facebook <\/span><\/h5>\n<h5><b><img decoding=\"async\" class=\"emoji entered lazyloaded\" role=\"img\" draggable=\"false\" src=\"https:\/\/s.w.org\/images\/core\/emoji\/13.1.0\/svg\/2705.svg\" alt=\" \u2705\" data-lazy-src=\"https:\/\/s.w.org\/images\/core\/emoji\/13.1.0\/svg\/2705.svg\" data-ll-status=\"loaded\" \/><\/b><span>Garantie 30 jours <\/span><\/h5>\n<h5><b><img decoding=\"async\" class=\"emoji entered lazyloaded\" role=\"img\" draggable=\"false\" src=\"https:\/\/s.w.org\/images\/core\/emoji\/13.1.0\/svg\/2705.svg\" alt=\" \u2705\" data-lazy-src=\"https:\/\/s.w.org\/images\/core\/emoji\/13.1.0\/svg\/2705.svg\" data-ll-status=\"loaded\" \/><\/b><span>Assistance 24h\/7 <\/span><\/h5>\n<h5><b><img decoding=\"async\" class=\"emoji entered lazyloaded\" role=\"img\" draggable=\"false\" src=\"https:\/\/s.w.org\/images\/core\/emoji\/13.1.0\/svg\/2705.svg\" alt=\" \u2705\" data-lazy-src=\"https:\/\/s.w.org\/images\/core\/emoji\/13.1.0\/svg\/2705.svg\" data-ll-status=\"loaded\" \/><\/b><span>Livraison RAPIDE ET NATURELLE <\/span><\/h5>\n<h6 class=\"LC20lb DKV0Md\"><img decoding=\"async\" class=\"emoji entered lazyloaded\" role=\"img\" draggable=\"false\" src=\"https:\/\/s.w.org\/images\/core\/emoji\/13.1.0\/svg\/1f44c.svg\" alt=\" \ud83d\udc4c\" data-lazy-src=\"https:\/\/s.w.org\/images\/core\/emoji\/13.1.0\/svg\/1f44c.svg\" data-ll-status=\"loaded\" \/><span>PAIEMENT UNIQUE, AVEC GARANTIE INCLUSE <\/span><\/h6>\n<\/div>\n<\/div>\n","protected":false},"featured_media":2476,"comment_status":"open","ping_status":"closed","template":"","meta":{"_gspb_post_css":""},"store":[146],"product_brand":[],"product_cat":[169],"product_tag":[252],"class_list":{"0":"post-2474","1":"product","2":"type-product","3":"status-publish","4":"has-post-thumbnail","6":"store-facebook","7":"product_cat-facebook","8":"product_tag-acheter-des-vues-facebook","9":"wcpa_has_options","11":"first","12":"instock","13":"sale","14":"taxable","15":"shipping-taxable","16":"purchasable","17":"product-type-variable"},"_links":{"self":[{"href":"https:\/\/www.top1social.com\/fr\/wp-json\/wp\/v2\/product\/2474","targetHints":{"allow":["GET"]}}],"collection":[{"href":"https:\/\/www.top1social.com\/fr\/wp-json\/wp\/v2\/product"}],"about":[{"href":"https:\/\/www.top1social.com\/fr\/wp-json\/wp\/v2\/types\/product"}],"replies":[{"embeddable":true,"href":"https:\/\/www.top1social.com\/fr\/wp-json\/wp\/v2\/comments?post=2474"}],"wp:featuredmedia":[{"embeddable":true,"href":"https:\/\/www.top1social.com\/fr\/wp-json\/wp\/v2\/media\/2476"}],"wp:attachment":[{"href":"https:\/\/www.top1social.com\/fr\/wp-json\/wp\/v2\/media?parent=2474"}],"wp:term":[{"taxonomy":"store","embeddable":true,"href":"https:\/\/www.top1social.com\/fr\/wp-json\/wp\/v2\/store?post=2474"},{"taxonomy":"product_brand","embeddable":true,"href":"https:\/\/www.top1social.com\/fr\/wp-json\/wp\/v2\/product_brand?post=2474"},{"taxonomy":"product_cat","embeddable":true,"href":"https:\/\/www.top1social.com\/fr\/wp-json\/wp\/v2\/product_cat?post=2474"},{"taxonomy":"product_tag","embeddable":true,"href":"https:\/\/www.top1social.com\/fr\/wp-json\/wp\/v2\/product_tag?post=2474"}],"curies":[{"name":"wp","href":"https:\/\/api.w.org\/{rel}","templated":true}]}}