{"id":2486,"date":"2022-12-29T13:14:09","date_gmt":"2022-12-29T12:14:09","guid":{"rendered":"https:\/\/www.top1social.com\/fr\/?post_type=product&#038;p=2486"},"modified":"2023-01-02T13:05:21","modified_gmt":"2023-01-02T12:05:21","slug":"acheter-des-likes-facebook-fanpage","status":"publish","type":"product","link":"https:\/\/www.top1social.com\/fr\/produit\/acheter-des-likes-facebook-fanpage\/","title":{"rendered":"Acheter des Likes Facebook Fanpage"},"content":{"rendered":"<h2 style=\"text-align: center;\"><b><span class=\"goog-text-highlight\"><span>Acheter des Likes sur Facebook Fanpage <\/span><\/span><\/b><\/h2>\n<p><span>La page de votre entreprise a-t-elle peu de likes sur Facebook\u00a0? Et vous aimeriez savoir <\/span><strong><span> comment obtenir plus de Likes sur votre page Facebook <\/span><\/strong><span> ? Maintenant, vous pouvez obtenir plus de likes gr\u00e2ce \u00e0 notre service pour <\/span><strong><span> acheter des likes de fanpage Facebook <\/span><\/strong><span> . <\/span><\/p>\n<div class=\"wpsm_update mobfont90\"><span class=\"label-info\"><span>PROMO <\/span><\/span><strong><span> Obtenez maintenant au meilleur prix notre meilleur service pour <\/span><a href=\"https:\/\/www.top1social.com\/fr\/produit\/acheter-des-abonnes-facebook-fans\/\"><span> acheter des abonn\u00e9s Facebook<\/span><\/a><span>. <\/span><\/strong><\/div>\n<p><span>Avec nous, vous pouvez choisir des Likes de haute qualit\u00e9 ! <\/span><\/p>\n<p><strong><span>Achetez des Likes pour votre page d&rsquo;entreprise Facebook\u00a0: <\/span><\/strong><\/p>\n<p><img decoding=\"async\" class=\"emoji alignnone entered lazyloaded\" role=\"img\" draggable=\"false\" src=\"https:\/\/s.w.org\/images\/core\/emoji\/14.0.0\/svg\/2705.svg\" alt=\" \u2705 Acheter des\" width=\"150\" height=\"150\" data-lazy-src=\"https:\/\/s.w.org\/images\/core\/emoji\/14.0.0\/svg\/2705.svg\" data-ll-status=\"loaded\" data-lazy- title=\"\"><strong><span>Vous voulez que votre profil d&rsquo;entreprise soit plus populaire <\/span><\/strong><span> et plus respect\u00e9 <\/span><\/p>\n<p><img decoding=\"async\" class=\"emoji alignnone entered lazyloaded\" role=\"img\" draggable=\"false\" src=\"https:\/\/s.w.org\/images\/core\/emoji\/14.0.0\/svg\/2705.svg\" alt=\" Likes de la Fanpage Facebook \u2705 Acheter des Likes de la Fanpage Facebook \u2705 Acheter des\" width=\"150\" height=\"150\" data-lazy-src=\"https:\/\/s.w.org\/images\/core\/emoji\/14.0.0\/svg\/2705.svg\" data-ll-status=\"loaded\" data-lazy- title=\"\"><span>Vous n&rsquo;avez pas envie ou n&rsquo;avez pas le temps de poster pendant des ann\u00e9es pour obtenir plus de likes. <\/span><\/p>\n<p><img decoding=\"async\" class=\"emoji alignnone entered lazyloaded\" role=\"img\" draggable=\"false\" src=\"https:\/\/s.w.org\/images\/core\/emoji\/14.0.0\/svg\/2705.svg\" alt=\" Likes de la Fanpage Facebook\" width=\"150\" height=\"150\" data-lazy-src=\"https:\/\/s.w.org\/images\/core\/emoji\/14.0.0\/svg\/2705.svg\" data-ll-status=\"loaded\" data-lazy- title=\"\"><strong><span>Il y a beaucoup de concurrence dans votre cr\u00e9neau et il est difficile de prendre de l&rsquo;avance <\/span><\/strong><\/p>\n<p><img loading=\"lazy\" decoding=\"async\" class=\"emoji alignnone entered lazyloaded\" role=\"img\" draggable=\"false\" src=\"https:\/\/s.w.org\/images\/core\/emoji\/14.0.0\/svg\/2705.svg\" alt=\"\u2705 Acheter des likes sur la fanpage Facebook\" width=\"150\" height=\"150\" data-lazy-src=\"https:\/\/s.w.org\/images\/core\/emoji\/14.0.0\/svg\/2705.svg\" data-ll-status=\"loaded\" data-lazy- title=\"\"><strong><span>Vous voulez que les gens fassent confiance \u00e0 votre marque? <\/span><\/strong><\/p>\n<p><img loading=\"lazy\" decoding=\"async\" class=\"emoji alignnone entered lazyloaded\" role=\"img\" draggable=\"false\" src=\"https:\/\/s.w.org\/images\/core\/emoji\/14.0.0\/svg\/2705.svg\" alt=\" \u2705 Acheter des likes sur la fanpage Facebook\" width=\"150\" height=\"150\" data-lazy-src=\"https:\/\/s.w.org\/images\/core\/emoji\/14.0.0\/svg\/2705.svg\" data-ll-status=\"loaded\" data-lazy- title=\"\"><span>Vous cherchez un moyen rapide et facile d&rsquo;obtenir plus de J&rsquo;aime sur Facebook? <\/span><\/p>\n<h2 class=\"col-md-12 col-lg-6 feature-container\" style=\"text-align: center;\"><a class=\"product-feature\"><strong class=\"h3\"><span class=\"goog-text-highlight\"><span>POURQUOI ACHETER DES LIKES POUR UNE PAGE FACEBOOK? <\/span><\/span><\/strong><\/a><\/h2>\n<div class=\"col-md-12 col-lg-6 feature-container\">\n<p><span>En <\/span><strong><span> achetant des Likes Facebook Fanpage <\/span><\/strong><span> , vous pouvez rendre <\/span><strong><span> votre page plus populaire <\/span><\/strong><span> et \u00e9galement obtenir beaucoup de nouveaux likes organiques. Lorsqu&rsquo;un utilisateur recherche quelque chose sur votre page, <\/span><strong><span> votre page appara\u00eetra dans les r\u00e9sultats <\/span><\/strong><span> avec son num\u00e9ro similaire. <\/span><\/p>\n<p><span class=\"\"><span>Quiconque vend ses produits via Facebook, veut devenir c\u00e9l\u00e8bre ou veut simplement \u00eatre plus social peut b\u00e9n\u00e9ficier de l&rsquo;<\/span><strong><span>achat de Facebook Likes <\/span><\/strong><span> . <\/span><\/span><span> Il y a de nombreux avantages \u00e0 acheter des likes Facebook : <\/span><\/p>\n<ul>\n<li aria-level=\"1\"><strong><span>De nombreux Likes sur votre page augmenteront le nombre d&rsquo;abonn\u00e9s sur votre page. <\/span><\/strong><\/li>\n<li aria-level=\"1\"><span>Vous pouvez \u00e9galement <\/span><strong><span> augmenter les ventes de vos produits ou services <\/span><\/strong><span> . <\/span><\/li>\n<li aria-level=\"1\"><span>En ajoutant le lien vers votre site Web sous la publication, votre site Web sera \u00e9galement promu davantage. <\/span><strong><span> De cette fa\u00e7on, vous pouvez augmenter le nombre de clics sur votre site Web. <\/span><\/strong><\/li>\n<li aria-level=\"1\"><strong><span>En achetant des Likes, vous attirez l&rsquo;attention de vrais utilisateurs organiques. <\/span><\/strong><span> Ils visitent votre profil et vous suivront plus rapidement sur votre page ou sur votre profil personnel. <\/span><\/li>\n<li aria-level=\"1\"><span>International Likes pour une plus grande interaction. <\/span><\/li>\n<li aria-level=\"1\"><strong><span>Cela augmentera la popularit\u00e9 de votre page plus rapidement. <\/span><\/strong><\/li>\n<\/ul>\n<\/div>\n<h2 class=\"col-md-12 col-lg-6 feature-container\" style=\"text-align: center;\"><a class=\"product-feature\"><strong class=\"h3\"><span>QUELS SONT LES LIKES D&rsquo;UNE FANPAGE FACEBOOK? <\/span><\/strong><\/a><\/h2>\n<div class=\"col-md-12 col-lg-6 feature-container\">\n<p><span>Lorsque vous souhaitez vous abonner \u00e0 une page Facebook, vous devez aimer cette page. <\/span><strong><span> Avoir beaucoup de Page Likes peut donner l&rsquo;impression que votre marque ou votre entreprise est populaire aupr\u00e8s des clients <\/span><\/strong><span> . <\/span><\/p>\n<p><strong><span>Vous voulez plus de Likes sur votre page d&rsquo;entreprise Facebook ? <\/span><\/strong><span> Vous en avez marre de faire la promotion de votre <\/span><strong><a href=\"https:\/\/www.top1social.com\/fr\/produit-categorie\/facebook\/\"><span> page Facebook<\/span><\/a><\/strong><span>? Seulement pour voir tr\u00e8s peu de r\u00e9sultats\u00a0? Ne vous en souciez plus! Nous avons les meilleurs conseils qui <\/span><strong><span> vous permettront d&rsquo;obtenir plus de Likes sur votre page Facebook au fil du <\/span><\/strong><span> temps . <\/span><\/p>\n<h3><span>Comment v\u00e9rifier les Likes d&rsquo;une page Facebook ? <\/span><\/h3>\n<p class=\"custom-title\"><span>Lorsque vous vous connectez \u00e0 votre profil, acc\u00e9dez \u00e0 votre page. <\/span><strong><span> Vous verrez vos Likes dans les statistiques de la page. <\/span><\/strong><span> Il existe \u00e9galement un <\/span><strong><span> graphique qui montre les performances de votre page <\/span><\/strong><span> et vous pouvez suivre s&rsquo;il y a une augmentation ou une diminution <\/span><strong><span> des Likes de la page Facebook. <\/span><\/strong><\/p>\n<h1 style=\"text-align: center;\"><span>Comment obtenir plus de Likes sur Facebook Fanpage? <\/span><\/h1>\n<p><span>Il y a un certain nombre de choses que vous pouvez faire vous-m\u00eame pour <\/span><strong><span> obtenir plus de J&rsquo;aime sur votre page de fans Facebook. <\/span><\/strong><span> Bien s\u00fbr, il est important de publier r\u00e9guli\u00e8rement quelque chose sur votre page. Cela peut \u00eatre n&rsquo;importe quoi, une photo, une vid\u00e9o, un texte, Facebook Live ou une publicit\u00e9. <\/span><\/p>\n<p><span>Tout conduira \u00e0 un engagement avec vos followers. J&rsquo;esp\u00e8re que <\/span><strong><span> les gens r\u00e9pondront \u00e0 votre message et l&rsquo;aimeront ou le partageront. <\/span><\/strong><\/p>\n<p><span>Surtout <\/span><strong><span> les Likes que vous obtenez peuvent vous faire gagner facilement de nouveaux followers. <\/span><\/strong><span> Pour cela, cliquez sur le chiffre indiquant le nombre de likes pour la publication. Cela ouvrira une fen\u00eatre o\u00f9 vous verrez la liste des noms de tous ceux qui ont r\u00e9pondu. L\u00e0, vous pouvez \u00e9galement voir si toutes ces personnes <\/span><strong><span> suivent d\u00e9j\u00e0 votre page ou non, et les y inviter <\/span><\/strong><span> . En g\u00e9n\u00e9ral, cela <\/span><strong><span> produit rapidement 20\u00a0% \u00e0 50\u00a0% de followers <\/span><\/strong><span> sur le nombre total que vous invitez de cette fa\u00e7on. Cela fonctionne mieux si vous les invitez peu de temps apr\u00e8s leur r\u00e9ponse. <\/span><\/p>\n<\/div>\n","protected":false},"excerpt":{"rendered":"<div class=\"woocommerce-product-details__short-description\">\n<p><span>Obtenez <\/span><strong><span> des Likes sur vos Pages Facebook <\/span><\/strong><img loading=\"lazy\" decoding=\"async\" class=\"emoji entered lazyloaded alignnone\" role=\"img\" draggable=\"false\" src=\"https:\/\/s.w.org\/images\/core\/emoji\/13.1.0\/svg\/1f465.svg\" alt=\" Likes de page de fan Facebook \ud83d\udc65 Acheter des Likes de page de fan Facebook\" width=\"150\" height=\"150\" data-lazy-src=\"https:\/\/s.w.org\/images\/core\/emoji\/13.1.0\/svg\/1f465.svg\" data-ll-status=\"loaded\" \/><\/p>\n<p><strong><b><span>Ne manquez pas nos offres! <\/span><\/b><img loading=\"lazy\" decoding=\"async\" class=\"emoji entered lazyloaded alignnone\" role=\"img\" draggable=\"false\" src=\"https:\/\/s.w.org\/images\/core\/emoji\/13.1.0\/svg\/1f4c8.svg\" alt=\" \ud83d\udcc8 Acheter des Likes\" width=\"150\" height=\"150\" data-lazy-src=\"https:\/\/s.w.org\/images\/core\/emoji\/13.1.0\/svg\/1f4c8.svg\" data-ll-status=\"loaded\" \/><\/strong><\/p>\n<div class=\"pr_excerpt f_300 f_size_15\">\n<h5><b><img decoding=\"async\" class=\"emoji entered lazyloaded\" role=\"img\" draggable=\"false\" src=\"https:\/\/s.w.org\/images\/core\/emoji\/13.1.0\/svg\/2705.svg\" alt=\" de page de fan Facebook \u2705\" data-lazy-src=\"https:\/\/s.w.org\/images\/core\/emoji\/13.1.0\/svg\/2705.svg\" data-ll-status=\"loaded\" \/><\/b><span>Aime sur Facebook Fanpage <\/span><\/h5>\n<h5><b><img decoding=\"async\" class=\"emoji entered lazyloaded\" role=\"img\" draggable=\"false\" src=\"https:\/\/s.w.org\/images\/core\/emoji\/13.1.0\/svg\/2705.svg\" alt=\" \u2705\" data-lazy-src=\"https:\/\/s.w.org\/images\/core\/emoji\/13.1.0\/svg\/2705.svg\" data-ll-status=\"loaded\" \/><\/b><span>Garantie 30 jours <\/span><\/h5>\n<h5><b><img decoding=\"async\" class=\"emoji entered lazyloaded\" role=\"img\" draggable=\"false\" src=\"https:\/\/s.w.org\/images\/core\/emoji\/13.1.0\/svg\/2705.svg\" alt=\" \u2705\" data-lazy-src=\"https:\/\/s.w.org\/images\/core\/emoji\/13.1.0\/svg\/2705.svg\" data-ll-status=\"loaded\" \/><\/b><span>Assistance 24h\/7 <\/span><\/h5>\n<h5><b><img decoding=\"async\" class=\"emoji entered lazyloaded\" role=\"img\" draggable=\"false\" src=\"https:\/\/s.w.org\/images\/core\/emoji\/13.1.0\/svg\/2705.svg\" alt=\" \u2705\" data-lazy-src=\"https:\/\/s.w.org\/images\/core\/emoji\/13.1.0\/svg\/2705.svg\" data-ll-status=\"loaded\" \/><\/b><span>Livraison RAPIDE ET NATURELLE <\/span><\/h5>\n<h6 class=\"LC20lb DKV0Md\"><img decoding=\"async\" class=\"emoji entered lazyloaded\" role=\"img\" draggable=\"false\" src=\"https:\/\/s.w.org\/images\/core\/emoji\/13.1.0\/svg\/1f44c.svg\" alt=\" \ud83d\udc4c\" data-lazy-src=\"https:\/\/s.w.org\/images\/core\/emoji\/13.1.0\/svg\/1f44c.svg\" data-ll-status=\"loaded\" \/><span>PAIEMENT UNIQUE, AVEC GARANTIE INCLUSE <\/span><\/h6>\n<\/div>\n<\/div>\n","protected":false},"featured_media":2488,"comment_status":"open","ping_status":"closed","template":"","meta":{"_gspb_post_css":""},"store":[146],"product_brand":[],"product_cat":[169],"product_tag":[253],"class_list":{"0":"post-2486","1":"product","2":"type-product","3":"status-publish","4":"has-post-thumbnail","6":"store-facebook","7":"product_cat-facebook","8":"product_tag-acheter-des-likes-facebook-fanpage","9":"wcpa_has_options","11":"first","12":"instock","13":"sale","14":"taxable","15":"shipping-taxable","16":"purchasable","17":"product-type-variable"},"_links":{"self":[{"href":"https:\/\/www.top1social.com\/fr\/wp-json\/wp\/v2\/product\/2486","targetHints":{"allow":["GET"]}}],"collection":[{"href":"https:\/\/www.top1social.com\/fr\/wp-json\/wp\/v2\/product"}],"about":[{"href":"https:\/\/www.top1social.com\/fr\/wp-json\/wp\/v2\/types\/product"}],"replies":[{"embeddable":true,"href":"https:\/\/www.top1social.com\/fr\/wp-json\/wp\/v2\/comments?post=2486"}],"wp:featuredmedia":[{"embeddable":true,"href":"https:\/\/www.top1social.com\/fr\/wp-json\/wp\/v2\/media\/2488"}],"wp:attachment":[{"href":"https:\/\/www.top1social.com\/fr\/wp-json\/wp\/v2\/media?parent=2486"}],"wp:term":[{"taxonomy":"store","embeddable":true,"href":"https:\/\/www.top1social.com\/fr\/wp-json\/wp\/v2\/store?post=2486"},{"taxonomy":"product_brand","embeddable":true,"href":"https:\/\/www.top1social.com\/fr\/wp-json\/wp\/v2\/product_brand?post=2486"},{"taxonomy":"product_cat","embeddable":true,"href":"https:\/\/www.top1social.com\/fr\/wp-json\/wp\/v2\/product_cat?post=2486"},{"taxonomy":"product_tag","embeddable":true,"href":"https:\/\/www.top1social.com\/fr\/wp-json\/wp\/v2\/product_tag?post=2486"}],"curies":[{"name":"wp","href":"https:\/\/api.w.org\/{rel}","templated":true}]}}