{"id":2497,"date":"2022-12-30T19:21:28","date_gmt":"2022-12-30T18:21:28","guid":{"rendered":"https:\/\/www.top1social.com\/fr\/?post_type=product&#038;p=2497"},"modified":"2026-04-05T14:49:14","modified_gmt":"2026-04-05T13:49:14","slug":"acheter-des-avis-5-etoiles-facebook","status":"publish","type":"product","link":"https:\/\/www.top1social.com\/fr\/produit\/acheter-des-avis-5-etoiles-facebook\/","title":{"rendered":"Acheter des Avis 5 \u00c9toiles Facebook"},"content":{"rendered":"<h2 class=\"col-md-12 col-lg-6 feature-container\" style=\"text-align: center;\"><a class=\"product-feature\"><strong class=\"h3\"><span>QU&rsquo;EST-CE QUE LES AVIS FACEBOOK 5 \u00c9TOILES? <\/span><\/strong><\/a><\/h2>\n<div class=\"col-md-12 col-lg-6 feature-container\">\n<p><span>Si vous avez une <\/span><strong><span> page d&rsquo;entreprise sur Facebook, ou un compte avec votre marque <\/span><\/strong><span> , on s&rsquo;attend \u00e0 ce que vous ayez des <\/span><strong><span> avis et rien ne vaut notre service pour acheter des avis Facebook 5 \u00e9toiles <\/span><\/strong><span> . Si vous en avez assez, les gens commenceront \u00e0 vous consid\u00e9rer comme un fournisseur digne de confiance. <\/span><\/p>\n<h2 style=\"text-align: center;\"><span>Quelle est l&rsquo;importance des avis Facebook 5 \u00e9toiles? <\/span><\/h2>\n<p><strong><span>Les avis 5 \u00e9toiles sur Facebook sont un facteur important si vous souhaitez attirer des personnes sur votre compte. <\/span><\/strong><span> Sans attendre que les gens vous donnent cet avis 5 \u00e9toiles, vous pouvez <\/span><strong><span> acheter chez nous des \u00e9valuations Facebook 5 \u00e9toiles. <\/span><\/strong><\/p>\n<ul>\n<li><span>service tr\u00e8s fiable <\/span><\/li>\n<li><strong><span>Satisfaction garantie \u00e0 100\u00a0% <\/span><\/strong><\/li>\n<li><span>Prix \u200b\u200bcomp\u00e9titifs <\/span><\/li>\n<li><strong><span>Avis personnalis\u00e9s pour vous-m\u00eame. <\/span><\/strong><\/li>\n<li><span>\u00c9crivez les avis que vous voulez et nous les publierons <\/span><\/li>\n<li><span>Revues internationales <\/span><\/li>\n<li><span>Garantie de 30 jours <\/span><\/li>\n<\/ul>\n<div class=\"wpsm_update mobfont90\"><span class=\"label-info\"><span>PROMO <\/span><\/span><strong><span> Now Offer obtenez notre service pour <\/span><a href=\"https:\/\/www.top1social.com\/fr\/produit\/acheter-des-abonnes-facebook-fans\/\"><span> acheter des abonn\u00e9s Facebook <\/span><\/a><\/strong><\/div>\n<p><span>De nombreuses <\/span><strong><span> entreprises ont transf\u00e9r\u00e9 leur activit\u00e9 sur Facebook. <\/span><\/strong><span> Parce qu&rsquo;ils peuvent facilement atteindre vos clients potentiels. Si vous avez une entreprise, vous pouvez \u00e9galement d\u00e9velopper votre entreprise, <\/span><strong><span> promouvoir vos produits ou services et commencer \u00e0 gagner de l&rsquo;argent gr\u00e2ce \u00e0 la vente ou \u00e0 la promotion de vos produits. <\/span><\/strong><span> Mais cr\u00e9er une page Facebook ne suffit pas. <\/span><\/p>\n<p><strong><span>Vous devez obtenir des avis Facebook 5 \u00e9toiles <\/span><\/strong><span> . Dans le monde en ligne moderne, il y a beaucoup de contenu que les gens trouvent. <\/span><\/p>\n<p><span>Les gens ne passent que <\/span><strong><span> quelques secondes <\/span><\/strong><span> sur votre contenu. S&rsquo;ils voient <\/span><strong><span> des critiques positives sur Facebook <\/span><\/strong><span> au lieu de critiques n\u00e9gatives ou pas de critiques du tout, ils sont plus susceptibles de s&rsquo;en tenir \u00e0 votre contenu et de continuer \u00e0 chercher. Votre page d&rsquo;entreprise aura de l&rsquo;autorit\u00e9 et para\u00eetra plus digne de confiance \u00e0 vos clients potentiels. Sinon, ils s&rsquo;en vont g\u00e9n\u00e9ralement. <\/span><\/p>\n<h2 style=\"text-align: center;\"><span>Pourquoi avez-vous besoin d&rsquo;acheter des avis Facebook? <\/span><\/h2>\n<p><strong><span>Le syst\u00e8me Facebook 5 Star Reviews <\/span><\/strong><span> est l&rsquo;un des facteurs marketing, donc si votre entreprise est sur Facebook, vous devriez l&rsquo;avoir sur votre page de fans. D\u00e9cidez \u00e0 quel point vos fans vous aiment et comment ils vous \u00e9valuent. <\/span><\/p>\n<p><strong><span>Les \u00e9toiles sont tr\u00e8s importantes. <\/span><\/strong><span> Et les gens peuvent se concentrer sur la qualit\u00e9 de votre entreprise plut\u00f4t que sur le nombre d&rsquo;abonn\u00e9s. Il est actuellement disponible pour les pages professionnelles de Facebook et vous recommande <\/span><strong><span> d&rsquo; augmenter le nombre d&rsquo;abonn\u00e9s sur Facebook<\/span><\/strong><span>. <\/span><strong><span> Avoir des notes 5 \u00e9toiles sur Facebook vous donne la possibilit\u00e9 de rendre votre entreprise aussi populaire que les grands acteurs de votre march\u00e9. <\/span><\/strong><\/p>\n<p><span>Vous pouvez y parvenir en <\/span><strong><span> achetant des avis 5 \u00e9toiles. <\/span><\/strong><span> Les avis donneront \u00e0 votre page d&rsquo;entreprise le pouvoir dont elle a besoin pour rivaliser avec vos concurrents et avoir une cr\u00e9dibilit\u00e9 commerciale sur <\/span><strong><span> votre page de m\u00e9dias sociaux d&rsquo; <\/span><\/strong><span> entreprise . Si vos avis sont \u00e9lev\u00e9s sur votre page, les clients sont moins susceptibles d&rsquo;aller chez votre concurrent. <\/span><\/p>\n<p><span>Lorsque vous d\u00e9cidez d&rsquo;acheter <\/span><strong><span> Facebook 5 \u00e9toiles <\/span><\/strong><span> , vous toucherez plus de personnes et votre note moyenne s&rsquo;am\u00e9liorera. Les clients recherchent un contenu de qualit\u00e9 et des recommandations de qualit\u00e9 pour acheter des choses en ligne. <\/span><\/p>\n<h2 style=\"text-align: center;\"><span>Quels sont les avantages des avis Facebook? <\/span><\/h2>\n<p><span>Lorsque <\/span><strong><span> vous achetez des avis Facebook 5 \u00e9toiles, <\/span><\/strong><span> il y aura de nombreux avantages positifs pour votre page <\/span><strong><span> . <\/span><\/strong><\/p>\n<ul>\n<li><span>Les autres utilisateurs qui visitent votre page verront \u00e0 quel point votre page est populaire et fiable. <\/span><\/li>\n<li><strong><span>Vous pouvez augmenter vos ventes et faire de la publicit\u00e9 aupr\u00e8s d&rsquo;un plus grand nombre de personnes. <\/span><\/strong><\/li>\n<li><span>Augmentez le prestige de votre entreprise <\/span><\/li>\n<li><span>Il appara\u00eet toujours en haut des recherches sur Facebook. <\/span><\/li>\n<li><strong><span>Vous apparaissez dans la section \u00ab\u00a0pages recommand\u00e9es\u00a0\u00bb pour les autres utilisateurs. <\/span><\/strong><\/li>\n<li><span>C&rsquo;est un service bon march\u00e9, r\u00e9el et efficace. <\/span><\/li>\n<\/ul>\n<\/div>\n<div class=\"col-md-12 col-lg-6 feature-container\"><a class=\"product-feature\"><strong class=\"h3\"><span>LIVRAISON RAPIDE <\/span><\/strong><\/a><\/div>\n<div class=\"col-md-12 col-lg-6 feature-container\">\n<p><span>Nous commen\u00e7ons \u00e0 traiter votre commande d\u00e8s que vous avez termin\u00e9 l&rsquo;achat. Votre commande est termin\u00e9e dans le d\u00e9lai de livraison estim\u00e9 que nous affichons sur la page de service. <\/span><\/p>\n<\/div>\n","protected":false},"excerpt":{"rendered":"<div class=\"woocommerce-product-details__short-description\">\n<p><span>Obtenez <\/span><strong><span> des avis 5 \u00e9toiles sur votre page Facebook <\/span><\/strong><img decoding=\"async\" class=\"emoji entered lazyloaded alignnone\" role=\"img\" draggable=\"false\" src=\"https:\/\/s.w.org\/images\/core\/emoji\/13.1.0\/svg\/1f465.svg\" alt=\" \ud83d\udc65 Acheter des avis 5 \u00e9toiles Facebook\" width=\"150\" height=\"150\" data-lazy-src=\"https:\/\/s.w.org\/images\/core\/emoji\/13.1.0\/svg\/1f465.svg\" data-ll-status=\"loaded\" \/><\/p>\n<p><strong><b><span>Ne manquez pas nos offres ! <\/span><\/b><img decoding=\"async\" class=\"emoji entered lazyloaded alignnone\" role=\"img\" draggable=\"false\" src=\"https:\/\/s.w.org\/images\/core\/emoji\/13.1.0\/svg\/1f4c8.svg\" alt=\" \ud83d\udcc8 Acheter des avis 5 \u00e9toiles Facebook\" width=\"150\" height=\"150\" data-lazy-src=\"https:\/\/s.w.org\/images\/core\/emoji\/13.1.0\/svg\/1f4c8.svg\" data-ll-status=\"loaded\" \/><\/strong><\/p>\n<div class=\"pr_excerpt f_300 f_size_15\">\n<h5><b><img decoding=\"async\" class=\"emoji entered lazyloaded\" role=\"img\" draggable=\"false\" src=\"https:\/\/s.w.org\/images\/core\/emoji\/13.1.0\/svg\/2705.svg\" alt=\" \u2705\" data-lazy-src=\"https:\/\/s.w.org\/images\/core\/emoji\/13.1.0\/svg\/2705.svg\" data-ll-status=\"loaded\" \/><\/b><span>Avis Facebook 5 \u00e9toiles PERSONNALIS\u00c9S <\/span><\/h5>\n<h5><b><img decoding=\"async\" class=\"emoji entered lazyloaded\" role=\"img\" draggable=\"false\" src=\"https:\/\/s.w.org\/images\/core\/emoji\/13.1.0\/svg\/2705.svg\" alt=\" \u2705\" data-lazy-src=\"https:\/\/s.w.org\/images\/core\/emoji\/13.1.0\/svg\/2705.svg\" data-ll-status=\"loaded\" \/><\/b><span>Garantie 30 jours <\/span><\/h5>\n<h5><b><img decoding=\"async\" class=\"emoji entered lazyloaded\" role=\"img\" draggable=\"false\" src=\"https:\/\/s.w.org\/images\/core\/emoji\/13.1.0\/svg\/2705.svg\" alt=\" \u2705\" data-lazy-src=\"https:\/\/s.w.org\/images\/core\/emoji\/13.1.0\/svg\/2705.svg\" data-ll-status=\"loaded\" \/><\/b><span>Assistance 24h\/7 <\/span><\/h5>\n<h5><b><img decoding=\"async\" class=\"emoji entered lazyloaded\" role=\"img\" draggable=\"false\" src=\"https:\/\/s.w.org\/images\/core\/emoji\/13.1.0\/svg\/2705.svg\" alt=\" \u2705\" data-lazy-src=\"https:\/\/s.w.org\/images\/core\/emoji\/13.1.0\/svg\/2705.svg\" data-ll-status=\"loaded\" \/><\/b><span>Livraison RAPIDE ET NATURELLE <\/span><\/h5>\n<h6 class=\"LC20lb DKV0Md\"><img decoding=\"async\" class=\"emoji entered lazyloaded\" role=\"img\" draggable=\"false\" src=\"https:\/\/s.w.org\/images\/core\/emoji\/13.1.0\/svg\/1f44c.svg\" alt=\" \ud83d\udc4c\" data-lazy-src=\"https:\/\/s.w.org\/images\/core\/emoji\/13.1.0\/svg\/1f44c.svg\" data-ll-status=\"loaded\" \/><span>PAIEMENT UNIQUE, AVEC GARANTIE INCLUSE <\/span><\/h6>\n<\/div>\n<\/div>\n","protected":false},"featured_media":2499,"comment_status":"open","ping_status":"closed","template":"","meta":{"_gspb_post_css":""},"store":[146],"product_brand":[],"product_cat":[169],"product_tag":[254],"class_list":{"0":"post-2497","1":"product","2":"type-product","3":"status-publish","4":"has-post-thumbnail","6":"store-facebook","7":"product_cat-facebook","8":"product_tag-acheter-des-avis-5-etoiles-facebook","9":"wcpa_has_options","11":"first","12":"instock","13":"sale","14":"taxable","15":"shipping-taxable","16":"purchasable","17":"product-type-variable"},"_links":{"self":[{"href":"https:\/\/www.top1social.com\/fr\/wp-json\/wp\/v2\/product\/2497","targetHints":{"allow":["GET"]}}],"collection":[{"href":"https:\/\/www.top1social.com\/fr\/wp-json\/wp\/v2\/product"}],"about":[{"href":"https:\/\/www.top1social.com\/fr\/wp-json\/wp\/v2\/types\/product"}],"replies":[{"embeddable":true,"href":"https:\/\/www.top1social.com\/fr\/wp-json\/wp\/v2\/comments?post=2497"}],"wp:featuredmedia":[{"embeddable":true,"href":"https:\/\/www.top1social.com\/fr\/wp-json\/wp\/v2\/media\/2499"}],"wp:attachment":[{"href":"https:\/\/www.top1social.com\/fr\/wp-json\/wp\/v2\/media?parent=2497"}],"wp:term":[{"taxonomy":"store","embeddable":true,"href":"https:\/\/www.top1social.com\/fr\/wp-json\/wp\/v2\/store?post=2497"},{"taxonomy":"product_brand","embeddable":true,"href":"https:\/\/www.top1social.com\/fr\/wp-json\/wp\/v2\/product_brand?post=2497"},{"taxonomy":"product_cat","embeddable":true,"href":"https:\/\/www.top1social.com\/fr\/wp-json\/wp\/v2\/product_cat?post=2497"},{"taxonomy":"product_tag","embeddable":true,"href":"https:\/\/www.top1social.com\/fr\/wp-json\/wp\/v2\/product_tag?post=2497"}],"curies":[{"name":"wp","href":"https:\/\/api.w.org\/{rel}","templated":true}]}}