{"id":2505,"date":"2022-12-31T13:32:44","date_gmt":"2022-12-31T12:32:44","guid":{"rendered":"https:\/\/www.top1social.com\/fr\/?post_type=product&#038;p=2505"},"modified":"2023-01-02T13:08:24","modified_gmt":"2023-01-02T12:08:24","slug":"acheter-des-streams-spotify-plays","status":"publish","type":"product","link":"https:\/\/www.top1social.com\/fr\/produit\/acheter-des-streams-spotify-plays\/","title":{"rendered":"Acheter des Streams Spotify Plays"},"content":{"rendered":"<h2 style=\"text-align: center;\">Que sont les Streams Spotify?<\/h2>\n<p><strong>L&rsquo;achat <\/strong> de flux Spotify vous aidera \u00e0 obtenir le Top1 <strong> Spotify est la premi\u00e8re plate-forme de streaming musical <\/strong> de haute qualit\u00e9 au monde. En 2021, <strong> Spotify est le plus grand service de streaming musical <\/strong> par abonnement au monde, avec 96 millions d&rsquo;abonn\u00e9s et 170 millions d&rsquo;utilisateurs.<\/p>\n<p>Si vous \u00eates musicien, <strong> Spotify vous permet de partager vos chansons avec vos fans et d&rsquo;augmenter votre popularit\u00e9 <\/strong> dans l&rsquo;industrie musicale.<\/p>\n<p>Spotify est un endroit o\u00f9 les musiciens extr\u00eamement populaires et nouveaux t\u00e9l\u00e9chargent leur musique et atteignent <strong> des millions de personnes en ligne <\/strong> . Si votre musique est de haute qualit\u00e9, avec un peu de chance, un facteur vedette et un coup de pouce de nos services, <strong> vos chansons pourraient devenir des succ\u00e8s avec des millions de flux <\/strong> . Vous pouvez toujours r\u00e9ussir sur Spotify sans nos produits, mais vous devez travailler dur et avoir de la chance ; cependant, cela pourrait ne pas suffire car la concurrence devient trop rude.<\/p>\n<p>Notre service \u00ab <strong> Spotify Views or Plays <\/strong> \u00bb est un service pour atteindre le niveau de popularit\u00e9 que vous souhaitez. <strong> Boostez vos chansons individuellement et votre profil en tant qu&rsquo;artiste. <\/strong> Cela vous aide \u00e9galement \u00e0 d\u00e9velopper votre base de fans. Si vous voulez en savoir plus sur ce produit fantastique, continuez \u00e0 lire.<\/p>\n<h2 style=\"text-align: center;\">Pourquoi devriez-vous acheter Spotify Plays?<\/h2>\n<p>De nombreux artistes comme vous poursuivent <strong> le m\u00eame objectif : grandir en tant qu&rsquo;artiste. <\/strong> C&rsquo;est pourquoi il est maintenant assez difficile d&rsquo;augmenter votre popularit\u00e9 sur Internet. Vous devez \u00e9galement garder \u00e0 l&rsquo;esprit que de nombreuses personnes h\u00e9sitent \u00e0 montrer leur amour pour les nouveaux artistes et leurs chansons. La bonne partie est que <strong> l&rsquo;algorithme de Spotify fait correspondre vos chansons avec leur public potentiel. <\/strong><\/p>\n<p>Il existe <strong> des listes de lecture g\u00e9n\u00e9r\u00e9es automatiquement autour d&rsquo;un genre musical que <a href=\"https:\/\/www.top1social.com\/fr\/produit-categorie\/spotify\/\"> Spotify <\/a> sugg\u00e8re aux personnes ayant les m\u00eames go\u00fbts musicaux. <\/strong> De plus, il existe des listes de lecture <strong> exclusives \u00a0\u00bb d\u00e9couverte hebdomadaire <\/strong> \u00a0\u00bb cr\u00e9\u00e9es par l&rsquo;algorithme de Spotify chaque semaine en utilisant des calculs et des estimations sur les go\u00fbts musicaux des auditeurs.<\/p>\n<p>Disons que vous faites de la musique dans le genre indie. Spotify peut sugg\u00e9rer vos chansons aux personnes qui \u00e9coutent de la musique ind\u00e9pendante tout le temps. De plus, si votre genre g\u00e9n\u00e9ral et votre style musical sont similaires \u00e0 ceux d&rsquo;autres artistes, vous ou votre groupe pouvez <strong> figurer sur les pages de profil d&rsquo;autres musiciens sous l&rsquo;onglet Artistes similaires. <\/strong><\/p>\n<p>Les gens aiment une chanson simplement parce qu&rsquo;elle a d\u00e9j\u00e0 \u00e9t\u00e9 entendue et que d&rsquo;autres personnes l&rsquo;aiment beaucoup. <strong> L&rsquo;achat de Spotify Plays donne \u00e0 vos chansons un aspect tendance <\/strong> , et lorsque les gens se rendront compte que beaucoup de gens aiment ce que vous faites, ils penseront que votre musique est g\u00e9niale et deviendront fan de vous, avant m\u00eame de l&rsquo;entendre. C&rsquo;est bon pour la promotion de votre compte. De cette fa\u00e7on, vous pouvez <strong> gagner beaucoup d&rsquo;auditeurs organiques <\/strong> .<\/p>\n<h3 style=\"text-align: center;\"><a class=\"product-feature\"><strong class=\"h3\">ACHETER DES JEUX SPOTIFY? <\/strong><\/a><\/h3>\n<p>Si vous souhaitez booster votre profil Spotify, <strong> l&rsquo; achat <\/strong><b> de flux Spotify <\/b> le rendra possible. <span class=\"\"> De cette fa\u00e7on, vous pouvez faire entendre votre contenu par de nombreux publics et obtenir de nouvelles vues organiques. <\/span><\/p>\n<p><strong>L&rsquo;achat de pi\u00e8ces <\/strong> est un service tr\u00e8s important pour obtenir <strong> plus d&rsquo;abonn\u00e9s sur Spotify et commencer \u00e0 grandir en tant qu&rsquo;artiste. <\/strong> Ce service vous permettra de grimper au sommet de la popularit\u00e9 et d&rsquo;occuper les premi\u00e8res places de la plateforme.<\/p>\n<p>Il est \u00e9galement important d&rsquo;avoir l&rsquo;<strong>achat d&rsquo;abonn\u00e9s sur Spotify <\/strong> qui vous offrira une plus grande port\u00e9e et visibilit\u00e9 sur la plateforme de streaming musical. De nombreux autres utilisateurs apprendront \u00e0 conna\u00eetre votre compte, et pas seulement du pays dans lequel vous vous trouvez, vous recevrez \u00e9galement du trafic Web d&rsquo;autres parties du monde. Ceci, \u00e0 son tour, apporte plus de followers et d&rsquo;interactions.<\/p>\n<h2 id=\"how-to-buy-spotify-plays\" style=\"text-align: center;\">Comment acheter des jeux Spotify<\/h2>\n<ol>\n<li><strong>Ouvrez Spotify et acc\u00e9dez \u00e0 votre profil d&rsquo;artiste. <\/strong> \u00c0 partir de l\u00e0, choisissez la chanson que vous voulez et copiez son URL.<\/li>\n<li>Revenez \u00e0 <strong> Top1Social <\/strong> et collez le lien que vous avez copi\u00e9 dans la case indiqu\u00e9e.<\/li>\n<li>S <strong> \u00e9lectionnez le nombre de reproductions <\/strong> que vous souhaitez acheter.<\/li>\n<li>Le prix sera visible apr\u00e8s avoir saisi le <strong> nombre de Vues. <\/strong><\/li>\n<li>Acc\u00e9dez \u00e0 la page de paiement en appuyant sur les boutons \u00ab\u00a0Ajouter au panier\u00a0\u00bb ou \u00ab\u00a0Acheter maintenant\u00a0\u00bb.<\/li>\n<li>Terminez le <strong> processus de paiement en toute s\u00e9curit\u00e9 <\/strong> avec votre carte de cr\u00e9dit ou de d\u00e9bit et maintenant aussi avec Bizum.<\/li>\n<li>Prendre plaisir!<\/li>\n<\/ol>\n","protected":false},"excerpt":{"rendered":"<p>Obtenez <strong> des Streams pour Spotify <\/strong><img decoding=\"async\" class=\"emoji entered lazyloaded alignnone\" role=\"img\" draggable=\"false\" src=\"https:\/\/s.w.org\/images\/core\/emoji\/13.1.0\/svg\/1f465.svg\" alt=\" \ud83d\udc65 Acheter Spotify Plays\" width=\"150\" height=\"150\" data-lazy-src=\"https:\/\/s.w.org\/images\/core\/emoji\/13.1.0\/svg\/1f465.svg\" data-ll-status=\"loaded\" \/><\/p>\n<p><strong><b>Ne manquez pas nos offre ! <\/b><img decoding=\"async\" class=\"emoji entered lazyloaded alignnone\" role=\"img\" draggable=\"false\" src=\"https:\/\/s.w.org\/images\/core\/emoji\/13.1.0\/svg\/1f4c8.svg\" alt=\" \ud83d\udcc8 Acheter Spotify\" width=\"150\" height=\"150\" data-lazy-src=\"https:\/\/s.w.org\/images\/core\/emoji\/13.1.0\/svg\/1f4c8.svg\" data-ll-status=\"loaded\" \/><\/strong><\/p>\n<div class=\"pr_excerpt f_300 f_size_15\">\n<h5><b><img decoding=\"async\" class=\"emoji entered lazyloaded\" role=\"img\" draggable=\"false\" src=\"https:\/\/s.w.org\/images\/core\/emoji\/13.1.0\/svg\/2705.svg\" alt=\" Plays \u2705\" data-lazy-src=\"https:\/\/s.w.org\/images\/core\/emoji\/13.1.0\/svg\/2705.svg\" data-ll-status=\"loaded\" \/><\/b>T\u00e9l\u00e9chargez votre compte Spotify et devenez viral<\/h5>\n<h5><b><img decoding=\"async\" class=\"emoji entered lazyloaded\" role=\"img\" draggable=\"false\" src=\"https:\/\/s.w.org\/images\/core\/emoji\/13.1.0\/svg\/2705.svg\" alt=\" \u2705\" data-lazy-src=\"https:\/\/s.w.org\/images\/core\/emoji\/13.1.0\/svg\/2705.svg\" data-ll-status=\"loaded\" \/><\/b>Spotify joue (garantie de 30 jours)<\/h5>\n<h5><b><img decoding=\"async\" class=\"emoji entered lazyloaded\" role=\"img\" draggable=\"false\" src=\"https:\/\/s.w.org\/images\/core\/emoji\/13.1.0\/svg\/2705.svg\" alt=\" \u2705\" data-lazy-src=\"https:\/\/s.w.org\/images\/core\/emoji\/13.1.0\/svg\/2705.svg\" data-ll-status=\"loaded\" \/><\/b>Assistance en 24h\/7<\/h5>\n<h5><b><img decoding=\"async\" class=\"emoji entered lazyloaded\" role=\"img\" draggable=\"false\" src=\"https:\/\/s.w.org\/images\/core\/emoji\/13.1.0\/svg\/2705.svg\" alt=\" \u2705\" data-lazy-src=\"https:\/\/s.w.org\/images\/core\/emoji\/13.1.0\/svg\/2705.svg\" data-ll-status=\"loaded\" \/><\/b>Livraison RAPIDE ET NATURELLE<\/h5>\n<h6 class=\"LC20lb DKV0Md\"><img decoding=\"async\" class=\"emoji entered lazyloaded\" role=\"img\" draggable=\"false\" src=\"https:\/\/s.w.org\/images\/core\/emoji\/13.1.0\/svg\/1f44c.svg\" alt=\" \ud83d\udc4c\" data-lazy-src=\"https:\/\/s.w.org\/images\/core\/emoji\/13.1.0\/svg\/1f44c.svg\" data-ll-status=\"loaded\" \/>PAIEMENT UNIQUE, AVEC GARANTIE INCLUSE<\/h6>\n<\/div>\n","protected":false},"featured_media":2507,"comment_status":"open","ping_status":"closed","template":"","meta":{"_gspb_post_css":""},"store":[152],"product_brand":[],"product_cat":[174],"product_tag":[255],"class_list":{"0":"post-2505","1":"product","2":"type-product","3":"status-publish","4":"has-post-thumbnail","6":"store-spotify","7":"product_cat-spotify","8":"product_tag-acheter-des-streams-spotify-plays","9":"wcpa_has_options","11":"first","12":"instock","13":"sale","14":"taxable","15":"shipping-taxable","16":"purchasable","17":"product-type-variable"},"_links":{"self":[{"href":"https:\/\/www.top1social.com\/fr\/wp-json\/wp\/v2\/product\/2505","targetHints":{"allow":["GET"]}}],"collection":[{"href":"https:\/\/www.top1social.com\/fr\/wp-json\/wp\/v2\/product"}],"about":[{"href":"https:\/\/www.top1social.com\/fr\/wp-json\/wp\/v2\/types\/product"}],"replies":[{"embeddable":true,"href":"https:\/\/www.top1social.com\/fr\/wp-json\/wp\/v2\/comments?post=2505"}],"wp:featuredmedia":[{"embeddable":true,"href":"https:\/\/www.top1social.com\/fr\/wp-json\/wp\/v2\/media\/2507"}],"wp:attachment":[{"href":"https:\/\/www.top1social.com\/fr\/wp-json\/wp\/v2\/media?parent=2505"}],"wp:term":[{"taxonomy":"store","embeddable":true,"href":"https:\/\/www.top1social.com\/fr\/wp-json\/wp\/v2\/store?post=2505"},{"taxonomy":"product_brand","embeddable":true,"href":"https:\/\/www.top1social.com\/fr\/wp-json\/wp\/v2\/product_brand?post=2505"},{"taxonomy":"product_cat","embeddable":true,"href":"https:\/\/www.top1social.com\/fr\/wp-json\/wp\/v2\/product_cat?post=2505"},{"taxonomy":"product_tag","embeddable":true,"href":"https:\/\/www.top1social.com\/fr\/wp-json\/wp\/v2\/product_tag?post=2505"}],"curies":[{"name":"wp","href":"https:\/\/api.w.org\/{rel}","templated":true}]}}