{"id":2517,"date":"2023-01-01T13:42:12","date_gmt":"2023-01-01T12:42:12","guid":{"rendered":"https:\/\/www.top1social.com\/fr\/?post_type=product&#038;p=2517"},"modified":"2026-04-05T16:14:27","modified_gmt":"2026-04-05T15:14:27","slug":"acheter-des-followers-spotify-playlist","status":"publish","type":"product","link":"https:\/\/www.top1social.com\/fr\/produit\/acheter-des-followers-spotify-playlist\/","title":{"rendered":"Acheter des Followers Spotify (Playlist)"},"content":{"rendered":"<h2 class=\"col-md-12 col-lg-6 feature-container\" style=\"text-align: center;\"><a class=\"product-feature\"><strong class=\"h3\"><span>ACHETER DES FOLLOWERS SPOTIFY PLAYLIST <\/span><\/strong><\/a><\/h2>\n<div class=\"col-md-12 col-lg-6 feature-container\">\n<p><span>Maintenant, gr\u00e2ce \u00e0 notre service, vous pouvez <\/span><strong><span> acheter des abonn\u00e9s \u00e0 la Playlist Spotify <\/span><\/strong><span> et vous vous ferez para\u00eetre tr\u00e8s populaire. En cons\u00e9quence, certains artistes voudront mettre leurs chansons sur votre Playlist. Vous pouvez en faire une entreprise en les chargeant de le faire. <\/span><\/p>\n<div class=\"wpsm_update mobfont90\"><span class=\"label-info\"><span>OFFRE <\/span><\/span><strong><span> Obtenez maintenant au meilleur prix notre service pour <\/span><span> acheter des reproductions Spotify. <\/span><\/strong><\/div>\n<p><strong><span class=\"\"><span>Spotify Playlist Followers <\/span><\/span><\/strong><span class=\"\"><span> vous permet d&rsquo;atteindre un public impossible \u00e0 attirer autrement. <\/span><\/span><span> Nous recevons quotidiennement de nombreuses questions telles que \u00a0\u00bb <\/span><strong><span> comment voir qui aime votre playlist sur Spotify <\/span><\/strong><span> \u00ab\u00a0, \u00a0\u00bb <\/span><strong><span> comment voir les abonn\u00e9s sur Spotify <\/span><\/strong><span> \u00a0\u00bb et \u00a0\u00bb <\/span><strong><span> comment voir les abonn\u00e9s sur la playlist Spotify <\/span><\/strong><span> \u00ab\u00a0, nous avons d\u00e9cid\u00e9 qu&rsquo;il serait pr\u00e9f\u00e9rable de vous offrir cette opportunit\u00e9 pour augmenter le nombre d&rsquo;abonn\u00e9s dans vos Playlist. <\/span><\/p>\n<\/div>\n<h2 class=\"col-md-12 col-lg-6 feature-container\" style=\"text-align: center;\"><a class=\"product-feature\"><strong class=\"h3\"><span>QU&rsquo;EST-CE QUE LES ABONN\u00c9S \u00c0 LA PLAYLIST SPOTIFY? <\/span><\/strong><\/a><\/h2>\n<div class=\"col-md-12 col-lg-6 feature-container\">\n<p><span>Vous pouvez <\/span><strong><span> cr\u00e9er une Playlist sur Spotify et facturer aux artistes les fonctionnalit\u00e9s qu&rsquo;elle contient <\/span><\/strong><span> . Et les gens peuvent <\/span><strong><span> suivre vos Playlist<\/span><\/strong><span>. Avoir beaucoup de personnes suivant la v\u00f4tre vous permettra d&rsquo;augmenter les tarifs. <\/span><\/p>\n<p><span>Pensez que vous \u00eates un artiste ind\u00e9pendant et que vous vous efforcez d&rsquo;avoir des auditeurs. Ne serait-il pas formidable de figurer sur une Playlist<\/span><strong><span> populaire avec des milliers de followers<\/span><\/strong><span>? <\/span><\/p>\n<p><span>Notre service vous offre la possibilit\u00e9 d&rsquo;effectuer ce changement d\u00e8s que possible et de commencer votre voyage vers le succ\u00e8s. <\/span><\/p>\n<h2 style=\"text-align: center;\"><span class=\"\"><span>Obtenez des abonn\u00e9s \u00e0 la Playlist Spotify <\/span><\/span><\/h2>\n<p><span>Comme nous l&rsquo;avons expliqu\u00e9 ci-dessus, il peut \u00eatre judicieux <\/span><strong><span> d&rsquo;acheter des abonn\u00e9s Spotify Playlist et de cr\u00e9er une entreprise \u00e0 partir d&rsquo;eux <\/span><\/strong><span> . Nous avons vu beaucoup de gens <\/span><strong><span> facturer trois chiffres aux artistes prometteurs pour que <\/span><\/strong><span> leurs chansons soient sur leurs listes de lecture. De cette fa\u00e7on, les deux parties gagnent. <\/span><strong><span> Le propri\u00e9taire de la playlist re\u00e7oit l&rsquo;argent et l&rsquo;artiste obtient une plate-forme pour obtenir plus de reconnaissance. <\/span><\/strong><\/p>\n<p><span>Cependant, ce n&rsquo;est pas le seul <\/span><strong><span> avantage d&rsquo;obtenir une Playlist Spotify apr\u00e8s <\/span><\/strong><span> . De cette fa\u00e7on, vous pouvez \u00e9galement amener de vraies personnes \u00e0 suivre votre playlist. Les gens percevront votre Playlist comme \u00e9tant de grande valeur et excellente lorsqu&rsquo;ils verront que de nombreuses personnes la suivent d\u00e9j\u00e0. Rendez <\/span><strong><span> votre Playlist tendance sur <\/span><a href=\"https:\/\/www.top1social.com\/fr\/produit-categorie\/spotify\/\"><span> Spotify<\/span><\/a><span>. <\/span><\/strong><\/p>\n<p><span>C&rsquo;est l&rsquo;interaction humaine la plus fondamentale. Quand ils voient que quelque chose est populaire et bruyant, ils veulent en faire partie. Vous pouvez \u00e9galement <\/span><strong><span> acheter <\/span><\/strong><span> directement des abonn\u00e9s Spotify, pas seulement pour vos Playlists. <\/span><\/p>\n<\/div>\n","protected":false},"excerpt":{"rendered":"<div class=\"woocommerce-product-details__short-description\">\n<p><span>Obtenez <\/span><strong><span> des abonn\u00e9s pour votre PlayList Spotify <\/span><\/strong><img decoding=\"async\" class=\"emoji entered lazyloaded alignnone\" role=\"img\" draggable=\"false\" src=\"https:\/\/s.w.org\/images\/core\/emoji\/13.1.0\/svg\/1f465.svg\" alt=\" \ud83d\udc65 Acheter des abonn\u00e9s Spotify\" width=\"150\" height=\"150\" data-lazy-src=\"https:\/\/s.w.org\/images\/core\/emoji\/13.1.0\/svg\/1f465.svg\" data-ll-status=\"loaded\" \/><\/p>\n<p><strong><b><span>Ne manquez pas nos offres! <\/span><\/b><img decoding=\"async\" class=\"emoji entered lazyloaded alignnone\" role=\"img\" draggable=\"false\" src=\"https:\/\/s.w.org\/images\/core\/emoji\/13.1.0\/svg\/1f4c8.svg\" alt=\" \ud83d\udcc8 Acheter des abonn\u00e9s Spotify\" width=\"150\" height=\"150\" data-lazy-src=\"https:\/\/s.w.org\/images\/core\/emoji\/13.1.0\/svg\/1f4c8.svg\" data-ll-status=\"loaded\" \/><\/strong><\/p>\n<div class=\"pr_excerpt f_300 f_size_15\">\n<h5><b><img decoding=\"async\" class=\"emoji entered lazyloaded\" role=\"img\" draggable=\"false\" src=\"https:\/\/s.w.org\/images\/core\/emoji\/13.1.0\/svg\/2705.svg\" alt=\" \u2705\" data-lazy-src=\"https:\/\/s.w.org\/images\/core\/emoji\/13.1.0\/svg\/2705.svg\" data-ll-status=\"loaded\" \/><\/b><span>T\u00e9l\u00e9chargez votre compte Spotify et devenez viral <\/span><\/h5>\n<h5><b><img decoding=\"async\" class=\"emoji entered lazyloaded\" role=\"img\" draggable=\"false\" src=\"https:\/\/s.w.org\/images\/core\/emoji\/13.1.0\/svg\/2705.svg\" alt=\" \u2705\" data-lazy-src=\"https:\/\/s.w.org\/images\/core\/emoji\/13.1.0\/svg\/2705.svg\" data-ll-status=\"loaded\" \/><\/b><span>Abonn\u00e9s Spotify (garantie de 30 jours) <\/span><\/h5>\n<h5><b><img decoding=\"async\" class=\"emoji entered lazyloaded\" role=\"img\" draggable=\"false\" src=\"https:\/\/s.w.org\/images\/core\/emoji\/13.1.0\/svg\/2705.svg\" alt=\" \u2705\" data-lazy-src=\"https:\/\/s.w.org\/images\/core\/emoji\/13.1.0\/svg\/2705.svg\" data-ll-status=\"loaded\" \/><\/b><span>Assistance 24h\/7 <\/span><\/h5>\n<h5><b><img decoding=\"async\" class=\"emoji entered lazyloaded\" role=\"img\" draggable=\"false\" src=\"https:\/\/s.w.org\/images\/core\/emoji\/13.1.0\/svg\/2705.svg\" alt=\" \u2705\" data-lazy-src=\"https:\/\/s.w.org\/images\/core\/emoji\/13.1.0\/svg\/2705.svg\" data-ll-status=\"loaded\" \/><\/b><span>Livraison RAPIDE ET NATURELLE <\/span><\/h5>\n<h6 class=\"LC20lb DKV0Md\"><img decoding=\"async\" class=\"emoji entered lazyloaded\" role=\"img\" draggable=\"false\" src=\"https:\/\/s.w.org\/images\/core\/emoji\/13.1.0\/svg\/1f44c.svg\" alt=\" \ud83d\udc4c\" data-lazy-src=\"https:\/\/s.w.org\/images\/core\/emoji\/13.1.0\/svg\/1f44c.svg\" data-ll-status=\"loaded\" \/><span>PAIEMENT UNIQUE, AVEC GARANTIE INCLUSE <\/span><\/h6>\n<\/div>\n<\/div>\n","protected":false},"featured_media":2519,"comment_status":"open","ping_status":"closed","template":"","meta":{"_gspb_post_css":""},"store":[152],"product_brand":[],"product_cat":[174],"product_tag":[256],"class_list":{"0":"post-2517","1":"product","2":"type-product","3":"status-publish","4":"has-post-thumbnail","6":"store-spotify","7":"product_cat-spotify","8":"product_tag-acheter-des-followers-spotify-playlist","9":"wcpa_has_options","11":"first","12":"instock","13":"sale","14":"taxable","15":"shipping-taxable","16":"purchasable","17":"product-type-variable"},"_links":{"self":[{"href":"https:\/\/www.top1social.com\/fr\/wp-json\/wp\/v2\/product\/2517","targetHints":{"allow":["GET"]}}],"collection":[{"href":"https:\/\/www.top1social.com\/fr\/wp-json\/wp\/v2\/product"}],"about":[{"href":"https:\/\/www.top1social.com\/fr\/wp-json\/wp\/v2\/types\/product"}],"replies":[{"embeddable":true,"href":"https:\/\/www.top1social.com\/fr\/wp-json\/wp\/v2\/comments?post=2517"}],"wp:featuredmedia":[{"embeddable":true,"href":"https:\/\/www.top1social.com\/fr\/wp-json\/wp\/v2\/media\/2519"}],"wp:attachment":[{"href":"https:\/\/www.top1social.com\/fr\/wp-json\/wp\/v2\/media?parent=2517"}],"wp:term":[{"taxonomy":"store","embeddable":true,"href":"https:\/\/www.top1social.com\/fr\/wp-json\/wp\/v2\/store?post=2517"},{"taxonomy":"product_brand","embeddable":true,"href":"https:\/\/www.top1social.com\/fr\/wp-json\/wp\/v2\/product_brand?post=2517"},{"taxonomy":"product_cat","embeddable":true,"href":"https:\/\/www.top1social.com\/fr\/wp-json\/wp\/v2\/product_cat?post=2517"},{"taxonomy":"product_tag","embeddable":true,"href":"https:\/\/www.top1social.com\/fr\/wp-json\/wp\/v2\/product_tag?post=2517"}],"curies":[{"name":"wp","href":"https:\/\/api.w.org\/{rel}","templated":true}]}}