{"id":2528,"date":"2023-12-02T01:11:29","date_gmt":"2023-12-02T00:11:29","guid":{"rendered":"https:\/\/www.top1social.com\/fr\/?post_type=product&#038;p=2528"},"modified":"2026-04-05T14:35:21","modified_gmt":"2026-04-05T13:35:21","slug":"acheter-des-auditeurs-mensuels-spotify","status":"publish","type":"product","link":"https:\/\/www.top1social.com\/fr\/produit\/acheter-des-auditeurs-mensuels-spotify\/","title":{"rendered":"Acheter des Auditeurs Mensuels Spotify"},"content":{"rendered":"<h2 style=\"text-align: center;\"><b><span class=\"\">Acheter <\/span><\/b><b><span class=\"\"> des auditeurs mensuels Spotify <\/span><\/b><\/h2>\n<p><strong>Pour vous aider \u00e0 augmenter votre popularit\u00e9 sur Spotify, vous pouvez acheter des auditeurs mensuels Spotify. <\/strong> Les auditeurs mensuels sont les personnes qui ont \u00e9cout\u00e9 votre chanson au cours des 28 derniers jours. <strong> Plus il y a d&rsquo;auditeurs, plus votre chanson est populaire, bien s\u00fbr <\/strong> .<\/p>\n<p>L&rsquo;industrie de la musique est tr\u00e8s comp\u00e9titive et satur\u00e9e. Grandir dans l&rsquo;industrie de la musique prend du temps et il est important de figurer dans les palmar\u00e8s des tendances. Cela n\u00e9cessite du temps, un travail acharn\u00e9 et un <strong> large public. <\/strong><\/p>\n<div class=\"wpsm_update mobfont90\" style=\"text-align: center;\"><span class=\"label-info\">PROMO <\/span><strong> Obtenez maintenant au meilleur prix notre service <a href=\"https:\/\/www.top1social.com\/fr\/produit\/acheter-followers-spotify\/\">Acheter Followers<\/a><a href=\"https:\/\/www.top1social.com\/fr\/produit\/acheter-followers-spotify\/\">\u00a0Spotify<\/a>. <\/strong><\/div>\n<p><strong>Comment l&rsquo;achat d&rsquo;auditeurs mensuels vous aide \u00e0 devenir plus c\u00e9l\u00e8bre en tant qu&rsquo;artiste\u00a0: <\/strong><\/p>\n<p><img decoding=\"async\" class=\"emoji alignnone entered lazyloaded\" role=\"img\" draggable=\"false\" src=\"https:\/\/s.w.org\/images\/core\/emoji\/14.0.0\/svg\/2705.svg\" alt=\"\u2705 Acheter des auditeurs mensuels Spotify\" width=\"150\" height=\"150\" data-lazy-src=\"https:\/\/s.w.org\/images\/core\/emoji\/14.0.0\/svg\/2705.svg\" data-ll-status=\"loaded\" data-lazy- title=\"\">Vos morceaux semblent plus populaires et sont instantan\u00e9ment plus attrayants pour les autres auditeurs\u00a0!<\/p>\n<p><img decoding=\"async\" class=\"emoji alignnone entered lazyloaded\" role=\"img\" draggable=\"false\" src=\"https:\/\/s.w.org\/images\/core\/emoji\/14.0.0\/svg\/2705.svg\" alt=\" \u2705 Acheter des auditeurs mensuels Spotify\" width=\"150\" height=\"150\" data-lazy-src=\"https:\/\/s.w.org\/images\/core\/emoji\/14.0.0\/svg\/2705.svg\" data-ll-status=\"loaded\" data-lazy- title=\"\">L&rsquo;ajout de produits Spotify contourne l&rsquo;algorithme de Spotify et <strong> augmente votre classement <\/strong> !<\/p>\n<p><img decoding=\"async\" class=\"emoji alignnone entered lazyloaded\" role=\"img\" draggable=\"false\" src=\"https:\/\/s.w.org\/images\/core\/emoji\/14.0.0\/svg\/2705.svg\" alt=\"\u2705 Acheter des auditeurs mensuels Spotify\" width=\"150\" height=\"150\" data-lazy-src=\"https:\/\/s.w.org\/images\/core\/emoji\/14.0.0\/svg\/2705.svg\" data-ll-status=\"loaded\" data-lazy- title=\"\"><strong>Votre chanson sera mieux diffus\u00e9e sur Spotify et sera davantage vue par les fans. <\/strong><\/p>\n<p><img decoding=\"async\" class=\"emoji alignnone entered lazyloaded\" role=\"img\" draggable=\"false\" src=\"https:\/\/s.w.org\/images\/core\/emoji\/14.0.0\/svg\/2705.svg\" alt=\" \u2705 Acheter des auditeurs mensuels Spotify\" width=\"150\" height=\"150\" data-lazy-src=\"https:\/\/s.w.org\/images\/core\/emoji\/14.0.0\/svg\/2705.svg\" data-ll-status=\"loaded\" data-lazy- title=\"\">Votre <strong> page d&rsquo;artiste semble cr\u00e9dible et populaire <\/strong> pour \u00eatre prise au s\u00e9rieux.<\/p>\n<p><img decoding=\"async\" class=\"emoji alignnone entered lazyloaded\" role=\"img\" draggable=\"false\" src=\"https:\/\/s.w.org\/images\/core\/emoji\/14.0.0\/svg\/2705.svg\" alt=\" \u2705 Acheter des auditeurs mensuels Spotify\" width=\"150\" height=\"150\" data-lazy-src=\"https:\/\/s.w.org\/images\/core\/emoji\/14.0.0\/svg\/2705.svg\" data-ll-status=\"loaded\" data-lazy- title=\"\">Un moyen rapide et fiable d&rsquo;\u00eatre d\u00e9couvert plus rapidement<\/p>\n<h2 class=\"col-md-12 col-lg-6 feature-container\" style=\"text-align: center;\"><a class=\"product-feature\"><strong class=\"h3\">QU&rsquo;EST-CE QUE LES AUDITEURS MENSUELS SPOTIFY? <\/strong><\/a><\/h2>\n<div class=\"col-md-12 col-lg-6 feature-container\">\n<p>Il y a un d\u00e9compte d&rsquo;\u00ab auditeurs mensuels \u00bb sur chaque profil Spotify, qui suit le nombre d&rsquo;auditeurs uniques de vos pistes pour le mois. <strong> Avoir de nombreux \u00ab\u00a0auditeurs mensuels\u00a0\u00bb signifie que vous \u00eates populaire et appr\u00e9ci\u00e9 socialement. <\/strong><\/p>\n<p>Les flux sont le nombre de fois que votre chanson a \u00e9t\u00e9 jou\u00e9e. <strong> Les auditeurs sont le nombre de personnes qui ont jou\u00e9 votre chanson <\/strong> . Spotify ne compte un auditeur comme auditeur mensuel que s&rsquo;il a \u00e9cout\u00e9 l&rsquo;une de vos chansons au cours des 28 derniers jours.<\/p>\n<\/div>\n<h2 class=\"col-md-12 col-lg-6 feature-container\" style=\"text-align: center;\"><a class=\"product-feature\"><strong class=\"h3\">POURQUOI DEVRIEZ-VOUS ACHETER DES AUDITEURS MENSUELS SPOTIFY? <\/strong><\/a><\/h2>\n<div class=\"col-md-12 col-lg-6 feature-container\">\n<p>Lorsque les utilisateurs ont beaucoup d&rsquo;auditeurs mensuels, <strong> leurs chansons deviennent de plus en plus visibles et Spotify commence \u00e0 sugg\u00e9rer leurs morceaux sur les \u00ab\u00a0listes de lecture de suggestions Spotify\u00a0\u00bb <\/strong> . Les listes de lecture sugg\u00e9r\u00e9es par Spotify sont visibles par tous, ce qui vous permet d&rsquo;atteindre un public beaucoup plus large.<\/p>\n<p>Il peut \u00eatre difficile de grandir dans l&rsquo;industrie de la musique si vous \u00eates relativement nouveau. Ainsi, pour <strong> obtenir le coup de pouce n\u00e9cessaire <\/strong> , de nombreux artistes se tournent vers <a href=\"https:\/\/www.top1social.com\/fr\/produit-categorie\/spotify\/\"><strong> Spotify <\/strong> <\/a> en payant pour <a href=\"https:\/\/www.top1social.com\/fr\/produit\/acheter-followers-spotify\/\"><strong> acheter des Followers Spotify <\/strong><\/a> , vous pouvez \u00e9galement <strong> acheter des Spotify Plays <\/strong> et plus encore.<\/p>\n<p>mensuels <strong>Les auditeurs <\/strong> sur Spotify sont les <strong> utilisateurs uniques qui ont \u00e9cout\u00e9 votre musique sur une p\u00e9riode de 28 jours <\/strong> . La chose la plus importante \u00e0 savoir sur <strong> les auditeurs mensuels de Spotify <\/strong> est qu&rsquo;ils sont uniques. Cela signifie que si un utilisateur \u00e9coute votre musique plusieurs fois sur une p\u00e9riode de 28 jours, <strong> il ne sera compt\u00e9 que comme un seul utilisateur. <\/strong><\/p>\n<h2 style=\"text-align: center;\">Comment obtenir plus d&rsquo;auditeurs mensuels sur Spotify?<\/h2>\n<p>Il y a plusieurs choses que vous pouvez faire pour vous aider \u00e0 <strong> obtenir plus d&rsquo;auditeurs sur Spotify <\/strong> . Certains sont plus faciles que d&rsquo;autres, et nous sommes heureux de vous aider sur votre chemin avec cette liste\u00a0:<\/p>\n<ol>\n<li aria-level=\"1\"><strong>Achetez des auditeurs mensuels sur Spotify. <\/strong> C&rsquo;est un moyen simple et rapide d&rsquo;am\u00e9liorer votre classement sur Spotify.<\/li>\n<li aria-level=\"1\"><strong>Cr\u00e9ez un compte Spotify pour les artistes. <\/strong> Cela v\u00e9rifie votre compte imm\u00e9diatement, offre plus de cr\u00e9dibilit\u00e9. Il vous offre \u00e9galement toutes sortes de fonctionnalit\u00e9s suppl\u00e9mentaires (gratuites) utiles pour analyser la popularit\u00e9 de votre musique sur Spotify.<\/li>\n<li aria-level=\"1\"><strong>Cr\u00e9ez vos propres listes de lecture contenant votre musique. <\/strong> Vous pouvez \u00e9galement l&rsquo;\u00e9pingler sur la page d&rsquo;accueil de votre profil pour que les autres puissent le trouver facilement. En collaborant avec d&rsquo;autres artistes, votre propre musique acquiert imm\u00e9diatement une port\u00e9e plus large.<\/li>\n<li aria-level=\"1\"><strong>Utilisez \u00e9galement d&rsquo;autres canaux de m\u00e9dias sociaux <\/strong> lorsque, par exemple, vous publiez une nouvelle piste. Assurez-vous que tous vos abonn\u00e9s peuvent facilement le trouver partout et consultez votre profil Spotify pour les y amener.<\/li>\n<li aria-level=\"1\"><strong>Assurez-vous de publier r\u00e9guli\u00e8rement de nouvelles musiques pour assurer une croissance constante de votre base de fans. <\/strong><\/li>\n<\/ol>\n<h3 style=\"text-align: center;\">Diff\u00e9rences entre les auditeurs mensuels Spotify et les lectures?<\/h3>\n<p>Le nombre d&rsquo;\u00e9coutes d&rsquo;une chanson correspond au nombre de fois qu&rsquo;une chanson est \u00e9cout\u00e9e. Peu importe si 1 personne l&rsquo;\u00e9coute 50 fois ou 50 personnes l&rsquo;\u00e9coutent une fois. Dans ce cas, <strong> le nombre de reproductions sera de 50 <\/strong> , quel que soit le nombre de personnes qui l&rsquo;ont \u00e9cout\u00e9.<\/p>\n<\/div>\n","protected":false},"excerpt":{"rendered":"<div class=\"woocommerce-product-details__short-description\">\n<p>Obtenez <strong> des auditeurs mensuels pour Spotify <\/strong><img decoding=\"async\" class=\"emoji entered lazyloaded alignnone\" role=\"img\" draggable=\"false\" src=\"https:\/\/s.w.org\/images\/core\/emoji\/13.1.0\/svg\/1f465.svg\" alt=\" \ud83d\udc65 Acheter des auditeurs mensuels Spotify\" width=\"150\" height=\"150\" data-lazy-src=\"https:\/\/s.w.org\/images\/core\/emoji\/13.1.0\/svg\/1f465.svg\" data-ll-status=\"loaded\" \/><\/p>\n<p><strong><b>Ne manquez pas nos offres! <\/b><img loading=\"lazy\" decoding=\"async\" class=\"emoji entered lazyloaded alignnone\" role=\"img\" draggable=\"false\" src=\"https:\/\/s.w.org\/images\/core\/emoji\/13.1.0\/svg\/1f4c8.svg\" alt=\" \ud83d\udcc8 Acheter des auditeurs mensuels Spotify\" width=\"150\" height=\"150\" data-lazy-src=\"https:\/\/s.w.org\/images\/core\/emoji\/13.1.0\/svg\/1f4c8.svg\" data-ll-status=\"loaded\" \/><\/strong><\/p>\n<p><strong>Maintenant le meilleur prix du march\u00e9\u00a0<b><img decoding=\"async\" class=\"emoji entered lazyloaded\" role=\"img\" draggable=\"false\" src=\"https:\/\/s.w.org\/images\/core\/emoji\/14.0.0\/svg\/1f525.svg\" alt=\"\ud83d\udd25\" data-lazy-src=\"https:\/\/s.w.org\/images\/core\/emoji\/14.0.0\/svg\/1f525.svg\" data-ll-status=\"loaded\" \/><\/b><\/strong><\/p>\n<div class=\"pr_excerpt f_300 f_size_15\">\n<h5><b><img decoding=\"async\" class=\"emoji entered lazyloaded\" role=\"img\" draggable=\"false\" src=\"https:\/\/s.w.org\/images\/core\/emoji\/13.1.0\/svg\/2705.svg\" alt=\" \u2705\" data-lazy-src=\"https:\/\/s.w.org\/images\/core\/emoji\/13.1.0\/svg\/2705.svg\" data-ll-status=\"loaded\" \/><\/b>T\u00e9l\u00e9chargez votre compte Spotify et devenez viral<\/h5>\n<h5><b><img decoding=\"async\" class=\"emoji entered lazyloaded\" role=\"img\" draggable=\"false\" src=\"https:\/\/s.w.org\/images\/core\/emoji\/13.1.0\/svg\/2705.svg\" alt=\" \u2705\" data-lazy-src=\"https:\/\/s.w.org\/images\/core\/emoji\/13.1.0\/svg\/2705.svg\" data-ll-status=\"loaded\" \/><\/b>Auditeurs Spotify (Garantie 30 jours)<\/h5>\n<h5><b><img decoding=\"async\" class=\"emoji entered lazyloaded\" role=\"img\" draggable=\"false\" src=\"https:\/\/s.w.org\/images\/core\/emoji\/13.1.0\/svg\/2705.svg\" alt=\" \u2705\" data-lazy-src=\"https:\/\/s.w.org\/images\/core\/emoji\/13.1.0\/svg\/2705.svg\" data-ll-status=\"loaded\" \/><\/b>Assistance 24h\/7<\/h5>\n<h5><b><img decoding=\"async\" class=\"emoji entered lazyloaded\" role=\"img\" draggable=\"false\" src=\"https:\/\/s.w.org\/images\/core\/emoji\/13.1.0\/svg\/2705.svg\" alt=\" \u2705\" data-lazy-src=\"https:\/\/s.w.org\/images\/core\/emoji\/13.1.0\/svg\/2705.svg\" data-ll-status=\"loaded\" \/><\/b>Livraison RAPIDE ET NATURELLE<\/h5>\n<h6 class=\"LC20lb DKV0Md\"><img decoding=\"async\" class=\"emoji entered lazyloaded\" role=\"img\" draggable=\"false\" src=\"https:\/\/s.w.org\/images\/core\/emoji\/13.1.0\/svg\/1f44c.svg\" alt=\" \ud83d\udc4c\" data-lazy-src=\"https:\/\/s.w.org\/images\/core\/emoji\/13.1.0\/svg\/1f44c.svg\" data-ll-status=\"loaded\" \/>PAIEMENT UNIQUE, AVEC GARANTIE INCLUSE<\/h6>\n<\/div>\n<\/div>\n","protected":false},"featured_media":2530,"comment_status":"open","ping_status":"closed","template":"","meta":{"_gspb_post_css":""},"store":[152],"product_brand":[],"product_cat":[174],"product_tag":[257],"class_list":{"0":"post-2528","1":"product","2":"type-product","3":"status-publish","4":"has-post-thumbnail","6":"store-spotify","7":"product_cat-spotify","8":"product_tag-acheter-des-auditeurs-mensuels-spotify","9":"wcpa_has_options","11":"first","12":"instock","13":"sale","14":"taxable","15":"shipping-taxable","16":"purchasable","17":"product-type-variable"},"_links":{"self":[{"href":"https:\/\/www.top1social.com\/fr\/wp-json\/wp\/v2\/product\/2528","targetHints":{"allow":["GET"]}}],"collection":[{"href":"https:\/\/www.top1social.com\/fr\/wp-json\/wp\/v2\/product"}],"about":[{"href":"https:\/\/www.top1social.com\/fr\/wp-json\/wp\/v2\/types\/product"}],"replies":[{"embeddable":true,"href":"https:\/\/www.top1social.com\/fr\/wp-json\/wp\/v2\/comments?post=2528"}],"wp:featuredmedia":[{"embeddable":true,"href":"https:\/\/www.top1social.com\/fr\/wp-json\/wp\/v2\/media\/2530"}],"wp:attachment":[{"href":"https:\/\/www.top1social.com\/fr\/wp-json\/wp\/v2\/media?parent=2528"}],"wp:term":[{"taxonomy":"store","embeddable":true,"href":"https:\/\/www.top1social.com\/fr\/wp-json\/wp\/v2\/store?post=2528"},{"taxonomy":"product_brand","embeddable":true,"href":"https:\/\/www.top1social.com\/fr\/wp-json\/wp\/v2\/product_brand?post=2528"},{"taxonomy":"product_cat","embeddable":true,"href":"https:\/\/www.top1social.com\/fr\/wp-json\/wp\/v2\/product_cat?post=2528"},{"taxonomy":"product_tag","embeddable":true,"href":"https:\/\/www.top1social.com\/fr\/wp-json\/wp\/v2\/product_tag?post=2528"}],"curies":[{"name":"wp","href":"https:\/\/api.w.org\/{rel}","templated":true}]}}