{"id":2621,"date":"2023-01-19T15:58:44","date_gmt":"2023-01-19T14:58:44","guid":{"rendered":"https:\/\/www.top1social.com\/fr\/?post_type=product&#038;p=2621"},"modified":"2023-01-19T16:01:24","modified_gmt":"2023-01-19T15:01:24","slug":"acheter-des-followers-linkedin","status":"publish","type":"product","link":"https:\/\/www.top1social.com\/fr\/produit\/acheter-des-followers-linkedin\/","title":{"rendered":"Acheter des Followers LinkedIn"},"content":{"rendered":"<h2 class=\"title\" style=\"text-align: center;\">Nous r\u00e9solvons vos doutes sur Acheter des Followers LinkedIn<\/h2>\n<p>Vous avez un profil personnel ou d&rsquo;entreprise sur Linkedin et souhaitez augmenter votre visibilit\u00e9 et votre image ? <strong>L&rsquo;achat d&rsquo;abonn\u00e9s LinkedIn<\/strong> permettra \u00e0 votre compte <strong> d&rsquo;atteindre la pertinence n\u00e9cessaire pour gagner plus de confiance et d&rsquo;int\u00e9r\u00eat <\/strong> envers vos abonn\u00e9s et\/ou clients potentiels.<br \/>\nDonnez \u00e0 votre compte le coup de pouce dont vous avez besoin et achetez des abonn\u00e9s maintenant\u00a0! Les r\u00e9sultats vous surprendront.<\/p>\n<p><strong>\u2714\ufe0f Profils de la plus haute qualit\u00e9\u00a0! <\/strong><br \/>\n<strong> \u2714\ufe0f D\u00e9but : Dans les premi\u00e8res 24\/48h<\/strong><\/p>\n<div id=\"row-1519072560\" class=\"row align-middle align-center white\">\n<div id=\"col-872975391\" class=\"col hide-for-small medium-10 small-12 large-10\">\n<div class=\"col-inner text-left\">\n<h3 class=\"primary-color\" style=\"text-align: center;\">A quoi sert d&rsquo;acheter des followers sur LinkedIn ?<\/h3>\n<div class=\"p2\">\n<p><strong>Avoir des followers sur votre profil d&rsquo;entreprise ou sur votre profil Linkedin personnel<\/strong> vous donne quelque chose de tr\u00e8s important : une bonne premi\u00e8re impression sur les clients potentiels ou les opportunit\u00e9s d&#8217;emploi.<\/p>\n<p>Si vous souhaitez booster votre image, <strong>augmenter la confiance et la cr\u00e9dibilit\u00e9 de votre marque<\/strong>, dans le cas d&rsquo;une entreprise, ou de votre profil professionnel, dans le cas d&rsquo;une personne, l&rsquo;achat d&rsquo;abonn\u00e9s Linkedin est une strat\u00e9gie qui vous surprendra par son bon r\u00e9sultats.<\/p>\n<p><strong>Un bon nombre de followers vous donnera non seulement une bonne image<\/strong>, mais sera \u00e9galement un facteur que l&rsquo;algorithme de Linkedin prendra en compte pour vous positionner dans les recherches de la plateforme ou vous recommander \u00e0 d&rsquo;autres utilisateurs.<\/p>\n<p>Si vous souhaitez augmenter vos revenus, donnez \u00e0 votre profil Linkedin le coup de pouce dont il a besoin pour atteindre la pertinence et vous d\u00e9marquer parmi les professionnels de votre domaine.<\/p>\n<\/div>\n<\/div>\n<\/div>\n<\/div>\n<div id=\"row-277337629\" class=\"row align-middle align-center white\">\n<div id=\"col-1293693868\" class=\"col hide-for-small medium-10 small-12 large-10\">\n<div class=\"col-inner text-left\">\n<h3 class=\"primary-color\" style=\"text-align: center;\">Quels avantages vais-je obtenir en achetant des abonn\u00e9s LinkedIn ?<\/h3>\n<div class=\"p2\">\n<p><strong>Obtenir des abonn\u00e9s Linkedin<\/strong> r\u00e9mun\u00e9r\u00e9s pr\u00e9sente de nombreux avantages que nous \u00e9num\u00e9rons ci-dessous\u00a0:<\/p>\n<p>1. Donnez \u00e0 votre profil un boost de confiance, de pertinence et de notori\u00e9t\u00e9 gr\u00e2ce \u00e0 un grand nombre de followers. Cela fera une excellente premi\u00e8re impression sur vos clients ou employeurs potentiels.<\/p>\n<p>2. Obtenez l&rsquo;algorithme <strong><a href=\"https:\/\/www.top1social.com\/fr\/produit-categorie\/linkedin\/\">Linkedin<\/a> <\/strong>pour recommander vos publications et votre contenu. Un grand nombre de followers est un facteur qui influence lors du positionnement sur ce r\u00e9seau social.<\/p>\n<p>3. Augmentez vos chances d&rsquo;augmenter vos revenus gr\u00e2ce \u00e0 la confiance que vous g\u00e9n\u00e9rerez. Il est possible que les opportunit\u00e9s d&#8217;emploi et les contacts se multiplient, que vous obteniez de nouveaux clients et des offres professionnelles pertinentes, ce qui peut booster votre carri\u00e8re ou votre entreprise.<\/p>\n<\/div>\n<\/div>\n<\/div>\n<\/div>\n<div id=\"row-1605950538\" class=\"row align-middle align-center white\">\n<div id=\"col-1241500131\" class=\"col hide-for-small medium-10 small-12 large-10\">\n<div class=\"col-inner text-left\">\n<h3 class=\"primary-color\" style=\"text-align: center;\">Achetez des abonn\u00e9s LinkedIn de qualit\u00e9<\/h3>\n<div class=\"p2\">\n<p>Que vous soyez une entreprise ou un professionnel, avoir un grand nombre de <strong>followers sur Linkedin<\/strong> vous donnera d&rsquo;excellents r\u00e9sultats.<\/p>\n<p>Top1Social vous propose les <strong>packages d&rsquo;abonn\u00e9s Linkedin<\/strong> les moins chers du march\u00e9, 100% r\u00e9els et de haute qualit\u00e9. De plus, lors de la souscription du service, vous recevrez un accompagnement personnalis\u00e9 tout au long du processus.<\/p>\n<p style=\"text-align: center;\"><strong>Achetez des abonn\u00e9s Linkedin et faites passer votre compte au niveau sup\u00e9rieur.<\/strong><\/p>\n<\/div>\n<\/div>\n<\/div>\n<\/div>\n","protected":false},"excerpt":{"rendered":"<p><strong>Obtenez de vrais FOLLOWERS pour LINKEDIN <img decoding=\"async\" class=\"emoji entered lazyloaded alignnone\" role=\"img\" draggable=\"false\" src=\"https:\/\/s.w.org\/images\/core\/emoji\/13.1.0\/svg\/1f465.svg\" alt=\"\ud83d\udc65 Acheter des Followers LinkedIn\" width=\"150\" height=\"150\" data-lazy-src=\"https:\/\/s.w.org\/images\/core\/emoji\/13.1.0\/svg\/1f465.svg\" data-ll-status=\"loaded\" \/><\/strong><\/p>\n<p><strong>Ne manquez pas nos offres! <img decoding=\"async\" class=\"emoji entered lazyloaded alignnone\" role=\"img\" draggable=\"false\" src=\"https:\/\/s.w.org\/images\/core\/emoji\/13.1.0\/svg\/1f4c8.svg\" alt=\"\ud83d\udcc8 Acheter des Followers LinkedIn\" width=\"150\" height=\"150\" data-lazy-src=\"https:\/\/s.w.org\/images\/core\/emoji\/13.1.0\/svg\/1f4c8.svg\" data-ll-status=\"loaded\" \/><\/strong><\/p>\n<p><strong>Maintenant le meilleur prix du march\u00e9 <img decoding=\"async\" class=\"emoji\" role=\"img\" draggable=\"false\" src=\"https:\/\/s.w.org\/images\/core\/emoji\/14.0.0\/svg\/1f525.svg\" alt=\"\ud83d\udd25\" \/><\/strong><\/p>\n<p><strong><img decoding=\"async\" class=\"emoji\" role=\"img\" draggable=\"false\" src=\"https:\/\/s.w.org\/images\/core\/emoji\/14.0.0\/svg\/2705.svg\" alt=\"\u2705\" \/> Acheter des ABONN\u00c9S LINKEDIN<\/strong><\/p>\n<p><strong><img decoding=\"async\" class=\"emoji\" role=\"img\" draggable=\"false\" src=\"https:\/\/s.w.org\/images\/core\/emoji\/14.0.0\/svg\/2705.svg\" alt=\"\u2705\" \/>\u00a0Followers SANS Gouttes (30 jours de garantie)<\/strong><\/p>\n<p><strong><img decoding=\"async\" class=\"emoji\" role=\"img\" draggable=\"false\" src=\"https:\/\/s.w.org\/images\/core\/emoji\/14.0.0\/svg\/2705.svg\" alt=\"\u2705\" \/>\u00a0Support fran\u00e7ais 24\/7<\/strong><\/p>\n<p><strong><img decoding=\"async\" class=\"emoji\" role=\"img\" draggable=\"false\" src=\"https:\/\/s.w.org\/images\/core\/emoji\/14.0.0\/svg\/2705.svg\" alt=\"\u2705\" \/>\u00a0Livraison rapide et naturelle<\/strong><\/p>\n<p><strong><img decoding=\"async\" class=\"emoji\" role=\"img\" draggable=\"false\" src=\"https:\/\/s.w.org\/images\/core\/emoji\/14.0.0\/svg\/1f44c.svg\" alt=\"\ud83d\udc4c\" \/>\u00a0PAIEMENT UNIQUE, GARANTIE INCLUSE<\/strong><\/p>\n","protected":false},"featured_media":2623,"comment_status":"open","ping_status":"closed","template":"","meta":{"_gspb_post_css":""},"store":[258],"product_brand":[],"product_cat":[260],"product_tag":[262],"class_list":{"0":"post-2621","1":"product","2":"type-product","3":"status-publish","4":"has-post-thumbnail","6":"store-linkedin","7":"product_cat-linkedin","8":"product_tag-acheter-des-followers-linkedin","9":"wcpa_has_options","11":"first","12":"instock","13":"sale","14":"taxable","15":"shipping-taxable","16":"purchasable","17":"product-type-variable"},"_links":{"self":[{"href":"https:\/\/www.top1social.com\/fr\/wp-json\/wp\/v2\/product\/2621","targetHints":{"allow":["GET"]}}],"collection":[{"href":"https:\/\/www.top1social.com\/fr\/wp-json\/wp\/v2\/product"}],"about":[{"href":"https:\/\/www.top1social.com\/fr\/wp-json\/wp\/v2\/types\/product"}],"replies":[{"embeddable":true,"href":"https:\/\/www.top1social.com\/fr\/wp-json\/wp\/v2\/comments?post=2621"}],"wp:featuredmedia":[{"embeddable":true,"href":"https:\/\/www.top1social.com\/fr\/wp-json\/wp\/v2\/media\/2623"}],"wp:attachment":[{"href":"https:\/\/www.top1social.com\/fr\/wp-json\/wp\/v2\/media?parent=2621"}],"wp:term":[{"taxonomy":"store","embeddable":true,"href":"https:\/\/www.top1social.com\/fr\/wp-json\/wp\/v2\/store?post=2621"},{"taxonomy":"product_brand","embeddable":true,"href":"https:\/\/www.top1social.com\/fr\/wp-json\/wp\/v2\/product_brand?post=2621"},{"taxonomy":"product_cat","embeddable":true,"href":"https:\/\/www.top1social.com\/fr\/wp-json\/wp\/v2\/product_cat?post=2621"},{"taxonomy":"product_tag","embeddable":true,"href":"https:\/\/www.top1social.com\/fr\/wp-json\/wp\/v2\/product_tag?post=2621"}],"curies":[{"name":"wp","href":"https:\/\/api.w.org\/{rel}","templated":true}]}}