{"id":2632,"date":"2024-04-25T11:11:30","date_gmt":"2024-04-25T10:11:30","guid":{"rendered":"https:\/\/www.top1social.com\/fr\/?post_type=product&#038;p=2632"},"modified":"2024-04-26T15:02:36","modified_gmt":"2024-04-26T14:02:36","slug":"acheter-des-followers-snapchat","status":"publish","type":"product","link":"https:\/\/www.top1social.com\/fr\/produit\/acheter-des-followers-snapchat\/","title":{"rendered":"Acheter des Followers Snapchat"},"content":{"rendered":"<div class=\"header-slider-type\">\n<div class=\"container\">\n<div class=\"header-slider-type-title\">\n<h2 style=\"text-align: center;\">Acheter des Followers Snapchat<\/h2>\n<\/div>\n<div class=\"header-slider-type-description\">\n<p><strong>Top1Social est le march\u00e9 n\u00b01 du marketing<\/strong> des m\u00e9dias sociaux o\u00f9 vous pouvez <strong>acheter de vrais Followers Snapchat<\/strong>. D\u00e9p\u00eachez-vous d&rsquo;essayer les <strong>abonn\u00e9s Snapchat<\/strong> d\u00e8s aujourd&rsquo;hui !<\/p>\n<\/div>\n<\/div>\n<\/div>\n<p>Vous voulez devenir une Snap Star et toucher un public plus large sur <a href=\"https:\/\/www.top1social.com\/fr\/produit-categorie\/snapchat\"><strong>Snapchat<\/strong> <\/a>? <strong>Achetez des followers Snapchat<\/strong> et d\u00e9veloppez votre communaut\u00e9 de fans !<\/p>\n<p>Mettez en valeur votre nombre d&rsquo;abonn\u00e9s, externalisez votre influence et faites-vous remarquer par les marques, tout en attirant de nouveaux adeptes organiques.<\/p>\n<p>\u2714\ufe0f <strong>Profils Qualit\u00e9 sup\u00e9rieure !<\/strong><br \/>\n\u2714\ufe0f D\u00e9marrage : 24\/48h<\/p>\n<h2 style=\"text-align: center;\">Acheter des abonn\u00e9s Snapchat<\/h2>\n<p><strong>Snapchat est l&rsquo;un des r\u00e9seaux sociaux pr\u00e9sents sur le march\u00e9 depuis le plus longtemps<\/strong>, avec des clients majoritairement jeunes, qui partagent des photos ou de courtes vid\u00e9os pour attirer un public \u00e0 la recherche de ces clips qui vont g\u00e9n\u00e9ralement du contenu le plus dr\u00f4le \u00e0 la publicit\u00e9, en montrant des produits qui peuvent \u00eatre vendus au client.<\/p>\n<p>Pour cette raison, <strong>l&rsquo;achat de followers sur Snapchat est l&rsquo;une des strat\u00e9gies que de nombreuses entreprises<\/strong> envisagent afin de promouvoir leurs produits aupr\u00e8s d&rsquo;une cible, comme nous l&rsquo;avons dit, plus jeune.<\/p>\n<p>De m\u00eame, <strong>Snapchat est une plateforme qui, bien que connue et comptant des millions d&rsquo;utilisateurs<\/strong>, n&rsquo;est toujours pas prise en compte par de nombreuses pages ou n&rsquo;a pas \u00e9t\u00e9 explor\u00e9e en profondeur. Mais, Top1Social s&rsquo;est charg\u00e9 de bien \u00e9tudier et d&rsquo;analyser le comportement de cette plateforme pour pouvoir offrir aux clients tout ce dont ils ont besoin, comme acheter des fans pour construire votre communaut\u00e9 et surtout, l&rsquo;\u00e9largir pour avoir une port\u00e9e, chose qui est tr\u00e8s compliqu\u00e9e aujourd&rsquo;hui par le march\u00e9 concurrentiel.<\/p>\n<p>Voulez-vous savoir comment <strong>acheter des followers sur Snapchat et avoir une popularit\u00e9 qui fait de vous un des profils choisis<\/strong> ? Vous \u00eates sur la bonne page, o\u00f9 vous apprendrez tout ce que vous devez savoir.<\/p>\n<h2 style=\"text-align: center;\">Avantages de l&rsquo;achat de followers Snapchat ?<\/h2>\n<p>Oui, bien s\u00fbr, il existe des possibilit\u00e9s d&rsquo;acheter des followers Snapchat, mais vous devez tenir compte de plusieurs facteurs lorsque vous le faites, au cas o\u00f9 vous n&rsquo;auriez jamais effectu\u00e9 ce processus auparavant. Tout d&rsquo;abord, vous devez rechercher le service qui r\u00e9pond le mieux \u00e0 vos besoins et qui a de bonnes critiques.<\/p>\n<p>Par exemple, chez Top1Social, vous verrez que nous avons des avis tr\u00e8s positifs sur le service que nous fournissons et que le processus de livraison et d&rsquo;achat se fait de mani\u00e8re organique et s\u00e9curis\u00e9e, sans qu&rsquo;il soit n\u00e9cessaire d&rsquo;utiliser des mots de passe pour le faire. La principale chose que nous prenons en compte pour le client est qu&rsquo;il recherche la discr\u00e9tion, la s\u00e9curit\u00e9 et la confidentialit\u00e9 sur le site lors de cet achat de followers Snapchat.<\/p>\n<p>Malheureusement, ce n&rsquo;est pas quelque chose qui est tr\u00e8s bien vu dans la sph\u00e8re Internet, mais la v\u00e9rit\u00e9 est que cela fait partie d&rsquo;une autre strat\u00e9gie de marketing que les marques prennent en compte pour augmenter leur visibilit\u00e9 et l&rsquo;augmenter avec plus d&rsquo;engagement apr\u00e8s avoir plus de followers apr\u00e8s l&rsquo;achat de followers.<\/p>\n<h2 style=\"text-align: center;\">Raisons d&rsquo;acheter des abonn\u00e9s sur Snapchat<\/h2>\n<p>Il existe de nombreuses raisons d&rsquo;acheter des followers Snapchat. En fait, il s&rsquo;agit d&rsquo;accro\u00eetre votre communaut\u00e9 et de susciter plus d&rsquo;engagement. De cette mani\u00e8re, vous pourrez ensuite augmenter vos adeptes de mani\u00e8re organique. Il s&rsquo;agit d&rsquo;un coup de pouce \u00e0 votre profil qui vous permet d&rsquo;accro\u00eetre votre popularit\u00e9 afin que tous vos clips soient davantage vus.<\/p>\n<p>Oui, la popularit\u00e9 est tr\u00e8s importante sur les r\u00e9seaux sociaux et Snapchat ne fait pas exception. Pourquoi ? En fait, vous pouvez devenir un influenceur sur ce r\u00e9seau social, ce qui permet \u00e0 de nombreuses marques de vous remarquer et de leur demander de faire de la publicit\u00e9 pour certains de leurs produits et d&rsquo;obtenir des avantages gr\u00e2ce au r\u00e9seau social. C&rsquo;est l&rsquo;une des principales raisons pour lesquelles l&rsquo;achat de followers est une bonne option. Il peut vous apporter des avantages auxquels vous ne vous attendiez pas, apr\u00e8s avoir fait l&rsquo;investissement d&rsquo;acheter le paquet de suiveurs.<\/p>\n<p>Comme dans la vie r\u00e9elle, le fait de rencontrer de nombreuses personnes et d&rsquo;avoir plus d&rsquo;abonn\u00e9s sur Snapchat apr\u00e8s avoir effectu\u00e9 l&rsquo;achat de fans vous permettra d&rsquo;avoir une grande communaut\u00e9 qui vous permettra d&rsquo;interagir davantage dans la sph\u00e8re Internet et d&rsquo;avoir beaucoup plus d&rsquo;impact, comme si vous \u00e9tiez une sorte de leader d&rsquo;opinion auquel les clients et les utilisateurs font confiance au cas o\u00f9 vous devriez utiliser certains produits \u00e0 vendre, par exemple.<\/p>\n<h2 style=\"text-align: center;\">Peut-on acheter de vrais followers sur Snapchat et o\u00f9 ?<\/h2>\n<p>Oui, bien s\u00fbr. Bien que nous devons avouer que c&rsquo;est l&rsquo;une des questions les plus demand\u00e9es par les utilisateurs et les clients avant de passer par le processus d&rsquo;achat d&rsquo;abonn\u00e9s Snapchat pour gagner en popularit\u00e9 en leur faveur dans une p\u00e9riode de temps relativement courte. Pourquoi ? Eh bien essentiellement parce que de nombreux services optent pour des spams ou des bots pour remplir le paquet de notori\u00e9t\u00e9 et d&rsquo;achat de fans sur le site Snapchat, ce qui d\u00e9grade le processus en raison du manque d&rsquo;informations.<\/p>\n<p>Vous devez tenir compte du fait que l&rsquo;algorithme de Snapchat peut d\u00e9tecter les followers qui sont r\u00e9els et ceux qui ne le sont pas. S&rsquo;il en d\u00e9tecte qui sont des bots, il les supprimera automatiquement et, par cons\u00e9quent, tout le processus d&rsquo;achat que vous avez effectu\u00e9 n&rsquo;aura servi \u00e0 rien.<\/p>\n<p>Une autre question que se posent la plupart des utilisateurs est de savoir o\u00f9 les acheter et \u00e0 quels services ils peuvent faire confiance pour mener \u00e0 bien ce processus. Nous vous l&rsquo;avons d\u00e9j\u00e0 dit : Top1Social est la r\u00e9f\u00e9rence. Si vous ne nous croyez pas, il vous suffit de lire les critiques positives que vous pouvez trouver sur diff\u00e9rents sites web.<\/p>\n<p>Il n&rsquo;y a aucune tricherie dans tous les services que nous fournissons car nous pensons que le plus important pour nos clients est la qualit\u00e9 des suiveurs et des autres facteurs qu&rsquo;ils exigent.<\/p>\n<h2 style=\"text-align: center;\">Top1Social est-il une bonne option pour acheter des followers Snapchat ?<\/h2>\n<p>Bien entendu, Top1Social est l&rsquo;un des sites de r\u00e9f\u00e9rence en mati\u00e8re d&rsquo;achat de followers Snapchat. Et pas seulement sur cette plateforme, mais aussi sur d&rsquo;autres r\u00e9seaux sociaux. Snapchat, comme nous l&rsquo;avons dit, est un domaine qui n&rsquo;a pas \u00e9t\u00e9 explor\u00e9 par d&rsquo;autres sites, mais nous l&rsquo;avons pris en compte car, apr\u00e8s avoir analys\u00e9 les statistiques, c&rsquo;est un march\u00e9 jeune auquel il s&rsquo;adresse.<\/p>\n<p>Vous devez tenir compte du fait que ce march\u00e9 a \u00e9galement tendance \u00e0 investir dans sa popularit\u00e9, car il peut chercher un emploi pour devenir un \u00ab\u00a0influenceur\u00a0\u00bb, ce que beaucoup de la g\u00e9n\u00e9ration Z ou Millennial ont fait et se sont rendu compte que cela pouvait rapporter de l&rsquo;argent&#8230; et en travaillant \u00e0 domicile. C&rsquo;est un autre travail dans lequel il faut investir.<\/p>\n<p>\u2714\ufe0f <strong>followers snapchat gratuit<\/strong><\/p>\n<p>Mais pourquoi est-ce une bonne option d&rsquo;utiliser Top1Social ? Eh bien, c&rsquo;est tr\u00e8s simple, essentiellement en raison des garanties que nous offrons au cours du processus et de l&rsquo;assistance que vous avez 24 heures par jour et 7 jours par semaine dans laquelle nous pouvons vous aider dans diff\u00e9rentes langues \u00e0 la fois avant, pendant et apr\u00e8s le processus pour gagner des followers snapchat. Vous ne resterez pas avec des questions sans r\u00e9ponse.<\/p>\n","protected":false},"excerpt":{"rendered":"<p><strong>Obtenez de vrais FOLLOWERS pour SNAPCHAT <img decoding=\"async\" class=\"emoji entered lazyloaded alignnone\" role=\"img\" draggable=\"false\" src=\"https:\/\/s.w.org\/images\/core\/emoji\/13.1.0\/svg\/1f465.svg\" alt=\"\ud83d\udc65 Acheter des Followers Snapchat\" width=\"150\" height=\"150\" data-lazy-src=\"https:\/\/s.w.org\/images\/core\/emoji\/13.1.0\/svg\/1f465.svg\" data-ll-status=\"loaded\" \/><\/strong><\/p>\n<p><strong>Ne manquez pas nos offres!\u00a0<img decoding=\"async\" class=\"emoji entered lazyloaded alignnone\" role=\"img\" draggable=\"false\" src=\"https:\/\/s.w.org\/images\/core\/emoji\/13.1.0\/svg\/1f4c8.svg\" alt=\"\ud83d\udcc8 Acheter des Followers Snapchat\" width=\"150\" height=\"150\" data-lazy-src=\"https:\/\/s.w.org\/images\/core\/emoji\/13.1.0\/svg\/1f4c8.svg\" data-ll-status=\"loaded\" \/><\/strong><\/p>\n<p><strong>Maintenant le meilleur prix du march\u00e9\u00a0<img decoding=\"async\" class=\"emoji entered lazyloaded\" role=\"img\" draggable=\"false\" src=\"https:\/\/s.w.org\/images\/core\/emoji\/14.0.0\/svg\/1f525.svg\" alt=\"\ud83d\udd25\" data-lazy-src=\"https:\/\/s.w.org\/images\/core\/emoji\/14.0.0\/svg\/1f525.svg\" data-ll-status=\"loaded\" \/><\/strong><\/p>\n<p><strong><img decoding=\"async\" class=\"emoji entered lazyloaded\" role=\"img\" draggable=\"false\" src=\"https:\/\/s.w.org\/images\/core\/emoji\/14.0.0\/svg\/2705.svg\" alt=\"\u2705\" data-lazy-src=\"https:\/\/s.w.org\/images\/core\/emoji\/14.0.0\/svg\/2705.svg\" data-ll-status=\"loaded\" \/> Acheter des ABONN\u00c9S SNAPCHAT<\/strong><\/p>\n<p><strong><img decoding=\"async\" class=\"emoji entered lazyloaded\" role=\"img\" draggable=\"false\" src=\"https:\/\/s.w.org\/images\/core\/emoji\/14.0.0\/svg\/2705.svg\" alt=\"\u2705\" data-lazy-src=\"https:\/\/s.w.org\/images\/core\/emoji\/14.0.0\/svg\/2705.svg\" data-ll-status=\"loaded\" \/>\u00a0Followers SANS Gouttes (30 jours de garantie)<\/strong><\/p>\n<p><strong><img decoding=\"async\" class=\"emoji entered lazyloaded\" role=\"img\" draggable=\"false\" src=\"https:\/\/s.w.org\/images\/core\/emoji\/14.0.0\/svg\/2705.svg\" alt=\"\u2705\" data-lazy-src=\"https:\/\/s.w.org\/images\/core\/emoji\/14.0.0\/svg\/2705.svg\" data-ll-status=\"loaded\" \/>\u00a0Support fran\u00e7ais 24\/7<\/strong><\/p>\n<p><strong><img decoding=\"async\" class=\"emoji entered lazyloaded\" role=\"img\" draggable=\"false\" src=\"https:\/\/s.w.org\/images\/core\/emoji\/14.0.0\/svg\/2705.svg\" alt=\"\u2705\" data-lazy-src=\"https:\/\/s.w.org\/images\/core\/emoji\/14.0.0\/svg\/2705.svg\" data-ll-status=\"loaded\" \/>\u00a0Livraison rapide et naturelle<\/strong><\/p>\n<p><strong><img decoding=\"async\" class=\"emoji entered lazyloaded\" role=\"img\" draggable=\"false\" src=\"https:\/\/s.w.org\/images\/core\/emoji\/14.0.0\/svg\/1f44c.svg\" alt=\"\ud83d\udc4c\" data-lazy-src=\"https:\/\/s.w.org\/images\/core\/emoji\/14.0.0\/svg\/1f44c.svg\" data-ll-status=\"loaded\" \/>\u00a0PAIEMENT UNIQUE, GARANTIE INCLUSE<\/strong><\/p>\n","protected":false},"featured_media":2635,"comment_status":"open","ping_status":"closed","template":"","meta":{"_gspb_post_css":""},"store":[259],"product_brand":[],"product_cat":[261],"product_tag":[263],"class_list":{"0":"post-2632","1":"product","2":"type-product","3":"status-publish","4":"has-post-thumbnail","6":"store-snapchat","7":"product_cat-snapchat","8":"product_tag-acheter-des-followers-snapchat","9":"wcpa_has_options","11":"first","12":"instock","13":"sale","14":"taxable","15":"shipping-taxable","16":"purchasable","17":"product-type-variable"},"_links":{"self":[{"href":"https:\/\/www.top1social.com\/fr\/wp-json\/wp\/v2\/product\/2632","targetHints":{"allow":["GET"]}}],"collection":[{"href":"https:\/\/www.top1social.com\/fr\/wp-json\/wp\/v2\/product"}],"about":[{"href":"https:\/\/www.top1social.com\/fr\/wp-json\/wp\/v2\/types\/product"}],"replies":[{"embeddable":true,"href":"https:\/\/www.top1social.com\/fr\/wp-json\/wp\/v2\/comments?post=2632"}],"wp:featuredmedia":[{"embeddable":true,"href":"https:\/\/www.top1social.com\/fr\/wp-json\/wp\/v2\/media\/2635"}],"wp:attachment":[{"href":"https:\/\/www.top1social.com\/fr\/wp-json\/wp\/v2\/media?parent=2632"}],"wp:term":[{"taxonomy":"store","embeddable":true,"href":"https:\/\/www.top1social.com\/fr\/wp-json\/wp\/v2\/store?post=2632"},{"taxonomy":"product_brand","embeddable":true,"href":"https:\/\/www.top1social.com\/fr\/wp-json\/wp\/v2\/product_brand?post=2632"},{"taxonomy":"product_cat","embeddable":true,"href":"https:\/\/www.top1social.com\/fr\/wp-json\/wp\/v2\/product_cat?post=2632"},{"taxonomy":"product_tag","embeddable":true,"href":"https:\/\/www.top1social.com\/fr\/wp-json\/wp\/v2\/product_tag?post=2632"}],"curies":[{"name":"wp","href":"https:\/\/api.w.org\/{rel}","templated":true}]}}