{"id":2903,"date":"2023-05-05T11:55:12","date_gmt":"2023-05-05T10:55:12","guid":{"rendered":"https:\/\/www.top1social.com\/fr\/?post_type=product&#038;p=2903"},"modified":"2023-05-05T12:25:54","modified_gmt":"2023-05-05T11:25:54","slug":"acheter-des-vues-live-tiktok","status":"publish","type":"product","link":"https:\/\/www.top1social.com\/fr\/produit\/acheter-des-vues-live-tiktok\/","title":{"rendered":"Acheter des Vues Live TikTok"},"content":{"rendered":"<h2 style=\"text-align: center;\">Acheter des vues Live TikTok<\/h2>\n<p>L&rsquo;achat de vues tiktok est une strat\u00e9gie marketing qui consiste \u00e0 acheter des vues ou des spectateurs en direct pour augmenter la popularit\u00e9 d&rsquo;une vid\u00e9o ou d&rsquo;un profil sur la plateforme TikTok. Cela peut aider les vid\u00e9os ou les profils \u00e0 appara\u00eetre plus clairement dans les playlists et les recherches, ce qui peut \u00e0 son tour conduire \u00e0 plus de followers, de vues et de likes.<\/p>\n<h2 style=\"text-align: center;\">Pourquoi acheter des vues Live TikTok ?<\/h2>\n<p>Il y a de nombreuses raisons d&rsquo;acheter des visionneuses TikTok en 2023. Tout d&rsquo;abord, TikTok devient une plateforme de plus en plus populaire, ce qui signifie que de plus en plus de personnes recherchent du contenu sur TikTok. En augmentant le nombre de t\u00e9l\u00e9spectateurs sur TikTok, vous augmentez \u00e9galement la port\u00e9e de votre contenu et le nombre de personnes qui verront votre marque ou votre produit.<\/p>\n<div class=\"wpsm_update mobfont90\" style=\"text-align: center;\"><span class=\"label-info\">Offre<\/span><strong>\u00a0maintenant en vente\u00a0: achetez des vues pour vos vid\u00e9os TikTok<\/strong><\/div>\n<p>Deuxi\u00e8mement, l&rsquo;achat de spectateurs TikTok vous permettra d&rsquo;am\u00e9liorer votre positionnement sur la plateforme. En ayant plus de spectateurs, votre contenu sera plus visible pour les utilisateurs de TikTok, ce qui vous aidera \u00e0 gagner plus de followers et \u00e0 am\u00e9liorer votre position dans le flux de la plateforme.<\/p>\n<p>Troisi\u00e8mement, l&rsquo;achat de vues vous aidera \u00e9galement \u00e0 susciter des interactions avec votre contenu. Plus les gens voient votre contenu, plus ils sont susceptibles d&rsquo;interagir avec lui, que ce soit en l&rsquo;aimant, en le commentant ou en le partageant. Cela augmentera la popularit\u00e9 de votre contenu, ce qui vous aidera \u00e0 gagner plus d&rsquo;adeptes et de visibilit\u00e9 pour votre marque.<\/p>\n<h2 style=\"text-align: center;\">Comment acheter des vues Live TikTok ?<\/h2>\n<p>En 2023, il sera plus facile que jamais d&rsquo;acheter des visionneuses TikTok. De nombreuses entreprises proposent ce service, et la plupart d&rsquo;entre elles sont situ\u00e9es en Chine. Si vous souhaitez acheter des visionneuses TikTok, la premi\u00e8re chose \u00e0 faire est de trouver une bonne entreprise. Assurez-vous de lire les commentaires avant d&rsquo;acheter, car certaines entreprises ne sont pas l\u00e9gitimes.<\/p>\n<p>Une fois que vous avez trouv\u00e9 une bonne entreprise, la proc\u00e9dure est tr\u00e8s simple. Il vous suffit de fournir au service votre nom d&rsquo;utilisateur TikTok et le nombre de spectateurs que vous souhaitez acheter. En quelques minutes, les spectateurs appara\u00eetront sur votre compte.<\/p>\n<h2 style=\"text-align: center;\">Combien co\u00fbte l&rsquo;achat de vues TikTok Live ?<\/h2>\n<p>Il n&rsquo;y a pas de r\u00e9ponse simple \u00e0 cette question &#8211; les prix varient beaucoup ! Les vendeurs proposent g\u00e9n\u00e9ralement diff\u00e9rents forfaits comprenant un certain nombre de spectateurs pour un certain prix. Souvent, plus vous achetez de spectateurs, moins vous payez par spectateur.<\/p>\n<p>De nombreuses variables doivent \u00eatre prises en compte lors de l&rsquo;achat de spectateurs de tiktok. La qualit\u00e9 des spectateurs est un facteur important &#8211; voulez-vous que vos spectateurs soient des vrais ou des robots ? Les robots sont g\u00e9n\u00e9ralement moins chers, mais ils n&rsquo;interagissent pas avec votre contenu et peuvent donner l&rsquo;impression que vous avez plus de followers que vous n&rsquo;en avez r\u00e9ellement.<\/p>\n<p>Un autre facteur \u00e0 prendre en compte est la dur\u00e9e pendant laquelle vous souhaitez conserver les internautes.<\/p>\n<p>Certains vendeurs proposent des forfaits \u00ab\u00a0saisonniers\u00a0\u00bb dans le cadre desquels vous ne payez les visionneuses que pour une p\u00e9riode donn\u00e9e. D&rsquo;autres vendent des visionneuses \u00e0 un prix fixe.<\/p>\n<h3 style=\"text-align: center;\">Que dois-je savoir d&rsquo;autre sur l&rsquo;achat de Lives tiktok ?<\/h3>\n<p>-Les visionneuses TikTok sont r\u00e9elles.<\/p>\n<p>-Vous pouvez acheter des t\u00e9l\u00e9spectateurs pour n&rsquo;importe quel pays.<\/p>\n<p>-La qualit\u00e9 des t\u00e9l\u00e9spectateurs est tr\u00e8s \u00e9lev\u00e9e.<\/p>\n<p>-Le prix des t\u00e9l\u00e9spectateurs varie en fonction de la quantit\u00e9 achet\u00e9e.<\/p>\n<p>-Les spectateurs TikTok peuvent vous aider \u00e0 am\u00e9liorer votre profil sur la plateforme et \u00e0 augmenter votre port\u00e9e.<\/p>\n<p>-Il est important de choisir un fournisseur de confiance tel que Top1Social pour acheter des vues TikTok.<\/p>\n<p>-Le prix des vues peut \u00e9galement varier en fonction du volume et de la qualit\u00e9.<\/p>\n<p>-Les vues achet\u00e9es ne restent pas \u00e9ternellement. Vous devez maintenir une strat\u00e9gie coh\u00e9rente pour am\u00e9liorer votre port\u00e9e et conserver les spectateurs que vous avez achet\u00e9s.<\/p>\n","protected":false},"excerpt":{"rendered":"<p>Obtenez\u00a0<strong>des Spectateurs en Direct pour TikTok <\/strong><img decoding=\"async\" class=\"emoji entered lazyloaded alignnone\" role=\"img\" draggable=\"false\" src=\"https:\/\/s.w.org\/images\/core\/emoji\/13.1.0\/svg\/1f465.svg\" alt=\" \ud83d\udc65 Acheter des Vues Live TikTok\" width=\"150\" height=\"150\" data-lazy-src=\"https:\/\/s.w.org\/images\/core\/emoji\/13.1.0\/svg\/1f465.svg\" data-ll-status=\"loaded\" \/><\/p>\n<p><strong><b>Ne manquez pas nos offres !\u00a0<\/b><img decoding=\"async\" class=\"emoji entered lazyloaded alignnone\" role=\"img\" draggable=\"false\" src=\"https:\/\/s.w.org\/images\/core\/emoji\/13.1.0\/svg\/1f4c8.svg\" alt=\" \ud83d\udcc8 Acheter des Vues Live TikTok\" width=\"150\" height=\"150\" data-lazy-src=\"https:\/\/s.w.org\/images\/core\/emoji\/13.1.0\/svg\/1f4c8.svg\" data-ll-status=\"loaded\" \/><\/strong><\/p>\n<div class=\"pr_excerpt f_300 f_size_15\">\n<h5><b><img decoding=\"async\" class=\"emoji entered lazyloaded alignnone\" role=\"img\" draggable=\"false\" src=\"https:\/\/s.w.org\/images\/core\/emoji\/13.1.0\/svg\/2705.svg\" alt=\" \u2705 Acheter des Vues Live TikTok\" width=\"150\" height=\"150\" data-lazy-src=\"https:\/\/s.w.org\/images\/core\/emoji\/13.1.0\/svg\/2705.svg\" data-ll-status=\"loaded\" \/><\/b>Comptes REAL LIVES TikTok<\/h5>\n<h5><b><img decoding=\"async\" class=\"emoji entered lazyloaded\" role=\"img\" draggable=\"false\" src=\"https:\/\/s.w.org\/images\/core\/emoji\/13.1.0\/svg\/2705.svg\" alt=\" \u2705\" data-lazy-src=\"https:\/\/s.w.org\/images\/core\/emoji\/13.1.0\/svg\/2705.svg\" data-ll-status=\"loaded\" \/><\/b>Spectateurs avec garantie<\/h5>\n<h5><b><img decoding=\"async\" class=\"emoji entered lazyloaded alignnone\" role=\"img\" draggable=\"false\" src=\"https:\/\/s.w.org\/images\/core\/emoji\/13.1.0\/svg\/2705.svg\" alt=\" \u2705 Acheter des Vues Live TikTok\" width=\"150\" height=\"150\" data-lazy-src=\"https:\/\/s.w.org\/images\/core\/emoji\/13.1.0\/svg\/2705.svg\" data-ll-status=\"loaded\" \/><\/b>Assistance 24h\/7<\/h5>\n<h5><b><img decoding=\"async\" class=\"emoji entered lazyloaded\" role=\"img\" draggable=\"false\" src=\"https:\/\/s.w.org\/images\/core\/emoji\/13.1.0\/svg\/2705.svg\" alt=\" \u2705\" data-lazy-src=\"https:\/\/s.w.org\/images\/core\/emoji\/13.1.0\/svg\/2705.svg\" data-ll-status=\"loaded\" \/><\/b>Livraison RAPIDE ET NATURELLE<\/h5>\n<h6 class=\"LC20lb DKV0Md\"><img decoding=\"async\" class=\"emoji entered lazyloaded\" role=\"img\" draggable=\"false\" src=\"https:\/\/s.w.org\/images\/core\/emoji\/13.1.0\/svg\/1f44c.svg\" alt=\" \ud83d\udc4c\" data-lazy-src=\"https:\/\/s.w.org\/images\/core\/emoji\/13.1.0\/svg\/1f44c.svg\" data-ll-status=\"loaded\" \/>PAIEMENT UNIQUE, AVEC GARANTIE INCLUSE<\/h6>\n<\/div>\n","protected":false},"featured_media":2905,"comment_status":"open","ping_status":"closed","template":"","meta":{"_gspb_post_css":""},"store":[147],"product_brand":[],"product_cat":[171],"product_tag":[265],"class_list":{"0":"post-2903","1":"product","2":"type-product","3":"status-publish","4":"has-post-thumbnail","6":"store-tiktok","7":"product_cat-tiktok","8":"product_tag-acheter-des-vues-live-tiktok","9":"wcpa_has_options","11":"first","12":"instock","13":"sale","14":"taxable","15":"shipping-taxable","16":"purchasable","17":"product-type-variable"},"_links":{"self":[{"href":"https:\/\/www.top1social.com\/fr\/wp-json\/wp\/v2\/product\/2903","targetHints":{"allow":["GET"]}}],"collection":[{"href":"https:\/\/www.top1social.com\/fr\/wp-json\/wp\/v2\/product"}],"about":[{"href":"https:\/\/www.top1social.com\/fr\/wp-json\/wp\/v2\/types\/product"}],"replies":[{"embeddable":true,"href":"https:\/\/www.top1social.com\/fr\/wp-json\/wp\/v2\/comments?post=2903"}],"wp:featuredmedia":[{"embeddable":true,"href":"https:\/\/www.top1social.com\/fr\/wp-json\/wp\/v2\/media\/2905"}],"wp:attachment":[{"href":"https:\/\/www.top1social.com\/fr\/wp-json\/wp\/v2\/media?parent=2903"}],"wp:term":[{"taxonomy":"store","embeddable":true,"href":"https:\/\/www.top1social.com\/fr\/wp-json\/wp\/v2\/store?post=2903"},{"taxonomy":"product_brand","embeddable":true,"href":"https:\/\/www.top1social.com\/fr\/wp-json\/wp\/v2\/product_brand?post=2903"},{"taxonomy":"product_cat","embeddable":true,"href":"https:\/\/www.top1social.com\/fr\/wp-json\/wp\/v2\/product_cat?post=2903"},{"taxonomy":"product_tag","embeddable":true,"href":"https:\/\/www.top1social.com\/fr\/wp-json\/wp\/v2\/product_tag?post=2903"}],"curies":[{"name":"wp","href":"https:\/\/api.w.org\/{rel}","templated":true}]}}